{"id":359,"date":"2012-12-23T14:48:04","date_gmt":"2012-12-23T13:48:04","guid":{"rendered":"http:\/\/arhns.com\/rep2\/?page_id=359"},"modified":"2019-12-19T10:24:34","modified_gmt":"2019-12-19T09:24:34","slug":"predaja-high-poly-modela","status":"publish","type":"page","link":"https:\/\/www.arhns.uns.ac.rs\/rep2\/predaja-high-poly-modela\/","title":{"rendered":"Predaja high poly modela"},"content":{"rendered":"<p><span style=\"font-family: arial, helvetica, sans-serif; font-size: 14pt;\">High\u00a0poly model objekta se \u0161alje isklju\u010divo na mejl\u00a0<strong>arhrep3<\/strong><strong>@gmail.com \u00a0\u00a0<\/strong>do\u00a0<strong>\u00a0petka 27.12.2019.<\/strong> najkasnije u\u00a0<strong>23.59h.\u00a0<\/strong><\/span><\/p>\n<ol>\n<li><span style=\"font-family: arial, helvetica, sans-serif; font-size: 14pt;\">Predaje se:<\/span><\/li>\n<\/ol>\n<p><span style=\"font-family: arial, helvetica, sans-serif; font-size: 14pt;\"><strong>High poly model<\/strong>\u00a0sa elementima\u00a0detachovanim na osnovu materijala (svi elementi istog materijala atachovani u jedan objekat).<\/span><\/p>\n<p><span style=\"font-family: arial, helvetica, sans-serif; font-size: 14pt;\">Imena objekata u fajlu:<\/span><\/p>\n<p><span style=\"font-family: arial, helvetica, sans-serif; font-size: 14pt;\">Svaki element mora da ima slede\u0107i naziv\u00a0<strong>hp_ulica_broj_NazivElementa<\/strong>\u00a0npr. \u00a0<strong>hp_Zmaj_ Jovina<\/strong><strong>_1_staklo<\/strong><\/span><strong>\u00a0\u00a0<\/strong>hp_Zmaj_ Jovina_1_fasada\u00a0 \u00a0 itd.<\/p>\n<p><span style=\"font-family: arial, helvetica, sans-serif; font-size: 14pt;\"><strong>NE BRISATI AUTOCAD PODLOGE!<\/strong><\/span><\/p>\n<p><span style=\"font-family: arial, helvetica, sans-serif; font-size: 14pt;\">Fajl sa\u010duvati kao .max (<strong>VERZIJA 2019 ukoliko je radjeno u kasnijoj verziji<\/strong>).<\/span><\/p>\n<ol start=\"2\">\n<li><span style=\"font-family: arial, helvetica, sans-serif; font-size: 14pt;\">Fajl objekta imenovati u slede\u0107em formatu: <strong>hp_ulica_broj_<\/strong><strong>BrojIndeksa_Ime_Prezime.max<\/strong><\/span><\/li>\n<\/ol>\n<p><strong>hp\u00a0je oznaka za high poly<\/strong><\/p>\n<p><span style=\"font-family: arial, helvetica, sans-serif; font-size: 14pt;\"><strong>ulica\u00a0<\/strong>malim slovima latinicom bez kva\u010dica (\u010d ili \u0107 = c; \u017e = z; itd.).<\/span><\/p>\n<p><strong>BrojIndeksa\u00a0<\/strong>je broj indeksa napisan malim slovima.<\/p>\n<p><span style=\"font-family: arial, helvetica, sans-serif; font-size: 14pt;\"><strong>Ime\u00a0<\/strong>i\u00a0<strong>Prezime\u00a0<\/strong>je va\u0161e li\u010dno ime i prezime napisano malim slovima bez kva\u010dica.<\/span><\/p>\n<p><span style=\"font-family: arial, helvetica, sans-serif; font-size: 14pt;\"><strong>\u00a0.max ne treba pisati<\/strong>, to je ekstenzija 3Ds MAX fajla<\/span><\/p>\n<p><span style=\"font-family: arial, helvetica, sans-serif; font-size: 14pt;\">primer: hp_Dunavska_4_au199-2015_petar_petrovic.max<\/span><\/p>\n<p>Fajlove postaviti u folder i\u00a0arhivirati (.zip ili .rar) i poslati na nazna\u010denu imejl adresu.<\/p>\n<p><span style=\"font-family: arial, helvetica, sans-serif; font-size: 14pt;\">Format:<\/span><\/p>\n<p><span style=\"font-family: arial, helvetica, sans-serif; font-size: 14pt;\">Fajlovi moraju biti sa\u010duvan u\u00a0<strong>verziji MAX-a 2019\u00a0<\/strong>(u koliko radite u verziji Maxa novijoj od 2019). Snimanje u stariju verziju obaviti tek kada se model kompletno zavr\u0161i, svaki naknadi Save fajl presnimi sa teku\u0107om verzijom 3D MAXa.<\/span><\/p>\n<p><span style=\"font-family: arial, helvetica, sans-serif; font-size: 14pt;\"><em>Na stranici\u00a0<a href=\"http:\/\/www.arhns.uns.ac.rs\/rep2\/category\/modeling-tutorijali\/\">Modeling tutorijali<\/a>\u00a0mo\u017eete prona\u0107i video tutorijale koji opisuju postupak modelovanja i na\u010din i nivo pripreme fajlova.<\/em><\/span><\/p>\n<p>NAPOMENA:<\/p>\n<p><span style=\"font-family: arial, helvetica, sans-serif; font-size: 14pt;\">Mole se studenti da se striktno pridr\u017eavaju ovog roka, nakon 0.00h radovi ne\u0107e biti priznati.\u00a0Preporuka studentima je da posalju radove najkasnije u 23h, kako bi se izbegli mogu\u0107i problemi sa internetom.<\/span><br \/>\n<span style=\"font-family: arial, helvetica, sans-serif; font-size: 14pt;\"> Predaja je obavezna, studenti koji ne predaju rad gube pravo da slu\u0161aju ve\u017ebe. <\/span><\/p>\n<p>&nbsp;<\/p>\n","protected":false},"excerpt":{"rendered":"<p>High\u00a0poly model objekta se \u0161alje isklju\u010divo na mejl\u00a0arhrep3@gmail.com \u00a0\u00a0do\u00a0\u00a0petka 27.12.2019. najkasnije u\u00a023.59h.\u00a0 Predaje se: High poly model\u00a0sa elementima\u00a0detachovanim na osnovu materijala (svi elementi istog materijala atachovani u jedan objekat). Imena objekata u fajlu: Svaki element mora da ima slede\u0107i naziv\u00a0hp_ulica_broj_NazivElementa\u00a0npr. &hellip; <a href=\"https:\/\/www.arhns.uns.ac.rs\/rep2\/predaja-high-poly-modela\/\">Continue reading <span class=\"meta-nav\">&rarr;<\/span><\/a><\/p>\n","protected":false},"author":1,"featured_media":0,"parent":0,"menu_order":0,"comment_status":"closed","ping_status":"closed","template":"","meta":{"footnotes":""},"class_list":["post-359","page","type-page","status-publish","hentry"],"_links":{"self":[{"href":"https:\/\/www.arhns.uns.ac.rs\/rep2\/wp-json\/wp\/v2\/pages\/359","targetHints":{"allow":["GET"]}}],"collection":[{"href":"https:\/\/www.arhns.uns.ac.rs\/rep2\/wp-json\/wp\/v2\/pages"}],"about":[{"href":"https:\/\/www.arhns.uns.ac.rs\/rep2\/wp-json\/wp\/v2\/types\/page"}],"author":[{"embeddable":true,"href":"https:\/\/www.arhns.uns.ac.rs\/rep2\/wp-json\/wp\/v2\/users\/1"}],"replies":[{"embeddable":true,"href":"https:\/\/www.arhns.uns.ac.rs\/rep2\/wp-json\/wp\/v2\/comments?post=359"}],"version-history":[{"count":20,"href":"https:\/\/www.arhns.uns.ac.rs\/rep2\/wp-json\/wp\/v2\/pages\/359\/revisions"}],"predecessor-version":[{"id":1162,"href":"https:\/\/www.arhns.uns.ac.rs\/rep2\/wp-json\/wp\/v2\/pages\/359\/revisions\/1162"}],"wp:attachment":[{"href":"https:\/\/www.arhns.uns.ac.rs\/rep2\/wp-json\/wp\/v2\/media?parent=359"}],"curies":[{"name":"wp","href":"https:\/\/api.w.org\/{rel}","templated":true}]}}