{"id":329,"date":"2012-11-09T17:57:31","date_gmt":"2012-11-09T16:57:31","guid":{"rendered":"http:\/\/arhns.com\/rep2\/?page_id=329"},"modified":"2018-11-12T12:17:29","modified_gmt":"2018-11-12T11:17:29","slug":"predaja-low-poly-modela","status":"publish","type":"page","link":"https:\/\/www.arhns.uns.ac.rs\/rep2\/predaja-low-poly-modela\/","title":{"rendered":"Predaja low poly modela"},"content":{"rendered":"<div>\n<div><span style=\"font-family: arial, helvetica, sans-serif; font-size: 14pt;\">Low poly model objekta se \u0161alje isklju\u010divo na mejl\u00a0<strong>arhrep3@gmail.com<\/strong><strong>\u00a0<\/strong>do <strong>\u00a0petka 16.11.2018.<\/strong> najkasnije u <strong>23.59.<\/strong><\/span><\/div>\n<div><span style=\"font-family: arial, helvetica, sans-serif; font-size: 14pt;\">\u00a0<\/span><\/div>\n<div><span style=\"font-family: arial, helvetica, sans-serif; font-size: 14pt;\">Imenovanje:<\/span><\/div>\n<div><span style=\"font-family: arial, helvetica, sans-serif; font-size: 14pt;\">\u00a0<\/span><\/div>\n<div><span style=\"font-family: arial, helvetica, sans-serif; font-size: 14pt;\">1. Svi objekti u 3D sceni moraju da imaju adekvatno ime u formi: adresa_broj_TipObjekta<\/span><\/div>\n<div><span style=\"font-family: arial, helvetica, sans-serif; font-size: 14pt;\">\u00a0 \u00a0 \u00a0 \u00a0\u00a0<b>adresa\u00a0<\/b>malim slovima latinicom bez kva\u010dica (\u010d ili \u0107 = c; \u017e = z; itd.).<\/span><\/div>\n<div><span style=\"font-family: arial, helvetica, sans-serif; font-size: 14pt;\">\u00a0 \u00a0 \u00a0 \u00a0\u00a0<b>TipObjekta\u00a0<\/b>moze biti: parcela, objekat, fasada01, fasada02.<\/span><\/div>\n<div><span style=\"font-family: arial, helvetica, sans-serif; font-size: 14pt;\">\u00a0<\/span><\/div>\n<div><span style=\"font-family: arial, helvetica, sans-serif; font-size: 14pt;\">\u00a0 \u00a0 \u00a0 \u00a0 primer: zmaj_jovina_4_pracela, citaonicka_4_objekat, citaonicka_4_fasada01 &#8230;<\/span><\/div>\n<div><span style=\"font-family: arial, helvetica, sans-serif; font-size: 14pt;\">\u00a0<\/span><\/div>\n<div><span style=\"font-family: arial, helvetica, sans-serif; font-size: 14pt;\">2. Fajl imenovati u slede\u0107em formatu: adresa_broj_lp_BrojIndeksa_<wbr \/>Ime_Prezime.max<\/span><\/div>\n<div><span style=\"font-family: arial, helvetica, sans-serif; font-size: 14pt;\">\u00a0 \u00a0 \u00a0 \u00a0\u00a0<b>adresa\u00a0<\/b>malim slovima latinicom bez kva\u010dica (\u010d ili \u0107 = c; \u017e = z; itd.).<\/span><\/div>\n<div><span style=\"font-family: arial, helvetica, sans-serif; font-size: 14pt;\">\u00a0 \u00a0 \u00a0 \u00a0\u00a0<b>lp<\/b>\u00a0je oznaka za low poly<\/span><\/div>\n<div><span style=\"font-family: arial, helvetica, sans-serif; font-size: 14pt;\">\u00a0 \u00a0 \u00a0 \u00a0\u00a0<b>BrojIndeksa\u00a0<\/b>je broj indeksa napisan u formatu\u00a0&#8211; au57-2014 malim<\/span><\/div>\n<div><span style=\"font-family: arial, helvetica, sans-serif; font-size: 14pt;\"> slovima.<\/span><\/div>\n<div><span style=\"font-family: arial, helvetica, sans-serif; font-size: 14pt;\">\u00a0 \u00a0 \u00a0 \u00a0\u00a0<b>Ime\u00a0<\/b>i\u00a0<b>Prezime\u00a0<\/b>je va\u0161e li\u010dno ime i prezime napisano malim slovima bez kva\u010dica.<\/span><\/div>\n<div><span style=\"font-family: arial, helvetica, sans-serif; font-size: 14pt;\">\u00a0 \u00a0 \u00a0 \u00a0<b>\u00a0.max ne treba pisati<\/b>, to je ekstenzija 3Ds MAX fajla<\/span><\/div>\n<div><span style=\"font-family: arial, helvetica, sans-serif; font-size: 14pt;\">\u00a0<\/span><\/div>\n<div><span style=\"font-family: arial, helvetica, sans-serif; font-size: 14pt;\">\u00a0 \u00a0 \u00a0 \u00a0primer: citaonicka_4_au57-2014_petar_petrovic.max<\/span><\/div>\n<div><span style=\"font-family: arial, helvetica, sans-serif; font-size: 14pt;\">\u00a0<\/span><\/div>\n<div><\/div>\n<div>\n<div><\/div>\n<div><span style=\"font-family: arial, helvetica, sans-serif; font-size: 14pt;\">Fajl se mo\u017ee\u00a0arhivirati radi slanja (.zip ili .rar) i poslati na nazna\u010denu e-mail adresu.<\/span><\/div>\n<\/div>\n<div><span style=\"font-family: arial, helvetica, sans-serif; font-size: 14pt;\">\u00a0<\/span><\/div>\n<div><span style=\"font-family: arial, helvetica, sans-serif; font-size: 14pt;\">Format:<\/span><\/div>\n<div><span style=\"font-family: arial, helvetica, sans-serif; font-size: 14pt;\">\u00a0<\/span><\/div>\n<\/div>\n<div><span style=\"font-family: arial, helvetica, sans-serif; font-size: 14pt;\">Fajlovi moraju biti sa\u010duvani u\u00a0<b>verziji MAX-a 2016\u00a0<\/b>( ukoliko radite u verziji Maxa novijoj od 2016). Snimanje u stariju verziju obaviti tek kada se model kompletno zavr\u0161i, svaki naknadi Save fajl presnimi sa teku\u0107om verzijom 3D MAXa.<\/span><\/div>\n<div><span style=\"font-family: arial, helvetica, sans-serif; font-size: 14pt;\">\u00a0<\/span><\/div>\n<div><span style=\"font-family: arial, helvetica, sans-serif; font-size: 14pt;\">\u00a0<\/span><\/div>\n<div><span style=\"font-family: arial, helvetica, sans-serif; font-size: 14pt;\"><em>Na stranicama <a title=\"Po\u010detak rada\" href=\"http:\/\/www.arhns.uns.ac.rs\/rep2\/pocetak-rada\/\">po\u010detak\u00a0<\/a><a href=\"http:\/\/www.arhns.uns.ac.rs\/rep2\/2012\/11\/modelovanje-ugaonog-objekata\/\">prva <\/a><a href=\"http:\/\/www.arhns.uns.ac.rs\/rep2\/2012\/11\/modelovanje-mansardnih-i-krovnih-prozora\/\">druga<\/a>\u00a0mo\u017eete prona\u0107i video tutorijale koji opisuju postupak modelovanja i na\u010din i nivo pripreme fajlova.<\/em><\/span><\/div>\n<div><\/div>\n<div><\/div>\n<div>Podloge\u00a0Novog Sada mo\u017eete prona\u0107i na <a href=\"http:\/\/www.arhns.uns.ac.rs\/rep2\/wp-content\/uploads\/2012\/11\/podloga-Novi-Sad.rar\">podloga Novi Sad<\/a>.<\/div>\n<p>&nbsp;<\/p>\n<p><span style=\"font-family: arial, helvetica, sans-serif; font-size: 14pt;\">NAPOMENA:<\/span><\/p>\n<p><span style=\"font-family: arial, helvetica, sans-serif; font-size: 14pt;\">Mole se studenti da se striktno pridr\u017eavaju ovog roka, nakon 00.00h radovi ne\u0107e biti priznati. Preporuka studentima je da posalju radove najkasnije u 23h, kako bi se izbegli mogu\u0107i problemi sa internetom.<\/span><br \/>\n<span style=\"font-family: arial, helvetica, sans-serif; font-size: 14pt;\"> Predaja je obavezna, studenti koji ne predaju rad gube pravo da slu\u0161aju ve\u017ebe.<\/span><\/p>\n","protected":false},"excerpt":{"rendered":"<p>Low poly model objekta se \u0161alje isklju\u010divo na mejl\u00a0arhrep3@gmail.com\u00a0do \u00a0petka 16.11.2018. najkasnije u 23.59. \u00a0 Imenovanje: \u00a0 1. Svi objekti u 3D sceni moraju da imaju adekvatno ime u formi: adresa_broj_TipObjekta \u00a0 \u00a0 \u00a0 \u00a0\u00a0adresa\u00a0malim slovima latinicom bez kva\u010dica (\u010d &hellip; <a href=\"https:\/\/www.arhns.uns.ac.rs\/rep2\/predaja-low-poly-modela\/\">Continue reading <span class=\"meta-nav\">&rarr;<\/span><\/a><\/p>\n","protected":false},"author":1,"featured_media":0,"parent":0,"menu_order":0,"comment_status":"closed","ping_status":"open","template":"","meta":{"footnotes":""},"class_list":["post-329","page","type-page","status-publish","hentry"],"_links":{"self":[{"href":"https:\/\/www.arhns.uns.ac.rs\/rep2\/wp-json\/wp\/v2\/pages\/329","targetHints":{"allow":["GET"]}}],"collection":[{"href":"https:\/\/www.arhns.uns.ac.rs\/rep2\/wp-json\/wp\/v2\/pages"}],"about":[{"href":"https:\/\/www.arhns.uns.ac.rs\/rep2\/wp-json\/wp\/v2\/types\/page"}],"author":[{"embeddable":true,"href":"https:\/\/www.arhns.uns.ac.rs\/rep2\/wp-json\/wp\/v2\/users\/1"}],"replies":[{"embeddable":true,"href":"https:\/\/www.arhns.uns.ac.rs\/rep2\/wp-json\/wp\/v2\/comments?post=329"}],"version-history":[{"count":31,"href":"https:\/\/www.arhns.uns.ac.rs\/rep2\/wp-json\/wp\/v2\/pages\/329\/revisions"}],"predecessor-version":[{"id":1045,"href":"https:\/\/www.arhns.uns.ac.rs\/rep2\/wp-json\/wp\/v2\/pages\/329\/revisions\/1045"}],"wp:attachment":[{"href":"https:\/\/www.arhns.uns.ac.rs\/rep2\/wp-json\/wp\/v2\/media?parent=329"}],"curies":[{"name":"wp","href":"https:\/\/api.w.org\/{rel}","templated":true}]}}