{"id":183,"date":"2011-11-23T14:35:27","date_gmt":"2011-11-23T13:35:27","guid":{"rendered":"http:\/\/arhns.com\/rep2\/?page_id=183"},"modified":"2015-01-19T18:50:47","modified_gmt":"2015-01-19T17:50:47","slug":"%d0%be-%d0%bf%d1%80%d0%b5%d0%b4%d0%bc%d0%b5%d1%82%d1%83","status":"publish","type":"page","link":"https:\/\/www.arhns.uns.ac.rs\/rep2\/%d0%be-%d0%bf%d1%80%d0%b5%d0%b4%d0%bc%d0%b5%d1%82%d1%83\/","title":{"rendered":"\u041e \u043f\u0440\u0435\u0434\u043c\u0435\u0442\u0443"},"content":{"rendered":"<p><span style=\"font-family: arial, helvetica, sans-serif; font-size: 14pt;\"><strong>1. \u041e\u0431\u0440\u0430\u0437\u043e\u0432\u043d\u0438 \u0446\u0438\u0459:<\/strong><\/span><br \/>\n<span style=\"font-family: arial, helvetica, sans-serif; font-size: 14pt;\"> \u041e\u0441\u043f\u043e\u0441\u043e\u0431\u0459\u0430\u0432\u0430\u045a\u0435 \u0441\u0442\u0443\u0434\u0435\u043d\u0430\u0442\u0430 \u0437\u0430 \u043a\u043e\u0440\u0438\u0448\u045b\u0435\u045a\u0435 \u043e\u0441\u043d\u043e\u0432\u043d\u0438\u0445 \u043a\u043e\u043c\u043f\u0458\u0443\u0442\u0435\u0440\u0441\u043a\u0438\u0445 \u0430\u043f\u043b\u0438\u043a\u0430\u0446\u0438\u043e\u043d\u0438\u0445 \u0441\u043e\u0444\u0442\u0432\u0435\u0440\u0430 \u0437\u0430 \u0440\u0435\u043f\u0440\u0435\u0437\u0435\u043d\u0442\u0430\u0446\u0438\u0458\u0443 \u0430\u0440\u0445\u0438\u0442\u0435\u043a\u0442\u043e\u043d\u0441\u043a\u043e\u0433 \u0438 \u0443\u0440\u0431\u0430\u043d\u0438\u0441\u0442\u0438\u0447\u043a\u0438\u0445 \u0434\u0435\u043b\u0430.<\/span><br \/>\n<span style=\"font-family: arial, helvetica, sans-serif; font-size: 14pt;\"> <strong>2. \u0418\u0441\u0445\u043e\u0434\u0438 \u043e\u0431\u0440\u0430\u0437\u043e\u0432\u0430\u045a\u0430 (\u0421\u0442\u0435\u0447\u0435\u043d\u0430 \u0437\u043d\u0430\u045a\u0430):<\/strong><\/span><br \/>\n<span style=\"font-family: arial, helvetica, sans-serif; font-size: 14pt;\"> \u0414\u0430 \u0441\u0442\u0435\u0447\u0435\u043d\u0430 \u0437\u043d\u0430\u045a\u0430 \u043f\u0440\u0438\u043c\u0435\u045a\u0443\u0458\u0443 \u0443 \u0434\u0430\u0459\u0435\u043c \u043f\u0440\u043e\u0446\u0435\u0441\u0443 \u043e\u0431\u0440\u0430\u0437\u043e\u0432\u0430\u045a\u0430 \u043a\u0430\u043e \u0438 \u0443 \u0431\u0443\u0434\u0443\u045b\u0435\u043c \u043f\u0440\u043e\u0444\u0435\u0441\u0438\u043e\u043d\u0430\u043b\u043d\u043e\u043c \u0440\u0430\u0434\u0443.<\/span><br \/>\n<span style=\"font-family: arial, helvetica, sans-serif; font-size: 14pt;\"> <strong>3. \u0421\u0430\u0434\u0440\u0436\u0430\u0458\/\u0441\u0442\u0440\u0443\u043a\u0442\u0443\u0440\u0430 \u043f\u0440\u0435\u0434\u043c\u0435\u0442\u0430:<\/strong><\/span><br \/>\n<span style=\"font-family: arial, helvetica, sans-serif; font-size: 14pt;\"> \u041e\u0441\u043d\u043e\u0432\u0438 \u043f\u0440\u043e\u0433\u0440\u0430\u043c\u0441\u043a\u043e\u0433 \u043f\u0430\u043a\u0435\u0442\u0430 \u0437\u0430 3\u0414 \u043c\u043e\u0434\u0435\u043b\u043e\u0432\u0430\u045a\u0435, \u0440\u0435\u043d\u0434\u0435\u0440\u043e\u0432\u0430\u045a\u0435 \u0438 \u0430\u043d\u0438\u043c\u0430\u0446\u0438\u0458\u0443 &#8211; 3Dstudio MAX.<\/span><br \/>\n<span style=\"font-family: arial, helvetica, sans-serif; font-size: 14pt;\"> <strong>4. \u041c\u0435\u0442\u043e\u0434\u0435 \u0438\u0437\u0432\u043e\u0452\u0435\u045a\u0430 \u043d\u0430\u0441\u0442\u0430\u0432\u0435:<\/strong><\/span><br \/>\n<span style=\"font-family: arial, helvetica, sans-serif; font-size: 14pt;\"> \u041f\u0440\u0435\u0434\u0430\u0432\u0430\u045a\u0430 \u0438 \u0432\u0435\u0436\u0431\u0435 \u0443 \u0440\u0430\u0447\u0443\u043d\u0430\u0440\u0441\u043a\u043e\u0458 \u043b\u0430\u0431\u043e\u0440\u0430\u0442\u043e\u0440\u0438\u0458\u0438. \u041a\u043e\u043d\u0441\u0443\u043b\u0442\u0430\u0446\u0438\u0458\u0435.<\/span><br \/>\n<span style=\"font-family: arial, helvetica, sans-serif; font-size: 14pt;\"> \u0414\u0435\u043e \u0433\u0440\u0430\u0434\u0438\u0432\u0430 \u043a\u043e\u0458\u0438 \u0447\u0438\u043d\u0435 \u043b\u043e\u0433\u0438\u0447\u043a\u0443 \u0446\u0435\u043b\u0438\u043d\u0443 \u0441\u0435 \u043f\u043e\u043b\u0430\u0436\u0443 \u0443 \u0434\u0432\u0430 \u0442\u0435\u0441\u0442\u0430. \u0422\u0435\u0441\u0442\u043e\u0432\u0438 \u0441\u0435 \u0440\u0430\u0434\u0435 \u0443 \u043a\u043e\u043c\u043f\u0458\u0443\u0442\u0435\u0440\u0441\u043a\u043e\u0458 \u043b\u0430\u0431\u043e\u0440\u0430\u0442\u043e\u0440\u0438\u0458\u0438. \u0414\u0430 \u0431\u0438 \u0441\u0442\u0443\u0434\u0435\u043d\u0442 \u043f\u043e\u043b\u043e\u0436\u0438\u043e \u0438\u0441\u043f\u0438\u0442, \u043f\u043e\u0440\u0435\u0434 \u0440\u0435\u0434\u043e\u0432\u043d\u043e\u0433 \u043f\u043e\u0445\u0430\u0452\u0430\u045a\u0430 \u0432\u0435\u0436\u0431\u0438 \u0438 \u043f\u0440\u0435\u0434\u0430\u0432\u0430\u045a\u0430, \u043c\u043e\u0440\u0430 \u0434\u0430 \u0438\u0437 \u0441\u0432\u0430\u043a\u043e\u0433 \u043e\u0434 \u0434\u0432\u0430 \u0442\u0435\u0441\u0442\u0430 \u0438\u043c\u0430 \u043d\u0430\u0458\u043c\u0430\u045a\u0435 55 \u043f\u043e\u0435\u043d\u0430.<\/span><br \/>\n<span style=\"font-family: arial, helvetica, sans-serif; font-size: 14pt;\"> \u041e\u0446\u0435\u043d\u0430 \u0438\u0441\u043f\u0438\u0442\u0430 \u0441\u0435 \u0444\u043e\u0440\u043c\u0438\u0440\u0430 \u043d\u0430 \u043e\u0441\u043d\u043e\u0432\u0443 \u043f\u043e\u0445\u0430\u0452\u0430\u045a\u0430 \u043f\u0440\u0435\u0434\u0430\u0432\u0430\u045a\u0430 \u0438 \u0432\u0435\u0436\u0431\u0438 \u0438 \u0443\u0441\u043f\u0435\u0445\u0430 \u043d\u0430 \u0442\u0435\u0441\u0442\u043e\u0432\u0438\u043c\u0430. \u0421\u0442\u0443\u0434\u0435\u043d\u0442 \u043a\u043e\u0458\u0438 \u043d\u0435\u043c\u0430 \u043f\u043e\u043b\u043e\u0436\u0435\u043d \u043d\u0435\u043a\u0438 \u043e\u0434 \u0442\u0435\u0441\u0442\u043e\u0432\u0430 \u0438\u0437\u043b\u0430\u0437\u0438 \u043d\u0430 \u0440\u0435\u0434\u043e\u0432\u043d\u0438 \u0438\u0441\u043f\u0438\u0442, \u0433\u0434\u0435 \u043f\u043e\u043b\u0430\u0436\u0435 \u0434\u0435\u043e \u0433\u0440\u0430\u0434\u0438\u0432\u0430 \u043a\u043e\u0458\u0438 \u043d\u0438\u0458\u0435 \u043f\u043e\u043b\u043e\u0436\u0438\u043e \u043f\u0440\u0435\u043a\u043e \u0442\u0435\u0441\u0442\u043e\u0432\u0430.<\/span><\/p>\n<p style=\"text-align: center;\" align=\"center\"><span style=\"font-family: arial, helvetica, sans-serif; font-size: 14pt;\">* * *<\/span><\/p>\n<p><span style=\"font-family: arial, helvetica, sans-serif; font-size: 14pt;\">Na ve\u017ebama se radi modelovanje centralnog podru\u010dja Sombora u 3D studio MAX-u. Svaki student dobija 2-3 objekta u zavisnosti od njegove kompleksnosti. Izradom 3D modela objekata, studenti ispunjavaju predispitne obaveze i dobijaju predispitne bodove.<\/span><\/p>\n<p><span style=\"font-family: arial, helvetica, sans-serif; font-size: 14pt;\">U toku semestra \u0107e biti odr\u017eana dva kolokvijuma. Ukoliko se rad ne preda u zakazanom terminu kolokvijuma, student \u0107e biti ocenjen sa 0 bodova i ne\u0107e biti u mogu\u0107nosti da nadoknadi ove bodove. Na prvom kolokvijumu se predaje, model niske detaljnosti (low poly model) svih dodeljenih objekata. Na drugom kolokvijumu se predaju modeli visoke detaljnosti (high poly model). Radove predavati isklju\u010divo u\u00a0<b>3ds Max\u00a0verziji 2010<\/b>. Model kojem je geometrija kolapsirana (bez liste modifajera) ne\u0107e biti ocenjivan. Ukoliko postoji problem sa kompatibilno\u0161\u0107u razli\u010ditih verzija programa, potrebno je javiti se svom asistentu.<\/span><\/p>\n<p><span style=\"font-family: arial, helvetica, sans-serif; font-size: 14pt;\"><strong>Bodovni sistem:<\/strong><\/span><\/p>\n<p><span style=\"font-family: arial, helvetica, sans-serif; font-size: 14pt;\">Predispitne obaveze (30 bodova) \u010dine:<\/span><\/p>\n<ol>\n<li><span style=\"font-family: arial, helvetica, sans-serif; font-size: 14pt;\">predavanja: 10 bodova<\/span><\/li>\n<li><span style=\"font-family: arial, helvetica, sans-serif; font-size: 14pt;\">kolokvijum (low poly): 10 bodova<\/span><\/li>\n<li><span style=\"font-family: arial, helvetica, sans-serif; font-size: 14pt;\">kolokvijum (high poly): 10 bodova<\/span><\/li>\n<\/ol>\n<p><span style=\"font-family: arial, helvetica, sans-serif; font-size: 14pt;\"><strong>Ispitne obaveze \u010dine:<\/strong><\/span><\/p>\n<ol>\n<li><span style=\"font-family: arial, helvetica, sans-serif; font-size: 14pt;\">low poly model sa materijalima i render: 30 bodova<\/span><\/li>\n<li><span style=\"font-family: arial, helvetica, sans-serif; font-size: 14pt;\">high poly model sa materijalima i render: 40 bodova<\/span><\/li>\n<\/ol>\n<p><span style=\"font-family: arial, helvetica, sans-serif; font-size: 14pt;\">Maksimalan broj bodova na ispitu je 70 bodova.<\/span><\/p>\n<p><span style=\"font-family: arial, helvetica, sans-serif; font-size: 14pt;\">Terminski plan po nedeljama:<\/span><\/p>\n<table border=\"1\" cellspacing=\"0\" cellpadding=\"0\">\n<tbody>\n<tr>\n<td valign=\"top\" width=\"106\">\n<p align=\"right\"><span style=\"font-family: arial, helvetica, sans-serif; font-size: 14pt;\">1. nedelja<\/span><\/p>\n<\/td>\n<td valign=\"top\" width=\"671\"><span style=\"font-family: arial, helvetica, sans-serif; font-size: 14pt;\">Upoznavanje sa interfejsom, spline modeling<\/span><\/td>\n<\/tr>\n<tr>\n<td valign=\"top\" width=\"106\">\n<p align=\"right\"><span style=\"font-family: arial, helvetica, sans-serif; font-size: 14pt;\">2. nedelja<\/span><\/p>\n<\/td>\n<td valign=\"top\" width=\"671\"><span style=\"font-family: arial, helvetica, sans-serif; font-size: 14pt;\">Import AutoCAD crte\u017ea i rad sa podlogama<\/span><\/td>\n<\/tr>\n<tr>\n<td valign=\"top\" width=\"106\">\n<p align=\"right\"><span style=\"font-family: arial, helvetica, sans-serif; font-size: 14pt;\">3. nedelja<\/span><\/p>\n<\/td>\n<td valign=\"top\" width=\"671\"><span style=\"font-family: arial, helvetica, sans-serif; font-size: 14pt;\">Edit poly modelovanje<\/span><\/td>\n<\/tr>\n<tr>\n<td valign=\"top\" width=\"106\">\n<p align=\"right\"><span style=\"font-family: arial, helvetica, sans-serif; font-size: 14pt;\">4. nedelja<\/span><\/p>\n<\/td>\n<td valign=\"top\" width=\"671\"><span style=\"font-family: arial, helvetica, sans-serif; font-size: 14pt;\">Izrada low poly modela<\/span><\/td>\n<\/tr>\n<tr>\n<td valign=\"top\" width=\"106\">\n<p align=\"right\"><span style=\"font-family: arial, helvetica, sans-serif; font-size: 14pt;\">5. nedelja<\/span><\/p>\n<\/td>\n<td valign=\"top\" width=\"671\"><span style=\"font-family: arial, helvetica, sans-serif; font-size: 14pt;\">Modelovanje u 3ds Max-u<\/span><\/td>\n<\/tr>\n<tr>\n<td valign=\"top\" width=\"106\">\n<p align=\"right\"><span style=\"font-family: arial, helvetica, sans-serif; font-size: 14pt;\">6. nedelja<\/span><\/p>\n<\/td>\n<td valign=\"top\" width=\"671\"><span style=\"font-family: arial, helvetica, sans-serif; font-size: 14pt;\"><b>Predaja 1. kolokvijuma<\/b>, Low poly modelovanje<\/span><\/td>\n<\/tr>\n<tr>\n<td valign=\"top\" width=\"106\">\n<p align=\"right\"><span style=\"font-family: arial, helvetica, sans-serif; font-size: 14pt;\">7. nedelja<\/span><\/p>\n<\/td>\n<td valign=\"top\" width=\"671\"><span style=\"font-family: arial, helvetica, sans-serif; font-size: 14pt;\">Izrada high poly modela<\/span><\/td>\n<\/tr>\n<tr>\n<td valign=\"top\" width=\"106\">\n<p align=\"right\"><span style=\"font-family: arial, helvetica, sans-serif; font-size: 14pt;\">8. nedelja<\/span><\/p>\n<\/td>\n<td valign=\"top\" width=\"671\"><span style=\"font-family: arial, helvetica, sans-serif; font-size: 14pt;\">Rad sa modifikatorima, izrada high poly modela<\/span><\/td>\n<\/tr>\n<tr>\n<td valign=\"top\" width=\"106\">\n<p align=\"right\"><span style=\"font-family: arial, helvetica, sans-serif; font-size: 14pt;\">9. nedelja<\/span><\/p>\n<\/td>\n<td valign=\"top\" width=\"671\"><span style=\"font-family: arial, helvetica, sans-serif; font-size: 14pt;\"><b>Predaja 2. kolokvijuma<\/b>, Teksturisanje i mapiranje<\/span><\/td>\n<\/tr>\n<tr>\n<td valign=\"top\" width=\"106\">\n<p align=\"right\"><span style=\"font-family: arial, helvetica, sans-serif; font-size: 14pt;\">10. nedelja<\/span><\/p>\n<\/td>\n<td valign=\"top\" width=\"671\"><span style=\"font-family: arial, helvetica, sans-serif; font-size: 14pt;\">Mapiranje i renderovanje modela<\/span><\/td>\n<\/tr>\n<tr>\n<td valign=\"top\" width=\"106\">\n<p align=\"right\"><span style=\"font-family: arial, helvetica, sans-serif; font-size: 14pt;\">11. nedelja<\/span><\/p>\n<\/td>\n<td valign=\"top\" width=\"671\"><span style=\"font-family: arial, helvetica, sans-serif; font-size: 14pt;\">Dodavanje svetla i kamere<\/span><\/td>\n<\/tr>\n<tr>\n<td valign=\"top\" width=\"106\">\n<p align=\"right\"><span style=\"font-family: arial, helvetica, sans-serif; font-size: 14pt;\">12. nedelja<\/span><\/p>\n<\/td>\n<td valign=\"top\" width=\"671\"><span style=\"font-family: arial, helvetica, sans-serif; font-size: 14pt;\">Prilago\u0111avanje scene i renderovanje modela, rad sa naprednim tehnikama renderovanja<\/span><\/td>\n<\/tr>\n<tr>\n<td valign=\"top\" width=\"106\">\n<p align=\"right\"><span style=\"font-family: arial, helvetica, sans-serif; font-size: 14pt;\">13. nedelja<\/span><\/p>\n<\/td>\n<td valign=\"top\" width=\"671\"><span style=\"font-family: arial, helvetica, sans-serif; font-size: 14pt;\"><b>Predaja kona\u010dnog modela<\/b>, konsultacije<\/span><\/td>\n<\/tr>\n<\/tbody>\n<\/table>\n<p><span style=\"font-family: arial, helvetica, sans-serif; font-size: 14pt;\">\u00a0<\/span><\/p>\n","protected":false},"excerpt":{"rendered":"<p>1. \u041e\u0431\u0440\u0430\u0437\u043e\u0432\u043d\u0438 \u0446\u0438\u0459: \u041e\u0441\u043f\u043e\u0441\u043e\u0431\u0459\u0430\u0432\u0430\u045a\u0435 \u0441\u0442\u0443\u0434\u0435\u043d\u0430\u0442\u0430 \u0437\u0430 \u043a\u043e\u0440\u0438\u0448\u045b\u0435\u045a\u0435 \u043e\u0441\u043d\u043e\u0432\u043d\u0438\u0445 \u043a\u043e\u043c\u043f\u0458\u0443\u0442\u0435\u0440\u0441\u043a\u0438\u0445 \u0430\u043f\u043b\u0438\u043a\u0430\u0446\u0438\u043e\u043d\u0438\u0445 \u0441\u043e\u0444\u0442\u0432\u0435\u0440\u0430 \u0437\u0430 \u0440\u0435\u043f\u0440\u0435\u0437\u0435\u043d\u0442\u0430\u0446\u0438\u0458\u0443 \u0430\u0440\u0445\u0438\u0442\u0435\u043a\u0442\u043e\u043d\u0441\u043a\u043e\u0433 \u0438 \u0443\u0440\u0431\u0430\u043d\u0438\u0441\u0442\u0438\u0447\u043a\u0438\u0445 \u0434\u0435\u043b\u0430. 2. \u0418\u0441\u0445\u043e\u0434\u0438 \u043e\u0431\u0440\u0430\u0437\u043e\u0432\u0430\u045a\u0430 (\u0421\u0442\u0435\u0447\u0435\u043d\u0430 \u0437\u043d\u0430\u045a\u0430): \u0414\u0430 \u0441\u0442\u0435\u0447\u0435\u043d\u0430 \u0437\u043d\u0430\u045a\u0430 \u043f\u0440\u0438\u043c\u0435\u045a\u0443\u0458\u0443 \u0443 \u0434\u0430\u0459\u0435\u043c \u043f\u0440\u043e\u0446\u0435\u0441\u0443 \u043e\u0431\u0440\u0430\u0437\u043e\u0432\u0430\u045a\u0430 \u043a\u0430\u043e \u0438 \u0443 \u0431\u0443\u0434\u0443\u045b\u0435\u043c \u043f\u0440\u043e\u0444\u0435\u0441\u0438\u043e\u043d\u0430\u043b\u043d\u043e\u043c \u0440\u0430\u0434\u0443. 3. \u0421\u0430\u0434\u0440\u0436\u0430\u0458\/\u0441\u0442\u0440\u0443\u043a\u0442\u0443\u0440\u0430 \u043f\u0440\u0435\u0434\u043c\u0435\u0442\u0430: \u041e\u0441\u043d\u043e\u0432\u0438 &hellip; <a href=\"https:\/\/www.arhns.uns.ac.rs\/rep2\/%d0%be-%d0%bf%d1%80%d0%b5%d0%b4%d0%bc%d0%b5%d1%82%d1%83\/\">Continue reading <span class=\"meta-nav\">&rarr;<\/span><\/a><\/p>\n","protected":false},"author":1,"featured_media":0,"parent":0,"menu_order":0,"comment_status":"open","ping_status":"open","template":"","meta":{"footnotes":""},"class_list":["post-183","page","type-page","status-publish","hentry"],"_links":{"self":[{"href":"https:\/\/www.arhns.uns.ac.rs\/rep2\/wp-json\/wp\/v2\/pages\/183","targetHints":{"allow":["GET"]}}],"collection":[{"href":"https:\/\/www.arhns.uns.ac.rs\/rep2\/wp-json\/wp\/v2\/pages"}],"about":[{"href":"https:\/\/www.arhns.uns.ac.rs\/rep2\/wp-json\/wp\/v2\/types\/page"}],"author":[{"embeddable":true,"href":"https:\/\/www.arhns.uns.ac.rs\/rep2\/wp-json\/wp\/v2\/users\/1"}],"replies":[{"embeddable":true,"href":"https:\/\/www.arhns.uns.ac.rs\/rep2\/wp-json\/wp\/v2\/comments?post=183"}],"version-history":[{"count":7,"href":"https:\/\/www.arhns.uns.ac.rs\/rep2\/wp-json\/wp\/v2\/pages\/183\/revisions"}],"predecessor-version":[{"id":890,"href":"https:\/\/www.arhns.uns.ac.rs\/rep2\/wp-json\/wp\/v2\/pages\/183\/revisions\/890"}],"wp:attachment":[{"href":"https:\/\/www.arhns.uns.ac.rs\/rep2\/wp-json\/wp\/v2\/media?parent=183"}],"curies":[{"name":"wp","href":"https:\/\/api.w.org\/{rel}","templated":true}]}}