{"id":1148,"date":"2019-11-13T07:04:49","date_gmt":"2019-11-13T06:04:49","guid":{"rendered":"http:\/\/www.arhns.uns.ac.rs\/rep2\/?page_id=1148"},"modified":"2019-11-20T17:12:19","modified_gmt":"2019-11-20T16:12:19","slug":"predaja-namestaja","status":"publish","type":"page","link":"https:\/\/www.arhns.uns.ac.rs\/rep2\/predaja-namestaja\/","title":{"rendered":"Predaja name\u0161taja"},"content":{"rendered":"<p><span style=\"font-family: arial, helvetica, sans-serif; font-size: 14pt;\">Name\u0161taja se \u0161alje isklju\u010divo na mejl\u00a0<strong>arhrep3<\/strong><strong>@gmail.com \u00a0\u00a0<\/strong>do\u00a0<strong>\u00a0petka 22.11.2019.<\/strong>\u00a0najkasnije u\u00a0<strong>23.59h.<\/strong><\/span><\/p>\n<p>Fajl imenovati u slede\u0107em formatu:<\/p>\n<p><em><span style=\"font-family: arial, helvetica, sans-serif; font-size: 14pt;\">namestaj_brojElementa_BrojIndeksa_Ime_Prezime.max<\/span><\/em><\/p>\n<p><span style=\"font-family: arial, helvetica, sans-serif; font-size: 14pt;\">namestaj je oznaka da se u fajlu nalazi name\u0161taj ili deo namestaja.<\/span><\/p>\n<p><span style=\"font-family: arial, helvetica, sans-serif; font-size: 14pt;\"><strong>ImeElementa<\/strong>\u00a0je broj name\u0161taja koji je dodeljen, npr. 10 ili 32,77 ili ime objekta na kojem se detalj nalazi.<\/span><\/p>\n<p><span style=\"font-family: arial, helvetica, sans-serif; font-size: 14pt;\"><strong>BrojIndeksa\u00a0<\/strong>je broj indeksa napisan malim slovima.<\/span><\/p>\n<p><span style=\"font-family: arial, helvetica, sans-serif; font-size: 14pt;\"><strong>Ime\u00a0<\/strong>i\u00a0<strong>Prezime\u00a0<\/strong>je va\u0161e li\u010dno ime i prezime napisano malim slovima bez kva\u010dica.<\/span><\/p>\n<p><span style=\"font-family: arial, helvetica, sans-serif; font-size: 14pt;\">Na isti na\u010din imenovati sve objekte na sceni u fajlu.<\/span><\/p>\n<p><span style=\"font-family: arial, helvetica, sans-serif; font-size: 14pt;\">primer: namestaj_naslon_20_au199-2016_petar_petrovic<\/span><\/p>\n<p>Uz Max fajl <strong>poslati i sliku<\/strong> prema kojoj se modelovao name\u0161taj.<\/p>\n<p><span style=\"font-family: arial, helvetica, sans-serif; font-size: 14pt;\">Fajlove postaviti u folder i\u00a0arhivirati (.zip ili .rar) i poslati na nazna\u010denu imejl adresu.<\/span><\/p>\n<p><span style=\"font-family: arial, helvetica, sans-serif; font-size: 14pt;\">Format:<\/span><\/p>\n<p><span style=\"font-family: arial, helvetica, sans-serif; font-size: 14pt;\">Fajlovi moraju biti sa\u010duvan u\u00a0<strong>verziji MAX-a 2019\u00a0<\/strong>(u koliko radite u verziji Maxa novijoj od 2019). Snimanje u stariju verziju obaviti tek kada se model kompletno zavr\u0161i, svaki naknadi Save fajl presnimi sa teku\u0107om verzijom 3D MAXa.<\/span><\/p>\n<p>NAPOMENA:<\/p>\n<p><span style=\"font-family: arial, helvetica, sans-serif; font-size: 14pt;\">Mole se studenti da se striktno pridr\u017eavaju ovog roka, nakon 0.00h radovi ne\u0107e biti priznati.\u00a0Preporuka studentima je da posalju radove najkasnije u 23h, kako bi se izbegli mogu\u0107i problemi sa internetom.<\/span><br \/>\n<span style=\"font-family: arial, helvetica, sans-serif; font-size: 14pt;\">Predaja je obavezna, studenti koji ne predaju rad gube pravo da slu\u0161aju ve\u017ebe.<\/span><\/p>\n<p>&nbsp;<\/p>\n","protected":false},"excerpt":{"rendered":"<p>Name\u0161taja se \u0161alje isklju\u010divo na mejl\u00a0arhrep3@gmail.com \u00a0\u00a0do\u00a0\u00a0petka 22.11.2019.\u00a0najkasnije u\u00a023.59h. Fajl imenovati u slede\u0107em formatu: namestaj_brojElementa_BrojIndeksa_Ime_Prezime.max namestaj je oznaka da se u fajlu nalazi name\u0161taj ili deo namestaja. ImeElementa\u00a0je broj name\u0161taja koji je dodeljen, npr. 10 ili 32,77 ili ime objekta &hellip; <a href=\"https:\/\/www.arhns.uns.ac.rs\/rep2\/predaja-namestaja\/\">Continue reading <span class=\"meta-nav\">&rarr;<\/span><\/a><\/p>\n","protected":false},"author":4,"featured_media":0,"parent":0,"menu_order":0,"comment_status":"closed","ping_status":"closed","template":"","meta":{"footnotes":""},"class_list":["post-1148","page","type-page","status-publish","hentry"],"_links":{"self":[{"href":"https:\/\/www.arhns.uns.ac.rs\/rep2\/wp-json\/wp\/v2\/pages\/1148","targetHints":{"allow":["GET"]}}],"collection":[{"href":"https:\/\/www.arhns.uns.ac.rs\/rep2\/wp-json\/wp\/v2\/pages"}],"about":[{"href":"https:\/\/www.arhns.uns.ac.rs\/rep2\/wp-json\/wp\/v2\/types\/page"}],"author":[{"embeddable":true,"href":"https:\/\/www.arhns.uns.ac.rs\/rep2\/wp-json\/wp\/v2\/users\/4"}],"replies":[{"embeddable":true,"href":"https:\/\/www.arhns.uns.ac.rs\/rep2\/wp-json\/wp\/v2\/comments?post=1148"}],"version-history":[{"count":7,"href":"https:\/\/www.arhns.uns.ac.rs\/rep2\/wp-json\/wp\/v2\/pages\/1148\/revisions"}],"predecessor-version":[{"id":1156,"href":"https:\/\/www.arhns.uns.ac.rs\/rep2\/wp-json\/wp\/v2\/pages\/1148\/revisions\/1156"}],"wp:attachment":[{"href":"https:\/\/www.arhns.uns.ac.rs\/rep2\/wp-json\/wp\/v2\/media?parent=1148"}],"curies":[{"name":"wp","href":"https:\/\/api.w.org\/{rel}","templated":true}]}}