{"id":1114,"date":"2018-10-26T13:46:21","date_gmt":"2018-10-26T12:46:21","guid":{"rendered":"http:\/\/www.arhns.uns.ac.rs\/rep2\/?page_id=1114"},"modified":"2019-11-20T17:13:53","modified_gmt":"2019-11-20T16:13:53","slug":"pocetak-rada","status":"publish","type":"page","link":"https:\/\/www.arhns.uns.ac.rs\/rep2\/pocetak-rada\/","title":{"rendered":"Po\u010detak rada"},"content":{"rendered":"<p>Podlogu za podru\u010dje centra Novog Sada mo\u017eete preuzeti na linku ispod.<\/p>\n<p><a href=\"http:\/\/www.arhns.uns.ac.rs\/rep2\/wp-content\/uploads\/2018\/10\/podloga-petrovaradin.rar\">podloga petrovaradin<\/a><\/p>\n<p>Tutorijali za po\u010detak rada na objektima:<\/p>\n<p>1. Tutorijal za izglede <strong>jednostavnijih objekta u Photoshop-u<\/strong>:<\/p>\n<p><a href=\"https:\/\/www.youtube.com\/watch?v=fsYKnXW9a8g\">https:\/\/www.youtube.com\/watch?v=fsYKnXW9a8g<\/a><\/p>\n<p>2. Tutorijal u <strong>Photoshop-u za slo\u017eenije objekte<\/strong>\u00a0koji moraju da se slikaju iz vi\u0161e pozicija:<\/p>\n<p><a href=\"https:\/\/www.youtube.com\/watch?v=rTvc3Z2FxKI\">https:\/\/www.youtube.com\/watch?v=rTvc3Z2FxKI<\/a><\/p>\n<p>3. Tutorijal za <strong>AutoCAD<\/strong>:<\/p>\n<p><a href=\"https:\/\/www.youtube.com\/watch?v=fvuI57pj-SY&amp;t=1s\">https:\/\/www.youtube.com\/watch?v=fvuI57pj-SY&amp;t=1s<\/a><\/p>\n<p>4. Po\u010detni tutorijal za <strong>3DS Max<\/strong>:<\/p>\n<p><a href=\"https:\/\/www.youtube.com\/watch?v=cjekJbf6ATk\">https:\/\/www.youtube.com\/watch?v=cjekJbf6ATk<\/a><\/p>\n<p>&nbsp;<\/p>\n","protected":false},"excerpt":{"rendered":"<p>Podlogu za podru\u010dje centra Novog Sada mo\u017eete preuzeti na linku ispod. podloga petrovaradin Tutorijali za po\u010detak rada na objektima: 1. Tutorijal za izglede jednostavnijih objekta u Photoshop-u: https:\/\/www.youtube.com\/watch?v=fsYKnXW9a8g 2. Tutorijal u Photoshop-u za slo\u017eenije objekte\u00a0koji moraju da se slikaju iz &hellip; <a href=\"https:\/\/www.arhns.uns.ac.rs\/rep2\/pocetak-rada\/\">Continue reading <span class=\"meta-nav\">&rarr;<\/span><\/a><\/p>\n","protected":false},"author":4,"featured_media":0,"parent":0,"menu_order":0,"comment_status":"closed","ping_status":"closed","template":"","meta":{"footnotes":""},"class_list":["post-1114","page","type-page","status-publish","hentry"],"_links":{"self":[{"href":"https:\/\/www.arhns.uns.ac.rs\/rep2\/wp-json\/wp\/v2\/pages\/1114","targetHints":{"allow":["GET"]}}],"collection":[{"href":"https:\/\/www.arhns.uns.ac.rs\/rep2\/wp-json\/wp\/v2\/pages"}],"about":[{"href":"https:\/\/www.arhns.uns.ac.rs\/rep2\/wp-json\/wp\/v2\/types\/page"}],"author":[{"embeddable":true,"href":"https:\/\/www.arhns.uns.ac.rs\/rep2\/wp-json\/wp\/v2\/users\/4"}],"replies":[{"embeddable":true,"href":"https:\/\/www.arhns.uns.ac.rs\/rep2\/wp-json\/wp\/v2\/comments?post=1114"}],"version-history":[{"count":11,"href":"https:\/\/www.arhns.uns.ac.rs\/rep2\/wp-json\/wp\/v2\/pages\/1114\/revisions"}],"predecessor-version":[{"id":1158,"href":"https:\/\/www.arhns.uns.ac.rs\/rep2\/wp-json\/wp\/v2\/pages\/1114\/revisions\/1158"}],"wp:attachment":[{"href":"https:\/\/www.arhns.uns.ac.rs\/rep2\/wp-json\/wp\/v2\/media?parent=1114"}],"curies":[{"name":"wp","href":"https:\/\/api.w.org\/{rel}","templated":true}]}}