{"id":898,"date":"2022-11-14T12:48:55","date_gmt":"2022-11-14T11:48:55","guid":{"rendered":"http:\/\/www.arhns.uns.ac.rs\/int\/?page_id=898"},"modified":"2022-11-14T13:00:06","modified_gmt":"2022-11-14T12:00:06","slug":"obavestenja-arhitektonske-reprezentacije-2","status":"publish","type":"page","link":"https:\/\/www.arhns.uns.ac.rs\/int\/obavestenja\/obavestenja-arhitektonske-reprezentacije-2\/","title":{"rendered":"Obave\u0161tenja &#8211; Arhitektonske reprezentacije 2"},"content":{"rendered":"\r\n\t\t<div class=\"pfc-posts-main\">\r\n\r\n\t\t\t\r\n\t\t\t\t<div class=\"pfc-post layout-one\">\r\n\t\t\t\t\r\n\t\t\t\t\t\r\n\t\t\t\t\t<div class=\"news-text-wrap info-without-space\">\r\n\r\n\t\t\t\t\t    <h2><a href=\"https:\/\/www.arhns.uns.ac.rs\/int\/ispitni-zadatak-2025-26\/\">Ispitni zadatak 2025\/26<\/a><\/h2>\r\n\r\n\t\t\t\t\t    \t\t\t\t\t    \t<span class=\"posted-date\">February 16, 2026<\/span>\r\n\t\t\t\t\t    \t<p>Instrukcije za predaju ispitnog zadatka su u prilogu. Predaja radova...<\/p>\n\t\t\t\t\t     \r\n\t\t\t\t\t<\/div><!-- .news-text-wrap -->\r\n\r\n\t\t\t\t<\/div>\r\n\r\n\t\t\t\t\r\n\t\t\t\t<div class=\"pfc-post layout-one\">\r\n\t\t\t\t\r\n\t\t\t\t\t\r\n\t\t\t\t\t<div class=\"news-text-wrap info-without-space\">\r\n\r\n\t\t\t\t\t    <h2><a href=\"https:\/\/www.arhns.uns.ac.rs\/int\/predaja-prvog-zadatka-202425\/\">Predaja prvog zadatka 2024\/25<\/a><\/h2>\r\n\r\n\t\t\t\t\t    \t\t\t\t\t    \t<span class=\"posted-date\">November 6, 2024<\/span>\r\n\t\t\t\t\t    \t<p>Po\u0161tovani studenti, Predaja prvog zadatka iz predmeta Arhitektonske reprezentacije 2...<\/p>\n\t\t\t\t\t     \r\n\t\t\t\t\t<\/div><!-- .news-text-wrap -->\r\n\r\n\t\t\t\t<\/div>\r\n\r\n\t\t\t\t\r\n\t\t\t\t<div class=\"pfc-post layout-one\">\r\n\t\t\t\t\r\n\t\t\t\t\t\r\n\t\t\t\t\t<div class=\"news-text-wrap info-without-space\">\r\n\r\n\t\t\t\t\t    <h2><a href=\"https:\/\/www.arhns.uns.ac.rs\/int\/kolokvijum-obavestenje\/\">Kolokvijum &#8211; obave\u0161tenje<\/a><\/h2>\r\n\r\n\t\t\t\t\t    \t\t\t\t\t    \t<span class=\"posted-date\">January 16, 2024<\/span>\r\n\t\t\t\t\t    \t<p>U \u010detvrtak 18.01.2024., u 17:15h, u u\u010dionici L3, bi\u0107e organizovana...<\/p>\n\t\t\t\t\t     \r\n\t\t\t\t\t<\/div><!-- .news-text-wrap -->\r\n\r\n\t\t\t\t<\/div>\r\n\r\n\t\t\t\t\r\n\t\t\t\t<div class=\"pfc-post layout-one\">\r\n\t\t\t\t\r\n\t\t\t\t\t\r\n\t\t\t\t\t<div class=\"news-text-wrap info-without-space\">\r\n\r\n\t\t\t\t\t    <h2><a href=\"https:\/\/www.arhns.uns.ac.rs\/int\/ispitni-zadatak\/\">Ispitni zadatak<\/a><\/h2>\r\n\r\n\t\t\t\t\t    \t\t\t\t\t    \t<span class=\"posted-date\">January 4, 2024<\/span>\r\n\t\t\t\t\t    \t<p>Ispit Ispit iz predmeta Arhitektonske repezentacije 2 slu\u017ei da proveri...<\/p>\n\t\t\t\t\t     \r\n\t\t\t\t\t<\/div><!-- .news-text-wrap -->\r\n\r\n\t\t\t\t<\/div>\r\n\r\n\t\t\t\t\r\n\t\t\t\t<div class=\"pfc-post layout-one\">\r\n\t\t\t\t\r\n\t\t\t\t\t\r\n\t\t\t\t\t<div class=\"news-text-wrap info-without-space\">\r\n\r\n\t\t\t\t\t    <h2><a href=\"https:\/\/www.arhns.uns.ac.rs\/int\/predaja-prvog-zadatka-2\/\">Predaja prvog zadatka<\/a><\/h2>\r\n\r\n\t\t\t\t\t    \t\t\t\t\t    \t<span class=\"posted-date\">November 3, 2023<\/span>\r\n\t\t\t\t\t    \t<p>Po\u0161tovani studenti, Predaja prvog zadatka iz predmeta Arhitektonske reprezentacije 2...<\/p>\n\t\t\t\t\t     \r\n\t\t\t\t\t<\/div><!-- .news-text-wrap -->\r\n\r\n\t\t\t\t<\/div>\r\n\r\n\t\t\t\t\r\n\t\t\t\t<div class=\"pfc-post layout-one\">\r\n\t\t\t\t\r\n\t\t\t\t\t\r\n\t\t\t\t\t<div class=\"news-text-wrap info-without-space\">\r\n\r\n\t\t\t\t\t    <h2><a href=\"https:\/\/www.arhns.uns.ac.rs\/int\/za-studente-cetvrte-godine-pomeranje-termina-ispita\/\">Za studente \u010detvrte godine &#8211; Pomeranje termina ispita<\/a><\/h2>\r\n\r\n\t\t\t\t\t    \t\t\t\t\t    \t<span class=\"posted-date\">January 31, 2023<\/span>\r\n\t\t\t\t\t    \t<p>Zbog preklapanja termina odr\u017eavanja ispita za predmet Arhitektonske reprezentacije 3,...<\/p>\n\t\t\t\t\t     \r\n\t\t\t\t\t<\/div><!-- .news-text-wrap -->\r\n\r\n\t\t\t\t<\/div>\r\n\r\n\t\t\t\t\r\n\t\t\t\t<div class=\"pfc-post layout-one\">\r\n\t\t\t\t\r\n\t\t\t\t\t\r\n\t\t\t\t\t<div class=\"news-text-wrap info-without-space\">\r\n\r\n\t\t\t\t\t    <h2><a href=\"https:\/\/www.arhns.uns.ac.rs\/int\/reziltati-testa-ar3-cetvrta-godina\/\">Reziltati testa AR3 (\u010detvrta godina)<\/a><\/h2>\r\n\r\n\t\t\t\t\t    \t\t\t\t\t    \t<span class=\"posted-date\">January 20, 2023<\/span>\r\n\t\t\t\t\t    \t<p>Po\u0161tovani studenti, u prilogu se nalaze rezultati testa na predmetu...<\/p>\n\t\t\t\t\t     \r\n\t\t\t\t\t<\/div><!-- .news-text-wrap -->\r\n\r\n\t\t\t\t<\/div>\r\n\r\n\t\t\t\t\r\n\t\t\t\t<div class=\"pfc-post layout-one\">\r\n\t\t\t\t\r\n\t\t\t\t\t\r\n\t\t\t\t\t<div class=\"news-text-wrap info-without-space\">\r\n\r\n\t\t\t\t\t    <h2><a href=\"https:\/\/www.arhns.uns.ac.rs\/int\/rezultati-testa\/\">Rezultati testa<\/a><\/h2>\r\n\r\n\t\t\t\t\t    \t\t\t\t\t    \t<span class=\"posted-date\">January 19, 2023<\/span>\r\n\t\t\t\t\t    \t<p>U prilogu se nalaze rezultati testa: AR2 2022-23_rezultati testa<\/p>\n\t\t\t\t\t     \r\n\t\t\t\t\t<\/div><!-- .news-text-wrap -->\r\n\r\n\t\t\t\t<\/div>\r\n\r\n\t\t\t\t\r\n\t\t\t\t<div class=\"pfc-post layout-one\">\r\n\t\t\t\t\r\n\t\t\t\t\t\r\n\t\t\t\t\t<div class=\"news-text-wrap info-without-space\">\r\n\r\n\t\t\t\t\t    <h2><a href=\"https:\/\/www.arhns.uns.ac.rs\/int\/predaja-ispita\/\">Predaja ispita<\/a><\/h2>\r\n\r\n\t\t\t\t\t    \t\t\t\t\t    \t<span class=\"posted-date\">January 19, 2023<\/span>\r\n\t\t\t\t\t    \t<p>Ispit Ispit iz predmeta Arhitektonske repezentacije 2 slu\u017ei da proveri...<\/p>\n\t\t\t\t\t     \r\n\t\t\t\t\t<\/div><!-- .news-text-wrap -->\r\n\r\n\t\t\t\t<\/div>\r\n\r\n\t\t\t\t\r\n\t\t\t\t<div class=\"pfc-post layout-one\">\r\n\t\t\t\t\r\n\t\t\t\t\t\r\n\t\t\t\t\t<div class=\"news-text-wrap info-without-space\">\r\n\r\n\t\t\t\t\t    <h2><a href=\"https:\/\/www.arhns.uns.ac.rs\/int\/predaja-drugog-zadatka\/\">Predaja drugog zadatka<\/a><\/h2>\r\n\r\n\t\t\t\t\t    \t\t\t\t\t    \t<span class=\"posted-date\">December 13, 2022<\/span>\r\n\t\t\t\t\t    \t<p>Po\u0161tovani studenti, Predaja drugog zadatka iz predmeta Arhitektonske reprezentacije 2...<\/p>\n\t\t\t\t\t     \r\n\t\t\t\t\t<\/div><!-- .news-text-wrap -->\r\n\r\n\t\t\t\t<\/div>\r\n\r\n\t\t\t\t\r\n\t\t\t\t<div class=\"pfc-post layout-one\">\r\n\t\t\t\t\r\n\t\t\t\t\t\r\n\t\t\t\t\t<div class=\"news-text-wrap info-without-space\">\r\n\r\n\t\t\t\t\t    <h2><a href=\"https:\/\/www.arhns.uns.ac.rs\/int\/predaja-prvog-zadatka\/\">Predaja prvog zadatka<\/a><\/h2>\r\n\r\n\t\t\t\t\t    \t\t\t\t\t    \t<span class=\"posted-date\">November 14, 2022<\/span>\r\n\t\t\t\t\t    \t<p>Po\u0161tovani studenti, Predaja prvog zadatka iz predmeta Arhitektonske reprezentacije 2...<\/p>\n\t\t\t\t\t     \r\n\t\t\t\t\t<\/div><!-- .news-text-wrap -->\r\n\r\n\t\t\t\t<\/div>\r\n\r\n\t\t\t\t\r\n\t\t<\/div>\r\n\r\n\t\t\n","protected":false},"excerpt":{"rendered":"","protected":false},"author":5,"featured_media":0,"parent":894,"menu_order":0,"comment_status":"closed","ping_status":"closed","template":"","meta":{"footnotes":""},"class_list":["post-898","page","type-page","status-publish","hentry"],"_links":{"self":[{"href":"https:\/\/www.arhns.uns.ac.rs\/int\/wp-json\/wp\/v2\/pages\/898","targetHints":{"allow":["GET"]}}],"collection":[{"href":"https:\/\/www.arhns.uns.ac.rs\/int\/wp-json\/wp\/v2\/pages"}],"about":[{"href":"https:\/\/www.arhns.uns.ac.rs\/int\/wp-json\/wp\/v2\/types\/page"}],"author":[{"embeddable":true,"href":"https:\/\/www.arhns.uns.ac.rs\/int\/wp-json\/wp\/v2\/users\/5"}],"replies":[{"embeddable":true,"href":"https:\/\/www.arhns.uns.ac.rs\/int\/wp-json\/wp\/v2\/comments?post=898"}],"version-history":[{"count":2,"href":"https:\/\/www.arhns.uns.ac.rs\/int\/wp-json\/wp\/v2\/pages\/898\/revisions"}],"predecessor-version":[{"id":935,"href":"https:\/\/www.arhns.uns.ac.rs\/int\/wp-json\/wp\/v2\/pages\/898\/revisions\/935"}],"up":[{"embeddable":true,"href":"https:\/\/www.arhns.uns.ac.rs\/int\/wp-json\/wp\/v2\/pages\/894"}],"wp:attachment":[{"href":"https:\/\/www.arhns.uns.ac.rs\/int\/wp-json\/wp\/v2\/media?parent=898"}],"curies":[{"name":"wp","href":"https:\/\/api.w.org\/{rel}","templated":true}]}}