{"id":896,"date":"2022-11-14T12:48:21","date_gmt":"2022-11-14T11:48:21","guid":{"rendered":"http:\/\/www.arhns.uns.ac.rs\/int\/?page_id=896"},"modified":"2022-11-14T12:49:27","modified_gmt":"2022-11-14T11:49:27","slug":"obavestenja-nacrtna-geometrija","status":"publish","type":"page","link":"https:\/\/www.arhns.uns.ac.rs\/int\/obavestenja\/obavestenja-nacrtna-geometrija\/","title":{"rendered":"Obave\u0161tenja &#8211; Nacrtna geometrija"},"content":{"rendered":"\r\n\t\t<div class=\"pfc-posts-main\">\r\n\r\n\t\t\t\r\n\t\t\t\t<div class=\"pfc-post layout-one\">\r\n\t\t\t\t\r\n\t\t\t\t\t\r\n\t\t\t\t\t<div class=\"news-text-wrap info-without-space\">\r\n\r\n\t\t\t\t\t    <h2><a href=\"https:\/\/www.arhns.uns.ac.rs\/int\/ng2-obavestenje\/\">NG2 &#8211; obave\u0161tenje<\/a><\/h2>\r\n\r\n\t\t\t\t\t    \t\t\t\t\t    \t<span class=\"posted-date\">March 30, 2026<\/span>\r\n\t\t\t\t\t    \t<p>Predavanje koje treba da bude odr\u017eano 18.04. bi\u0107e odra\u0111eno u...<\/p>\n\t\t\t\t\t     \r\n\t\t\t\t\t<\/div><!-- .news-text-wrap -->\r\n\r\n\t\t\t\t<\/div>\r\n\r\n\t\t\t\t\r\n\t\t\t\t<div class=\"pfc-post layout-one\">\r\n\t\t\t\t\r\n\t\t\t\t\t\r\n\t\t\t\t\t<div class=\"news-text-wrap info-without-space\">\r\n\r\n\t\t\t\t\t    <h2><a href=\"https:\/\/www.arhns.uns.ac.rs\/int\/martovsko-dodatni-rok\/\">Martovsko dodatni rok<\/a><\/h2>\r\n\r\n\t\t\t\t\t    \t\t\t\t\t    \t<span class=\"posted-date\">March 21, 2026<\/span>\r\n\t\t\t\t\t    \t<p>Ispit iz Nacrtne geometrije 1 i 2 u martovskom dodatnom...<\/p>\n\t\t\t\t\t     \r\n\t\t\t\t\t<\/div><!-- .news-text-wrap -->\r\n\r\n\t\t\t\t<\/div>\r\n\r\n\t\t\t\t\r\n\t\t\t\t<div class=\"pfc-post layout-one\">\r\n\t\t\t\t\r\n\t\t\t\t\t\r\n\t\t\t\t\t<div class=\"news-text-wrap info-without-space\">\r\n\r\n\t\t\t\t\t    <h2><a href=\"https:\/\/www.arhns.uns.ac.rs\/int\/ng2-test-1\/\">NG2 &#8211; Test 1<\/a><\/h2>\r\n\r\n\t\t\t\t\t    \t\t\t\t\t    \t<span class=\"posted-date\">March 12, 2026<\/span>\r\n\t\t\t\t\t    \t<p>Prvi test iz Nacrtne geometrije 2 bi\u0107e odr\u017ean u \u010detvrtak...<\/p>\n\t\t\t\t\t     \r\n\t\t\t\t\t<\/div><!-- .news-text-wrap -->\r\n\r\n\t\t\t\t<\/div>\r\n\r\n\t\t\t\t\r\n\t\t\t\t<div class=\"pfc-post layout-one\">\r\n\t\t\t\t\r\n\t\t\t\t\t\r\n\t\t\t\t\t<div class=\"news-text-wrap info-without-space\">\r\n\r\n\t\t\t\t\t    <h2><a href=\"https:\/\/www.arhns.uns.ac.rs\/int\/nacrtna-geometrija-2-materijal-za-predavanja\/\">Nacrtna geometrija 2 &#8211; Materijal za predavanja<\/a><\/h2>\r\n\r\n\t\t\t\t\t    \t\t\t\t\t    \t<span class=\"posted-date\">March 10, 2026<\/span>\r\n\t\t\t\t\t    \t<p>Podloge za predavanja mogu se preuzeti sa linka Slajdovi sa...<\/p>\n\t\t\t\t\t     \r\n\t\t\t\t\t<\/div><!-- .news-text-wrap -->\r\n\r\n\t\t\t\t<\/div>\r\n\r\n\t\t\t\t\r\n\t\t\t\t<div class=\"pfc-post layout-one\">\r\n\t\t\t\t\r\n\t\t\t\t\t\r\n\t\t\t\t\t<div class=\"news-text-wrap info-without-space\">\r\n\r\n\t\t\t\t\t    <h2><a href=\"https:\/\/www.arhns.uns.ac.rs\/int\/obavestenje-o-terminu-usmenog-dela-ispita-januarsko-februarski-rok-ii-ng-ng1-i-ng2\/\">Obave\u0161tenje o terminu usmenog dela ispita \u2013 Januarsko\/februarski rok II (NG, NG1 i NG2)<\/a><\/h2>\r\n\r\n\t\t\t\t\t    \t\t\t\t\t    \t<span class=\"posted-date\">March 8, 2026<\/span>\r\n\t\t\t\t\t    \t<p>Na spisku ispod nalaze se studenti koji se pozivaju na...<\/p>\n\t\t\t\t\t     \r\n\t\t\t\t\t<\/div><!-- .news-text-wrap -->\r\n\r\n\t\t\t\t<\/div>\r\n\r\n\t\t\t\t\r\n\t\t\t\t<div class=\"pfc-post layout-one\">\r\n\t\t\t\t\r\n\t\t\t\t\t\r\n\t\t\t\t\t<div class=\"news-text-wrap info-without-space\">\r\n\r\n\t\t\t\t\t    <h2><a href=\"https:\/\/www.arhns.uns.ac.rs\/int\/obavestenje-o-terminu-usmenog-dela-ispita-ng2\/\">Obave\u0161tenje o terminu usmenog dela ispita \u2013 NG2<\/a><\/h2>\r\n\r\n\t\t\t\t\t    \t\t\t\t\t    \t<span class=\"posted-date\">February 25, 2026<\/span>\r\n\t\t\t\t\t    \t<p>Na spisku ispod nalaze se studenti koji se pozivaju na...<\/p>\n\t\t\t\t\t     \r\n\t\t\t\t\t<\/div><!-- .news-text-wrap -->\r\n\r\n\t\t\t\t<\/div>\r\n\r\n\t\t\t\t\r\n\t\t\t\t<div class=\"pfc-post layout-one\">\r\n\t\t\t\t\r\n\t\t\t\t\t\r\n\t\t\t\t\t<div class=\"news-text-wrap info-without-space\">\r\n\r\n\t\t\t\t\t    <h2><a href=\"https:\/\/www.arhns.uns.ac.rs\/int\/obavestenje-o-terminu-usmenog-dela-ispita-ng\/\">Obave\u0161tenje o terminu usmenog dela ispita \u2013 NG<\/a><\/h2>\r\n\r\n\t\t\t\t\t    \t\t\t\t\t    \t<span class=\"posted-date\">February 25, 2026<\/span>\r\n\t\t\t\t\t    \t<p>Na spisku ispod nalaze se studenti koji se pozivaju na...<\/p>\n\t\t\t\t\t     \r\n\t\t\t\t\t<\/div><!-- .news-text-wrap -->\r\n\r\n\t\t\t\t<\/div>\r\n\r\n\t\t\t\t\r\n\t\t\t\t<div class=\"pfc-post layout-one\">\r\n\t\t\t\t\r\n\t\t\t\t\t\r\n\t\t\t\t\t<div class=\"news-text-wrap info-without-space\">\r\n\r\n\t\t\t\t\t    <h2><a href=\"https:\/\/www.arhns.uns.ac.rs\/int\/obavestenje-o-terminu-usmenog-dela-ispita-ng1\/\">Obave\u0161tenje o terminu usmenog dela ispita \u2013 NG1<\/a><\/h2>\r\n\r\n\t\t\t\t\t    \t\t\t\t\t    \t<span class=\"posted-date\">February 24, 2026<\/span>\r\n\t\t\t\t\t    \t<p>Na spisku ispod nalaze se studenti koji se pozivaju na...<\/p>\n\t\t\t\t\t     \r\n\t\t\t\t\t<\/div><!-- .news-text-wrap -->\r\n\r\n\t\t\t\t<\/div>\r\n\r\n\t\t\t\t\r\n\t\t\t\t<div class=\"pfc-post layout-one\">\r\n\t\t\t\t\r\n\t\t\t\t\t\r\n\t\t\t\t\t<div class=\"news-text-wrap info-without-space\">\r\n\r\n\t\t\t\t\t    <h2><a href=\"https:\/\/www.arhns.uns.ac.rs\/int\/obavestenje-o-terminu-usmenog-dela-ispita-studenti-oslobodeni-pismenog-ng-i-ng1\/\">Obave\u0161tenje o terminu usmenog dela ispita (studenti oslobo\u0111eni pismenog) \u2013 NG i NG1<\/a><\/h2>\r\n\r\n\t\t\t\t\t    \t\t\t\t\t    \t<span class=\"posted-date\">February 23, 2026<\/span>\r\n\t\t\t\t\t    \t<p>Usmeni deo ispita za studente koji su oslobo\u0111eni pismenog dela...<\/p>\n\t\t\t\t\t     \r\n\t\t\t\t\t<\/div><!-- .news-text-wrap -->\r\n\r\n\t\t\t\t<\/div>\r\n\r\n\t\t\t\t\r\n\t\t\t\t<div class=\"pfc-post layout-one\">\r\n\t\t\t\t\r\n\t\t\t\t\t\r\n\t\t\t\t\t<div class=\"news-text-wrap info-without-space\">\r\n\r\n\t\t\t\t\t    <h2><a href=\"https:\/\/www.arhns.uns.ac.rs\/int\/uvid-u-radove\/\">Uvid u radove<\/a><\/h2>\r\n\r\n\t\t\t\t\t    \t\t\t\t\t    \t<span class=\"posted-date\">February 19, 2026<\/span>\r\n\t\t\t\t\t    \t<p>Uvid u radove bi\u0107e organizovan u petak, 20.02, u 13:30...<\/p>\n\t\t\t\t\t     \r\n\t\t\t\t\t<\/div><!-- .news-text-wrap -->\r\n\r\n\t\t\t\t<\/div>\r\n\r\n\t\t\t\t\r\n\t\t\t\t<div class=\"pfc-post layout-one\">\r\n\t\t\t\t\r\n\t\t\t\t\t\r\n\t\t\t\t\t<div class=\"news-text-wrap info-without-space\">\r\n\r\n\t\t\t\t\t    <h2><a href=\"https:\/\/www.arhns.uns.ac.rs\/int\/pregled-oblasti-koje-se-priznaju-nacrtna-geometrija\/\">Pregled oblasti koje se priznaju &#8211; Nacrtna geometrija<\/a><\/h2>\r\n\r\n\t\t\t\t\t    \t\t\t\t\t    \t<span class=\"posted-date\">February 19, 2026<\/span>\r\n\t\t\t\t\t    \t<p>Polo\u017eene oblasti koje se priznaju do kraja \u0161kolske 2025\/26. Br....<\/p>\n\t\t\t\t\t     \r\n\t\t\t\t\t<\/div><!-- .news-text-wrap -->\r\n\r\n\t\t\t\t<\/div>\r\n\r\n\t\t\t\t\r\n\t\t\t\t<div class=\"pfc-post layout-one\">\r\n\t\t\t\t\r\n\t\t\t\t\t\r\n\t\t\t\t\t<div class=\"news-text-wrap info-without-space\">\r\n\r\n\t\t\t\t\t    <h2><a href=\"https:\/\/www.arhns.uns.ac.rs\/int\/pregled-oblasti-koje-se-priznaju-nacrtna-geometrija-1\/\">Pregled oblasti koje se priznaju \u2013 Nacrtna geometrija 1<\/a><\/h2>\r\n\r\n\t\t\t\t\t    \t\t\t\t\t    \t<span class=\"posted-date\">February 19, 2026<\/span>\r\n\t\t\t\t\t    \t<p>Polo\u017eene oblasti koje se priznaju do kraja \u0161kolske 2025\/26. Br....<\/p>\n\t\t\t\t\t     \r\n\t\t\t\t\t<\/div><!-- .news-text-wrap -->\r\n\r\n\t\t\t\t<\/div>\r\n\r\n\t\t\t\t\r\n\t\t\t\t<div class=\"pfc-post layout-one\">\r\n\t\t\t\t\r\n\t\t\t\t\t\r\n\t\t\t\t\t<div class=\"news-text-wrap info-without-space\">\r\n\r\n\t\t\t\t\t    <h2><a href=\"https:\/\/www.arhns.uns.ac.rs\/int\/studenti-koji-su-oslobodeni-ng-i-ng1\/\">Studenti koji su oslobo\u0111eni &#8211; NG i NG1<\/a><\/h2>\r\n\r\n\t\t\t\t\t    \t\t\t\t\t    \t<span class=\"posted-date\">February 19, 2026<\/span>\r\n\t\t\t\t\t    \t<p>Na spisku ispod nalaze se studenti koji su oslobo\u0111eni polaganja...<\/p>\n\t\t\t\t\t     \r\n\t\t\t\t\t<\/div><!-- .news-text-wrap -->\r\n\r\n\t\t\t\t<\/div>\r\n\r\n\t\t\t\t\r\n\t\t\t\t<div class=\"pfc-post layout-one\">\r\n\t\t\t\t\r\n\t\t\t\t\t\r\n\t\t\t\t\t<div class=\"news-text-wrap info-without-space\">\r\n\r\n\t\t\t\t\t    <h2><a href=\"https:\/\/www.arhns.uns.ac.rs\/int\/nacrtna-geometrija-rezultati-drugog-testa\/\">Nacrtna geometrija \u2013 Rezultati drugog testa<\/a><\/h2>\r\n\r\n\t\t\t\t\t    \t\t\t\t\t    \t<span class=\"posted-date\">January 17, 2026<\/span>\r\n\t\t\t\t\t    \t<p>Za uvid u radove, studenti se mogu javiti predmetnim nastavnicima...<\/p>\n\t\t\t\t\t     \r\n\t\t\t\t\t<\/div><!-- .news-text-wrap -->\r\n\r\n\t\t\t\t<\/div>\r\n\r\n\t\t\t\t\r\n\t\t\t\t<div class=\"pfc-post layout-one\">\r\n\t\t\t\t\r\n\t\t\t\t\t\r\n\t\t\t\t\t<div class=\"news-text-wrap info-without-space\">\r\n\r\n\t\t\t\t\t    <h2><a href=\"https:\/\/www.arhns.uns.ac.rs\/int\/nacrtna-geometrija-1-rezultati-drugog-testa\/\">Nacrtna geometrija 1 \u2013 Rezultati drugog testa<\/a><\/h2>\r\n\r\n\t\t\t\t\t    \t\t\t\t\t    \t<span class=\"posted-date\">January 17, 2026<\/span>\r\n\t\t\t\t\t    \t<p>Za uvid u radove, studenti se mogu javiti predmetnim nastavnicima...<\/p>\n\t\t\t\t\t     \r\n\t\t\t\t\t<\/div><!-- .news-text-wrap -->\r\n\r\n\t\t\t\t<\/div>\r\n\r\n\t\t\t\t\r\n\t\t\t\t<div class=\"pfc-post layout-one\">\r\n\t\t\t\t\r\n\t\t\t\t\t\r\n\t\t\t\t\t<div class=\"news-text-wrap info-without-space\">\r\n\r\n\t\t\t\t\t    <h2><a href=\"https:\/\/www.arhns.uns.ac.rs\/int\/overa-elaborata-arhitektura-asistent-jelena-pepic\/\">Overa elaborata \u2013 Arhitektura \u2013 Asistent Jelena Pepi\u0107<\/a><\/h2>\r\n\r\n\t\t\t\t\t    \t\t\t\t\t    \t<span class=\"posted-date\">January 12, 2026<\/span>\r\n\t\t\t\t\t    \t<p>U terminima ve\u017ebi za grupe 1,2 i 5,6, koji su...<\/p>\n\t\t\t\t\t     \r\n\t\t\t\t\t<\/div><!-- .news-text-wrap -->\r\n\r\n\t\t\t\t<\/div>\r\n\r\n\t\t\t\t\r\n\t\t\t\t<div class=\"pfc-post layout-one\">\r\n\t\t\t\t\r\n\t\t\t\t\t\r\n\t\t\t\t\t<div class=\"news-text-wrap info-without-space\">\r\n\r\n\t\t\t\t\t    <h2><a href=\"https:\/\/www.arhns.uns.ac.rs\/int\/naknadna-overa-elaborata-gradevinarstvo-asistent-jelena-pepic\/\">Naknadna overa elaborata &#8211; Gra\u0111evinarstvo &#8211; Asistent Jelena Pepi\u0107<\/a><\/h2>\r\n\r\n\t\t\t\t\t    \t\t\t\t\t    \t<span class=\"posted-date\">January 11, 2026<\/span>\r\n\t\t\t\t\t    \t<p>Naknadna overa za smer Gra\u0111evinarstvo bi\u0107e odr\u017eana tokom termina konsultacija...<\/p>\n\t\t\t\t\t     \r\n\t\t\t\t\t<\/div><!-- .news-text-wrap -->\r\n\r\n\t\t\t\t<\/div>\r\n\r\n\t\t\t\t\r\n\t\t\t\t<div class=\"pfc-post layout-one\">\r\n\t\t\t\t\r\n\t\t\t\t\t\r\n\t\t\t\t\t<div class=\"news-text-wrap info-without-space\">\r\n\r\n\t\t\t\t\t    <h2><a href=\"https:\/\/www.arhns.uns.ac.rs\/int\/prijava-za-termin-druge-overe-asistent-jelena-pepic\/\">Prijava za termin druge overe &#8211; Asistent Jelena Pepi\u0107<\/a><\/h2>\r\n\r\n\t\t\t\t\t    \t\t\t\t\t    \t<span class=\"posted-date\">January 5, 2026<\/span>\r\n\t\t\t\t\t    \t<p>Overa \u0107e se odr\u017eati u petak, 09.01.2026. godine, u kancelariji...<\/p>\n\t\t\t\t\t     \r\n\t\t\t\t\t<\/div><!-- .news-text-wrap -->\r\n\r\n\t\t\t\t<\/div>\r\n\r\n\t\t\t\t\r\n\t\t\t\t<div class=\"pfc-post layout-one\">\r\n\t\t\t\t\r\n\t\t\t\t\t\r\n\t\t\t\t\t<div class=\"news-text-wrap info-without-space\">\r\n\r\n\t\t\t\t\t    <h2><a href=\"https:\/\/www.arhns.uns.ac.rs\/int\/obavestenje-o-terminu-odrzavanje-drugog-kolokvijuma-2\/\">Obave\u0161tenje o terminu odr\u017eavanje drugog kolokvijuma<\/a><\/h2>\r\n\r\n\t\t\t\t\t    \t\t\t\t\t    \t<span class=\"posted-date\">January 4, 2026<\/span>\r\n\t\t\t\t\t    \t<p>Drugi kolokvijum \u0107e se odr\u017eati 10.01.2026. u amfiteatrima A1-A4 (Ulaz...<\/p>\n\t\t\t\t\t     \r\n\t\t\t\t\t<\/div><!-- .news-text-wrap -->\r\n\r\n\t\t\t\t<\/div>\r\n\r\n\t\t\t\t\r\n\t\t\t\t<div class=\"pfc-post layout-one\">\r\n\t\t\t\t\r\n\t\t\t\t\t\r\n\t\t\t\t\t<div class=\"news-text-wrap info-without-space\">\r\n\r\n\t\t\t\t\t    <h2><a href=\"https:\/\/www.arhns.uns.ac.rs\/int\/overa-dodatnih-zadataka-nacrtna-geometrija-1-smer-arhitektura-2\/\">Overa dodatnih zadataka \u2013 Nacrtna geometrija 1 (smer arhitektura)<\/a><\/h2>\r\n\r\n\t\t\t\t\t    \t\t\t\t\t    \t<span class=\"posted-date\">December 20, 2025<\/span>\r\n\t\t\t\t\t    \t<p>Zadatke mo\u017eete odbraniti u sredu 24.12.2025.\u00a0 od 14:00\u010d u kancelariji...<\/p>\n\t\t\t\t\t     \r\n\t\t\t\t\t<\/div><!-- .news-text-wrap -->\r\n\r\n\t\t\t\t<\/div>\r\n\r\n\t\t\t\t\r\n\t\t<\/div>\r\n\r\n\t\t\n","protected":false},"excerpt":{"rendered":"","protected":false},"author":5,"featured_media":0,"parent":894,"menu_order":0,"comment_status":"closed","ping_status":"closed","template":"","meta":{"footnotes":""},"class_list":["post-896","page","type-page","status-publish","hentry"],"_links":{"self":[{"href":"https:\/\/www.arhns.uns.ac.rs\/int\/wp-json\/wp\/v2\/pages\/896","targetHints":{"allow":["GET"]}}],"collection":[{"href":"https:\/\/www.arhns.uns.ac.rs\/int\/wp-json\/wp\/v2\/pages"}],"about":[{"href":"https:\/\/www.arhns.uns.ac.rs\/int\/wp-json\/wp\/v2\/types\/page"}],"author":[{"embeddable":true,"href":"https:\/\/www.arhns.uns.ac.rs\/int\/wp-json\/wp\/v2\/users\/5"}],"replies":[{"embeddable":true,"href":"https:\/\/www.arhns.uns.ac.rs\/int\/wp-json\/wp\/v2\/comments?post=896"}],"version-history":[{"count":2,"href":"https:\/\/www.arhns.uns.ac.rs\/int\/wp-json\/wp\/v2\/pages\/896\/revisions"}],"predecessor-version":[{"id":901,"href":"https:\/\/www.arhns.uns.ac.rs\/int\/wp-json\/wp\/v2\/pages\/896\/revisions\/901"}],"up":[{"embeddable":true,"href":"https:\/\/www.arhns.uns.ac.rs\/int\/wp-json\/wp\/v2\/pages\/894"}],"wp:attachment":[{"href":"https:\/\/www.arhns.uns.ac.rs\/int\/wp-json\/wp\/v2\/media?parent=896"}],"curies":[{"name":"wp","href":"https:\/\/api.w.org\/{rel}","templated":true}]}}