{"id":838,"date":"2018-01-29T10:13:54","date_gmt":"2018-01-29T09:13:54","guid":{"rendered":"http:\/\/www.arhns.uns.ac.rs\/int\/?page_id=838"},"modified":"2023-11-10T18:48:04","modified_gmt":"2023-11-10T17:48:04","slug":"o-katedri","status":"publish","type":"page","link":"https:\/\/www.arhns.uns.ac.rs\/int\/","title":{"rendered":"O katedri"},"content":{"rendered":"<h2 style=\"text-align: center;\">KATEDRA ZA TEORIJE I INTERPRETACIJE PROSTORA U ARHITEKTURI I URBANIZMU<\/h2>\n<p style=\"text-align: center;\">NASTAVNICI<\/p>\n<p style=\"text-align: center;\">prof. dr Radovan \u0160tuli\u0107<\/p>\n<p style=\"text-align: center;\">prof. dr Vesna Stojakovi\u0107<\/p>\n<p style=\"text-align: center;\">prof. dr Bojan Tepav\u010devi\u0107<\/p>\n<p style=\"text-align: center;\">doc. dr Dejana Nedu\u010din<\/p>\n<p style=\"text-align: center;\">doc. dr\u00a0Ivana Baj\u0161anski<\/p>\n<p style=\"text-align: center;\">doc. dr Marko Lazi\u0107<\/p>\n<p style=\"text-align: center;\">doc. dr Marko Jovanovi\u0107<\/p>\n<p style=\"text-align: center;\">ASISTENTI<\/p>\n<p style=\"text-align: center;\">Marko Vu\u010di\u0107<\/p>\n<p style=\"text-align: center;\">Jelena Ki\u0107anovi\u0107<\/p>\n<p style=\"text-align: center;\">Milo\u0161 Obradovi\u0107<\/p>\n<p style=\"text-align: center;\">Jelena Pepi\u0107<\/p>\n<p style=\"text-align: center;\">Dejan Bogavac<\/p>\n<p style=\"text-align: center;\">Tamara Miljkovi\u0107<\/p>\n","protected":false},"excerpt":{"rendered":"<p>KATEDRA ZA TEORIJE I INTERPRETACIJE PROSTORA U ARHITEKTURI I URBANIZMU NASTAVNICI prof. dr Radovan \u0160tuli\u0107 prof. dr Vesna Stojakovi\u0107 prof. dr Bojan Tepav\u010devi\u0107 doc. dr Dejana Nedu\u010din doc. dr\u00a0Ivana Baj\u0161anski doc. dr Marko Lazi\u0107 doc. dr Marko Jovanovi\u0107 ASISTENTI Marko Vu\u010di\u0107 Jelena Ki\u0107anovi\u0107 Milo\u0161 Obradovi\u0107 Jelena Pepi\u0107 Dejan Bogavac Tamara Miljkovi\u0107<\/p>\n","protected":false},"author":5,"featured_media":697,"parent":0,"menu_order":0,"comment_status":"closed","ping_status":"closed","template":"","meta":{"footnotes":""},"class_list":["post-838","page","type-page","status-publish","has-post-thumbnail","hentry"],"_links":{"self":[{"href":"https:\/\/www.arhns.uns.ac.rs\/int\/wp-json\/wp\/v2\/pages\/838","targetHints":{"allow":["GET"]}}],"collection":[{"href":"https:\/\/www.arhns.uns.ac.rs\/int\/wp-json\/wp\/v2\/pages"}],"about":[{"href":"https:\/\/www.arhns.uns.ac.rs\/int\/wp-json\/wp\/v2\/types\/page"}],"author":[{"embeddable":true,"href":"https:\/\/www.arhns.uns.ac.rs\/int\/wp-json\/wp\/v2\/users\/5"}],"replies":[{"embeddable":true,"href":"https:\/\/www.arhns.uns.ac.rs\/int\/wp-json\/wp\/v2\/comments?post=838"}],"version-history":[{"count":5,"href":"https:\/\/www.arhns.uns.ac.rs\/int\/wp-json\/wp\/v2\/pages\/838\/revisions"}],"predecessor-version":[{"id":1388,"href":"https:\/\/www.arhns.uns.ac.rs\/int\/wp-json\/wp\/v2\/pages\/838\/revisions\/1388"}],"wp:featuredmedia":[{"embeddable":true,"href":"https:\/\/www.arhns.uns.ac.rs\/int\/wp-json\/wp\/v2\/media\/697"}],"wp:attachment":[{"href":"https:\/\/www.arhns.uns.ac.rs\/int\/wp-json\/wp\/v2\/media?parent=838"}],"curies":[{"name":"wp","href":"https:\/\/api.w.org\/{rel}","templated":true}]}}