{"id":232,"date":"2016-11-08T23:09:44","date_gmt":"2016-11-08T22:09:44","guid":{"rendered":"http:\/\/www.arhns.uns.ac.rs\/int\/?page_id=232"},"modified":"2023-02-18T11:51:30","modified_gmt":"2023-02-18T10:51:30","slug":"givsf","status":"publish","type":"page","link":"https:\/\/www.arhns.uns.ac.rs\/int\/givsf\/","title":{"rendered":"GiVSF"},"content":{"rendered":"<div id=\"pl-232\"  class=\"panel-layout\" ><div id=\"pg-232-0\"  class=\"panel-grid panel-no-style\" ><div id=\"pgc-232-0-0\"  class=\"panel-grid-cell\" ><div id=\"panel-232-0-0-0\" class=\"so-panel widget widget_sow-editor panel-first-child panel-last-child\" data-index=\"0\" ><div\n\t\t\t\n\t\t\tclass=\"so-widget-sow-editor so-widget-sow-editor-base\"\n\t\t\t\n\t\t>\n<div class=\"siteorigin-widget-tinymce textwidget\">\n\t<p>redmet Geometrija i vizuelizacija slobodnih formi je izborni predmet koji se odr\u017eava u osmom semestru osnovnih akademskih studija Arhitekture. Predmet pre svega slu\u017ei za istra\u017eivanje \u0161irokom spektra tema, koje pokrivaju osnovne i napredne odlike geometrija slo\u017eenih formi. Studenti \u0107e imati priliku da razviju vi\u0161i nivo sposobnosti prostorne vizuelizacije, optimalnog grafi\u010dkog izra\u017eavanja \u00a0i identifikovanja i interpretacije prostornih odnosa izu\u010denih prostornih oblika. Dodatno, mogu dobiti informacije o pojmovima koordinatnih sistema, generisanja i svojstava parametarskih krivih i povr\u0161i, kao i teselacije ili poplo\u010danja 2D i 3D geometrije u cilju interpretacije \u017eeljenih objekata primenom naprednih pristupa projektovanju.<\/p>\n<p>Predmet je zami\u0161ljen da se izvodi kroz predavanja i ve\u017ebe\u00a0gde se dobijaju osnovne informacije o teorijskim okvirima, nakon \u010dega se isti primenjuju u istra\u017eiva\u010dkoj temi u okviru radionica. Na radionicama se radi na razvijanju strategija za modelovanje\u00a0slo\u017eenih formi primenom adekvatnih softverskih alata i standardnih geometrijskih procedura. Omogu\u0107eno je i pore\u0111enje parametarskih definicija koje \u0107e omogu\u0107iti kontrolu i jednostavnije izvo\u0111enje slobodnih struktura.<\/p>\n<p>nastavnik:<br \/>dr\u00a0Marko Jovanovi\u0107<\/p>\n<h3 class=\"widget-title\">Studentski radovi<\/h3>\n<p><figure id=\"attachment_1221\" aria-describedby=\"caption-attachment-1221\" style=\"width: 300px\" class=\"wp-caption alignnone\"><a href=\"https:\/\/issuu.com\/givsf\/docs\/geometrija_i_vizuelizacija_slobodnih_formi_katalog\"><img loading=\"lazy\" decoding=\"async\" class=\"wp-image-1221 size-medium\" src=\"http:\/\/www.arhns.uns.ac.rs\/int\/wp-content\/uploads\/2016\/11\/katalog-givsf-naslovna-300x300.jpg\" width=\"300\" height=\"300\" srcset=\"https:\/\/www.arhns.uns.ac.rs\/int\/wp-content\/uploads\/2016\/11\/katalog-givsf-naslovna-300x300.jpg 300w, https:\/\/www.arhns.uns.ac.rs\/int\/wp-content\/uploads\/2016\/11\/katalog-givsf-naslovna-150x150.jpg 150w, https:\/\/www.arhns.uns.ac.rs\/int\/wp-content\/uploads\/2016\/11\/katalog-givsf-naslovna-100x100.jpg 100w, https:\/\/www.arhns.uns.ac.rs\/int\/wp-content\/uploads\/2016\/11\/katalog-givsf-naslovna.jpg 737w\" sizes=\"auto, (max-width: 300px) 100vw, 300px\" \/><\/a><figcaption id=\"caption-attachment-1221\" class=\"wp-caption-text\">Katalog studentskih radova iz 2020\/2021<\/figcaption><\/figure><figure style=\"width: 445px\" class=\"wp-caption alignnone\"><a href=\"http:\/\/www.arhns.uns.ac.rs\/int\/studentski-radovi\/givsf-studentski-radovi\/\"><img loading=\"lazy\" decoding=\"async\" class=\"so-widget-image\" title=\"Studentski radovi\" src=\"http:\/\/www.arhns.uns.ac.rs\/int\/wp-content\/uploads\/2017\/06\/Ljubomir-Stanic-Teselacija-i-parametrizacija-povrsi-na-osnovu-slika-pikselizacija-zavrseno-2015-2-272x182.jpg\" srcset=\"\" width=\"445\" height=\"298\" \/><\/a><figcaption class=\"wp-caption-text\">Studentski radovi do 2020. \u0161kolske godine<\/figcaption><\/figure><\/p>\n<\/div>\n<\/div><\/div><\/div><\/div><\/div>","protected":false},"excerpt":{"rendered":"<p>redmet Geometrija i vizuelizacija slobodnih formi je izborni predmet koji se odr\u017eava u osmom semestru osnovnih akademskih studija Arhitekture. Predmet pre svega slu\u017ei za istra\u017eivanje \u0161irokom spektra tema, koje pokrivaju osnovne i napredne odlike geometrija slo\u017eenih formi. Studenti \u0107e imati priliku da razviju vi\u0161i nivo sposobnosti prostorne vizuelizacije, optimalnog grafi\u010dkog izra\u017eavanja \u00a0i identifikovanja i interpretacije &hellip; <\/p>\n<p class=\"link-more\"><a href=\"https:\/\/www.arhns.uns.ac.rs\/int\/givsf\/\" class=\"more-link\">Continue reading<span class=\"screen-reader-text\"> &#8220;GiVSF&#8221;<\/span><\/a><\/p>\n","protected":false},"author":5,"featured_media":0,"parent":0,"menu_order":0,"comment_status":"closed","ping_status":"open","template":"","meta":{"footnotes":""},"class_list":["post-232","page","type-page","status-publish","hentry"],"_links":{"self":[{"href":"https:\/\/www.arhns.uns.ac.rs\/int\/wp-json\/wp\/v2\/pages\/232","targetHints":{"allow":["GET"]}}],"collection":[{"href":"https:\/\/www.arhns.uns.ac.rs\/int\/wp-json\/wp\/v2\/pages"}],"about":[{"href":"https:\/\/www.arhns.uns.ac.rs\/int\/wp-json\/wp\/v2\/types\/page"}],"author":[{"embeddable":true,"href":"https:\/\/www.arhns.uns.ac.rs\/int\/wp-json\/wp\/v2\/users\/5"}],"replies":[{"embeddable":true,"href":"https:\/\/www.arhns.uns.ac.rs\/int\/wp-json\/wp\/v2\/comments?post=232"}],"version-history":[{"count":10,"href":"https:\/\/www.arhns.uns.ac.rs\/int\/wp-json\/wp\/v2\/pages\/232\/revisions"}],"predecessor-version":[{"id":1223,"href":"https:\/\/www.arhns.uns.ac.rs\/int\/wp-json\/wp\/v2\/pages\/232\/revisions\/1223"}],"wp:attachment":[{"href":"https:\/\/www.arhns.uns.ac.rs\/int\/wp-json\/wp\/v2\/media?parent=232"}],"curies":[{"name":"wp","href":"https:\/\/api.w.org\/{rel}","templated":true}]}}