{"id":230,"date":"2016-11-08T23:08:47","date_gmt":"2016-11-08T22:08:47","guid":{"rendered":"http:\/\/www.arhns.uns.ac.rs\/int\/?page_id=230"},"modified":"2023-01-03T14:08:29","modified_gmt":"2023-01-03T13:08:29","slug":"arep-3","status":"publish","type":"page","link":"https:\/\/www.arhns.uns.ac.rs\/int\/arep-3\/","title":{"rendered":"Arhitektonske reprezentacije 2 (biv\u0161i AR3)"},"content":{"rendered":"<div id=\"pl-230\"  class=\"panel-layout\" ><div id=\"pg-230-0\"  class=\"panel-grid panel-no-style\" ><div id=\"pgc-230-0-0\"  class=\"panel-grid-cell\" ><div id=\"panel-230-0-0-0\" class=\"so-panel widget widget_sow-editor panel-first-child panel-last-child\" data-index=\"0\" ><div class=\"panel-widget-style panel-widget-style-for-230-0-0-0\" ><div\n\t\t\t\n\t\t\tclass=\"so-widget-sow-editor so-widget-sow-editor-base\"\n\t\t\t\n\t\t><h3 class=\"widget-title\">Arhitektonske reprezentacije 3<\/h3>\n<div class=\"siteorigin-widget-tinymce textwidget\">\n\t<div id=\"m_1122226156970572910yui_3_16_0_ym19_1_1491286342434_9393\">Arhitektonske reprezentacije\u00a02 je\u00a0obavezni predmet na drug<span id=\"m_1122226156970572910yui_3_16_0_ym19_1_1491286342434_9394\" lang=\"SR-LATN-RS\">oj godini studija. U okviru predmeta se prou\u010dava uloga CGI (<\/span><span id=\"m_1122226156970572910yui_3_16_0_ym19_1_1491286342434_9395\">Computer-generated imagery) softvera u arhitekturi i savladavaju ve\u0161tine 3D modelovanja. Softverski paket Autodesk 3ds Max, koji se danas smatra industrijskim standardom u oblasti arhitektonske vizualizacije izabran je kao alat za razvoj ve\u0161tina i tehnika 3D modelovanja u kontekstu primene CGI-a u arhitekturi. Ispitni rad studenata u \u0161kolskim 2012-2016 obra\u0111ivao je urbanu matricu istorijskog jezgra Sombora sa kojom je osvojio I nagradu na 25. Medjunarodnom salonu urbanizma 2016 godine u u kategoriji digitalne tehnike \u2013 medijska prezentacija. \u00a0<u><\/u><u><\/u><\/span><\/div>\n<div id=\"m_1122226156970572910yui_3_16_0_ym19_1_1491286342434_9397\"><span id=\"m_1122226156970572910yui_3_16_0_ym19_1_1491286342434_9398\">Predmet Arhitektonske reprezentacije\u00a02 su komplementarne sa predmetom <\/span><a href=\"http:\/\/www.arhns.uns.ac.rs\/digital\/predmeti\/arhitektonska-vizualizacija\/\">Arhitektonska vizualizacija<\/a><span id=\"m_1122226156970572910yui_3_16_0_ym19_1_1491286342434_9633\"> na na modulima Arhitektonska vizualizacija i Digitalna fabrikacija<\/span><a href=\"http:\/\/www.arhns.uns.ac.rs\/digital\/\"><span id=\"m_1122226156970572910yui_3_16_0_ym19_1_1491286342434_9660\"><span id=\"m_1122226156970572910yui_3_16_0_ym19_1_1491286342434_9659\">\u00a0kao i <span id=\"m_1122226156970572910yui_3_16_0_ym19_1_1491286342434_9633\">master kursu <\/span><a href=\"http:\/\/www.arhns.uns.ac.rs\/digital\/\">Digitalne tehnike dizajn i produkcije u arhitekturi<\/a><\/span><\/span>.<\/a>\u00a0<\/div>\n<div>Reprezentativne radove mo\u017eete pogledati na <a href=\"http:\/\/www.arhns.uns.ac.rs\/rep2\/912-2\/\">blogu predmeta<\/a>.<\/div>\n<\/div>\n<\/div><\/div><\/div><\/div><\/div><\/div>","protected":false},"excerpt":{"rendered":"<p>Arhitektonske reprezentacije\u00a02 je\u00a0obavezni predmet na drugoj godini studija. U okviru predmeta se prou\u010dava uloga CGI (Computer-generated imagery) softvera u arhitekturi i savladavaju ve\u0161tine 3D modelovanja. Softverski paket Autodesk 3ds Max, koji se danas smatra industrijskim standardom u oblasti arhitektonske vizualizacije izabran je kao alat za razvoj ve\u0161tina i tehnika 3D modelovanja u kontekstu primene CGI-a &hellip; <\/p>\n<p class=\"link-more\"><a href=\"https:\/\/www.arhns.uns.ac.rs\/int\/arep-3\/\" class=\"more-link\">Continue reading<span class=\"screen-reader-text\"> &#8220;Arhitektonske reprezentacije 2 (biv\u0161i AR3)&#8221;<\/span><\/a><\/p>\n","protected":false},"author":5,"featured_media":606,"parent":0,"menu_order":0,"comment_status":"closed","ping_status":"open","template":"","meta":{"footnotes":""},"class_list":["post-230","page","type-page","status-publish","has-post-thumbnail","hentry"],"_links":{"self":[{"href":"https:\/\/www.arhns.uns.ac.rs\/int\/wp-json\/wp\/v2\/pages\/230","targetHints":{"allow":["GET"]}}],"collection":[{"href":"https:\/\/www.arhns.uns.ac.rs\/int\/wp-json\/wp\/v2\/pages"}],"about":[{"href":"https:\/\/www.arhns.uns.ac.rs\/int\/wp-json\/wp\/v2\/types\/page"}],"author":[{"embeddable":true,"href":"https:\/\/www.arhns.uns.ac.rs\/int\/wp-json\/wp\/v2\/users\/5"}],"replies":[{"embeddable":true,"href":"https:\/\/www.arhns.uns.ac.rs\/int\/wp-json\/wp\/v2\/comments?post=230"}],"version-history":[{"count":5,"href":"https:\/\/www.arhns.uns.ac.rs\/int\/wp-json\/wp\/v2\/pages\/230\/revisions"}],"predecessor-version":[{"id":1087,"href":"https:\/\/www.arhns.uns.ac.rs\/int\/wp-json\/wp\/v2\/pages\/230\/revisions\/1087"}],"wp:featuredmedia":[{"embeddable":true,"href":"https:\/\/www.arhns.uns.ac.rs\/int\/wp-json\/wp\/v2\/media\/606"}],"wp:attachment":[{"href":"https:\/\/www.arhns.uns.ac.rs\/int\/wp-json\/wp\/v2\/media?parent=230"}],"curies":[{"name":"wp","href":"https:\/\/api.w.org\/{rel}","templated":true}]}}