{"id":228,"date":"2016-11-08T23:08:25","date_gmt":"2016-11-08T22:08:25","guid":{"rendered":"http:\/\/www.arhns.uns.ac.rs\/int\/?page_id=228"},"modified":"2023-01-03T14:05:31","modified_gmt":"2023-01-03T13:05:31","slug":"arep-2","status":"publish","type":"page","link":"https:\/\/www.arhns.uns.ac.rs\/int\/arep-2\/","title":{"rendered":"Studio 01 &#8211; Rhinoceros (biv\u0161i AR2)"},"content":{"rendered":"<div id=\"pl-228\"  class=\"panel-layout\" ><div id=\"pg-228-0\"  class=\"panel-grid panel-no-style\" ><div id=\"pgc-228-0-0\"  class=\"panel-grid-cell\" ><div id=\"panel-228-0-0-0\" class=\"so-panel widget widget_sow-editor panel-first-child panel-last-child\" data-index=\"0\" ><div\n\t\t\t\n\t\t\tclass=\"so-widget-sow-editor so-widget-sow-editor-base\"\n\t\t\t\n\t\t>\n<div class=\"siteorigin-widget-tinymce textwidget\">\n\t<p>Studio 01 - Rhinoceros\u00a0je predmet u petom semestru. Cilj predmeta je da studenti nau\u010de da razmi\u0161ljaju od samog po\u010detka o svim mogu\u0107nostima koje imaju na raspolaganju u pogledu materijalizacije, primene i funkcionalnosti dizajniranog predmeta i o mogu\u0107nostima za fabrikaciju. Na taj na\u010din studenti arhitekture imaju prilike da se sretnu sa savremenim alatima za fabrikaciju kao \u0161to su 3d \u0161tampa\u010di ili CNC laserski seka\u010di. Tako\u0111e, studenti se upoznaju sa softverskim paketom Rhinoceros koji je danas jedan od vode\u0107ih softvera u oblasti modelovanja, sa akcentom na kompleksne slobodne forme.<\/p>\n<p>nastavnik:<br \/> prof. dr\u00a0Vesna Stojakovi\u0107<\/p>\n<p>asistenti:<br \/>dr\u00a0Marko Jovanovi\u0107<br \/>Marko Vu\u010di\u0107<br \/>Jelena Ki\u0107anovi\u0107<br \/>Jelena Pepi\u0107<\/p>\n<\/div>\n<\/div><\/div><\/div><\/div><div id=\"pg-228-1\"  class=\"panel-grid panel-no-style\" ><div id=\"pgc-228-1-0\"  class=\"panel-grid-cell\" ><div id=\"panel-228-1-0-0\" class=\"so-panel widget widget_sow-image panel-first-child panel-last-child\" data-index=\"1\" ><div\n\t\t\t\n\t\t\tclass=\"so-widget-sow-image so-widget-sow-image-default-4e6925654b7a-228\"\n\t\t\t\n\t\t><h3 class=\"widget-title\">Studentski radovi<\/h3>\n<div class=\"sow-image-container\">\n\t\t\t<a href=\"http:\/\/www.arhns.uns.ac.rs\/int\/arep-2\/arep-2studentski-radovi\/\"\n\t\t\t\t\t>\n\t\t\t<img loading=\"lazy\" decoding=\"async\" src=\"https:\/\/www.arhns.uns.ac.rs\/int\/wp-content\/uploads\/2017\/03\/Kostov_Jana_DSC00835a.jpg\" width=\"264\" height=\"182\" srcset=\"https:\/\/www.arhns.uns.ac.rs\/int\/wp-content\/uploads\/2017\/03\/Kostov_Jana_DSC00835a.jpg 2944w, https:\/\/www.arhns.uns.ac.rs\/int\/wp-content\/uploads\/2017\/03\/Kostov_Jana_DSC00835a-300x207.jpg 300w, https:\/\/www.arhns.uns.ac.rs\/int\/wp-content\/uploads\/2017\/03\/Kostov_Jana_DSC00835a-768x529.jpg 768w, https:\/\/www.arhns.uns.ac.rs\/int\/wp-content\/uploads\/2017\/03\/Kostov_Jana_DSC00835a-1024x705.jpg 1024w\" sizes=\"auto, (max-width: 264px) 100vw, 264px\" title=\"Studentski radovi\" alt=\"\" \t\tclass=\"so-widget-image\"\/>\n\t<\/a><\/div>\n\n<\/div><\/div><\/div><\/div><\/div>","protected":false},"excerpt":{"rendered":"<p>Studio 01 &#8211; Rhinoceros\u00a0je predmet u petom semestru. Cilj predmeta je da studenti nau\u010de da razmi\u0161ljaju od samog po\u010detka o svim mogu\u0107nostima koje imaju na raspolaganju u pogledu materijalizacije, primene i funkcionalnosti dizajniranog predmeta i o mogu\u0107nostima za fabrikaciju. Na taj na\u010din studenti arhitekture imaju prilike da se sretnu sa savremenim alatima za fabrikaciju kao &hellip; <\/p>\n<p class=\"link-more\"><a href=\"https:\/\/www.arhns.uns.ac.rs\/int\/arep-2\/\" class=\"more-link\">Continue reading<span class=\"screen-reader-text\"> &#8220;Studio 01 &#8211; Rhinoceros (biv\u0161i AR2)&#8221;<\/span><\/a><\/p>\n","protected":false},"author":5,"featured_media":0,"parent":0,"menu_order":0,"comment_status":"closed","ping_status":"open","template":"","meta":{"footnotes":""},"class_list":["post-228","page","type-page","status-publish","hentry"],"_links":{"self":[{"href":"https:\/\/www.arhns.uns.ac.rs\/int\/wp-json\/wp\/v2\/pages\/228","targetHints":{"allow":["GET"]}}],"collection":[{"href":"https:\/\/www.arhns.uns.ac.rs\/int\/wp-json\/wp\/v2\/pages"}],"about":[{"href":"https:\/\/www.arhns.uns.ac.rs\/int\/wp-json\/wp\/v2\/types\/page"}],"author":[{"embeddable":true,"href":"https:\/\/www.arhns.uns.ac.rs\/int\/wp-json\/wp\/v2\/users\/5"}],"replies":[{"embeddable":true,"href":"https:\/\/www.arhns.uns.ac.rs\/int\/wp-json\/wp\/v2\/comments?post=228"}],"version-history":[{"count":5,"href":"https:\/\/www.arhns.uns.ac.rs\/int\/wp-json\/wp\/v2\/pages\/228\/revisions"}],"predecessor-version":[{"id":612,"href":"https:\/\/www.arhns.uns.ac.rs\/int\/wp-json\/wp\/v2\/pages\/228\/revisions\/612"}],"wp:attachment":[{"href":"https:\/\/www.arhns.uns.ac.rs\/int\/wp-json\/wp\/v2\/media?parent=228"}],"curies":[{"name":"wp","href":"https:\/\/api.w.org\/{rel}","templated":true}]}}