{"id":226,"date":"2016-11-08T23:07:48","date_gmt":"2016-11-08T22:07:48","guid":{"rendered":"http:\/\/www.arhns.uns.ac.rs\/int\/?page_id=226"},"modified":"2023-01-03T14:10:54","modified_gmt":"2023-01-03T13:10:54","slug":"tehnike-prezentacije","status":"publish","type":"page","link":"https:\/\/www.arhns.uns.ac.rs\/int\/tehnike-prezentacije\/","title":{"rendered":"Grafi\u010dki dizajn (biv\u0161i Tehnike prezentacije)"},"content":{"rendered":"<div id=\"pl-226\"  class=\"panel-layout\" ><div id=\"pg-226-0\"  class=\"panel-grid panel-no-style\" ><div id=\"pgc-226-0-0\"  class=\"panel-grid-cell\" ><div id=\"panel-226-0-0-0\" class=\"so-panel widget widget_sow-editor panel-first-child panel-last-child\" data-index=\"0\" ><div\n\t\t\t\n\t\t\tclass=\"so-widget-sow-editor so-widget-sow-editor-base\"\n\t\t\t\n\t\t>\n<div class=\"siteorigin-widget-tinymce textwidget\">\n\t<p>Grafi\u010dki dizajn\u00a0je predmet u \u0161estom semestru. Cilj predmeta je ovladavanje osnovnim tehnikama za prezentaciju. Na kursu se studenti upoznaju softverskim paketom Adobe Photoshop, Adobe Illustrator, Adobe InDesign\u00a0i dr.<\/p>\n<p>nastavnik:<br \/> prof. dr\u00a0Petar Popovi\u0107<\/p>\n<p>asistenti:<br \/>Jelena Ki\u0107anovi\u0107<br \/>Milo\u0161 Obradovi\u0107<br \/>Jelena Pepi\u0107<\/p>\n<\/div>\n<\/div><\/div><\/div><\/div><div id=\"pg-226-1\"  class=\"panel-grid panel-no-style\" ><div id=\"pgc-226-1-0\"  class=\"panel-grid-cell\" ><div id=\"panel-226-1-0-0\" class=\"so-panel widget widget_sow-image panel-first-child panel-last-child\" data-index=\"1\" ><div\n\t\t\t\n\t\t\tclass=\"so-widget-sow-image so-widget-sow-image-default-4e6925654b7a-226\"\n\t\t\t\n\t\t><h3 class=\"widget-title\">Studentski radovi<\/h3>\n<div class=\"sow-image-container\">\n\t\t\t<a href=\"http:\/\/www.arhns.uns.ac.rs\/int\/tehnike-prezentacije\/tpaiud-studentski-radovi\/\"\n\t\t\t\t\t>\n\t\t\t<img loading=\"lazy\" decoding=\"async\" src=\"https:\/\/www.arhns.uns.ac.rs\/int\/wp-content\/uploads\/2017\/06\/Marko-Sarac-1-272x182.jpg\" width=\"272\" height=\"182\" sizes=\"auto, (max-width: 272px) 100vw, 272px\" title=\"Studentski radovi\" alt=\"\" \t\tclass=\"so-widget-image\"\/>\n\t<\/a><\/div>\n\n<\/div><\/div><\/div><\/div><\/div>","protected":false},"excerpt":{"rendered":"<p>Grafi\u010dki dizajn\u00a0je predmet u \u0161estom semestru. Cilj predmeta je ovladavanje osnovnim tehnikama za prezentaciju. Na kursu se studenti upoznaju softverskim paketom Adobe Photoshop, Adobe Illustrator, Adobe InDesign\u00a0i dr.nastavnik: prof. dr\u00a0Petar Popovi\u0107asistenti:Jelena Ki\u0107anovi\u0107Milo\u0161 Obradovi\u0107Jelena Pepi\u0107<\/p>\n","protected":false},"author":5,"featured_media":0,"parent":0,"menu_order":0,"comment_status":"closed","ping_status":"open","template":"","meta":{"footnotes":""},"class_list":["post-226","page","type-page","status-publish","hentry"],"_links":{"self":[{"href":"https:\/\/www.arhns.uns.ac.rs\/int\/wp-json\/wp\/v2\/pages\/226","targetHints":{"allow":["GET"]}}],"collection":[{"href":"https:\/\/www.arhns.uns.ac.rs\/int\/wp-json\/wp\/v2\/pages"}],"about":[{"href":"https:\/\/www.arhns.uns.ac.rs\/int\/wp-json\/wp\/v2\/types\/page"}],"author":[{"embeddable":true,"href":"https:\/\/www.arhns.uns.ac.rs\/int\/wp-json\/wp\/v2\/users\/5"}],"replies":[{"embeddable":true,"href":"https:\/\/www.arhns.uns.ac.rs\/int\/wp-json\/wp\/v2\/comments?post=226"}],"version-history":[{"count":6,"href":"https:\/\/www.arhns.uns.ac.rs\/int\/wp-json\/wp\/v2\/pages\/226\/revisions"}],"predecessor-version":[{"id":1089,"href":"https:\/\/www.arhns.uns.ac.rs\/int\/wp-json\/wp\/v2\/pages\/226\/revisions\/1089"}],"wp:attachment":[{"href":"https:\/\/www.arhns.uns.ac.rs\/int\/wp-json\/wp\/v2\/media?parent=226"}],"curies":[{"name":"wp","href":"https:\/\/api.w.org\/{rel}","templated":true}]}}