{"id":224,"date":"2016-11-08T23:06:27","date_gmt":"2016-11-08T22:06:27","guid":{"rendered":"http:\/\/www.arhns.uns.ac.rs\/int\/?page_id=224"},"modified":"2022-11-18T13:21:46","modified_gmt":"2022-11-18T12:21:46","slug":"perspektiva","status":"publish","type":"page","link":"https:\/\/www.arhns.uns.ac.rs\/int\/perspektiva\/","title":{"rendered":"Perspektiva"},"content":{"rendered":"<div id=\"pl-224\"  class=\"panel-layout\" ><div id=\"pg-224-0\"  class=\"panel-grid panel-no-style\" ><div id=\"pgc-224-0-0\"  class=\"panel-grid-cell\" ><div id=\"panel-224-0-0-0\" class=\"so-panel widget widget_sow-editor panel-first-child panel-last-child\" data-index=\"0\" ><div\n\t\t\t\n\t\t\tclass=\"so-widget-sow-editor so-widget-sow-editor-base\"\n\t\t\t\n\t\t>\n<div class=\"siteorigin-widget-tinymce textwidget\">\n\t<p>Perspektiva je izborni predmet u tre\u0107em semestru. Cilj predmeta je\u00a0razvijanje sposobnosti prostorne vizuelizacije, prostorne imaginacije i grafi\u010dkog predstavljanja trodimenzionog prostora na perspektivnoj slici. Tako\u0111e na predmetu se razvija\u00a0sposobnost detekcije i tuma\u010denja prostornih odnosa i svojstava slo\u017eenih geometrijskih oblika i njihovih geometrijskih struktura na perpsektivnoj slici. Dizajn 3D konfiguracija i grafi\u010dkog izra\u017eavanja perspektivnim slikama.<\/p>\n<p>nastavnik:<br \/>prof. dr Vesna Stojakovi\u0107<\/p>\n<p>asistent:<br \/>m.i.a.\u00a0Marko Vu\u010di\u0107<\/p>\n<\/div>\n<\/div><\/div><\/div><\/div><div id=\"pg-224-1\"  class=\"panel-grid panel-no-style\" ><div id=\"pgc-224-1-0\"  class=\"panel-grid-cell\" ><div id=\"panel-224-1-0-0\" class=\"so-panel widget widget_sow-image panel-first-child panel-last-child\" data-index=\"1\" ><div\n\t\t\t\n\t\t\tclass=\"so-widget-sow-image so-widget-sow-image-default-4e6925654b7a-224\"\n\t\t\t\n\t\t><h3 class=\"widget-title\">Studentski radovi<\/h3>\n<div class=\"sow-image-container\">\n\t\t\t<a href=\"http:\/\/www.arhns.uns.ac.rs\/int\/perspektiva\/perspektiva-studentski-radovi\/\"\n\t\t\t\t\t>\n\t\t\t<img loading=\"lazy\" decoding=\"async\" src=\"https:\/\/www.arhns.uns.ac.rs\/int\/wp-content\/uploads\/2017\/06\/Vesna-Pejak-272x182.jpg\" width=\"272\" height=\"182\" sizes=\"auto, (max-width: 272px) 100vw, 272px\" title=\"Studentski radovi\" alt=\"\" \t\tclass=\"so-widget-image\"\/>\n\t<\/a><\/div>\n\n<\/div><\/div><\/div><\/div><\/div>","protected":false},"excerpt":{"rendered":"<p>Perspektiva je izborni predmet u tre\u0107em semestru. Cilj predmeta je\u00a0razvijanje sposobnosti prostorne vizuelizacije, prostorne imaginacije i grafi\u010dkog predstavljanja trodimenzionog prostora na perspektivnoj slici. Tako\u0111e na predmetu se razvija\u00a0sposobnost detekcije i tuma\u010denja prostornih odnosa i svojstava slo\u017eenih geometrijskih oblika i njihovih geometrijskih struktura na perpsektivnoj slici. Dizajn 3D konfiguracija i grafi\u010dkog izra\u017eavanja perspektivnim slikama.nastavnik:prof. dr Vesna &hellip; <\/p>\n<p class=\"link-more\"><a href=\"https:\/\/www.arhns.uns.ac.rs\/int\/perspektiva\/\" class=\"more-link\">Continue reading<span class=\"screen-reader-text\"> &#8220;Perspektiva&#8221;<\/span><\/a><\/p>\n","protected":false},"author":5,"featured_media":0,"parent":0,"menu_order":0,"comment_status":"closed","ping_status":"open","template":"","meta":{"footnotes":""},"class_list":["post-224","page","type-page","status-publish","hentry"],"_links":{"self":[{"href":"https:\/\/www.arhns.uns.ac.rs\/int\/wp-json\/wp\/v2\/pages\/224","targetHints":{"allow":["GET"]}}],"collection":[{"href":"https:\/\/www.arhns.uns.ac.rs\/int\/wp-json\/wp\/v2\/pages"}],"about":[{"href":"https:\/\/www.arhns.uns.ac.rs\/int\/wp-json\/wp\/v2\/types\/page"}],"author":[{"embeddable":true,"href":"https:\/\/www.arhns.uns.ac.rs\/int\/wp-json\/wp\/v2\/users\/5"}],"replies":[{"embeddable":true,"href":"https:\/\/www.arhns.uns.ac.rs\/int\/wp-json\/wp\/v2\/comments?post=224"}],"version-history":[{"count":3,"href":"https:\/\/www.arhns.uns.ac.rs\/int\/wp-json\/wp\/v2\/pages\/224\/revisions"}],"predecessor-version":[{"id":954,"href":"https:\/\/www.arhns.uns.ac.rs\/int\/wp-json\/wp\/v2\/pages\/224\/revisions\/954"}],"wp:attachment":[{"href":"https:\/\/www.arhns.uns.ac.rs\/int\/wp-json\/wp\/v2\/media?parent=224"}],"curies":[{"name":"wp","href":"https:\/\/api.w.org\/{rel}","templated":true}]}}