{"id":1257,"date":"2023-03-20T19:42:16","date_gmt":"2023-03-20T18:42:16","guid":{"rendered":"http:\/\/www.arhns.uns.ac.rs\/int\/?page_id=1257"},"modified":"2023-03-20T20:08:48","modified_gmt":"2023-03-20T19:08:48","slug":"usluga-laserskog-secenja-i-3d-stampe","status":"publish","type":"page","link":"https:\/\/www.arhns.uns.ac.rs\/int\/laboratorije\/laboratorija-za-digitalnu-fabrikaciju\/usluga-laserskog-secenja-i-3d-stampe\/","title":{"rendered":"Usluga laserskog se\u010denja i 3D \u0161tampe"},"content":{"rendered":"<p><strong>Postupak naru\u010divanja usluge i materijala:<\/strong><\/p>\n<p>Upit sa crte\u017eima\/modelima poslati na email adresu <a href=\"mailto:milto:lasersko.secenje.ddc@gmail.com\">lasersko.secenje.ddc@gmail.com<\/a>. Nakon dogovora vr\u0161i se usluga se\u010denja ili 3D \u0161tampanja i donosite materijal ako koristite svoj. Kad se usluga izvr\u0161i dobijate uplatnicu sa nazna\u010denim iznosom i podacima za uplatu na ra\u010dun. Kad se izvr\u0161i uplata sa uplatnicom dolazite po izra\u0111en materijal.<\/p>\n<p><strong>Cenovnik<\/strong><strong>\u00a0<\/strong><\/p>\n<p><strong>Lasersko se\u010denje:<\/strong><\/p>\n<table style=\"height: 116px;\" width=\"953\">\n<tbody>\n<tr>\n<td width=\"442\">Usluga laserskog se\u010denja<\/td>\n<td style=\"text-align: right;\" width=\"196\">2500 din\/sat<\/td>\n<\/tr>\n<tr>\n<td width=\"442\">Usluga laserskog se\u010denja za studente<\/td>\n<td style=\"text-align: right;\" width=\"196\">2100 din\/sat<\/td>\n<\/tr>\n<tr>\n<td width=\"442\">Materijal (pleksiglas, polistirol, pet-G, graverska plastika, balsa, \u0161perplo\u010da, MDF, lepenka, hamer)<\/td>\n<td style=\"text-align: right;\" width=\"196\">cena na upit<\/td>\n<\/tr>\n<\/tbody>\n<\/table>\n<p><strong>3D \u0161tampa:<\/strong><\/p>\n<table style=\"height: 256px;\" width=\"476\">\n<tbody>\n<tr>\n<td width=\"442\">Usluga 3D \u0161tampe<\/td>\n<td width=\"196\">\n<p style=\"text-align: right;\">350 din\/sat<\/p>\n<\/td>\n<\/tr>\n<tr>\n<td width=\"442\">Usluga 3D \u0161tampe za studente<\/td>\n<td width=\"196\">\n<p style=\"text-align: right;\">300 din\/sat<\/p>\n<\/td>\n<\/tr>\n<tr>\n<td width=\"442\">Materijal (PLA)<\/td>\n<td width=\"196\">\n<p style=\"text-align: right;\">5 din\/gr<\/p>\n<\/td>\n<\/tr>\n<tr>\n<td width=\"442\">Ostali materijali (ABS, PVA, PET-G)<\/td>\n<td width=\"196\">\n<p style=\"text-align: right;\">cena na upit<\/p>\n<\/td>\n<\/tr>\n<\/tbody>\n<\/table>\n<p><strong>Uputstvo za pripremu crte\u017ea i modela:<\/strong><\/p>\n<p>Crte\u017ee za lasersko se\u010denje slati u vektorskom obliku (DWG, DXF, 3DM, AI, CRL), a za graviranje mo\u017ee i u rasterskom obliku (JPG, PNG i sl.). Crte\u017ee pripremiti u odgovaraju\u0107oj razmeri u milimetrima sa definisanim pozicijama u okviru dimenzija plo\u010de matrijala. Veli\u010dina radne povr\u0161ine lasera je 600x450mm, pa veli\u010dina table materijala ne bi trebalo da prelazi ove dimenzije. Ostavljati razmak izme\u0111u elemenata i od okvira table materijala minimum 2mm. Ukoliko na istom crte\u017eu postoji vi\u0161e razli\u010ditih na\u010dina se\u010denja (totalno prosecanje, markiranje, graviranje) razdvojiti ih po layerima sa razli\u010ditim bojama i sa debljinom linije Hairline (0,00mm). Ukoliko se graviraju linije sa odre\u0111enom debljinom, za te leyere podesiti ta\u010dnu debljinu. Graviranje rasterskih slika je mogu\u0107e samo za grayscale slike. Ukoliko na crte\u017eu ima elemenata koji se seku od razli\u010ditih materijala ili razli\u010ditih debljina materijala dodatne napomene ostaviti na crte\u017eu.<\/p>\n<p>Modele za 3D \u0161tampu slati u bilo kom 3D formatu (3DM, OBJ, STL&#8230;) u odgovaraju\u0107oj razmeri u milimetrima. Zapremina radnog dela 3D \u0161tampa\u010da je 330x 240x 300mm, pa model ne bi trebalo da ima ve\u0107e dimenzije. Model mora biti ispravan, zatvoren solid, sa definisanom orijentacijom tako da le\u017ei na horizontalnu ravan.<\/p>\n","protected":false},"excerpt":{"rendered":"<p>Postupak naru\u010divanja usluge i materijala: Upit sa crte\u017eima\/modelima poslati na email adresu lasersko.secenje.ddc@gmail.com. Nakon dogovora vr\u0161i se usluga se\u010denja ili 3D \u0161tampanja i donosite materijal ako koristite svoj. Kad se usluga izvr\u0161i dobijate uplatnicu sa nazna\u010denim iznosom i podacima za uplatu na ra\u010dun. Kad se izvr\u0161i uplata sa uplatnicom dolazite po izra\u0111en materijal. Cenovnik\u00a0 Lasersko &hellip; <\/p>\n<p class=\"link-more\"><a href=\"https:\/\/www.arhns.uns.ac.rs\/int\/laboratorije\/laboratorija-za-digitalnu-fabrikaciju\/usluga-laserskog-secenja-i-3d-stampe\/\" class=\"more-link\">Continue reading<span class=\"screen-reader-text\"> &#8220;Usluga laserskog se\u010denja i 3D \u0161tampe&#8221;<\/span><\/a><\/p>\n","protected":false},"author":5,"featured_media":0,"parent":1239,"menu_order":0,"comment_status":"closed","ping_status":"closed","template":"","meta":{"footnotes":""},"class_list":["post-1257","page","type-page","status-publish","hentry"],"_links":{"self":[{"href":"https:\/\/www.arhns.uns.ac.rs\/int\/wp-json\/wp\/v2\/pages\/1257","targetHints":{"allow":["GET"]}}],"collection":[{"href":"https:\/\/www.arhns.uns.ac.rs\/int\/wp-json\/wp\/v2\/pages"}],"about":[{"href":"https:\/\/www.arhns.uns.ac.rs\/int\/wp-json\/wp\/v2\/types\/page"}],"author":[{"embeddable":true,"href":"https:\/\/www.arhns.uns.ac.rs\/int\/wp-json\/wp\/v2\/users\/5"}],"replies":[{"embeddable":true,"href":"https:\/\/www.arhns.uns.ac.rs\/int\/wp-json\/wp\/v2\/comments?post=1257"}],"version-history":[{"count":5,"href":"https:\/\/www.arhns.uns.ac.rs\/int\/wp-json\/wp\/v2\/pages\/1257\/revisions"}],"predecessor-version":[{"id":1264,"href":"https:\/\/www.arhns.uns.ac.rs\/int\/wp-json\/wp\/v2\/pages\/1257\/revisions\/1264"}],"up":[{"embeddable":true,"href":"https:\/\/www.arhns.uns.ac.rs\/int\/wp-json\/wp\/v2\/pages\/1239"}],"wp:attachment":[{"href":"https:\/\/www.arhns.uns.ac.rs\/int\/wp-json\/wp\/v2\/media?parent=1257"}],"curies":[{"name":"wp","href":"https:\/\/api.w.org\/{rel}","templated":true}]}}