{"id":1239,"date":"2023-03-20T18:53:32","date_gmt":"2023-03-20T17:53:32","guid":{"rendered":"http:\/\/www.arhns.uns.ac.rs\/int\/?page_id=1239"},"modified":"2023-03-20T19:46:20","modified_gmt":"2023-03-20T18:46:20","slug":"laboratorija-za-digitalnu-fabrikaciju","status":"publish","type":"page","link":"https:\/\/www.arhns.uns.ac.rs\/int\/laboratorije\/laboratorija-za-digitalnu-fabrikaciju\/","title":{"rendered":"Laboratorija za digitalnu fabrikaciju"},"content":{"rendered":"<p>Laboratorija za digitalnu fabrikaciju u arhitekturi je obrazovna i nau\u010dno-istra\u017eiva\u010dka laboratorija Fakulteta tehni\u010dkih nauka, Departmana za arhitekturu, Katedre za teorije i interpretacije prostora u arhitekturi i urbanizmu. Namenjena je podr\u0161ci nastavnog procesa, radu sa studentima, nau\u010dno-istra\u017eiva\u010dkom radu i saradnji sa privredom.<br \/>\nDigitalna fabrikacija je jedini na\u010din za eksperimentalnu proveru geometrije i strukture kompleksnih formi generisanih pomo\u0107u ra\u010dunara i CNC ma\u0161ina i neopohodna je u oblasti arhitekture za izradu prototipova i maketa i objekata malih razmera.<\/p>\n<p>Digitalna fabrikacija u arhitekturi je savremen proces proizvodnje prototipova, arhitektonskih elemenata (fasadni, zidni elementi) i elemenata za makete. Tehnologija digitalne fabrikacije omogu\u0107ava preciznu izradu elemenata, \u010diji je geometrijski oblik sa\u010duvan u obliku 3D modela ili crte\u017ea za fabrikaciju.<br \/>\nProces digitalne fabrikacije odvija se primenom razli\u010ditih ma\u0161ina, a u arhitekturi se u te svrhe naj\u010de\u0161\u0107e upotrebljava laserski sistem za se\u010denje, CNC glodalice i 3D printeri. Digitalna fabrikacija u arhitekturi je usko povezana sa parametarskim dizajnom koji omogu\u0107ava brzu modifikaciju formi i kreiranje 3D modela koji se mogu izraditi isklju\u010divo pomo\u0107u tehnologija digitalne fabrikacije.<br \/>\nOblast digitalne fabrikacije i eksperimentalni rad sa digitalno fabrikovanim modelima je od izuzetnog zna\u010daja za savremenu arhitekturu i dizajn u kojoj se proces projektovanja potpuno digitalizovan a zahtevi za izradom kompleksnih formi sve zna\u010dajniji i ve\u0107i. Kroz fizi\u010dki realizovane modele mogu se dalje istra\u017eivati formalne, strukturalne i vizuelne karakteristike modela i mehani\u010dke karakteristike. Dodatno, izrada prototipova je neophodna pri realizaciji ve\u0107ih projekata na kojima su prethodno ispitane odre\u0111ene karakteristike i re\u0161eni problemi uo\u010deni pri izradi probnih testova.<\/p>\n<p>Laboratoriju za digitalnu fabrikaciju nalazi se u prostoriji\u00a0306\u00a0na\u00a03 spratu F bloka, na Fakuletu tehni\u010dkih nauka.<\/p>\n<p>Opremu u laboratoriji namenjenu\u00a0kori\u0161\u0107enju u nastavi i nau\u010dno-istra\u017eiva\u010dkom radu \u010dine:<br \/>\n-Laserski sistem za se\u010denje i graviranje Universal Laser system PLS4.75,\u00a0dimenzija\u00a0610x457mm<br \/>\n-3D \u0161tampa\u010d Ultimaker S5,\u00a0dimenzija 330x240x300mm<br \/>\n-3D \u0161tampa\u010d MakerBot Replicator 2X Experimental,\u00a0dimenzija 246x152x155mm<\/p>\n<p>Vi\u0161e informacija o uslugama laserskog se\u010denja i 3D \u0161tampe mo\u017eete na\u0107i <a href=\"http:\/\/www.arhns.uns.ac.rs\/int\/laboratorije\/laboratorija-za-digitalnu-fabrikaciju\/usluga-laserskog-secenja-i-3d-stampe\/\">ovde<\/a>.<\/p>\n<p><a href=\"http:\/\/www.arhns.uns.ac.rs\/int\/wp-content\/uploads\/2023\/03\/DSC00781a-res.jpg\"><img loading=\"lazy\" decoding=\"async\" class=\"aligncenter wp-image-1241 size-full\" src=\"http:\/\/www.arhns.uns.ac.rs\/int\/wp-content\/uploads\/2023\/03\/DSC00781a-res.jpg\" alt=\"\" width=\"2000\" height=\"1239\" srcset=\"https:\/\/www.arhns.uns.ac.rs\/int\/wp-content\/uploads\/2023\/03\/DSC00781a-res.jpg 2000w, https:\/\/www.arhns.uns.ac.rs\/int\/wp-content\/uploads\/2023\/03\/DSC00781a-res-300x186.jpg 300w, https:\/\/www.arhns.uns.ac.rs\/int\/wp-content\/uploads\/2023\/03\/DSC00781a-res-768x476.jpg 768w, https:\/\/www.arhns.uns.ac.rs\/int\/wp-content\/uploads\/2023\/03\/DSC00781a-res-1024x634.jpg 1024w\" sizes=\"auto, (max-width: 706px) 89vw, (max-width: 767px) 82vw, 740px\" \/><\/a> <a href=\"http:\/\/www.arhns.uns.ac.rs\/int\/wp-content\/uploads\/2023\/03\/DSC00793b-res.jpg\"><img loading=\"lazy\" decoding=\"async\" class=\"alignnone wp-image-1242 size-full\" src=\"http:\/\/www.arhns.uns.ac.rs\/int\/wp-content\/uploads\/2023\/03\/DSC00793b-res.jpg\" alt=\"\" width=\"1501\" height=\"2320\" srcset=\"https:\/\/www.arhns.uns.ac.rs\/int\/wp-content\/uploads\/2023\/03\/DSC00793b-res.jpg 1501w, https:\/\/www.arhns.uns.ac.rs\/int\/wp-content\/uploads\/2023\/03\/DSC00793b-res-194x300.jpg 194w, https:\/\/www.arhns.uns.ac.rs\/int\/wp-content\/uploads\/2023\/03\/DSC00793b-res-768x1187.jpg 768w, https:\/\/www.arhns.uns.ac.rs\/int\/wp-content\/uploads\/2023\/03\/DSC00793b-res-663x1024.jpg 663w\" sizes=\"auto, (max-width: 706px) 89vw, (max-width: 767px) 82vw, 740px\" \/><\/a> <a href=\"http:\/\/www.arhns.uns.ac.rs\/int\/wp-content\/uploads\/2023\/03\/DSC00799b-res.jpg\"><img loading=\"lazy\" decoding=\"async\" class=\"alignnone wp-image-1243 size-full\" src=\"http:\/\/www.arhns.uns.ac.rs\/int\/wp-content\/uploads\/2023\/03\/DSC00799b-res.jpg\" alt=\"\" width=\"1500\" height=\"2286\" srcset=\"https:\/\/www.arhns.uns.ac.rs\/int\/wp-content\/uploads\/2023\/03\/DSC00799b-res.jpg 1500w, https:\/\/www.arhns.uns.ac.rs\/int\/wp-content\/uploads\/2023\/03\/DSC00799b-res-197x300.jpg 197w, https:\/\/www.arhns.uns.ac.rs\/int\/wp-content\/uploads\/2023\/03\/DSC00799b-res-768x1170.jpg 768w, https:\/\/www.arhns.uns.ac.rs\/int\/wp-content\/uploads\/2023\/03\/DSC00799b-res-672x1024.jpg 672w\" sizes=\"auto, (max-width: 706px) 89vw, (max-width: 767px) 82vw, 740px\" \/><\/a> <a href=\"http:\/\/www.arhns.uns.ac.rs\/int\/wp-content\/uploads\/2023\/03\/DSC00819a-res.jpg\"><img loading=\"lazy\" decoding=\"async\" class=\"alignnone wp-image-1244 size-full\" src=\"http:\/\/www.arhns.uns.ac.rs\/int\/wp-content\/uploads\/2023\/03\/DSC00819a-res.jpg\" alt=\"\" width=\"2000\" height=\"1332\" srcset=\"https:\/\/www.arhns.uns.ac.rs\/int\/wp-content\/uploads\/2023\/03\/DSC00819a-res.jpg 2000w, https:\/\/www.arhns.uns.ac.rs\/int\/wp-content\/uploads\/2023\/03\/DSC00819a-res-300x200.jpg 300w, https:\/\/www.arhns.uns.ac.rs\/int\/wp-content\/uploads\/2023\/03\/DSC00819a-res-768x511.jpg 768w, https:\/\/www.arhns.uns.ac.rs\/int\/wp-content\/uploads\/2023\/03\/DSC00819a-res-1024x682.jpg 1024w, https:\/\/www.arhns.uns.ac.rs\/int\/wp-content\/uploads\/2023\/03\/DSC00819a-res-272x182.jpg 272w\" sizes=\"auto, (max-width: 706px) 89vw, (max-width: 767px) 82vw, 740px\" \/><\/a> <a href=\"http:\/\/www.arhns.uns.ac.rs\/int\/wp-content\/uploads\/2023\/03\/IMG_5525.jpg\"><img loading=\"lazy\" decoding=\"async\" class=\"alignnone wp-image-1248 size-full\" src=\"http:\/\/www.arhns.uns.ac.rs\/int\/wp-content\/uploads\/2023\/03\/IMG_5525.jpg\" alt=\"\" width=\"4032\" height=\"3024\" srcset=\"https:\/\/www.arhns.uns.ac.rs\/int\/wp-content\/uploads\/2023\/03\/IMG_5525.jpg 4032w, https:\/\/www.arhns.uns.ac.rs\/int\/wp-content\/uploads\/2023\/03\/IMG_5525-300x225.jpg 300w, https:\/\/www.arhns.uns.ac.rs\/int\/wp-content\/uploads\/2023\/03\/IMG_5525-768x576.jpg 768w, https:\/\/www.arhns.uns.ac.rs\/int\/wp-content\/uploads\/2023\/03\/IMG_5525-1024x768.jpg 1024w\" sizes=\"auto, (max-width: 706px) 89vw, (max-width: 767px) 82vw, 740px\" \/><\/a> <a href=\"http:\/\/www.arhns.uns.ac.rs\/int\/wp-content\/uploads\/2023\/03\/IMG_5526.jpg\"><img loading=\"lazy\" decoding=\"async\" class=\"alignnone wp-image-1249 size-full\" src=\"http:\/\/www.arhns.uns.ac.rs\/int\/wp-content\/uploads\/2023\/03\/IMG_5526.jpg\" alt=\"\" width=\"4032\" height=\"3024\" srcset=\"https:\/\/www.arhns.uns.ac.rs\/int\/wp-content\/uploads\/2023\/03\/IMG_5526.jpg 4032w, https:\/\/www.arhns.uns.ac.rs\/int\/wp-content\/uploads\/2023\/03\/IMG_5526-300x225.jpg 300w, https:\/\/www.arhns.uns.ac.rs\/int\/wp-content\/uploads\/2023\/03\/IMG_5526-768x576.jpg 768w, https:\/\/www.arhns.uns.ac.rs\/int\/wp-content\/uploads\/2023\/03\/IMG_5526-1024x768.jpg 1024w\" sizes=\"auto, (max-width: 706px) 89vw, (max-width: 767px) 82vw, 740px\" \/><\/a> <a href=\"http:\/\/www.arhns.uns.ac.rs\/int\/wp-content\/uploads\/2023\/03\/IMG_20221017_112832.jpg\"><img loading=\"lazy\" decoding=\"async\" class=\"alignnone wp-image-1251 size-full\" src=\"http:\/\/www.arhns.uns.ac.rs\/int\/wp-content\/uploads\/2023\/03\/IMG_20221017_112832.jpg\" alt=\"\" width=\"4080\" height=\"2296\" srcset=\"https:\/\/www.arhns.uns.ac.rs\/int\/wp-content\/uploads\/2023\/03\/IMG_20221017_112832.jpg 4080w, https:\/\/www.arhns.uns.ac.rs\/int\/wp-content\/uploads\/2023\/03\/IMG_20221017_112832-300x169.jpg 300w, https:\/\/www.arhns.uns.ac.rs\/int\/wp-content\/uploads\/2023\/03\/IMG_20221017_112832-768x432.jpg 768w, https:\/\/www.arhns.uns.ac.rs\/int\/wp-content\/uploads\/2023\/03\/IMG_20221017_112832-1024x576.jpg 1024w\" sizes=\"auto, (max-width: 706px) 89vw, (max-width: 767px) 82vw, 740px\" \/><\/a><\/p>\n","protected":false},"excerpt":{"rendered":"<p>Laboratorija za digitalnu fabrikaciju u arhitekturi je obrazovna i nau\u010dno-istra\u017eiva\u010dka laboratorija Fakulteta tehni\u010dkih nauka, Departmana za arhitekturu, Katedre za teorije i interpretacije prostora u arhitekturi i urbanizmu. Namenjena je podr\u0161ci nastavnog procesa, radu sa studentima, nau\u010dno-istra\u017eiva\u010dkom radu i saradnji sa privredom. Digitalna fabrikacija je jedini na\u010din za eksperimentalnu proveru geometrije i strukture kompleksnih formi generisanih &hellip; <\/p>\n<p class=\"link-more\"><a href=\"https:\/\/www.arhns.uns.ac.rs\/int\/laboratorije\/laboratorija-za-digitalnu-fabrikaciju\/\" class=\"more-link\">Continue reading<span class=\"screen-reader-text\"> &#8220;Laboratorija za digitalnu fabrikaciju&#8221;<\/span><\/a><\/p>\n","protected":false},"author":5,"featured_media":0,"parent":902,"menu_order":0,"comment_status":"closed","ping_status":"closed","template":"","meta":{"footnotes":""},"class_list":["post-1239","page","type-page","status-publish","hentry"],"_links":{"self":[{"href":"https:\/\/www.arhns.uns.ac.rs\/int\/wp-json\/wp\/v2\/pages\/1239","targetHints":{"allow":["GET"]}}],"collection":[{"href":"https:\/\/www.arhns.uns.ac.rs\/int\/wp-json\/wp\/v2\/pages"}],"about":[{"href":"https:\/\/www.arhns.uns.ac.rs\/int\/wp-json\/wp\/v2\/types\/page"}],"author":[{"embeddable":true,"href":"https:\/\/www.arhns.uns.ac.rs\/int\/wp-json\/wp\/v2\/users\/5"}],"replies":[{"embeddable":true,"href":"https:\/\/www.arhns.uns.ac.rs\/int\/wp-json\/wp\/v2\/comments?post=1239"}],"version-history":[{"count":3,"href":"https:\/\/www.arhns.uns.ac.rs\/int\/wp-json\/wp\/v2\/pages\/1239\/revisions"}],"predecessor-version":[{"id":1259,"href":"https:\/\/www.arhns.uns.ac.rs\/int\/wp-json\/wp\/v2\/pages\/1239\/revisions\/1259"}],"up":[{"embeddable":true,"href":"https:\/\/www.arhns.uns.ac.rs\/int\/wp-json\/wp\/v2\/pages\/902"}],"wp:attachment":[{"href":"https:\/\/www.arhns.uns.ac.rs\/int\/wp-json\/wp\/v2\/media?parent=1239"}],"curies":[{"name":"wp","href":"https:\/\/api.w.org\/{rel}","templated":true}]}}