{"id":1207,"date":"2023-02-18T11:26:24","date_gmt":"2023-02-18T10:26:24","guid":{"rendered":"http:\/\/www.arhns.uns.ac.rs\/int\/?page_id=1207"},"modified":"2024-02-08T21:05:27","modified_gmt":"2024-02-08T20:05:27","slug":"arhitektonske-reprezentacije-1","status":"publish","type":"page","link":"https:\/\/www.arhns.uns.ac.rs\/int\/arhitektonske-reprezentacije-1\/","title":{"rendered":"Arhitektonske reprezentacije 1"},"content":{"rendered":"<div id=\"pl-1207\"  class=\"panel-layout\" ><div id=\"pg-1207-0\"  class=\"panel-grid panel-no-style\" ><div id=\"pgc-1207-0-0\"  class=\"panel-grid-cell\" ><div id=\"panel-1207-0-0-0\" class=\"so-panel widget widget_sow-editor panel-first-child panel-last-child\" data-index=\"0\" ><div\n\t\t\t\n\t\t\tclass=\"so-widget-sow-editor so-widget-sow-editor-base\"\n\t\t\t\n\t\t>\n<div class=\"siteorigin-widget-tinymce textwidget\">\n\t<p>Svaki arhitektonski projekat, koliko god bio postojan u 3D prostoru, i dalje se sagledava u 2D prikazima. Zbog toga je izuzetno bitno da se studenti obu\u010de za proces draftinga, kao na\u010din prikazivanja 3D objekata kroz 2D medijum. Me\u0111utim, potreba da se ostvare prostorni odnosi i stvori dubinska percepcija na crte\u017eima stvara potrebu da se istra\u017euju i 3D modeli kao i osnovne tehnike modelovanja. Na predmetu Arhitektonske reprezentacije 1 pokrivaju se osnovni termini koji su u vezi sa operativnim na\u010dinom primene ra\u010dunara u arhitekturi, \u0161to podrazumeva da je ra\u010dunar produ\u017eetak ruke u procesu draftinga i 3D modelovanja. Ove ve\u0161tine razvija\u0107e se kroz rad u programima AutoCAD za drafting i SketchUp za 3D modelovanje. Cilj predmeta je osposobiti studente za mogu\u0107nost operativnog na\u010din rada u programima, ali i razvijanje osnovnih i naprednih tehnika i ve\u0161tina sagledavanja prostora i prostornih odnosa elemenata na crte\u017eu i u modelu. Zavr\u0161etak predmeta podrazumeva ispunjavanje predispitnih i ispitnih obaveza.<\/p>\n<div>\u00a0<\/div>\n<div>Izvo\u0111a\u010di nastave:<\/p>\n<p>dr Marko Jovanovi\u0107<br \/><a href=\"mailto:apokmarko@yahoo.com\" target=\"_blank\" rel=\"noopener noreferrer\">apokmarko@yahoo.com<\/a><\/p>\n<p>Milo\u0161 Obradovi\u0107<br \/><a href=\"mailto:milos.obradovic995@gmail.com\" target=\"_blank\" rel=\"noopener noreferrer\">milos.obradovic995@gmail.com<\/a><\/p>\n<p>Dejan Bogavac<br \/><a href=\"mailto:bogavac3de@gmail.com\" target=\"_blank\" rel=\"noopener noreferrer\">bogavac3de@gmail.com<\/a><\/div>\n<div>\u00a0<\/div>\n<div id=\"envira-gallery-wrap-1211\" class=\"envira-gallery-wrap envira-gallery-theme-base envira-lightbox-theme-base\" itemscope itemtype=\"https:\/\/schema.org\/ImageGallery\"><div data-row-height=\"\" data-gallery-theme=\"\" id=\"envira-gallery-1211\" class=\"envira-gallery-public  envira-gallery-3-columns envira-clear enviratope envira-gallery-css-animations\" data-envira-columns=\"3\"><div id=\"envira-gallery-item-1213\" class=\"envira-gallery-item enviratope-item envira-gallery-item-1\" style=\"padding-left: 5px; padding-bottom: 10px; padding-right: 5px;\"  itemscope itemtype=\"https:\/\/schema.org\/ImageObject\"><div class=\"envira-gallery-item-inner\"><div class=\"envira-gallery-position-overlay  envira-gallery-top-left\"><\/div><div class=\"envira-gallery-position-overlay  envira-gallery-top-right\"><\/div><div class=\"envira-gallery-position-overlay  envira-gallery-bottom-left\"><\/div><div class=\"envira-gallery-position-overlay  envira-gallery-bottom-right\"><\/div><a href=\"http:\/\/www.arhns.uns.ac.rs\/int\/wp-content\/uploads\/2023\/02\/AR35_2020_Katarina-Milicevic.png\" class=\"envira-gallery-1211 envira-gallery-link\" rel=\"enviragallery1211\" title=\"Katarina Mili\u0107evi\u0107\" data-envira-caption=\"Katarina Mili\u0107evi\u0107\" data-envira-retina=\"\" data-thumbnail=\"\"  itemprop=\"contentUrl\"><div class=\"envira-lazy\" data-test-width=\"640\" data-test-height=\"480\" style=\"padding-bottom:75%;\"><img decoding=\"async\" id=\"envira-gallery-image-1213\" class=\"envira-gallery-image envira-gallery-image-1\" data-envira-index=\"1\" src=\"https:\/\/www.arhns.uns.ac.rs\/int\/wp-content\/uploads\/2023\/02\/AR35_2020_Katarina-Milicevic-640x480_c.png\" data-envira-src=\"https:\/\/www.arhns.uns.ac.rs\/int\/wp-content\/uploads\/2023\/02\/AR35_2020_Katarina-Milicevic-640x480_c.png\" data-envira-gallery-id=\"1211\" data-envira-item-id=\"1213\" data-envira-caption=\"Katarina Mili\u0107evi\u0107\" alt=\"\" title=\"Katarina Mili\u0107evi\u0107\"  itemprop=\"thumbnailUrl\" data-envira-srcset=\"https:\/\/www.arhns.uns.ac.rs\/int\/wp-content\/uploads\/2023\/02\/AR35_2020_Katarina-Milicevic-640x480_c.png 400w,https:\/\/www.arhns.uns.ac.rs\/int\/wp-content\/uploads\/2023\/02\/AR35_2020_Katarina-Milicevic-640x480_c.png 2x\" srcset=\"data:image\/gif;base64,R0lGODlhAQABAIAAAP\/\/\/\/\/\/\/yH5BAEKAAEALAAAAAABAAEAAAICTAEAOw==\" \/><\/div><\/a><\/div><\/div><div id=\"envira-gallery-item-1212\" class=\"envira-gallery-item enviratope-item envira-gallery-item-2\" style=\"padding-left: 5px; padding-bottom: 10px; padding-right: 5px;\"  itemscope itemtype=\"https:\/\/schema.org\/ImageObject\"><div class=\"envira-gallery-item-inner\"><div class=\"envira-gallery-position-overlay  envira-gallery-top-left\"><\/div><div class=\"envira-gallery-position-overlay  envira-gallery-top-right\"><\/div><div class=\"envira-gallery-position-overlay  envira-gallery-bottom-left\"><\/div><div class=\"envira-gallery-position-overlay  envira-gallery-bottom-right\"><\/div><a href=\"http:\/\/www.arhns.uns.ac.rs\/int\/wp-content\/uploads\/2023\/02\/AR25_2020_Andjela-Zivkovic.png\" class=\"envira-gallery-1211 envira-gallery-link\" rel=\"enviragallery1211\" title=\"An\u0111ela \u017divkovi\u0106\" data-envira-caption=\"An\u0111ela \u017divkovi\u0106\" data-envira-retina=\"\" data-thumbnail=\"\"  itemprop=\"contentUrl\"><div class=\"envira-lazy\" data-test-width=\"640\" data-test-height=\"480\" style=\"padding-bottom:75%;\"><img decoding=\"async\" id=\"envira-gallery-image-1212\" class=\"envira-gallery-image envira-gallery-image-2\" data-envira-index=\"2\" src=\"https:\/\/www.arhns.uns.ac.rs\/int\/wp-content\/uploads\/2023\/02\/AR25_2020_Andjela-Zivkovic-640x480_c.png\" data-envira-src=\"https:\/\/www.arhns.uns.ac.rs\/int\/wp-content\/uploads\/2023\/02\/AR25_2020_Andjela-Zivkovic-640x480_c.png\" data-envira-gallery-id=\"1211\" data-envira-item-id=\"1212\" data-envira-caption=\"An\u0111ela \u017divkovi\u0106\" alt=\"\" title=\"An\u0111ela \u017divkovi\u0106\"  itemprop=\"thumbnailUrl\" data-envira-srcset=\"https:\/\/www.arhns.uns.ac.rs\/int\/wp-content\/uploads\/2023\/02\/AR25_2020_Andjela-Zivkovic-640x480_c.png 400w,https:\/\/www.arhns.uns.ac.rs\/int\/wp-content\/uploads\/2023\/02\/AR25_2020_Andjela-Zivkovic-640x480_c.png 2x\" srcset=\"data:image\/gif;base64,R0lGODlhAQABAIAAAP\/\/\/\/\/\/\/yH5BAEKAAEALAAAAAABAAEAAAICTAEAOw==\" \/><\/div><\/a><\/div><\/div><div id=\"envira-gallery-item-1214\" class=\"envira-gallery-item enviratope-item envira-gallery-item-3\" style=\"padding-left: 5px; padding-bottom: 10px; padding-right: 5px;\"  itemscope itemtype=\"https:\/\/schema.org\/ImageObject\"><div class=\"envira-gallery-item-inner\"><div class=\"envira-gallery-position-overlay  envira-gallery-top-left\"><\/div><div class=\"envira-gallery-position-overlay  envira-gallery-top-right\"><\/div><div class=\"envira-gallery-position-overlay  envira-gallery-bottom-left\"><\/div><div class=\"envira-gallery-position-overlay  envira-gallery-bottom-right\"><\/div><a href=\"http:\/\/www.arhns.uns.ac.rs\/int\/wp-content\/uploads\/2023\/02\/AR80_2020_Sara-Korica.png\" class=\"envira-gallery-1211 envira-gallery-link\" rel=\"enviragallery1211\" title=\"Sara Korica\" data-envira-caption=\"Sara Korica\" data-envira-retina=\"\" data-thumbnail=\"\"  itemprop=\"contentUrl\"><div class=\"envira-lazy\" data-test-width=\"640\" data-test-height=\"480\" style=\"padding-bottom:75%;\"><img decoding=\"async\" id=\"envira-gallery-image-1214\" class=\"envira-gallery-image envira-gallery-image-3\" data-envira-index=\"3\" src=\"https:\/\/www.arhns.uns.ac.rs\/int\/wp-content\/uploads\/2023\/02\/AR80_2020_Sara-Korica-1024x658-640x480_c.png\" data-envira-src=\"https:\/\/www.arhns.uns.ac.rs\/int\/wp-content\/uploads\/2023\/02\/AR80_2020_Sara-Korica-1024x658-640x480_c.png\" data-envira-gallery-id=\"1211\" data-envira-item-id=\"1214\" data-envira-caption=\"Sara Korica\" alt=\"\" title=\"Sara Korica\"  itemprop=\"thumbnailUrl\" data-envira-srcset=\"https:\/\/www.arhns.uns.ac.rs\/int\/wp-content\/uploads\/2023\/02\/AR80_2020_Sara-Korica-1024x658-640x480_c.png 400w,https:\/\/www.arhns.uns.ac.rs\/int\/wp-content\/uploads\/2023\/02\/AR80_2020_Sara-Korica-1024x658-640x480_c.png 2x\" srcset=\"data:image\/gif;base64,R0lGODlhAQABAIAAAP\/\/\/\/\/\/\/yH5BAEKAAEALAAAAAABAAEAAAICTAEAOw==\" \/><\/div><\/a><\/div><\/div><\/div><\/div><noscript><img decoding=\"async\" src=\"https:\/\/www.arhns.uns.ac.rs\/int\/wp-content\/uploads\/2023\/02\/AR35_2020_Katarina-Milicevic.png\" alt=\"\" \/><img decoding=\"async\" src=\"https:\/\/www.arhns.uns.ac.rs\/int\/wp-content\/uploads\/2023\/02\/AR25_2020_Andjela-Zivkovic.png\" alt=\"\" \/><img decoding=\"async\" src=\"https:\/\/www.arhns.uns.ac.rs\/int\/wp-content\/uploads\/2023\/02\/AR80_2020_Sara-Korica.png\" alt=\"\" \/><\/noscript>\n<\/div>\n<\/div><\/div><\/div><\/div><\/div>","protected":false},"excerpt":{"rendered":"<p>Svaki arhitektonski projekat, koliko god bio postojan u 3D prostoru, i dalje se sagledava u 2D prikazima. Zbog toga je izuzetno bitno da se studenti obu\u010de za proces draftinga, kao na\u010din prikazivanja 3D objekata kroz 2D medijum. Me\u0111utim, potreba da se ostvare prostorni odnosi i stvori dubinska percepcija na crte\u017eima stvara potrebu da se istra\u017euju &hellip; <\/p>\n<p class=\"link-more\"><a href=\"https:\/\/www.arhns.uns.ac.rs\/int\/arhitektonske-reprezentacije-1\/\" class=\"more-link\">Continue reading<span class=\"screen-reader-text\"> &#8220;Arhitektonske reprezentacije 1&#8221;<\/span><\/a><\/p>\n","protected":false},"author":5,"featured_media":0,"parent":0,"menu_order":0,"comment_status":"closed","ping_status":"closed","template":"","meta":{"footnotes":""},"class_list":["post-1207","page","type-page","status-publish","hentry"],"_links":{"self":[{"href":"https:\/\/www.arhns.uns.ac.rs\/int\/wp-json\/wp\/v2\/pages\/1207","targetHints":{"allow":["GET"]}}],"collection":[{"href":"https:\/\/www.arhns.uns.ac.rs\/int\/wp-json\/wp\/v2\/pages"}],"about":[{"href":"https:\/\/www.arhns.uns.ac.rs\/int\/wp-json\/wp\/v2\/types\/page"}],"author":[{"embeddable":true,"href":"https:\/\/www.arhns.uns.ac.rs\/int\/wp-json\/wp\/v2\/users\/5"}],"replies":[{"embeddable":true,"href":"https:\/\/www.arhns.uns.ac.rs\/int\/wp-json\/wp\/v2\/comments?post=1207"}],"version-history":[{"count":5,"href":"https:\/\/www.arhns.uns.ac.rs\/int\/wp-json\/wp\/v2\/pages\/1207\/revisions"}],"predecessor-version":[{"id":1544,"href":"https:\/\/www.arhns.uns.ac.rs\/int\/wp-json\/wp\/v2\/pages\/1207\/revisions\/1544"}],"wp:attachment":[{"href":"https:\/\/www.arhns.uns.ac.rs\/int\/wp-json\/wp\/v2\/media?parent=1207"}],"curies":[{"name":"wp","href":"https:\/\/api.w.org\/{rel}","templated":true}]}}