{"id":1194,"date":"2023-02-09T13:21:12","date_gmt":"2023-02-09T12:21:12","guid":{"rendered":"http:\/\/www.arhns.uns.ac.rs\/int\/?page_id=1194"},"modified":"2023-02-09T13:28:20","modified_gmt":"2023-02-09T12:28:20","slug":"studio-02-grasshopper","status":"publish","type":"page","link":"https:\/\/www.arhns.uns.ac.rs\/int\/studio-02-grasshopper\/","title":{"rendered":"Studio 02 &#8211; Grasshopper"},"content":{"rendered":"<div id=\"pl-1194\"  class=\"panel-layout\" ><div id=\"pg-1194-0\"  class=\"panel-grid panel-no-style\" ><div id=\"pgc-1194-0-0\"  class=\"panel-grid-cell\" ><div id=\"panel-1194-0-0-0\" class=\"so-panel widget widget_sow-editor panel-first-child panel-last-child\" data-index=\"0\" ><div\n\t\t\t\n\t\t\tclass=\"so-widget-sow-editor so-widget-sow-editor-base\"\n\t\t\t\n\t\t>\n<div class=\"siteorigin-widget-tinymce textwidget\">\n\t<p>Studio 02 -\u00a0Grasshopper je deo predmeta u \u0161estom semestru. U okviru ovog predmeta prou\u010davaju se elementi nasel\u0458a i njegovog bliskog okru\u017eenja, procenjuju se me\u0111uodnosi elemenata kako u prostornom smislu, morfolo\u0161kom smislu fizi\u010dkom smislu, ekolo\u0161kom, funkcionalnom, sociolo\u0161kom, tako i u vizuelnom i estetskom smislu. Posebna pa\u017enja bi\u0107e posve\u0107ena: konceptu parametarskog dizajna, modelovanju kori\u0161\u0107enjem parametara i ukazivanju na njegove prednosti. Bi\u0107e obja\u0161njen tok podataka i strategije kreiranja parametarskog algoritma, parametarsko definisanje elemenata i njihova analiza, kao i primena parametarskih modela u arhitektonskom, urbanisti\u010dkom projektovanju i dizajnu.<\/p>\n<p>nastavnik:<br \/>prof. dr Bojan Tepav\u010devi\u0107<\/p>\n<p>asistenti:<br \/>dr\u00a0Marko Jovanovi\u0107<br \/>Marko Vu\u010di\u0107<br \/>Jelena Ki\u0107anovi\u0107<\/p>\n<\/div>\n<\/div><\/div><\/div><\/div><\/div>","protected":false},"excerpt":{"rendered":"<p>Studio 02 &#8211;\u00a0Grasshopper je deo predmeta u \u0161estom semestru. U okviru ovog predmeta prou\u010davaju se elementi nasel\u0458a i njegovog bliskog okru\u017eenja, procenjuju se me\u0111uodnosi elemenata kako u prostornom smislu, morfolo\u0161kom smislu fizi\u010dkom smislu, ekolo\u0161kom, funkcionalnom, sociolo\u0161kom, tako i u vizuelnom i estetskom smislu. Posebna pa\u017enja bi\u0107e posve\u0107ena: konceptu parametarskog dizajna, modelovanju kori\u0161\u0107enjem parametara i ukazivanju &hellip; <\/p>\n<p class=\"link-more\"><a href=\"https:\/\/www.arhns.uns.ac.rs\/int\/studio-02-grasshopper\/\" class=\"more-link\">Continue reading<span class=\"screen-reader-text\"> &#8220;Studio 02 &#8211; Grasshopper&#8221;<\/span><\/a><\/p>\n","protected":false},"author":5,"featured_media":0,"parent":0,"menu_order":0,"comment_status":"closed","ping_status":"closed","template":"","meta":{"footnotes":""},"class_list":["post-1194","page","type-page","status-publish","hentry"],"_links":{"self":[{"href":"https:\/\/www.arhns.uns.ac.rs\/int\/wp-json\/wp\/v2\/pages\/1194","targetHints":{"allow":["GET"]}}],"collection":[{"href":"https:\/\/www.arhns.uns.ac.rs\/int\/wp-json\/wp\/v2\/pages"}],"about":[{"href":"https:\/\/www.arhns.uns.ac.rs\/int\/wp-json\/wp\/v2\/types\/page"}],"author":[{"embeddable":true,"href":"https:\/\/www.arhns.uns.ac.rs\/int\/wp-json\/wp\/v2\/users\/5"}],"replies":[{"embeddable":true,"href":"https:\/\/www.arhns.uns.ac.rs\/int\/wp-json\/wp\/v2\/comments?post=1194"}],"version-history":[{"count":2,"href":"https:\/\/www.arhns.uns.ac.rs\/int\/wp-json\/wp\/v2\/pages\/1194\/revisions"}],"predecessor-version":[{"id":1196,"href":"https:\/\/www.arhns.uns.ac.rs\/int\/wp-json\/wp\/v2\/pages\/1194\/revisions\/1196"}],"wp:attachment":[{"href":"https:\/\/www.arhns.uns.ac.rs\/int\/wp-json\/wp\/v2\/media?parent=1194"}],"curies":[{"name":"wp","href":"https:\/\/api.w.org\/{rel}","templated":true}]}}