{"id":1078,"date":"2023-01-03T13:55:42","date_gmt":"2023-01-03T12:55:42","guid":{"rendered":"http:\/\/www.arhns.uns.ac.rs\/int\/?page_id=1078"},"modified":"2023-01-03T13:55:42","modified_gmt":"2023-01-03T12:55:42","slug":"obavestenja-studio-01-rhinoceros","status":"publish","type":"page","link":"https:\/\/www.arhns.uns.ac.rs\/int\/obavestenja\/obavestenja-studio-01-rhinoceros\/","title":{"rendered":"Obave\u0161tenja &#8211; Studio 01 &#8211; Rhinoceros"},"content":{"rendered":"\r\n\t\t<div class=\"pfc-posts-main\">\r\n\r\n\t\t\t\r\n\t\t\t\t<div class=\"pfc-post layout-one\">\r\n\t\t\t\t\r\n\t\t\t\t\t\r\n\t\t\t\t\t<div class=\"news-text-wrap info-without-space\">\r\n\r\n\t\t\t\t\t    <h2><a href=\"https:\/\/www.arhns.uns.ac.rs\/int\/naknadna-predaja-deo-digitalni-dizajn\/\">Naknadna predaja deo Digitalni dizajn<\/a><\/h2>\r\n\r\n\t\t\t\t\t    \t\t\t\t\t    \t<span class=\"posted-date\">April 5, 2026<\/span>\r\n\t\t\t\t\t    \t<p>Plakat i maketa iz dela predmeta digitalni dizajn spadaju u...<\/p>\n\t\t\t\t\t     \r\n\t\t\t\t\t<\/div><!-- .news-text-wrap -->\r\n\r\n\t\t\t\t<\/div>\r\n\r\n\t\t\t\t\r\n\t\t\t\t<div class=\"pfc-post layout-one\">\r\n\t\t\t\t\r\n\t\t\t\t\t\r\n\t\t\t\t\t<div class=\"news-text-wrap info-without-space\">\r\n\r\n\t\t\t\t\t    <h2><a href=\"https:\/\/www.arhns.uns.ac.rs\/int\/termin-za-predaju-predispitnih-zadataka-decembarski-rok\/\">Termin za predaju predispitnih zadataka \u2013 Decembarski rok<\/a><\/h2>\r\n\r\n\t\t\t\t\t    \t\t\t\t\t    \t<span class=\"posted-date\">December 16, 2025<\/span>\r\n\t\t\t\t\t    \t<p>Predaja plakata vr\u0161i se putem mejla\u00a0arhrep2@gmail.com u \u010detvrtak, 18.12, do...<\/p>\n\t\t\t\t\t     \r\n\t\t\t\t\t<\/div><!-- .news-text-wrap -->\r\n\r\n\t\t\t\t<\/div>\r\n\r\n\t\t\t\t\r\n\t\t\t\t<div class=\"pfc-post layout-one\">\r\n\t\t\t\t\r\n\t\t\t\t\t\r\n\t\t\t\t\t<div class=\"news-text-wrap info-without-space\">\r\n\r\n\t\t\t\t\t    <h2><a href=\"https:\/\/www.arhns.uns.ac.rs\/int\/termin-za-predaju-predispitnih-zadataka-novembarski-rok\/\">Termin za predaju predispitnih zadataka &#8211; Novembarski rok<\/a><\/h2>\r\n\r\n\t\t\t\t\t    \t\t\t\t\t    \t<span class=\"posted-date\">November 26, 2025<\/span>\r\n\t\t\t\t\t    \t<p>Predaja plakata vr\u0161i se putem mejla arhrep2@gmail.com u \u010detvrtak, 27.11,...<\/p>\n\t\t\t\t\t     \r\n\t\t\t\t\t<\/div><!-- .news-text-wrap -->\r\n\r\n\t\t\t\t<\/div>\r\n\r\n\t\t\t\t\r\n\t\t\t\t<div class=\"pfc-post layout-one\">\r\n\t\t\t\t\r\n\t\t\t\t\t\r\n\t\t\t\t\t<div class=\"news-text-wrap info-without-space\">\r\n\r\n\t\t\t\t\t    <h2><a href=\"https:\/\/www.arhns.uns.ac.rs\/int\/predaja-na-predmetu-studio-01-rhinoceros-januar-2024\/\">Predaja na predmetu Studio 01 \u2013 Rhinoceros &#8211; Januar 2024<\/a><\/h2>\r\n\r\n\t\t\t\t\t    \t\t\t\t\t    \t<span class=\"posted-date\">January 14, 2024<\/span>\r\n\t\t\t\t\t    \t<p>Po\u0161tovani studenti, Predaja plakata je online 18.1.2024. do 18h. Predaja...<\/p>\n\t\t\t\t\t     \r\n\t\t\t\t\t<\/div><!-- .news-text-wrap -->\r\n\r\n\t\t\t\t<\/div>\r\n\r\n\t\t\t\t\r\n\t\t\t\t<div class=\"pfc-post layout-one\">\r\n\t\t\t\t\r\n\t\t\t\t\t\r\n\t\t\t\t\t<div class=\"news-text-wrap info-without-space\">\r\n\r\n\t\t\t\t\t    <h2><a href=\"https:\/\/www.arhns.uns.ac.rs\/int\/naknadna-predaja-predispitnih-projekata-iz-predmeta-studio-01-rhinoceros\/\">Naknadna predaja predispitnih projekata iz predmeta Studio 01 &#8211; Rhinoceros<\/a><\/h2>\r\n\r\n\t\t\t\t\t    \t\t\t\t\t    \t<span class=\"posted-date\">February 14, 2023<\/span>\r\n\t\t\t\t\t    \t<p>Predaja predispitnih projekata iz predmeta Studio 01 - Rhinoceros za...<\/p>\n\t\t\t\t\t     \r\n\t\t\t\t\t<\/div><!-- .news-text-wrap -->\r\n\r\n\t\t\t\t<\/div>\r\n\r\n\t\t\t\t\r\n\t\t\t\t<div class=\"pfc-post layout-one\">\r\n\t\t\t\t\r\n\t\t\t\t\t\r\n\t\t\t\t\t<div class=\"news-text-wrap info-without-space\">\r\n\r\n\t\t\t\t\t    <h2><a href=\"https:\/\/www.arhns.uns.ac.rs\/int\/semestralni-rezultati-na-predmetu-studio-01-deo-rhinoceros\/\">Semestralni rezultati na predmetu Studio 01 &#8211; deo Rhinoceros<\/a><\/h2>\r\n\r\n\t\t\t\t\t    \t\t\t\t\t    \t<span class=\"posted-date\">January 25, 2023<\/span>\r\n\t\t\t\t\t    \t<p>Po\u0161tovani studenti, u prilogu se nalaze rezultati na predmetu Studio...<\/p>\n\t\t\t\t\t     \r\n\t\t\t\t\t<\/div><!-- .news-text-wrap -->\r\n\r\n\t\t\t\t<\/div>\r\n\r\n\t\t\t\t\r\n\t\t\t\t<div class=\"pfc-post layout-one\">\r\n\t\t\t\t\r\n\t\t\t\t\t\r\n\t\t\t\t\t<div class=\"news-text-wrap info-without-space\">\r\n\r\n\t\t\t\t\t    <h2><a href=\"https:\/\/www.arhns.uns.ac.rs\/int\/predaja-na-predmetu-studio-01-rhinoceros\/\">Predaja na predmetu Studio 01 &#8211; Rhinoceros<\/a><\/h2>\r\n\r\n\t\t\t\t\t    \t\t\t\t\t    \t<span class=\"posted-date\">January 3, 2023<\/span>\r\n\t\t\t\t\t    \t<p>Po\u0161tovani studenti, Kao \u0161to je ve\u0107 ustanovljeno, u okviru predmeta...<\/p>\n\t\t\t\t\t     \r\n\t\t\t\t\t<\/div><!-- .news-text-wrap -->\r\n\r\n\t\t\t\t<\/div>\r\n\r\n\t\t\t\t\r\n\t\t<\/div>\r\n\r\n\t\t\n","protected":false},"excerpt":{"rendered":"","protected":false},"author":5,"featured_media":0,"parent":894,"menu_order":0,"comment_status":"closed","ping_status":"closed","template":"","meta":{"footnotes":""},"class_list":["post-1078","page","type-page","status-publish","hentry"],"_links":{"self":[{"href":"https:\/\/www.arhns.uns.ac.rs\/int\/wp-json\/wp\/v2\/pages\/1078","targetHints":{"allow":["GET"]}}],"collection":[{"href":"https:\/\/www.arhns.uns.ac.rs\/int\/wp-json\/wp\/v2\/pages"}],"about":[{"href":"https:\/\/www.arhns.uns.ac.rs\/int\/wp-json\/wp\/v2\/types\/page"}],"author":[{"embeddable":true,"href":"https:\/\/www.arhns.uns.ac.rs\/int\/wp-json\/wp\/v2\/users\/5"}],"replies":[{"embeddable":true,"href":"https:\/\/www.arhns.uns.ac.rs\/int\/wp-json\/wp\/v2\/comments?post=1078"}],"version-history":[{"count":1,"href":"https:\/\/www.arhns.uns.ac.rs\/int\/wp-json\/wp\/v2\/pages\/1078\/revisions"}],"predecessor-version":[{"id":1079,"href":"https:\/\/www.arhns.uns.ac.rs\/int\/wp-json\/wp\/v2\/pages\/1078\/revisions\/1079"}],"up":[{"embeddable":true,"href":"https:\/\/www.arhns.uns.ac.rs\/int\/wp-json\/wp\/v2\/pages\/894"}],"wp:attachment":[{"href":"https:\/\/www.arhns.uns.ac.rs\/int\/wp-json\/wp\/v2\/media?parent=1078"}],"curies":[{"name":"wp","href":"https:\/\/api.w.org\/{rel}","templated":true}]}}