{"id":579,"date":"2012-02-20T20:27:39","date_gmt":"2012-02-20T19:27:39","guid":{"rendered":"http:\/\/www.arhns.com\/givsf\/?page_id=579"},"modified":"2025-06-29T16:30:32","modified_gmt":"2025-06-29T15:30:32","slug":"pocetna","status":"publish","type":"page","link":"https:\/\/www.arhns.uns.ac.rs\/givsf\/","title":{"rendered":"Po\u010detna"},"content":{"rendered":"\n<div class=\"wp-block-cover alignfull is-light hero-cover\"><span aria-hidden=\"true\" class=\"wp-block-cover__background has-background-dim\" style=\"background-color:#a2a9b8\"><\/span><img loading=\"lazy\" decoding=\"async\" width=\"1536\" height=\"894\" class=\"wp-block-cover__image-background wp-image-21541\" alt=\"\" src=\"https:\/\/www.arhns.uns.ac.rs\/givsf\/wp-content\/uploads\/2025\/06\/Slika-I-Copy.png\" style=\"object-position:50% 81%\" data-object-fit=\"cover\" data-object-position=\"50% 81%\" srcset=\"https:\/\/www.arhns.uns.ac.rs\/givsf\/wp-content\/uploads\/2025\/06\/Slika-I-Copy.png 1536w, https:\/\/www.arhns.uns.ac.rs\/givsf\/wp-content\/uploads\/2025\/06\/Slika-I-Copy-300x175.png 300w, https:\/\/www.arhns.uns.ac.rs\/givsf\/wp-content\/uploads\/2025\/06\/Slika-I-Copy-1024x596.png 1024w, https:\/\/www.arhns.uns.ac.rs\/givsf\/wp-content\/uploads\/2025\/06\/Slika-I-Copy-768x447.png 768w\" sizes=\"auto, (max-width: 1536px) 100vw, 1536px\" \/><div class=\"wp-block-cover__inner-container is-layout-constrained wp-block-cover-is-layout-constrained\">\n<p class=\"has-text-align-center has-large-font-size\"><\/p>\n<\/div><\/div>\n\n\n<p>Nalazite se na blogu predmeta<br \/>\n<strong>GEOMETRIJA I VIZUELIZACIJA SLOBODNIH FORMI,\u00a0<\/strong><strong>Departmana za arhitekturu i urbanizam, Fakulteta tehni<\/strong><strong>\u010dkih nauka u Novom Sadu.<\/strong><\/p>\n<p>Predmet Geometrija i vizuelizacija slobodnih formi je izborni predmet koji se odr\u017eava u osmom semestru osnovnih akademskih studija Arhitekture. Predmet pre svega slu\u017ei za istra\u017eivanje \u0161irokom spektra tema, koje pokrivaju osnovne i napredne odlike geometrija slo\u017eenih formi. Studenti \u0107e imati priliku da razviju vi\u0161i nivo sposobnosti prostorne vizuelizacije, optimalnog grafi\u010dkog izra\u017eavanja \u00a0i identifikovanja i interpretacije prostornih odnosa izu\u010denih prostornih oblika. Dodatno, mogu dobiti informacije o pojmovima koordinatnih sistema, generisanja i svojstava parametarskih krivih i povr\u0161i, kao i teselacije ili poplo\u010danja 2D i 3D geometrije u cilju interpretacije \u017eeljenih objekata primenom naprednih pristupa projektovanju.<\/p>\n<p>Predmet je zami\u0161ljen da se izvodi kroz predavanja i ve\u017ebe\u00a0gde se dobijaju osnovne informacije o teorijskim okvirima, nakon \u010dega se isti primenjuju u istra\u017eiva\u010dkoj temi u okviru radionica. Na radionicama se radi na razvijanju strategija za modelovanje\u00a0slo\u017eenih formi primenom adekvatnih softverskih alata i standardnih geometrijskih procedura. Omogu\u0107eno je i pore\u0111enje parametarskih definicija koje \u0107e omogu\u0107iti kontrolu i jednostavnije izvo\u0111enje slobodnih struktura.<\/p>\n<p>predmetni nastavnik:<\/p>\n<p>dr Marko Jovanovi\u0107<\/p>\n<p>apokmarko@yahoo.com<\/p>","protected":false},"excerpt":{"rendered":"<p>Nalazite se na blogu predmeta GEOMETRIJA I VIZUELIZACIJA SLOBODNIH FORMI,\u00a0Departmana za arhitekturu i urbanizam, Fakulteta tehni\u010dkih nauka u Novom Sadu. Predmet Geometrija i vizuelizacija slobodnih formi je izborni predmet koji se odr\u017eava u osmom semestru osnovnih akademskih studija Arhitekture. Predmet pre svega slu\u017ei za istra\u017eivanje \u0161irokom spektra tema, koje pokrivaju osnovne i napredne odlike geometrija&hellip; <a class=\"more-link\" href=\"https:\/\/www.arhns.uns.ac.rs\/givsf\/\">Continue reading <span class=\"screen-reader-text\">Po\u010detna<\/span><\/a><\/p>\n","protected":false},"author":1,"featured_media":0,"parent":0,"menu_order":0,"comment_status":"closed","ping_status":"open","template":"","meta":{"footnotes":""},"coauthors":[48],"class_list":["post-579","page","type-page","status-publish","hentry","entry"],"_links":{"self":[{"href":"https:\/\/www.arhns.uns.ac.rs\/givsf\/wp-json\/wp\/v2\/pages\/579","targetHints":{"allow":["GET"]}}],"collection":[{"href":"https:\/\/www.arhns.uns.ac.rs\/givsf\/wp-json\/wp\/v2\/pages"}],"about":[{"href":"https:\/\/www.arhns.uns.ac.rs\/givsf\/wp-json\/wp\/v2\/types\/page"}],"author":[{"embeddable":true,"href":"https:\/\/www.arhns.uns.ac.rs\/givsf\/wp-json\/wp\/v2\/users\/1"}],"replies":[{"embeddable":true,"href":"https:\/\/www.arhns.uns.ac.rs\/givsf\/wp-json\/wp\/v2\/comments?post=579"}],"version-history":[{"count":26,"href":"https:\/\/www.arhns.uns.ac.rs\/givsf\/wp-json\/wp\/v2\/pages\/579\/revisions"}],"predecessor-version":[{"id":21546,"href":"https:\/\/www.arhns.uns.ac.rs\/givsf\/wp-json\/wp\/v2\/pages\/579\/revisions\/21546"}],"wp:attachment":[{"href":"https:\/\/www.arhns.uns.ac.rs\/givsf\/wp-json\/wp\/v2\/media?parent=579"}],"wp:term":[{"taxonomy":"author","embeddable":true,"href":"https:\/\/www.arhns.uns.ac.rs\/givsf\/wp-json\/wp\/v2\/coauthors?post=579"}],"curies":[{"name":"wp","href":"https:\/\/api.w.org\/{rel}","templated":true}]}}