{"id":19230,"date":"2024-03-14T14:53:12","date_gmt":"2024-03-14T13:53:12","guid":{"rendered":"https:\/\/www.arhns.uns.ac.rs\/givsf\/?page_id=19230"},"modified":"2026-03-06T15:29:39","modified_gmt":"2026-03-06T14:29:39","slug":"katalozi","status":"publish","type":"page","link":"https:\/\/www.arhns.uns.ac.rs\/givsf\/katalozi\/","title":{"rendered":"Katalozi"},"content":{"rendered":"<p>U ovom sekciji mo\u017eete pogledati kataloge zavr\u0161nih studentskih radova po generacijama.<\/p>\n<p><a href=\"https:\/\/www.arhns.uns.ac.rs\/givsf\/wp-content\/uploads\/2024\/03\/Teme-za-razmisljanje.pdf\">Teme za razmi\u0161ljanje<\/a><\/p>\n<p><a href=\"https:\/\/www.arhns.uns.ac.rs\/givsf\/wp-content\/uploads\/2024\/03\/GIVSF-2020-21.pdf\">Generacija 2020\/21<\/a><\/p>\n<p><a href=\"https:\/\/www.arhns.uns.ac.rs\/givsf\/wp-content\/uploads\/2024\/03\/Katalog-2021-22.pdf\">Generacija 2021\/22<\/a><\/p>\n<p><a href=\"https:\/\/www.arhns.uns.ac.rs\/givsf\/wp-content\/uploads\/2024\/03\/Katalog-GIVSF-2022-23-Compressed.pdf\">Generacija 2022\/23<\/a><\/p>\n<p><a href=\"https:\/\/www.arhns.uns.ac.rs\/givsf\/wp-content\/uploads\/2025\/06\/GIVSF-2023-24-Final-Reduced.pdf\">Generacija 2023\/24<\/a><\/p>\n\n\n<p><a href=\"https:\/\/www.arhns.uns.ac.rs\/givsf\/wp-content\/uploads\/2026\/03\/GIVSF-katalog-2024-25.pdf\">Generacija 2024\/25<\/a><\/p>\n\n\n\n<figure class=\"wp-block-gallery has-nested-images columns-default is-cropped wp-block-gallery-1 is-layout-flex wp-block-gallery-is-layout-flex\"><\/figure>\n\n\n\n<p><\/p>\n","protected":false},"excerpt":{"rendered":"<p>U ovom sekciji mo\u017eete pogledati kataloge zavr\u0161nih studentskih radova po generacijama. Teme za razmi\u0161ljanje Generacija 2020\/21 Generacija 2021\/22 Generacija 2022\/23 Generacija 2023\/24 Generacija 2024\/25<\/p>\n","protected":false},"author":3,"featured_media":0,"parent":0,"menu_order":0,"comment_status":"open","ping_status":"open","template":"","meta":{"footnotes":""},"coauthors":[73],"class_list":["post-19230","page","type-page","status-publish","hentry","entry"],"_links":{"self":[{"href":"https:\/\/www.arhns.uns.ac.rs\/givsf\/wp-json\/wp\/v2\/pages\/19230","targetHints":{"allow":["GET"]}}],"collection":[{"href":"https:\/\/www.arhns.uns.ac.rs\/givsf\/wp-json\/wp\/v2\/pages"}],"about":[{"href":"https:\/\/www.arhns.uns.ac.rs\/givsf\/wp-json\/wp\/v2\/types\/page"}],"author":[{"embeddable":true,"href":"https:\/\/www.arhns.uns.ac.rs\/givsf\/wp-json\/wp\/v2\/users\/3"}],"replies":[{"embeddable":true,"href":"https:\/\/www.arhns.uns.ac.rs\/givsf\/wp-json\/wp\/v2\/comments?post=19230"}],"version-history":[{"count":9,"href":"https:\/\/www.arhns.uns.ac.rs\/givsf\/wp-json\/wp\/v2\/pages\/19230\/revisions"}],"predecessor-version":[{"id":24619,"href":"https:\/\/www.arhns.uns.ac.rs\/givsf\/wp-json\/wp\/v2\/pages\/19230\/revisions\/24619"}],"wp:attachment":[{"href":"https:\/\/www.arhns.uns.ac.rs\/givsf\/wp-json\/wp\/v2\/media?parent=19230"}],"wp:term":[{"taxonomy":"author","embeddable":true,"href":"https:\/\/www.arhns.uns.ac.rs\/givsf\/wp-json\/wp\/v2\/coauthors?post=19230"}],"curies":[{"name":"wp","href":"https:\/\/api.w.org\/{rel}","templated":true}]}}