{"id":821,"date":"2015-09-16T10:22:58","date_gmt":"2015-09-16T10:22:58","guid":{"rendered":"http:\/\/www.arhns.uns.ac.rs\/digital\/?page_id=821"},"modified":"2024-06-12T11:54:14","modified_gmt":"2024-06-12T10:54:14","slug":"program-i-uslovi-upisa","status":"publish","type":"page","link":"https:\/\/www.arhns.uns.ac.rs\/digital\/program-i-uslovi-upisa\/","title":{"rendered":"Program i uslovi upisa"},"content":{"rendered":"<p><strong>KOME SU MODULI NAMENJENI?<\/strong><br \/>\nModuli su namenjeni diplomiranim studentima arhitekture i studentima drugih srodnih in\u017eenjerskih i umetni\u010dkih oblasti koji \u017eele da zapo\u010dnu karijeru iz oblasti digitalnog dizajna, vizuelizacije i digitalne fabrikacije, odnosno svima koji \u017eele da unaprede svoje znanje i odgovore na savremene tehnolo\u0161ke potrebe za novim stru\u010dnim kompetencijama.<\/p>\n<p><strong>MODUL ARHITEKTONSKA VIZUELIZACIJA I SIMULACIJE<\/strong><br \/>\nModul Arhitektonska vizuelizacija i simulacije usmeren je ka savremenim tehnikama dizajna i kreiranja virtuelnog sadr\u017eaja iz domena arhitekture, urbanizma, dizajna i umetnosti. Student koji zavr\u0161i ovaj modul osposobljen je da primenjuje najsavremenije tehnologije kao \u0161to su napredni alati za profesionalnu vizuelizaciju, interaktivnu vizuelizaciju (VR, AR), napredni BIM, parametarsko modelovanje i vizuelno programiranje, proceduralno modelovanje, evaluaciju spolja\u0161njih uticaja okru\u017eenja (simulacije insolacije, termalnog komfora i vetra).<\/p>\n<p><strong>Predmeti:<\/strong><br \/>\n-Arhitektonska vizuelizacija<br \/>\n-Digitalni dizajn<br \/>\n-Napredne BIM tehnologije<br \/>\n-Interaktivna vizuelizacija<br \/>\n-Napredno modelovanje gradova<br \/>\n-Dinami\u010dke analize i simulacije u arhitekturi i<br \/>\nurbanizmu<\/p>\n<p><strong>MODUL DIGITALNI DIZAJN I FABRIKACIJA<\/strong><br \/>\nModul Digitalni dizajn i fabrikacija usmeren je ka dizajnu i oblikovanju<br \/>\nfizi\u010dkih modela i kreiranju prototipova iz domena arhitekture i dizajna. Student koji zavr\u0161i ovaj modul osposobljen je da koristi napredne alate parametarskog modelovanja i vizuelnog programiranja, da upotrebljava savremene pristupe fabrikaciji kao \u0161to su CNC tehnologije, industrijski robot i 3D \u0161tampa, da kreira adaptivne i interaktivne sisteme i arhitektonske elemente koji reaguju na uticaje iz okru\u017eenja (pokret, zvuk, svetlost i drugo) kao i da koristi napredni BIM i alate za vizuelizaciju.<\/p>\n<p><strong>Predmeti:<\/strong><br \/>\n-Arhitektonska vizuelizacija<br \/>\n-Digitalni dizajn<br \/>\n-Napredne BIM tehnologije<br \/>\n-Digitalna fabrikacija<br \/>\n-Interaktivni adaptivni sistemi<br \/>\n-Robotika u arhitekturi<\/p>\n","protected":false},"excerpt":{"rendered":"<p>KOME SU MODULI NAMENJENI? Moduli su namenjeni diplomiranim studentima arhitekture i studentima drugih srodnih in\u017eenjerskih i umetni\u010dkih oblasti koji \u017eele da zapo\u010dnu karijeru iz oblasti digitalnog dizajna, vizuelizacije i digitalne fabrikacije, odnosno svima koji \u017eele da unaprede svoje znanje i<\/p>\n","protected":false},"author":4,"featured_media":0,"parent":0,"menu_order":0,"comment_status":"closed","ping_status":"closed","template":"","meta":{"footnotes":""},"class_list":["post-821","page","type-page","status-publish","hentry"],"yoast_head":"<!-- This site is optimized with the Yoast SEO plugin v24.7 - https:\/\/yoast.com\/wordpress\/plugins\/seo\/ -->\n<title>Program i uslovi upisa - Digital Techniques, Design and Production in Architecture and Urbanism<\/title>\n<meta name=\"robots\" content=\"index, follow, max-snippet:-1, max-image-preview:large, max-video-preview:-1\" \/>\n<link rel=\"canonical\" href=\"https:\/\/www.arhns.uns.ac.rs\/digital\/sr\/program-i-uslovi-upisa\/\" \/>\n<meta property=\"og:locale\" content=\"en_US\" \/>\n<meta property=\"og:type\" content=\"article\" \/>\n<meta property=\"og:title\" content=\"Program i uslovi upisa - Digital Techniques, Design and Production in Architecture and Urbanism\" \/>\n<meta property=\"og:description\" content=\"KOME SU MODULI NAMENJENI? Moduli su namenjeni diplomiranim studentima arhitekture i studentima drugih srodnih in\u017eenjerskih i umetni\u010dkih oblasti koji \u017eele da zapo\u010dnu karijeru iz oblasti digitalnog dizajna, vizuelizacije i digitalne fabrikacije, odnosno svima koji \u017eele da unaprede svoje znanje i\" \/>\n<meta property=\"og:url\" content=\"https:\/\/www.arhns.uns.ac.rs\/digital\/sr\/program-i-uslovi-upisa\/\" \/>\n<meta property=\"og:site_name\" content=\"Digital Techniques, Design and Production in Architecture and Urbanism\" \/>\n<meta property=\"article:modified_time\" content=\"2024-06-12T10:54:14+00:00\" \/>\n<meta name=\"twitter:card\" content=\"summary_large_image\" \/>\n<meta name=\"twitter:label1\" content=\"Est. reading time\" \/>\n\t<meta name=\"twitter:data1\" content=\"1 minute\" \/>\n<script type=\"application\/ld+json\" class=\"yoast-schema-graph\">{\"@context\":\"https:\/\/schema.org\",\"@graph\":[{\"@type\":\"WebPage\",\"@id\":\"https:\/\/www.arhns.uns.ac.rs\/digital\/sr\/program-i-uslovi-upisa\/\",\"url\":\"https:\/\/www.arhns.uns.ac.rs\/digital\/sr\/program-i-uslovi-upisa\/\",\"name\":\"Program i uslovi upisa - Digital Techniques, Design and Production in Architecture and Urbanism\",\"isPartOf\":{\"@id\":\"http:\/\/www.arhns.uns.ac.rs\/digital\/#website\"},\"datePublished\":\"2015-09-16T10:22:58+00:00\",\"dateModified\":\"2024-06-12T10:54:14+00:00\",\"breadcrumb\":{\"@id\":\"https:\/\/www.arhns.uns.ac.rs\/digital\/sr\/program-i-uslovi-upisa\/#breadcrumb\"},\"inLanguage\":\"en-US\",\"potentialAction\":[{\"@type\":\"ReadAction\",\"target\":[\"https:\/\/www.arhns.uns.ac.rs\/digital\/sr\/program-i-uslovi-upisa\/\"]}]},{\"@type\":\"BreadcrumbList\",\"@id\":\"https:\/\/www.arhns.uns.ac.rs\/digital\/sr\/program-i-uslovi-upisa\/#breadcrumb\",\"itemListElement\":[{\"@type\":\"ListItem\",\"position\":1,\"name\":\"Home\",\"item\":\"http:\/\/www.arhns.uns.ac.rs\/digital\/sr\/o-master-kursu\/\"},{\"@type\":\"ListItem\",\"position\":2,\"name\":\"Program i uslovi upisa\"}]},{\"@type\":\"WebSite\",\"@id\":\"http:\/\/www.arhns.uns.ac.rs\/digital\/#website\",\"url\":\"http:\/\/www.arhns.uns.ac.rs\/digital\/\",\"name\":\"Digital Techniques, Design and Production in Architecture and Urbanism\",\"description\":\"Department for Architecture and Urbanism | Departman za arhitekturu i urbanizam\",\"potentialAction\":[{\"@type\":\"SearchAction\",\"target\":{\"@type\":\"EntryPoint\",\"urlTemplate\":\"http:\/\/www.arhns.uns.ac.rs\/digital\/?s={search_term_string}\"},\"query-input\":{\"@type\":\"PropertyValueSpecification\",\"valueRequired\":true,\"valueName\":\"search_term_string\"}}],\"inLanguage\":\"en-US\"}]}<\/script>\n<!-- \/ Yoast SEO plugin. -->","yoast_head_json":{"title":"Program i uslovi upisa - Digital Techniques, Design and Production in Architecture and Urbanism","robots":{"index":"index","follow":"follow","max-snippet":"max-snippet:-1","max-image-preview":"max-image-preview:large","max-video-preview":"max-video-preview:-1"},"canonical":"https:\/\/www.arhns.uns.ac.rs\/digital\/sr\/program-i-uslovi-upisa\/","og_locale":"en_US","og_type":"article","og_title":"Program i uslovi upisa - Digital Techniques, Design and Production in Architecture and Urbanism","og_description":"KOME SU MODULI NAMENJENI? Moduli su namenjeni diplomiranim studentima arhitekture i studentima drugih srodnih in\u017eenjerskih i umetni\u010dkih oblasti koji \u017eele da zapo\u010dnu karijeru iz oblasti digitalnog dizajna, vizuelizacije i digitalne fabrikacije, odnosno svima koji \u017eele da unaprede svoje znanje i","og_url":"https:\/\/www.arhns.uns.ac.rs\/digital\/sr\/program-i-uslovi-upisa\/","og_site_name":"Digital Techniques, Design and Production in Architecture and Urbanism","article_modified_time":"2024-06-12T10:54:14+00:00","twitter_card":"summary_large_image","twitter_misc":{"Est. reading time":"1 minute"},"schema":{"@context":"https:\/\/schema.org","@graph":[{"@type":"WebPage","@id":"https:\/\/www.arhns.uns.ac.rs\/digital\/sr\/program-i-uslovi-upisa\/","url":"https:\/\/www.arhns.uns.ac.rs\/digital\/sr\/program-i-uslovi-upisa\/","name":"Program i uslovi upisa - Digital Techniques, Design and Production in Architecture and Urbanism","isPartOf":{"@id":"http:\/\/www.arhns.uns.ac.rs\/digital\/#website"},"datePublished":"2015-09-16T10:22:58+00:00","dateModified":"2024-06-12T10:54:14+00:00","breadcrumb":{"@id":"https:\/\/www.arhns.uns.ac.rs\/digital\/sr\/program-i-uslovi-upisa\/#breadcrumb"},"inLanguage":"en-US","potentialAction":[{"@type":"ReadAction","target":["https:\/\/www.arhns.uns.ac.rs\/digital\/sr\/program-i-uslovi-upisa\/"]}]},{"@type":"BreadcrumbList","@id":"https:\/\/www.arhns.uns.ac.rs\/digital\/sr\/program-i-uslovi-upisa\/#breadcrumb","itemListElement":[{"@type":"ListItem","position":1,"name":"Home","item":"http:\/\/www.arhns.uns.ac.rs\/digital\/sr\/o-master-kursu\/"},{"@type":"ListItem","position":2,"name":"Program i uslovi upisa"}]},{"@type":"WebSite","@id":"http:\/\/www.arhns.uns.ac.rs\/digital\/#website","url":"http:\/\/www.arhns.uns.ac.rs\/digital\/","name":"Digital Techniques, Design and Production in Architecture and Urbanism","description":"Department for Architecture and Urbanism | Departman za arhitekturu i urbanizam","potentialAction":[{"@type":"SearchAction","target":{"@type":"EntryPoint","urlTemplate":"http:\/\/www.arhns.uns.ac.rs\/digital\/?s={search_term_string}"},"query-input":{"@type":"PropertyValueSpecification","valueRequired":true,"valueName":"search_term_string"}}],"inLanguage":"en-US"}]}},"_links":{"self":[{"href":"https:\/\/www.arhns.uns.ac.rs\/digital\/wp-json\/wp\/v2\/pages\/821","targetHints":{"allow":["GET"]}}],"collection":[{"href":"https:\/\/www.arhns.uns.ac.rs\/digital\/wp-json\/wp\/v2\/pages"}],"about":[{"href":"https:\/\/www.arhns.uns.ac.rs\/digital\/wp-json\/wp\/v2\/types\/page"}],"author":[{"embeddable":true,"href":"https:\/\/www.arhns.uns.ac.rs\/digital\/wp-json\/wp\/v2\/users\/4"}],"replies":[{"embeddable":true,"href":"https:\/\/www.arhns.uns.ac.rs\/digital\/wp-json\/wp\/v2\/comments?post=821"}],"version-history":[{"count":5,"href":"https:\/\/www.arhns.uns.ac.rs\/digital\/wp-json\/wp\/v2\/pages\/821\/revisions"}],"predecessor-version":[{"id":1913,"href":"https:\/\/www.arhns.uns.ac.rs\/digital\/wp-json\/wp\/v2\/pages\/821\/revisions\/1913"}],"wp:attachment":[{"href":"https:\/\/www.arhns.uns.ac.rs\/digital\/wp-json\/wp\/v2\/media?parent=821"}],"curies":[{"name":"wp","href":"https:\/\/api.w.org\/{rel}","templated":true}]}}