{"id":42,"date":"2013-04-23T12:10:20","date_gmt":"2013-04-23T12:10:20","guid":{"rendered":"http:\/\/arhns.com\/digital\/?page_id=42"},"modified":"2018-03-10T20:11:26","modified_gmt":"2018-03-10T20:11:26","slug":"arhitektonska-vizualizacija","status":"publish","type":"page","link":"https:\/\/www.arhns.uns.ac.rs\/digital\/predmeti\/arhitektonska-vizualizacija\/","title":{"rendered":"Arhitektonska vizualizacija"},"content":{"rendered":"<pre style=\"color: #000000;\"><code><style>\n.himage\n{\n\t-webkit-transition: opacity .4s ease-in-out 0s;\n\t-moz-transition: opacity .4s ease-in-out 0s;\n\t-o-transition: opacity .4s ease-in-out 0s;\n\ttransition: opacity .4s ease-in-out 0s;\n}\n<\/style><div style=\"position:relative;\"><img decoding=\"async\" src=\"http:\/\/www.arhns.uns.ac.rs\/digital\/wp-content\/uploads\/2013\/04\/Eeksterijer-nesic-jpg.jpg\" width=\"\" height=\"\" \/><img decoding=\"async\" class=\"himage\" src=\"http:\/\/www.arhns.uns.ac.rs\/digital\/wp-content\/uploads\/2013\/04\/Eksterijer-wireframe-FIN.jpg\" width=\"\" height=\"\" onmouseover=\"this.style.opacity=0;\" onmouseout=\"this.style.opacity=1;\" style=\"position:absolute; top:0; left:0;\" \/><\/div>\r\n<em>Render: Milica Ne\u0161i\u0107<\/em><\/code><\/pre>\n<p style=\"text-align: justify;\">U okviru predmeta arhitektonska vizualizacija studenti sti\u010du neophodne ve\u0161tine za generisanje i vizualizovanje kompleksnih arhitektonskih scena. Cilj programa je razvoj neophodnih ve\u0161tina u procesu izrade arhitektonskih rendera enterijera i eksterijera primenom savremenih softverskih alata za vizualizaciju (Vray i dodatni 3ds max pluginovi) i postprodukciju ( Adobe Photoshop i AfterEffects) kao i naprednih 3D alata i tehnika za modelovanje pomo\u0107u fotografija (Agisoft)<\/p>\n<p style=\"text-align: justify;\"><span style=\"color: #000000;\"><div id=\"slc-clear\" class=\"c\"><table style=\"width:100% !important;\" id=\"slc-clear\"    class=\"c\" cellspacing=\"0\" cellpadding=\"0\" border=\"0\"><tr id=\"slc-clear\" class=\"c\" ><td id=\"slc-clear\"  style=\"width:49% !important;\"    class=\"c\"><table style=\"width:100% !important;\" id=\"slc-vpostspace\"    class=\"c\" cellspacing=\"0\" cellpadding=\"0\" border=\"0\"><tr id=\"slc-clear\" class=\"c\" ><td id=\"slc-clear\"  style=\"width:100% !important;\"    class=\"c\"><table style=\"width:100% !important;\" id=\"slc-clear\"    class=\"c\" cellspacing=\"0\" cellpadding=\"0\" border=\"0\"><tr id=\"slc-clear\" class=\"c\" ><td id=\"slc-background0\"  style=\"width:100% !important;\"    class=\"c\"><table style=\"width:100% !important;\" id=\"slc-clear\"    class=\"c\" cellspacing=\"0\" cellpadding=\"0\" border=\"0\"><tr id=\"slc-clear\" class=\"c\" ><td id=\"slc-clear\"  style=\"width:357px !important;\"    class=\"c\"><a id =\"slc-clear\" href=\"https:\/\/www.arhns.uns.ac.rs\/digital\/vizualizacija-eksterijera\/\" ><img decoding=\"async\" id=\"slc-img\" class=\"c\" src=\"https:\/\/www.arhns.uns.ac.rs\/digital\/wp-content\/uploads\/2015\/09\/ekterijer-300x168.jpg\"  style=\"width:357px !important;height:200px !important;\"><\/a><\/td><td id=\"slc-hpostspace\"    class=\"c\"><\/td><td id=\"slc-clear\"    class=\"c\"><a  id=\"slc-title-layout7\"  class=\"c\" style=\"display:block !important;\" href=\"https:\/\/www.arhns.uns.ac.rs\/digital\/vizualizacija-eksterijera\/\">Vizualizacija eksterijera<\/a><\/td><\/tr><\/table><\/td><\/tr><\/table><\/td><\/tr><\/table><\/td><td id=\"slc-hpostspace\"    class=\"c\"><\/td><td id=\"slc-clear\"  style=\"width:49% !important;\"    class=\"c\"><table style=\"width:100% !important;\" id=\"slc-vpostspace\"    class=\"c\" cellspacing=\"0\" cellpadding=\"0\" border=\"0\"><tr id=\"slc-clear\" class=\"c\" ><td id=\"slc-clear\"  style=\"width:100% !important;\"    class=\"c\"><table style=\"width:100% !important;\" id=\"slc-clear\"    class=\"c\" cellspacing=\"0\" cellpadding=\"0\" border=\"0\"><tr id=\"slc-clear\" class=\"c\" ><td id=\"slc-background0\"  style=\"width:100% !important;\"    class=\"c\"><table style=\"width:100% !important;\" id=\"slc-clear\"    class=\"c\" cellspacing=\"0\" cellpadding=\"0\" border=\"0\"><tr id=\"slc-clear\" class=\"c\" ><td id=\"slc-clear\"  style=\"width:150px !important;\"    class=\"c\"><a id =\"slc-clear\" href=\"https:\/\/www.arhns.uns.ac.rs\/digital\/viualizacija-enterijera\/\" ><img decoding=\"async\" id=\"slc-img\" class=\"c\" src=\"https:\/\/www.arhns.uns.ac.rs\/digital\/wp-content\/uploads\/2015\/09\/Natasa-Jovanovic_enterijer-225x300.jpg\"  style=\"width:150px !important;height:200px !important;\"><\/a><\/td><td id=\"slc-hpostspace\"    class=\"c\"><\/td><td id=\"slc-clear\"    class=\"c\"><a  id=\"slc-title-layout7\"  class=\"c\" style=\"display:block !important;\" href=\"https:\/\/www.arhns.uns.ac.rs\/digital\/viualizacija-enterijera\/\">Vizualizacija enterijera<\/a><\/td><\/tr><\/table><\/td><\/tr><\/table><\/td><\/tr><\/table><\/td><\/tr><\/table><hr id=\"slc-layoutspace\"  class=\"c\" ><\/hr><\/div><\/span><\/p>\n<p>\u00a0Predmetni nastavnik:<\/p>\n<p>Doc dr Vesna Stojakovi\u0107, Marko Jovanovi\u0107<\/p>\n","protected":false},"excerpt":{"rendered":"<p>Render: Milica Ne\u0161i\u0107 U okviru predmeta arhitektonska vizualizacija studenti sti\u010du neophodne ve\u0161tine za generisanje i vizualizovanje kompleksnih arhitektonskih scena. Cilj programa je razvoj neophodnih ve\u0161tina u procesu izrade arhitektonskih rendera enterijera i eksterijera primenom savremenih softverskih alata za vizualizaciju (Vray<\/p>\n","protected":false},"author":4,"featured_media":233,"parent":379,"menu_order":0,"comment_status":"closed","ping_status":"closed","template":"","meta":{"footnotes":""},"class_list":["post-42","page","type-page","status-publish","has-post-thumbnail","hentry"],"yoast_head":"<!-- This site is optimized with the Yoast SEO plugin v24.7 - https:\/\/yoast.com\/wordpress\/plugins\/seo\/ -->\n<title>Arhitektonska vizualizacija - Digital Techniques, Design and Production in Architecture and Urbanism<\/title>\n<meta name=\"robots\" content=\"index, follow, max-snippet:-1, max-image-preview:large, max-video-preview:-1\" \/>\n<link rel=\"canonical\" href=\"https:\/\/www.arhns.uns.ac.rs\/digital\/sr\/predmeti\/arhitektonska-vizualizacija\/\" \/>\n<meta property=\"og:locale\" content=\"en_US\" \/>\n<meta property=\"og:type\" content=\"article\" \/>\n<meta property=\"og:title\" content=\"Arhitektonska vizualizacija - Digital Techniques, Design and Production in Architecture and Urbanism\" \/>\n<meta property=\"og:description\" content=\"Render: Milica Ne\u0161i\u0107 U okviru predmeta arhitektonska vizualizacija studenti sti\u010du neophodne ve\u0161tine za generisanje i vizualizovanje kompleksnih arhitektonskih scena. Cilj programa je razvoj neophodnih ve\u0161tina u procesu izrade arhitektonskih rendera enterijera i eksterijera primenom savremenih softverskih alata za vizualizaciju (Vray\" \/>\n<meta property=\"og:url\" content=\"https:\/\/www.arhns.uns.ac.rs\/digital\/sr\/predmeti\/arhitektonska-vizualizacija\/\" \/>\n<meta property=\"og:site_name\" content=\"Digital Techniques, Design and Production in Architecture and Urbanism\" \/>\n<meta property=\"article:modified_time\" content=\"2018-03-10T20:11:26+00:00\" \/>\n<meta property=\"og:image\" content=\"https:\/\/www.arhns.uns.ac.rs\/digital\/wp-content\/uploads\/2013\/04\/enterijer_RGB_001-1024x580.jpg\" \/>\n\t<meta property=\"og:image:width\" content=\"1024\" \/>\n\t<meta property=\"og:image:height\" content=\"580\" \/>\n\t<meta property=\"og:image:type\" content=\"image\/jpeg\" \/>\n<meta name=\"twitter:card\" content=\"summary_large_image\" \/>\n<meta name=\"twitter:label1\" content=\"Est. reading time\" \/>\n\t<meta name=\"twitter:data1\" content=\"1 minute\" \/>\n<script type=\"application\/ld+json\" class=\"yoast-schema-graph\">{\"@context\":\"https:\/\/schema.org\",\"@graph\":[{\"@type\":\"WebPage\",\"@id\":\"https:\/\/www.arhns.uns.ac.rs\/digital\/sr\/predmeti\/arhitektonska-vizualizacija\/\",\"url\":\"https:\/\/www.arhns.uns.ac.rs\/digital\/sr\/predmeti\/arhitektonska-vizualizacija\/\",\"name\":\"Arhitektonska vizualizacija - Digital Techniques, Design and Production in Architecture and Urbanism\",\"isPartOf\":{\"@id\":\"http:\/\/www.arhns.uns.ac.rs\/digital\/#website\"},\"primaryImageOfPage\":{\"@id\":\"https:\/\/www.arhns.uns.ac.rs\/digital\/sr\/predmeti\/arhitektonska-vizualizacija\/#primaryimage\"},\"image\":{\"@id\":\"https:\/\/www.arhns.uns.ac.rs\/digital\/sr\/predmeti\/arhitektonska-vizualizacija\/#primaryimage\"},\"thumbnailUrl\":\"https:\/\/www.arhns.uns.ac.rs\/digital\/wp-content\/uploads\/2013\/04\/enterijer_RGB_001.jpg\",\"datePublished\":\"2013-04-23T12:10:20+00:00\",\"dateModified\":\"2018-03-10T20:11:26+00:00\",\"breadcrumb\":{\"@id\":\"https:\/\/www.arhns.uns.ac.rs\/digital\/sr\/predmeti\/arhitektonska-vizualizacija\/#breadcrumb\"},\"inLanguage\":\"en-US\",\"potentialAction\":[{\"@type\":\"ReadAction\",\"target\":[\"https:\/\/www.arhns.uns.ac.rs\/digital\/sr\/predmeti\/arhitektonska-vizualizacija\/\"]}]},{\"@type\":\"ImageObject\",\"inLanguage\":\"en-US\",\"@id\":\"https:\/\/www.arhns.uns.ac.rs\/digital\/sr\/predmeti\/arhitektonska-vizualizacija\/#primaryimage\",\"url\":\"https:\/\/www.arhns.uns.ac.rs\/digital\/wp-content\/uploads\/2013\/04\/enterijer_RGB_001.jpg\",\"contentUrl\":\"https:\/\/www.arhns.uns.ac.rs\/digital\/wp-content\/uploads\/2013\/04\/enterijer_RGB_001.jpg\",\"width\":2482,\"height\":1406},{\"@type\":\"BreadcrumbList\",\"@id\":\"https:\/\/www.arhns.uns.ac.rs\/digital\/sr\/predmeti\/arhitektonska-vizualizacija\/#breadcrumb\",\"itemListElement\":[{\"@type\":\"ListItem\",\"position\":1,\"name\":\"Home\",\"item\":\"http:\/\/www.arhns.uns.ac.rs\/digital\/sr\/o-master-kursu\/\"},{\"@type\":\"ListItem\",\"position\":2,\"name\":\"Predmeti\",\"item\":\"https:\/\/www.arhns.uns.ac.rs\/digital\/sr\/predmeti\/\"},{\"@type\":\"ListItem\",\"position\":3,\"name\":\"Arhitektonska vizualizacija\"}]},{\"@type\":\"WebSite\",\"@id\":\"http:\/\/www.arhns.uns.ac.rs\/digital\/#website\",\"url\":\"http:\/\/www.arhns.uns.ac.rs\/digital\/\",\"name\":\"Digital Techniques, Design and Production in Architecture and Urbanism\",\"description\":\"Department for Architecture and Urbanism | Departman za arhitekturu i urbanizam\",\"potentialAction\":[{\"@type\":\"SearchAction\",\"target\":{\"@type\":\"EntryPoint\",\"urlTemplate\":\"http:\/\/www.arhns.uns.ac.rs\/digital\/?s={search_term_string}\"},\"query-input\":{\"@type\":\"PropertyValueSpecification\",\"valueRequired\":true,\"valueName\":\"search_term_string\"}}],\"inLanguage\":\"en-US\"}]}<\/script>\n<!-- \/ Yoast SEO plugin. -->","yoast_head_json":{"title":"Arhitektonska vizualizacija - Digital Techniques, Design and Production in Architecture and Urbanism","robots":{"index":"index","follow":"follow","max-snippet":"max-snippet:-1","max-image-preview":"max-image-preview:large","max-video-preview":"max-video-preview:-1"},"canonical":"https:\/\/www.arhns.uns.ac.rs\/digital\/sr\/predmeti\/arhitektonska-vizualizacija\/","og_locale":"en_US","og_type":"article","og_title":"Arhitektonska vizualizacija - Digital Techniques, Design and Production in Architecture and Urbanism","og_description":"Render: Milica Ne\u0161i\u0107 U okviru predmeta arhitektonska vizualizacija studenti sti\u010du neophodne ve\u0161tine za generisanje i vizualizovanje kompleksnih arhitektonskih scena. Cilj programa je razvoj neophodnih ve\u0161tina u procesu izrade arhitektonskih rendera enterijera i eksterijera primenom savremenih softverskih alata za vizualizaciju (Vray","og_url":"https:\/\/www.arhns.uns.ac.rs\/digital\/sr\/predmeti\/arhitektonska-vizualizacija\/","og_site_name":"Digital Techniques, Design and Production in Architecture and Urbanism","article_modified_time":"2018-03-10T20:11:26+00:00","og_image":[{"width":1024,"height":580,"url":"https:\/\/www.arhns.uns.ac.rs\/digital\/wp-content\/uploads\/2013\/04\/enterijer_RGB_001-1024x580.jpg","type":"image\/jpeg"}],"twitter_card":"summary_large_image","twitter_misc":{"Est. reading time":"1 minute"},"schema":{"@context":"https:\/\/schema.org","@graph":[{"@type":"WebPage","@id":"https:\/\/www.arhns.uns.ac.rs\/digital\/sr\/predmeti\/arhitektonska-vizualizacija\/","url":"https:\/\/www.arhns.uns.ac.rs\/digital\/sr\/predmeti\/arhitektonska-vizualizacija\/","name":"Arhitektonska vizualizacija - Digital Techniques, Design and Production in Architecture and Urbanism","isPartOf":{"@id":"http:\/\/www.arhns.uns.ac.rs\/digital\/#website"},"primaryImageOfPage":{"@id":"https:\/\/www.arhns.uns.ac.rs\/digital\/sr\/predmeti\/arhitektonska-vizualizacija\/#primaryimage"},"image":{"@id":"https:\/\/www.arhns.uns.ac.rs\/digital\/sr\/predmeti\/arhitektonska-vizualizacija\/#primaryimage"},"thumbnailUrl":"https:\/\/www.arhns.uns.ac.rs\/digital\/wp-content\/uploads\/2013\/04\/enterijer_RGB_001.jpg","datePublished":"2013-04-23T12:10:20+00:00","dateModified":"2018-03-10T20:11:26+00:00","breadcrumb":{"@id":"https:\/\/www.arhns.uns.ac.rs\/digital\/sr\/predmeti\/arhitektonska-vizualizacija\/#breadcrumb"},"inLanguage":"en-US","potentialAction":[{"@type":"ReadAction","target":["https:\/\/www.arhns.uns.ac.rs\/digital\/sr\/predmeti\/arhitektonska-vizualizacija\/"]}]},{"@type":"ImageObject","inLanguage":"en-US","@id":"https:\/\/www.arhns.uns.ac.rs\/digital\/sr\/predmeti\/arhitektonska-vizualizacija\/#primaryimage","url":"https:\/\/www.arhns.uns.ac.rs\/digital\/wp-content\/uploads\/2013\/04\/enterijer_RGB_001.jpg","contentUrl":"https:\/\/www.arhns.uns.ac.rs\/digital\/wp-content\/uploads\/2013\/04\/enterijer_RGB_001.jpg","width":2482,"height":1406},{"@type":"BreadcrumbList","@id":"https:\/\/www.arhns.uns.ac.rs\/digital\/sr\/predmeti\/arhitektonska-vizualizacija\/#breadcrumb","itemListElement":[{"@type":"ListItem","position":1,"name":"Home","item":"http:\/\/www.arhns.uns.ac.rs\/digital\/sr\/o-master-kursu\/"},{"@type":"ListItem","position":2,"name":"Predmeti","item":"https:\/\/www.arhns.uns.ac.rs\/digital\/sr\/predmeti\/"},{"@type":"ListItem","position":3,"name":"Arhitektonska vizualizacija"}]},{"@type":"WebSite","@id":"http:\/\/www.arhns.uns.ac.rs\/digital\/#website","url":"http:\/\/www.arhns.uns.ac.rs\/digital\/","name":"Digital Techniques, Design and Production in Architecture and Urbanism","description":"Department for Architecture and Urbanism | Departman za arhitekturu i urbanizam","potentialAction":[{"@type":"SearchAction","target":{"@type":"EntryPoint","urlTemplate":"http:\/\/www.arhns.uns.ac.rs\/digital\/?s={search_term_string}"},"query-input":{"@type":"PropertyValueSpecification","valueRequired":true,"valueName":"search_term_string"}}],"inLanguage":"en-US"}]}},"_links":{"self":[{"href":"https:\/\/www.arhns.uns.ac.rs\/digital\/wp-json\/wp\/v2\/pages\/42","targetHints":{"allow":["GET"]}}],"collection":[{"href":"https:\/\/www.arhns.uns.ac.rs\/digital\/wp-json\/wp\/v2\/pages"}],"about":[{"href":"https:\/\/www.arhns.uns.ac.rs\/digital\/wp-json\/wp\/v2\/types\/page"}],"author":[{"embeddable":true,"href":"https:\/\/www.arhns.uns.ac.rs\/digital\/wp-json\/wp\/v2\/users\/4"}],"replies":[{"embeddable":true,"href":"https:\/\/www.arhns.uns.ac.rs\/digital\/wp-json\/wp\/v2\/comments?post=42"}],"version-history":[{"count":31,"href":"https:\/\/www.arhns.uns.ac.rs\/digital\/wp-json\/wp\/v2\/pages\/42\/revisions"}],"predecessor-version":[{"id":1308,"href":"https:\/\/www.arhns.uns.ac.rs\/digital\/wp-json\/wp\/v2\/pages\/42\/revisions\/1308"}],"up":[{"embeddable":true,"href":"https:\/\/www.arhns.uns.ac.rs\/digital\/wp-json\/wp\/v2\/pages\/379"}],"wp:featuredmedia":[{"embeddable":true,"href":"https:\/\/www.arhns.uns.ac.rs\/digital\/wp-json\/wp\/v2\/media\/233"}],"wp:attachment":[{"href":"https:\/\/www.arhns.uns.ac.rs\/digital\/wp-json\/wp\/v2\/media?parent=42"}],"curies":[{"name":"wp","href":"https:\/\/api.w.org\/{rel}","templated":true}]}}