{"id":370,"date":"2015-08-27T13:43:09","date_gmt":"2015-08-27T13:43:09","guid":{"rendered":"http:\/\/www.arhns.uns.ac.rs\/digital\/?page_id=370"},"modified":"2018-03-10T20:00:35","modified_gmt":"2018-03-10T20:00:35","slug":"digitalni-dizajn","status":"publish","type":"page","link":"https:\/\/www.arhns.uns.ac.rs\/digital\/predmeti\/digitalni-dizajn\/","title":{"rendered":"Digitalni dizajn"},"content":{"rendered":"<p>Predmet Digitalni dizajn obuhvata teorijske i prakti\u010dne okvire nove paradigme u arhitekturi koja se oslanja na primenu digitalnih tehnologija u arhitekturi. U okviru kursa re\u0161avaju se prakti\u010dni problemi primenom savremenih alata za parametarsko modelovanje (Grasshopper Rhinoceros), kao i razli\u010diti alati za optimizaciju geometrijskih formi u cilju pove\u0107anja energetskih i strukturalnih performansi objekta kao \u0161to su Autodesk Ecotect i genetski algoritmi.<\/p>\n<p>Studentski radovi:<\/p>\n<p><span style=\"color: #000000;\"><div id=\"slc-clear\" class=\"c\"><table style=\"width:100% !important;\" id=\"slc-vpostspace\"    class=\"c\" cellspacing=\"0\" cellpadding=\"0\" border=\"0\"><tr id=\"slc-clear\" class=\"c\" ><td id=\"slc-clear\"  style=\"width:100% !important;\"    class=\"c\"><table style=\"width:100% !important;\" id=\"slc-clear\"    class=\"c\" cellspacing=\"0\" cellpadding=\"0\" border=\"0\"><tr id=\"slc-clear\" class=\"c\" ><td id=\"slc-background0\"  style=\"width:100% !important;\"    class=\"c\"><table style=\"width:100% !important;\" id=\"slc-clear\"    class=\"c\" cellspacing=\"0\" cellpadding=\"0\" border=\"0\"><tr id=\"slc-clear\" class=\"c\" ><td id=\"slc-clear\"  style=\"width:200px !important;\"    class=\"c\"><a id =\"slc-clear\" href=\"https:\/\/www.arhns.uns.ac.rs\/digital\/string-art-sr\/\" ><img decoding=\"async\" id=\"slc-img\" class=\"c\" src=\"https:\/\/www.arhns.uns.ac.rs\/digital\/wp-content\/uploads\/2023\/03\/3dPrikaz-2-e1679345109971-300x300.jpg\"  style=\"width:200px !important;height:200px !important;\"><\/a><\/td><td id=\"slc-hpostspace\"    class=\"c\"><\/td><td id=\"slc-clear\"    class=\"c\"><a  id=\"slc-title-layout1\"  class=\"c\" style=\"display:block !important;\" href=\"https:\/\/www.arhns.uns.ac.rs\/digital\/string-art-sr\/\">String art<\/a><a  id=\"slc-excerpt-layout1\"  class=\"c\" style=\"display:block !important;\" href=\"https:\/\/www.arhns.uns.ac.rs\/digital\/string-art-sr\/\">String art nastaje upotrebom kanapa ili \u017eice, koji se prepli\u0107u oko unapred postavljenih \u010dioda, a u cilju dobijanja odre\u0111enih oblika i\/ili prikaza. U okviru rada ovaj tip dela primenjivao se u enterijeru, a primenom digitalnog dizajna.<\/a><\/td><\/tr><\/table><\/td><\/tr><\/table><\/td><\/tr><\/table><table style=\"width:100% !important;\" id=\"slc-vpostspace\"    class=\"c\" cellspacing=\"0\" cellpadding=\"0\" border=\"0\"><tr id=\"slc-clear\" class=\"c\" ><td id=\"slc-clear\"  style=\"width:100% !important;\"    class=\"c\"><table style=\"width:100% !important;\" id=\"slc-clear\"    class=\"c\" cellspacing=\"0\" cellpadding=\"0\" border=\"0\"><tr id=\"slc-clear\" class=\"c\" ><td id=\"slc-background0\"  style=\"width:100% !important;\"    class=\"c\"><table style=\"width:100% !important;\" id=\"slc-clear\"    class=\"c\" cellspacing=\"0\" cellpadding=\"0\" border=\"0\"><tr id=\"slc-clear\" class=\"c\" ><td id=\"slc-clear\"  style=\"width:200px !important;\"    class=\"c\"><a id =\"slc-clear\" href=\"https:\/\/www.arhns.uns.ac.rs\/digital\/polica-za-patike\/\" ><img decoding=\"async\" id=\"slc-img\" class=\"c\" src=\"https:\/\/www.arhns.uns.ac.rs\/digital\/wp-content\/uploads\/2023\/03\/finalni-render-3-e1679344996975-300x300.jpg\"  style=\"width:200px !important;height:200px !important;\"><\/a><\/td><td id=\"slc-hpostspace\"    class=\"c\"><\/td><td id=\"slc-clear\"    class=\"c\"><a  id=\"slc-title-layout1\"  class=\"c\" style=\"display:block !important;\" href=\"https:\/\/www.arhns.uns.ac.rs\/digital\/polica-za-patike\/\">Polica za patike<\/a><a  id=\"slc-excerpt-layout1\"  class=\"c\" style=\"display:block !important;\" href=\"https:\/\/www.arhns.uns.ac.rs\/digital\/polica-za-patike\/\">Neinventivnost maloprodajnih objekata u izlaganju svojih proizvoda i njihovog adekvatnog predstavljanja potro\u0161a\u010dima predstavlja sr\u017e ideje ovog projekta.<\/a><\/td><\/tr><\/table><\/td><\/tr><\/table><\/td><\/tr><\/table><table style=\"width:100% !important;\" id=\"slc-vpostspace\"    class=\"c\" cellspacing=\"0\" cellpadding=\"0\" border=\"0\"><tr id=\"slc-clear\" class=\"c\" ><td id=\"slc-clear\"  style=\"width:100% !important;\"    class=\"c\"><table style=\"width:100% !important;\" id=\"slc-clear\"    class=\"c\" cellspacing=\"0\" cellpadding=\"0\" border=\"0\"><tr id=\"slc-clear\" class=\"c\" ><td id=\"slc-background0\"  style=\"width:100% !important;\"    class=\"c\"><table style=\"width:100% !important;\" id=\"slc-clear\"    class=\"c\" cellspacing=\"0\" cellpadding=\"0\" border=\"0\"><tr id=\"slc-clear\" class=\"c\" ><td id=\"slc-clear\"  style=\"width:200px !important;\"    class=\"c\"><a id =\"slc-clear\" href=\"https:\/\/www.arhns.uns.ac.rs\/digital\/penrose-origami-paviljon\/\" ><img decoding=\"async\" id=\"slc-img\" class=\"c\" src=\"https:\/\/www.arhns.uns.ac.rs\/digital\/wp-content\/uploads\/2018\/06\/3.1-low-e1530110064319-300x300.jpg\"  style=\"width:200px !important;height:200px !important;\"><\/a><\/td><td id=\"slc-hpostspace\"    class=\"c\"><\/td><td id=\"slc-clear\"    class=\"c\"><a  id=\"slc-title-layout1\"  class=\"c\" style=\"display:block !important;\" href=\"https:\/\/www.arhns.uns.ac.rs\/digital\/penrose-origami-paviljon\/\">Penrose origami paviljon<\/a><a  id=\"slc-excerpt-layout1\"  class=\"c\" style=\"display:block !important;\" href=\"https:\/\/www.arhns.uns.ac.rs\/digital\/penrose-origami-paviljon\/\">Origami paviljon je poku\u0161aj da se odgovori na nastale izazove u izgradnji samonosivih struktura. Vec\u0301ina samonosivih struktura zahteva ogromnu oplatu ili druge na\u010dine za podr\u0161ku delova na mestu pre nego \u0161to se cela konstrukcija podigne i\u00a0ne na\u0111e\u00a0unutar svoje stati\u010dke ravnote\u017ee.<\/a><\/td><\/tr><\/table><\/td><\/tr><\/table><\/td><\/tr><\/table><table style=\"width:100% !important;\" id=\"slc-vpostspace\"    class=\"c\" cellspacing=\"0\" cellpadding=\"0\" border=\"0\"><tr id=\"slc-clear\" class=\"c\" ><td id=\"slc-clear\"  style=\"width:100% !important;\"    class=\"c\"><table style=\"width:100% !important;\" id=\"slc-clear\"    class=\"c\" cellspacing=\"0\" cellpadding=\"0\" border=\"0\"><tr id=\"slc-clear\" class=\"c\" ><td id=\"slc-background0\"  style=\"width:100% !important;\"    class=\"c\"><table style=\"width:100% !important;\" id=\"slc-clear\"    class=\"c\" cellspacing=\"0\" cellpadding=\"0\" border=\"0\"><tr id=\"slc-clear\" class=\"c\" ><td id=\"slc-clear\"  style=\"width:200px !important;\"    class=\"c\"><a id =\"slc-clear\" href=\"https:\/\/www.arhns.uns.ac.rs\/digital\/nadstresnica-na-tribinama-stadiona-u-vrscu\/\" ><img decoding=\"async\" id=\"slc-img\" class=\"c\" src=\"https:\/\/www.arhns.uns.ac.rs\/digital\/wp-content\/uploads\/2017\/05\/Fotomontaza12-300x300.jpg\"  style=\"width:200px !important;height:200px !important;\"><\/a><\/td><td id=\"slc-hpostspace\"    class=\"c\"><\/td><td id=\"slc-clear\"    class=\"c\"><a  id=\"slc-title-layout1\"  class=\"c\" style=\"display:block !important;\" href=\"https:\/\/www.arhns.uns.ac.rs\/digital\/nadstresnica-na-tribinama-stadiona-u-vrscu\/\">Nadstre\u0161nica na tribinama stadiona u Vr\u0161cu<\/a><a  id=\"slc-excerpt-layout1\"  class=\"c\" style=\"display:block !important;\" href=\"https:\/\/www.arhns.uns.ac.rs\/digital\/nadstresnica-na-tribinama-stadiona-u-vrscu\/\">Gradski stadion u Vr\u0161cu ne poseduje nadstre\u0161nicu nad tribinama, \u0161to rezultuje time da stanovnici grada pose\u0107uju utakmice i de\u0161avanja na stadionu samo tokom idealnih vremenskih uslova za boravak na otvorenom.<\/a><\/td><\/tr><\/table><\/td><\/tr><\/table><\/td><\/tr><\/table><table style=\"width:100% !important;\" id=\"slc-vpostspace\"    class=\"c\" cellspacing=\"0\" cellpadding=\"0\" border=\"0\"><tr id=\"slc-clear\" class=\"c\" ><td id=\"slc-clear\"  style=\"width:100% !important;\"    class=\"c\"><table style=\"width:100% !important;\" id=\"slc-clear\"    class=\"c\" cellspacing=\"0\" cellpadding=\"0\" border=\"0\"><tr id=\"slc-clear\" class=\"c\" ><td id=\"slc-background0\"  style=\"width:100% !important;\"    class=\"c\"><table style=\"width:100% !important;\" id=\"slc-clear\"    class=\"c\" cellspacing=\"0\" cellpadding=\"0\" border=\"0\"><tr id=\"slc-clear\" class=\"c\" ><td id=\"slc-clear\"  style=\"width:200px !important;\"    class=\"c\"><a id =\"slc-clear\" href=\"https:\/\/www.arhns.uns.ac.rs\/digital\/fasada-centralne-zgrade-rektorata\/\" ><img decoding=\"async\" id=\"slc-img\" class=\"c\" src=\"https:\/\/www.arhns.uns.ac.rs\/digital\/wp-content\/uploads\/2016\/07\/Jovana_Kovacevic_featured-300x300.jpg\"  style=\"width:200px !important;height:200px !important;\"><\/a><\/td><td id=\"slc-hpostspace\"    class=\"c\"><\/td><td id=\"slc-clear\"    class=\"c\"><a  id=\"slc-title-layout1\"  class=\"c\" style=\"display:block !important;\" href=\"https:\/\/www.arhns.uns.ac.rs\/digital\/fasada-centralne-zgrade-rektorata\/\">Fasada Biofilija<\/a><a  id=\"slc-excerpt-layout1\"  class=\"c\" style=\"display:block !important;\" href=\"https:\/\/www.arhns.uns.ac.rs\/digital\/fasada-centralne-zgrade-rektorata\/\">Moderni psiholozi u preko 60 objavljenih nau\u010dnih studija podr\u017eavaju tezu \"biofilije\", prema kojoj ljudi pozitivno reaguju na oblike proistekle iz prirode. Posmatranjem odre\u0111enih fraktalnih oblika smanjuje se stres, uti\u010de se na mozak, srce i nervni sistem.<\/a><\/td><\/tr><\/table><\/td><\/tr><\/table><\/td><\/tr><\/table><table style=\"width:100% !important;\" id=\"slc-vpostspace\"    class=\"c\" cellspacing=\"0\" cellpadding=\"0\" border=\"0\"><tr id=\"slc-clear\" class=\"c\" ><td id=\"slc-clear\"  style=\"width:100% !important;\"    class=\"c\"><table style=\"width:100% !important;\" id=\"slc-clear\"    class=\"c\" cellspacing=\"0\" cellpadding=\"0\" border=\"0\"><tr id=\"slc-clear\" class=\"c\" ><td id=\"slc-background0\"  style=\"width:100% !important;\"    class=\"c\"><table style=\"width:100% !important;\" id=\"slc-clear\"    class=\"c\" cellspacing=\"0\" cellpadding=\"0\" border=\"0\"><tr id=\"slc-clear\" class=\"c\" ><td id=\"slc-clear\"  style=\"width:200px !important;\"    class=\"c\"><a id =\"slc-clear\" href=\"https:\/\/www.arhns.uns.ac.rs\/digital\/adaptacija-kluba-quarter-u-novom-sadu\/\" ><img decoding=\"async\" id=\"slc-img\" class=\"c\" src=\"https:\/\/www.arhns.uns.ac.rs\/digital\/wp-content\/uploads\/2015\/08\/nocna-scena-featured-300x300.jpg\"  style=\"width:200px !important;height:200px !important;\"><\/a><\/td><td id=\"slc-hpostspace\"    class=\"c\"><\/td><td id=\"slc-clear\"    class=\"c\"><a  id=\"slc-title-layout1\"  class=\"c\" style=\"display:block !important;\" href=\"https:\/\/www.arhns.uns.ac.rs\/digital\/adaptacija-kluba-quarter-u-novom-sadu\/\">Adaptacija kluba Quarter u Novom Sadu<\/a><a  id=\"slc-excerpt-layout1\"  class=\"c\" style=\"display:block !important;\" href=\"https:\/\/www.arhns.uns.ac.rs\/digital\/adaptacija-kluba-quarter-u-novom-sadu\/\">Cilj ovog projekta bio je da se zadati prostor prilagodi reprodukciji muzike odre\u0111enog \u017eanra, u ovom slu\u010daju rock i metal muzike (kroz analizu akustike prostora i izrade projekta akustike), pobolj\u0161a kontrola insolacije, pobolj\u0161a termoizolacija, kao i podizanje ambijentalnih vrednosti objekta.<\/a><\/td><\/tr><\/table><\/td><\/tr><\/table><\/td><\/tr><\/table><table style=\"width:100% !important;\" id=\"slc-vpostspace\"    class=\"c\" cellspacing=\"0\" cellpadding=\"0\" border=\"0\"><tr id=\"slc-clear\" class=\"c\" ><td id=\"slc-clear\"  style=\"width:100% !important;\"    class=\"c\"><table style=\"width:100% !important;\" id=\"slc-clear\"    class=\"c\" cellspacing=\"0\" cellpadding=\"0\" border=\"0\"><tr id=\"slc-clear\" class=\"c\" ><td id=\"slc-background0\"  style=\"width:100% !important;\"    class=\"c\"><table style=\"width:100% !important;\" id=\"slc-clear\"    class=\"c\" cellspacing=\"0\" cellpadding=\"0\" border=\"0\"><tr id=\"slc-clear\" class=\"c\" ><td id=\"slc-clear\"  style=\"width:200px !important;\"    class=\"c\"><a id =\"slc-clear\" href=\"https:\/\/www.arhns.uns.ac.rs\/digital\/nadstresnica-kod-zeleznicke-stanice-u-novom-sadu\/\" ><img decoding=\"async\" id=\"slc-img\" class=\"c\" src=\"https:\/\/www.arhns.uns.ac.rs\/digital\/wp-content\/uploads\/2016\/07\/ines-featured-300x300.jpg\"  style=\"width:200px !important;height:200px !important;\"><\/a><\/td><td id=\"slc-hpostspace\"    class=\"c\"><\/td><td id=\"slc-clear\"    class=\"c\"><a  id=\"slc-title-layout1\"  class=\"c\" style=\"display:block !important;\" href=\"https:\/\/www.arhns.uns.ac.rs\/digital\/nadstresnica-kod-zeleznicke-stanice-u-novom-sadu\/\">Nadstre\u0161nica kod \u017delezni\u010dke stanice u Novom Sadu<\/a><a  id=\"slc-excerpt-layout1\"  class=\"c\" style=\"display:block !important;\" href=\"https:\/\/www.arhns.uns.ac.rs\/digital\/nadstresnica-kod-zeleznicke-stanice-u-novom-sadu\/\">Samo \u2013 organizuju\u0107i sistemi: multi agentni sistemi \u2013 inteligencija jata.<\/a><\/td><\/tr><\/table><\/td><\/tr><\/table><\/td><\/tr><\/table><table style=\"width:100% !important;\" id=\"slc-vpostspace\"    class=\"c\" cellspacing=\"0\" cellpadding=\"0\" border=\"0\"><tr id=\"slc-clear\" class=\"c\" ><td id=\"slc-clear\"  style=\"width:100% !important;\"    class=\"c\"><table style=\"width:100% !important;\" id=\"slc-clear\"    class=\"c\" cellspacing=\"0\" cellpadding=\"0\" border=\"0\"><tr id=\"slc-clear\" class=\"c\" ><td id=\"slc-background0\"  style=\"width:100% !important;\"    class=\"c\"><table style=\"width:100% !important;\" id=\"slc-clear\"    class=\"c\" cellspacing=\"0\" cellpadding=\"0\" border=\"0\"><tr id=\"slc-clear\" class=\"c\" ><td id=\"slc-clear\"  style=\"width:267px !important;\"    class=\"c\"><a id =\"slc-clear\" href=\"https:\/\/www.arhns.uns.ac.rs\/digital\/fotogami-interaktivna-fasada\/\" ><img decoding=\"async\" id=\"slc-img\" class=\"c\" src=\"https:\/\/www.arhns.uns.ac.rs\/digital\/wp-content\/uploads\/2015\/08\/fotomontaza-300x225.jpg\"  style=\"width:267px !important;height:200px !important;\"><\/a><\/td><td id=\"slc-hpostspace\"    class=\"c\"><\/td><td id=\"slc-clear\"    class=\"c\"><a  id=\"slc-title-layout1\"  class=\"c\" style=\"display:block !important;\" href=\"https:\/\/www.arhns.uns.ac.rs\/digital\/fotogami-interaktivna-fasada\/\">fotoGAMI - Interaktivna fasada<\/a><a  id=\"slc-excerpt-layout1\"  class=\"c\" style=\"display:block !important;\" href=\"https:\/\/www.arhns.uns.ac.rs\/digital\/fotogami-interaktivna-fasada\/\">Zgrada Radni\u010dkog univerziteta u Novom Sadu\u00a0je izgorela u po\u017earu\u00a02014. godine i do danas nije obnovljena. Svojom visinom oduvijek je bila urbani reper. Cilj projekta bio je rekonstrukcija fasade interaktivnom ljuskom \u010diji se pokret mo\u017ee programirati ili prilagoditi razli\u010ditim potrebama.<\/a><\/td><\/tr><\/table><\/td><\/tr><\/table><\/td><\/tr><\/table><table style=\"width:100% !important;\" id=\"slc-vpostspace\"    class=\"c\" cellspacing=\"0\" cellpadding=\"0\" border=\"0\"><tr id=\"slc-clear\" class=\"c\" ><td id=\"slc-clear\"  style=\"width:100% !important;\"    class=\"c\"><table style=\"width:100% !important;\" id=\"slc-clear\"    class=\"c\" cellspacing=\"0\" cellpadding=\"0\" border=\"0\"><tr id=\"slc-clear\" class=\"c\" ><td id=\"slc-background0\"  style=\"width:100% !important;\"    class=\"c\"><table style=\"width:100% !important;\" id=\"slc-clear\"    class=\"c\" cellspacing=\"0\" cellpadding=\"0\" border=\"0\"><tr id=\"slc-clear\" class=\"c\" ><td id=\"slc-clear\"  style=\"width:200px !important;\"    class=\"c\"><a id =\"slc-clear\" href=\"https:\/\/www.arhns.uns.ac.rs\/digital\/kula-beograd\/\" ><img decoding=\"async\" id=\"slc-img\" class=\"c\" src=\"https:\/\/www.arhns.uns.ac.rs\/digital\/wp-content\/uploads\/2015\/08\/milica-1-300x300.jpg\"  style=\"width:200px !important;height:200px !important;\"><\/a><\/td><td id=\"slc-hpostspace\"    class=\"c\"><\/td><td id=\"slc-clear\"    class=\"c\"><a  id=\"slc-title-layout1\"  class=\"c\" style=\"display:block !important;\" href=\"https:\/\/www.arhns.uns.ac.rs\/digital\/kula-beograd\/\">Kula Beograd<\/a><a  id=\"slc-excerpt-layout1\"  class=\"c\" style=\"display:block !important;\" href=\"https:\/\/www.arhns.uns.ac.rs\/digital\/kula-beograd\/\">Projekat\u00a0kule Beograd je studija koja je istra\u017eivala razli\u010dite pristupe za projektovanje zgrada visoke osetljivosti na razli\u010dite uticaje okoline kao \u0161to su insolacija i vetar. Oblik nebodera je optimizovan tako da dobije maksimalnu sun\u010devu svetlost i istovremeno smanjuje uticaj vetra.<\/a><\/td><\/tr><\/table><\/td><\/tr><\/table><\/td><\/tr><\/table><hr id=\"slc-layoutspace\"  class=\"c\" ><\/hr><\/div><\/span><\/p>\n<p>Predmetni nastavnici:<\/p>\n<p>Doc. Dr Bojan Tepav\u010devi\u0107, Marko Jovanovi\u0107<\/p>\n<p>&nbsp;<\/p>\n<p>&nbsp;<\/p>\n<p>&nbsp;<\/p>\n","protected":false},"excerpt":{"rendered":"<p>Predmet Digitalni dizajn obuhvata teorijske i prakti\u010dne okvire nove paradigme u arhitekturi koja se oslanja na primenu digitalnih tehnologija u arhitekturi. U okviru kursa re\u0161avaju se prakti\u010dni problemi primenom savremenih alata za parametarsko modelovanje (Grasshopper Rhinoceros), kao i razli\u010diti alati<\/p>\n","protected":false},"author":4,"featured_media":0,"parent":379,"menu_order":0,"comment_status":"closed","ping_status":"closed","template":"","meta":{"footnotes":""},"class_list":["post-370","page","type-page","status-publish","hentry"],"yoast_head":"<!-- This site is optimized with the Yoast SEO plugin v24.7 - https:\/\/yoast.com\/wordpress\/plugins\/seo\/ -->\n<title>Digitalni dizajn - Digital Techniques, Design and Production in Architecture and Urbanism<\/title>\n<meta name=\"robots\" content=\"index, follow, max-snippet:-1, max-image-preview:large, max-video-preview:-1\" \/>\n<link rel=\"canonical\" href=\"https:\/\/www.arhns.uns.ac.rs\/digital\/sr\/predmeti\/digitalni-dizajn\/\" \/>\n<meta property=\"og:locale\" content=\"en_US\" \/>\n<meta property=\"og:type\" content=\"article\" \/>\n<meta property=\"og:title\" content=\"Digitalni dizajn - Digital Techniques, Design and Production in Architecture and Urbanism\" \/>\n<meta property=\"og:description\" content=\"Predmet Digitalni dizajn obuhvata teorijske i prakti\u010dne okvire nove paradigme u arhitekturi koja se oslanja na primenu digitalnih tehnologija u arhitekturi. U okviru kursa re\u0161avaju se prakti\u010dni problemi primenom savremenih alata za parametarsko modelovanje (Grasshopper Rhinoceros), kao i razli\u010diti alati\" \/>\n<meta property=\"og:url\" content=\"https:\/\/www.arhns.uns.ac.rs\/digital\/sr\/predmeti\/digitalni-dizajn\/\" \/>\n<meta property=\"og:site_name\" content=\"Digital Techniques, Design and Production in Architecture and Urbanism\" \/>\n<meta property=\"article:modified_time\" content=\"2018-03-10T20:00:35+00:00\" \/>\n<meta name=\"twitter:card\" content=\"summary_large_image\" \/>\n<script type=\"application\/ld+json\" class=\"yoast-schema-graph\">{\"@context\":\"https:\/\/schema.org\",\"@graph\":[{\"@type\":\"WebPage\",\"@id\":\"https:\/\/www.arhns.uns.ac.rs\/digital\/sr\/predmeti\/digitalni-dizajn\/\",\"url\":\"https:\/\/www.arhns.uns.ac.rs\/digital\/sr\/predmeti\/digitalni-dizajn\/\",\"name\":\"Digitalni dizajn - Digital Techniques, Design and Production in Architecture and Urbanism\",\"isPartOf\":{\"@id\":\"http:\/\/www.arhns.uns.ac.rs\/digital\/#website\"},\"datePublished\":\"2015-08-27T13:43:09+00:00\",\"dateModified\":\"2018-03-10T20:00:35+00:00\",\"breadcrumb\":{\"@id\":\"https:\/\/www.arhns.uns.ac.rs\/digital\/sr\/predmeti\/digitalni-dizajn\/#breadcrumb\"},\"inLanguage\":\"en-US\",\"potentialAction\":[{\"@type\":\"ReadAction\",\"target\":[\"https:\/\/www.arhns.uns.ac.rs\/digital\/sr\/predmeti\/digitalni-dizajn\/\"]}]},{\"@type\":\"BreadcrumbList\",\"@id\":\"https:\/\/www.arhns.uns.ac.rs\/digital\/sr\/predmeti\/digitalni-dizajn\/#breadcrumb\",\"itemListElement\":[{\"@type\":\"ListItem\",\"position\":1,\"name\":\"Home\",\"item\":\"http:\/\/www.arhns.uns.ac.rs\/digital\/sr\/o-master-kursu\/\"},{\"@type\":\"ListItem\",\"position\":2,\"name\":\"Predmeti\",\"item\":\"https:\/\/www.arhns.uns.ac.rs\/digital\/sr\/predmeti\/\"},{\"@type\":\"ListItem\",\"position\":3,\"name\":\"Digitalni dizajn\"}]},{\"@type\":\"WebSite\",\"@id\":\"http:\/\/www.arhns.uns.ac.rs\/digital\/#website\",\"url\":\"http:\/\/www.arhns.uns.ac.rs\/digital\/\",\"name\":\"Digital Techniques, Design and Production in Architecture and Urbanism\",\"description\":\"Department for Architecture and Urbanism | Departman za arhitekturu i urbanizam\",\"potentialAction\":[{\"@type\":\"SearchAction\",\"target\":{\"@type\":\"EntryPoint\",\"urlTemplate\":\"http:\/\/www.arhns.uns.ac.rs\/digital\/?s={search_term_string}\"},\"query-input\":{\"@type\":\"PropertyValueSpecification\",\"valueRequired\":true,\"valueName\":\"search_term_string\"}}],\"inLanguage\":\"en-US\"}]}<\/script>\n<!-- \/ Yoast SEO plugin. -->","yoast_head_json":{"title":"Digitalni dizajn - Digital Techniques, Design and Production in Architecture and Urbanism","robots":{"index":"index","follow":"follow","max-snippet":"max-snippet:-1","max-image-preview":"max-image-preview:large","max-video-preview":"max-video-preview:-1"},"canonical":"https:\/\/www.arhns.uns.ac.rs\/digital\/sr\/predmeti\/digitalni-dizajn\/","og_locale":"en_US","og_type":"article","og_title":"Digitalni dizajn - Digital Techniques, Design and Production in Architecture and Urbanism","og_description":"Predmet Digitalni dizajn obuhvata teorijske i prakti\u010dne okvire nove paradigme u arhitekturi koja se oslanja na primenu digitalnih tehnologija u arhitekturi. U okviru kursa re\u0161avaju se prakti\u010dni problemi primenom savremenih alata za parametarsko modelovanje (Grasshopper Rhinoceros), kao i razli\u010diti alati","og_url":"https:\/\/www.arhns.uns.ac.rs\/digital\/sr\/predmeti\/digitalni-dizajn\/","og_site_name":"Digital Techniques, Design and Production in Architecture and Urbanism","article_modified_time":"2018-03-10T20:00:35+00:00","twitter_card":"summary_large_image","schema":{"@context":"https:\/\/schema.org","@graph":[{"@type":"WebPage","@id":"https:\/\/www.arhns.uns.ac.rs\/digital\/sr\/predmeti\/digitalni-dizajn\/","url":"https:\/\/www.arhns.uns.ac.rs\/digital\/sr\/predmeti\/digitalni-dizajn\/","name":"Digitalni dizajn - Digital Techniques, Design and Production in Architecture and Urbanism","isPartOf":{"@id":"http:\/\/www.arhns.uns.ac.rs\/digital\/#website"},"datePublished":"2015-08-27T13:43:09+00:00","dateModified":"2018-03-10T20:00:35+00:00","breadcrumb":{"@id":"https:\/\/www.arhns.uns.ac.rs\/digital\/sr\/predmeti\/digitalni-dizajn\/#breadcrumb"},"inLanguage":"en-US","potentialAction":[{"@type":"ReadAction","target":["https:\/\/www.arhns.uns.ac.rs\/digital\/sr\/predmeti\/digitalni-dizajn\/"]}]},{"@type":"BreadcrumbList","@id":"https:\/\/www.arhns.uns.ac.rs\/digital\/sr\/predmeti\/digitalni-dizajn\/#breadcrumb","itemListElement":[{"@type":"ListItem","position":1,"name":"Home","item":"http:\/\/www.arhns.uns.ac.rs\/digital\/sr\/o-master-kursu\/"},{"@type":"ListItem","position":2,"name":"Predmeti","item":"https:\/\/www.arhns.uns.ac.rs\/digital\/sr\/predmeti\/"},{"@type":"ListItem","position":3,"name":"Digitalni dizajn"}]},{"@type":"WebSite","@id":"http:\/\/www.arhns.uns.ac.rs\/digital\/#website","url":"http:\/\/www.arhns.uns.ac.rs\/digital\/","name":"Digital Techniques, Design and Production in Architecture and Urbanism","description":"Department for Architecture and Urbanism | Departman za arhitekturu i urbanizam","potentialAction":[{"@type":"SearchAction","target":{"@type":"EntryPoint","urlTemplate":"http:\/\/www.arhns.uns.ac.rs\/digital\/?s={search_term_string}"},"query-input":{"@type":"PropertyValueSpecification","valueRequired":true,"valueName":"search_term_string"}}],"inLanguage":"en-US"}]}},"_links":{"self":[{"href":"https:\/\/www.arhns.uns.ac.rs\/digital\/wp-json\/wp\/v2\/pages\/370","targetHints":{"allow":["GET"]}}],"collection":[{"href":"https:\/\/www.arhns.uns.ac.rs\/digital\/wp-json\/wp\/v2\/pages"}],"about":[{"href":"https:\/\/www.arhns.uns.ac.rs\/digital\/wp-json\/wp\/v2\/types\/page"}],"author":[{"embeddable":true,"href":"https:\/\/www.arhns.uns.ac.rs\/digital\/wp-json\/wp\/v2\/users\/4"}],"replies":[{"embeddable":true,"href":"https:\/\/www.arhns.uns.ac.rs\/digital\/wp-json\/wp\/v2\/comments?post=370"}],"version-history":[{"count":7,"href":"https:\/\/www.arhns.uns.ac.rs\/digital\/wp-json\/wp\/v2\/pages\/370\/revisions"}],"predecessor-version":[{"id":1277,"href":"https:\/\/www.arhns.uns.ac.rs\/digital\/wp-json\/wp\/v2\/pages\/370\/revisions\/1277"}],"up":[{"embeddable":true,"href":"https:\/\/www.arhns.uns.ac.rs\/digital\/wp-json\/wp\/v2\/pages\/379"}],"wp:attachment":[{"href":"https:\/\/www.arhns.uns.ac.rs\/digital\/wp-json\/wp\/v2\/media?parent=370"}],"curies":[{"name":"wp","href":"https:\/\/api.w.org\/{rel}","templated":true}]}}