{"id":307,"date":"2014-10-08T21:56:54","date_gmt":"2014-10-08T21:56:54","guid":{"rendered":"http:\/\/arhns.com\/digital\/?page_id=307"},"modified":"2023-02-26T14:09:03","modified_gmt":"2023-02-26T13:09:03","slug":"gis","status":"publish","type":"page","link":"https:\/\/www.arhns.uns.ac.rs\/digital\/predmeti\/gis\/","title":{"rendered":"Napredno modelovanje gradova"},"content":{"rendered":"<p style=\"text-align: justify;\">Savremeno urbanisti\u010dko planiranje i projektovanje\u00a0zahteva integrisanu analizu i primenu razli\u010ditih alata u cilju analize, evaluacije i re\u0161avanje prostornih problema na nivou grada objedinjuju\u0107i razli\u010dite urbanisti\u010dke parametre i kriterijume (spratnost, stepen izgra\u0111enosti, BRGP, gustina naseljenosti, namena povr\u0161i, namena objekata itd.) GIS tehnologije omogu\u0107avaju manipulisanje sa brojnim parametrima i atributima u cilju izrade analize i budu\u0107eg planiranja razvoja gradova. Dodatno, proceduralni\u00a0pristup modelovanju primenom CityEngine softvera omogu\u0107ava kreiranje inteligentnih 3D modela gradova, automatski generisanih u odnosu\u00a0na\u00a02D gis podatke (npr. spratnost, namena objekata itd.), u koje se dodatno mogu integrisati razli\u010dite tipolo\u0161ke karakteristike objekata. \u00a0U okviru predmeta\u00a0Napredno modelovanje gradova sti\u010du se osnovna znanja o primeni GIS tehnologije u urbanisti\u010dkom planiranju, kao i na\u010din kreiranja inteligentnih 3D modela gradova ili objekata u gradu odre\u0111ene tipolo\u0161ke grupe.<\/p>\n<p style=\"text-align: justify;\">Predmetni nastavnici:<\/p>\n<p style=\"text-align: justify;\">Dr Predrag \u0160i\u0111anin, Dr Bojan Tepav\u010devi\u0107,\u00a0Dr Ivana Baj\u0161anski<\/p>\n<p><span style=\"color: #000000;\"><div id=\"slc-clear\" class=\"c\"><table style=\"width:100% !important;\" id=\"slc-vpostspace\"    class=\"c\" cellspacing=\"0\" cellpadding=\"0\" border=\"0\"><tr id=\"slc-clear\" class=\"c\" ><td id=\"slc-clear\"  style=\"width:100% !important;\"    class=\"c\"><table style=\"width:100% !important;\" id=\"slc-clear\"    class=\"c\" cellspacing=\"0\" cellpadding=\"0\" border=\"0\"><tr id=\"slc-clear\" class=\"c\" ><td id=\"slc-background0\"  style=\"width:100% !important;\"    class=\"c\"><table style=\"width:100% !important;\" id=\"slc-clear\"    class=\"c\" cellspacing=\"0\" cellpadding=\"0\" border=\"0\"><tr id=\"slc-clear\" class=\"c\" ><td id=\"slc-clear\"  style=\"width:199px !important;\"    class=\"c\"><a id =\"slc-clear\" href=\"https:\/\/www.arhns.uns.ac.rs\/digital\/analiza-insolacije-starog-grada-novog-sada\/\" ><img decoding=\"async\" id=\"slc-img\" class=\"c\" src=\"https:\/\/www.arhns.uns.ac.rs\/digital\/wp-content\/uploads\/2018\/06\/29-najlosije-2018x2024.jpg\"  style=\"width:199px !important;height:200px !important;\"><\/a><\/td><td id=\"slc-hpostspace\"    class=\"c\"><\/td><td id=\"slc-clear\"    class=\"c\"><a  id=\"slc-title-layout4\"  class=\"c\" style=\"display:block !important;\" href=\"https:\/\/www.arhns.uns.ac.rs\/digital\/analiza-insolacije-starog-grada-novog-sada\/\">Analiza insolacije starog grada Novog Sada<\/a><a  id=\"slc-excerpt-layout4\"  class=\"c\" style=\"display:block !important;\" href=\"https:\/\/www.arhns.uns.ac.rs\/digital\/analiza-insolacije-starog-grada-novog-sada\/\">Tema ovog projekta je bila analiza insolacije ulica gde je za lokaciju odabran deo Starog Grada Novog Sada. Uo\u010deno je da je spratnost objekata u ovom delu grada neadekvatna - ve\u0107a nego \u0161to to dozvoljava popre\u010dni profil ulica.<\/a><\/td><\/tr><\/table><\/td><\/tr><\/table><\/td><\/tr><\/table><table style=\"width:100% !important;\" id=\"slc-vpostspace\"    class=\"c\" cellspacing=\"0\" cellpadding=\"0\" border=\"0\"><tr id=\"slc-clear\" class=\"c\" ><td id=\"slc-clear\"  style=\"width:100% !important;\"    class=\"c\"><table style=\"width:100% !important;\" id=\"slc-clear\"    class=\"c\" cellspacing=\"0\" cellpadding=\"0\" border=\"0\"><tr id=\"slc-clear\" class=\"c\" ><td id=\"slc-background0\"  style=\"width:100% !important;\"    class=\"c\"><table style=\"width:100% !important;\" id=\"slc-clear\"    class=\"c\" cellspacing=\"0\" cellpadding=\"0\" border=\"0\"><tr id=\"slc-clear\" class=\"c\" ><td id=\"slc-clear\"  style=\"width:200px !important;\"    class=\"c\"><a id =\"slc-clear\" href=\"https:\/\/www.arhns.uns.ac.rs\/digital\/analiza-insolacije-blokova-na-podrucju-grbavice\/\" ><img decoding=\"async\" id=\"slc-img\" class=\"c\" src=\"https:\/\/www.arhns.uns.ac.rs\/digital\/wp-content\/uploads\/2017\/04\/grb1-e1491854894811.jpg\"  style=\"width:200px !important;height:200px !important;\"><\/a><\/td><td id=\"slc-hpostspace\"    class=\"c\"><\/td><td id=\"slc-clear\"    class=\"c\"><a  id=\"slc-title-layout4\"  class=\"c\" style=\"display:block !important;\" href=\"https:\/\/www.arhns.uns.ac.rs\/digital\/analiza-insolacije-blokova-na-podrucju-grbavice\/\">Analiza insolacije blokova na podru\u010dju Grbavice<\/a><a  id=\"slc-excerpt-layout4\"  class=\"c\" style=\"display:block !important;\" href=\"https:\/\/www.arhns.uns.ac.rs\/digital\/analiza-insolacije-blokova-na-podrucju-grbavice\/\">Cilj rada je bila analiza osun\u010danosti u blokovima Grbavice, dela grada Novog Sada i istra\u017eivanje mogu\u0107nosti boljeg iskori\u0161\u0107enja insolacije.<\/a><\/td><\/tr><\/table><\/td><\/tr><\/table><\/td><\/tr><\/table><table style=\"width:100% !important;\" id=\"slc-vpostspace\"    class=\"c\" cellspacing=\"0\" cellpadding=\"0\" border=\"0\"><tr id=\"slc-clear\" class=\"c\" ><td id=\"slc-clear\"  style=\"width:100% !important;\"    class=\"c\"><table style=\"width:100% !important;\" id=\"slc-clear\"    class=\"c\" cellspacing=\"0\" cellpadding=\"0\" border=\"0\"><tr id=\"slc-clear\" class=\"c\" ><td id=\"slc-background0\"  style=\"width:100% !important;\"    class=\"c\"><table style=\"width:100% !important;\" id=\"slc-clear\"    class=\"c\" cellspacing=\"0\" cellpadding=\"0\" border=\"0\"><tr id=\"slc-clear\" class=\"c\" ><td id=\"slc-clear\"  style=\"width:200px !important;\"    class=\"c\"><a id =\"slc-clear\" href=\"https:\/\/www.arhns.uns.ac.rs\/digital\/idejno-arhitektonsko-urbanisticko-resenje-luke-novi-sad-po-uzoru-na-hafencity-hamburg\/\" ><img decoding=\"async\" id=\"slc-img\" class=\"c\" src=\"https:\/\/www.arhns.uns.ac.rs\/digital\/wp-content\/uploads\/2016\/07\/10-2024x2024.jpg\"  style=\"width:200px !important;height:200px !important;\"><\/a><\/td><td id=\"slc-hpostspace\"    class=\"c\"><\/td><td id=\"slc-clear\"    class=\"c\"><a  id=\"slc-title-layout4\"  class=\"c\" style=\"display:block !important;\" href=\"https:\/\/www.arhns.uns.ac.rs\/digital\/idejno-arhitektonsko-urbanisticko-resenje-luke-novi-sad-po-uzoru-na-hafencity-hamburg\/\">Idejno arhitektonsko-urbanisti\u010dko re\u0161enje Luke Novi Sad po uzoru na Hafencity, Hamburg<\/a><a  id=\"slc-excerpt-layout4\"  class=\"c\" style=\"display:block !important;\" href=\"https:\/\/www.arhns.uns.ac.rs\/digital\/idejno-arhitektonsko-urbanisticko-resenje-luke-novi-sad-po-uzoru-na-hafencity-hamburg\/\">Cilj rada je analiza gramatike oblika savremenih urbanih rekonstrukcija, na odabranom primeru HafenCity u Hamburgu, izrada proceduralnog modela baziranog na tipologiji analiziranih objekata i primena na urbanoj morfologiji u Novom Sadu.<\/a><\/td><\/tr><\/table><\/td><\/tr><\/table><\/td><\/tr><\/table><table style=\"width:100% !important;\" id=\"slc-vpostspace\"    class=\"c\" cellspacing=\"0\" cellpadding=\"0\" border=\"0\"><tr id=\"slc-clear\" class=\"c\" ><td id=\"slc-clear\"  style=\"width:100% !important;\"    class=\"c\"><table style=\"width:100% !important;\" id=\"slc-clear\"    class=\"c\" cellspacing=\"0\" cellpadding=\"0\" border=\"0\"><tr id=\"slc-clear\" class=\"c\" ><td id=\"slc-background0\"  style=\"width:100% !important;\"    class=\"c\"><table style=\"width:100% !important;\" id=\"slc-clear\"    class=\"c\" cellspacing=\"0\" cellpadding=\"0\" border=\"0\"><tr id=\"slc-clear\" class=\"c\" ><td id=\"slc-clear\"  style=\"width:200px !important;\"    class=\"c\"><a id =\"slc-clear\" href=\"https:\/\/www.arhns.uns.ac.rs\/digital\/rekonstrukcija-lokacije-ribarac-u-novom-sadu-zasnovana-na-upotrebi-pravila-oblikovanja-eastern-docklands-u-amsterdamu\/\" ><img decoding=\"async\" id=\"slc-img\" class=\"c\" src=\"https:\/\/www.arhns.uns.ac.rs\/digital\/wp-content\/uploads\/2016\/07\/R4-featured.jpg\"  style=\"width:200px !important;height:200px !important;\"><\/a><\/td><td id=\"slc-hpostspace\"    class=\"c\"><\/td><td id=\"slc-clear\"    class=\"c\"><a  id=\"slc-title-layout4\"  class=\"c\" style=\"display:block !important;\" href=\"https:\/\/www.arhns.uns.ac.rs\/digital\/rekonstrukcija-lokacije-ribarac-u-novom-sadu-zasnovana-na-upotrebi-pravila-oblikovanja-eastern-docklands-u-amsterdamu\/\">Rekonstrukcija lokacije Ribarac u Novom Sadu zasnovana na upotrebi pravila oblikovanja Eastern Docklands u Amsterdamu<\/a><a  id=\"slc-excerpt-layout4\"  class=\"c\" style=\"display:block !important;\" href=\"https:\/\/www.arhns.uns.ac.rs\/digital\/rekonstrukcija-lokacije-ribarac-u-novom-sadu-zasnovana-na-upotrebi-pravila-oblikovanja-eastern-docklands-u-amsterdamu\/\">Cilj rada je analiza gramatike oblika savremenih urbanih rekonstrukcija, na odabranom primeru Eastern Docklands\u00a0u Amsterdamu, izrada proceduralnog modela baziranog na tipologiji analiziranih objekata i primena na urbanoj morfologiji u Novom Sadu.<\/a><\/td><\/tr><\/table><\/td><\/tr><\/table><\/td><\/tr><\/table><table style=\"width:100% !important;\" id=\"slc-vpostspace\"    class=\"c\" cellspacing=\"0\" cellpadding=\"0\" border=\"0\"><tr id=\"slc-clear\" class=\"c\" ><td id=\"slc-clear\"  style=\"width:100% !important;\"    class=\"c\"><table style=\"width:100% !important;\" id=\"slc-clear\"    class=\"c\" cellspacing=\"0\" cellpadding=\"0\" border=\"0\"><tr id=\"slc-clear\" class=\"c\" ><td id=\"slc-background0\"  style=\"width:100% !important;\"    class=\"c\"><table style=\"width:100% !important;\" id=\"slc-clear\"    class=\"c\" cellspacing=\"0\" cellpadding=\"0\" border=\"0\"><tr id=\"slc-clear\" class=\"c\" ><td id=\"slc-clear\"  style=\"width:272px !important;\"    class=\"c\"><a id =\"slc-clear\" href=\"https:\/\/www.arhns.uns.ac.rs\/digital\/gis-analiza-objekata-kulture-u-novom-sadu\/\" ><img decoding=\"async\" id=\"slc-img\" class=\"c\" src=\"https:\/\/www.arhns.uns.ac.rs\/digital\/wp-content\/uploads\/2015\/09\/32.jpg\"  style=\"width:272px !important;height:200px !important;\"><\/a><\/td><td id=\"slc-hpostspace\"    class=\"c\"><\/td><td id=\"slc-clear\"    class=\"c\"><a  id=\"slc-title-layout4\"  class=\"c\" style=\"display:block !important;\" href=\"https:\/\/www.arhns.uns.ac.rs\/digital\/gis-analiza-objekata-kulture-u-novom-sadu\/\">GIS analiza objekata kulture u Novom Sadu<\/a><a  id=\"slc-excerpt-layout4\"  class=\"c\" style=\"display:block !important;\" href=\"https:\/\/www.arhns.uns.ac.rs\/digital\/gis-analiza-objekata-kulture-u-novom-sadu\/\">U okviru ovog projektnog zadatka kreirana je GIS baza podataka o kulturnim objektima u Novom Sadu.<\/a><\/td><\/tr><\/table><\/td><\/tr><\/table><\/td><\/tr><\/table><table style=\"width:100% !important;\" id=\"slc-vpostspace\"    class=\"c\" cellspacing=\"0\" cellpadding=\"0\" border=\"0\"><tr id=\"slc-clear\" class=\"c\" ><td id=\"slc-clear\"  style=\"width:100% !important;\"    class=\"c\"><table style=\"width:100% !important;\" id=\"slc-clear\"    class=\"c\" cellspacing=\"0\" cellpadding=\"0\" border=\"0\"><tr id=\"slc-clear\" class=\"c\" ><td id=\"slc-background0\"  style=\"width:100% !important;\"    class=\"c\"><table style=\"width:100% !important;\" id=\"slc-clear\"    class=\"c\" cellspacing=\"0\" cellpadding=\"0\" border=\"0\"><tr id=\"slc-clear\" class=\"c\" ><td id=\"slc-clear\"  style=\"width:207px !important;\"    class=\"c\"><a id =\"slc-clear\" href=\"https:\/\/www.arhns.uns.ac.rs\/digital\/proceduralni-model-objekata-romantizma-u-somboru\/\" ><img decoding=\"async\" id=\"slc-img\" class=\"c\" src=\"https:\/\/www.arhns.uns.ac.rs\/digital\/wp-content\/uploads\/2015\/09\/1.jpg\"  style=\"width:207px !important;height:200px !important;\"><\/a><\/td><td id=\"slc-hpostspace\"    class=\"c\"><\/td><td id=\"slc-clear\"    class=\"c\"><a  id=\"slc-title-layout4\"  class=\"c\" style=\"display:block !important;\" href=\"https:\/\/www.arhns.uns.ac.rs\/digital\/proceduralni-model-objekata-romantizma-u-somboru\/\">Proceduralni model objekata romantizma u Somboru<\/a><a  id=\"slc-excerpt-layout4\"  class=\"c\" style=\"display:block !important;\" href=\"https:\/\/www.arhns.uns.ac.rs\/digital\/proceduralni-model-objekata-romantizma-u-somboru\/\">\r\nU okviru ovog projekta analizirane su fasade objekata u Somboru koje pripadaju istorijskom stilu romantizma i generisane su u programskom jeziku CGA Shape Grammar, koji automatski generi\u0161e objekte sa uli\u010dnim fasadama tako da sadr\u017ee karakteristike pomenutog stila.<\/a><\/td><\/tr><\/table><\/td><\/tr><\/table><\/td><\/tr><\/table><hr id=\"slc-layoutspace\"  class=\"c\" ><\/hr><\/div><\/span><\/p>\n","protected":false},"excerpt":{"rendered":"<p>Savremeno urbanisti\u010dko planiranje i projektovanje\u00a0zahteva integrisanu analizu i primenu razli\u010ditih alata u cilju analize, evaluacije i re\u0161avanje prostornih problema na nivou grada objedinjuju\u0107i razli\u010dite urbanisti\u010dke parametre i kriterijume (spratnost, stepen izgra\u0111enosti, BRGP, gustina naseljenosti, namena povr\u0161i, namena objekata itd.) GIS<\/p>\n","protected":false},"author":4,"featured_media":0,"parent":379,"menu_order":0,"comment_status":"closed","ping_status":"closed","template":"","meta":{"footnotes":""},"class_list":["post-307","page","type-page","status-publish","hentry"],"yoast_head":"<!-- This site is optimized with the Yoast SEO plugin v24.7 - https:\/\/yoast.com\/wordpress\/plugins\/seo\/ -->\n<title>Napredno modelovanje gradova - Digital Techniques, Design and Production in Architecture and Urbanism<\/title>\n<meta name=\"robots\" content=\"index, follow, max-snippet:-1, max-image-preview:large, max-video-preview:-1\" \/>\n<link rel=\"canonical\" href=\"https:\/\/www.arhns.uns.ac.rs\/digital\/sr\/predmeti\/gis\/\" \/>\n<meta property=\"og:locale\" content=\"en_US\" \/>\n<meta property=\"og:type\" content=\"article\" \/>\n<meta property=\"og:title\" content=\"Napredno modelovanje gradova - Digital Techniques, Design and Production in Architecture and Urbanism\" \/>\n<meta property=\"og:description\" content=\"Savremeno urbanisti\u010dko planiranje i projektovanje\u00a0zahteva integrisanu analizu i primenu razli\u010ditih alata u cilju analize, evaluacije i re\u0161avanje prostornih problema na nivou grada objedinjuju\u0107i razli\u010dite urbanisti\u010dke parametre i kriterijume (spratnost, stepen izgra\u0111enosti, BRGP, gustina naseljenosti, namena povr\u0161i, namena objekata itd.) GIS\" \/>\n<meta property=\"og:url\" content=\"https:\/\/www.arhns.uns.ac.rs\/digital\/sr\/predmeti\/gis\/\" \/>\n<meta property=\"og:site_name\" content=\"Digital Techniques, Design and Production in Architecture and Urbanism\" \/>\n<meta property=\"article:modified_time\" content=\"2023-02-26T13:09:03+00:00\" \/>\n<meta name=\"twitter:card\" content=\"summary_large_image\" \/>\n<meta name=\"twitter:label1\" content=\"Est. reading time\" \/>\n\t<meta name=\"twitter:data1\" content=\"1 minute\" \/>\n<script type=\"application\/ld+json\" class=\"yoast-schema-graph\">{\"@context\":\"https:\/\/schema.org\",\"@graph\":[{\"@type\":\"WebPage\",\"@id\":\"https:\/\/www.arhns.uns.ac.rs\/digital\/sr\/predmeti\/gis\/\",\"url\":\"https:\/\/www.arhns.uns.ac.rs\/digital\/sr\/predmeti\/gis\/\",\"name\":\"Napredno modelovanje gradova - Digital Techniques, Design and Production in Architecture and Urbanism\",\"isPartOf\":{\"@id\":\"http:\/\/www.arhns.uns.ac.rs\/digital\/#website\"},\"datePublished\":\"2014-10-08T21:56:54+00:00\",\"dateModified\":\"2023-02-26T13:09:03+00:00\",\"breadcrumb\":{\"@id\":\"https:\/\/www.arhns.uns.ac.rs\/digital\/sr\/predmeti\/gis\/#breadcrumb\"},\"inLanguage\":\"en-US\",\"potentialAction\":[{\"@type\":\"ReadAction\",\"target\":[\"https:\/\/www.arhns.uns.ac.rs\/digital\/sr\/predmeti\/gis\/\"]}]},{\"@type\":\"BreadcrumbList\",\"@id\":\"https:\/\/www.arhns.uns.ac.rs\/digital\/sr\/predmeti\/gis\/#breadcrumb\",\"itemListElement\":[{\"@type\":\"ListItem\",\"position\":1,\"name\":\"Home\",\"item\":\"http:\/\/www.arhns.uns.ac.rs\/digital\/sr\/o-master-kursu\/\"},{\"@type\":\"ListItem\",\"position\":2,\"name\":\"Predmeti\",\"item\":\"https:\/\/www.arhns.uns.ac.rs\/digital\/sr\/predmeti\/\"},{\"@type\":\"ListItem\",\"position\":3,\"name\":\"Napredno modelovanje gradova\"}]},{\"@type\":\"WebSite\",\"@id\":\"http:\/\/www.arhns.uns.ac.rs\/digital\/#website\",\"url\":\"http:\/\/www.arhns.uns.ac.rs\/digital\/\",\"name\":\"Digital Techniques, Design and Production in Architecture and Urbanism\",\"description\":\"Department for Architecture and Urbanism | Departman za arhitekturu i urbanizam\",\"potentialAction\":[{\"@type\":\"SearchAction\",\"target\":{\"@type\":\"EntryPoint\",\"urlTemplate\":\"http:\/\/www.arhns.uns.ac.rs\/digital\/?s={search_term_string}\"},\"query-input\":{\"@type\":\"PropertyValueSpecification\",\"valueRequired\":true,\"valueName\":\"search_term_string\"}}],\"inLanguage\":\"en-US\"}]}<\/script>\n<!-- \/ Yoast SEO plugin. -->","yoast_head_json":{"title":"Napredno modelovanje gradova - Digital Techniques, Design and Production in Architecture and Urbanism","robots":{"index":"index","follow":"follow","max-snippet":"max-snippet:-1","max-image-preview":"max-image-preview:large","max-video-preview":"max-video-preview:-1"},"canonical":"https:\/\/www.arhns.uns.ac.rs\/digital\/sr\/predmeti\/gis\/","og_locale":"en_US","og_type":"article","og_title":"Napredno modelovanje gradova - Digital Techniques, Design and Production in Architecture and Urbanism","og_description":"Savremeno urbanisti\u010dko planiranje i projektovanje\u00a0zahteva integrisanu analizu i primenu razli\u010ditih alata u cilju analize, evaluacije i re\u0161avanje prostornih problema na nivou grada objedinjuju\u0107i razli\u010dite urbanisti\u010dke parametre i kriterijume (spratnost, stepen izgra\u0111enosti, BRGP, gustina naseljenosti, namena povr\u0161i, namena objekata itd.) GIS","og_url":"https:\/\/www.arhns.uns.ac.rs\/digital\/sr\/predmeti\/gis\/","og_site_name":"Digital Techniques, Design and Production in Architecture and Urbanism","article_modified_time":"2023-02-26T13:09:03+00:00","twitter_card":"summary_large_image","twitter_misc":{"Est. reading time":"1 minute"},"schema":{"@context":"https:\/\/schema.org","@graph":[{"@type":"WebPage","@id":"https:\/\/www.arhns.uns.ac.rs\/digital\/sr\/predmeti\/gis\/","url":"https:\/\/www.arhns.uns.ac.rs\/digital\/sr\/predmeti\/gis\/","name":"Napredno modelovanje gradova - Digital Techniques, Design and Production in Architecture and Urbanism","isPartOf":{"@id":"http:\/\/www.arhns.uns.ac.rs\/digital\/#website"},"datePublished":"2014-10-08T21:56:54+00:00","dateModified":"2023-02-26T13:09:03+00:00","breadcrumb":{"@id":"https:\/\/www.arhns.uns.ac.rs\/digital\/sr\/predmeti\/gis\/#breadcrumb"},"inLanguage":"en-US","potentialAction":[{"@type":"ReadAction","target":["https:\/\/www.arhns.uns.ac.rs\/digital\/sr\/predmeti\/gis\/"]}]},{"@type":"BreadcrumbList","@id":"https:\/\/www.arhns.uns.ac.rs\/digital\/sr\/predmeti\/gis\/#breadcrumb","itemListElement":[{"@type":"ListItem","position":1,"name":"Home","item":"http:\/\/www.arhns.uns.ac.rs\/digital\/sr\/o-master-kursu\/"},{"@type":"ListItem","position":2,"name":"Predmeti","item":"https:\/\/www.arhns.uns.ac.rs\/digital\/sr\/predmeti\/"},{"@type":"ListItem","position":3,"name":"Napredno modelovanje gradova"}]},{"@type":"WebSite","@id":"http:\/\/www.arhns.uns.ac.rs\/digital\/#website","url":"http:\/\/www.arhns.uns.ac.rs\/digital\/","name":"Digital Techniques, Design and Production in Architecture and Urbanism","description":"Department for Architecture and Urbanism | Departman za arhitekturu i urbanizam","potentialAction":[{"@type":"SearchAction","target":{"@type":"EntryPoint","urlTemplate":"http:\/\/www.arhns.uns.ac.rs\/digital\/?s={search_term_string}"},"query-input":{"@type":"PropertyValueSpecification","valueRequired":true,"valueName":"search_term_string"}}],"inLanguage":"en-US"}]}},"_links":{"self":[{"href":"https:\/\/www.arhns.uns.ac.rs\/digital\/wp-json\/wp\/v2\/pages\/307","targetHints":{"allow":["GET"]}}],"collection":[{"href":"https:\/\/www.arhns.uns.ac.rs\/digital\/wp-json\/wp\/v2\/pages"}],"about":[{"href":"https:\/\/www.arhns.uns.ac.rs\/digital\/wp-json\/wp\/v2\/types\/page"}],"author":[{"embeddable":true,"href":"https:\/\/www.arhns.uns.ac.rs\/digital\/wp-json\/wp\/v2\/users\/4"}],"replies":[{"embeddable":true,"href":"https:\/\/www.arhns.uns.ac.rs\/digital\/wp-json\/wp\/v2\/comments?post=307"}],"version-history":[{"count":9,"href":"https:\/\/www.arhns.uns.ac.rs\/digital\/wp-json\/wp\/v2\/pages\/307\/revisions"}],"predecessor-version":[{"id":1843,"href":"https:\/\/www.arhns.uns.ac.rs\/digital\/wp-json\/wp\/v2\/pages\/307\/revisions\/1843"}],"up":[{"embeddable":true,"href":"https:\/\/www.arhns.uns.ac.rs\/digital\/wp-json\/wp\/v2\/pages\/379"}],"wp:attachment":[{"href":"https:\/\/www.arhns.uns.ac.rs\/digital\/wp-json\/wp\/v2\/media?parent=307"}],"curies":[{"name":"wp","href":"https:\/\/api.w.org\/{rel}","templated":true}]}}