{"id":28,"date":"2013-04-23T10:42:41","date_gmt":"2013-04-23T10:42:41","guid":{"rendered":"http:\/\/arhns.com\/digital\/?page_id=28"},"modified":"2021-11-05T21:11:59","modified_gmt":"2021-11-05T20:11:59","slug":"master_program","status":"publish","type":"page","link":"https:\/\/www.arhns.uns.ac.rs\/digital\/master_program\/","title":{"rendered":"Master program"},"content":{"rendered":"<p style=\"text-align: justify;\">Master kurs Digitalne tehnike, dizajn i produkcija u arhitekturi i urbanizmu osnovan je 2013. godine na Departmanu za arhitekturu i urbanizam Fakulteta tehni\u010dkih nauka, Univerziteta u Novom Sadu, kao interdisciplinarni studijski program sa fokusom na primeni digitalnih tehnologija u arhitekturi, urbanizmu, industrijskom dizajnu i drugim\u00a0 srodnim disciplinama.<\/p>\n<p style=\"text-align: justify;\">Nastavu u okviru programa realizuju\u00a0profesori sa Fakulteta tehni\u010dkih nauka, kao i gostuju\u0107i predava\u010di.<b>\u00a0<\/b>Predavanja i ve\u017ebe se izvode na\u00a0<span style=\"color: #000000;\"><span style=\"color: #333333;\">srpskom ili engleskom jeziku u zavisnosti od statusa upisanih kandidata<\/span>,<\/span>\u00a0klasi\u010dno i u vidu blok nastave, kao i kroz razli\u010dite radionice, a u zavisnosti od tematike i problema predmeta.<\/p>\n<p style=\"text-align: justify;\">Studijski program je usagla\u0161en sa savremenim svetskim nau\u010dnim tokovima i stanjem struke, odnosno sa slede\u0107im programima na inostranim visoko\u0161kolskim ustanovama:\u00a0<i>Master of Advanced Studies in CAAD<\/i>, ETH, Cirih,\u00a0<i>Master in Advanced Architecture<\/i>, Institute for Advanced Architecture of Catalonia, Barselona, i\u00a0<i>MSc Adaptive Architecture and Computation<\/i>, Bartlett School of Architecture, London. Specifi\u010dnost ovog kursa u odnosu na druge u regionu jeste primena najsavremenijih teorija i tehnologija u procesu nastave, kao \u0161to su\u00a0<b>Robotika, CNC tehnologije i 3D print tehnologije<\/b>.<\/p>\n<p style=\"text-align: justify;\">\n<\/p>","protected":false},"excerpt":{"rendered":"<p>Master kurs Digitalne tehnike, dizajn i produkcija u arhitekturi i urbanizmu osnovan je 2013. godine na Departmanu za arhitekturu i urbanizam Fakulteta tehni\u010dkih nauka, Univerziteta u Novom Sadu, kao interdisciplinarni studijski program sa fokusom na primeni digitalnih tehnologija u arhitekturi,<\/p>\n","protected":false},"author":4,"featured_media":189,"parent":0,"menu_order":0,"comment_status":"closed","ping_status":"open","template":"","meta":{"footnotes":""},"class_list":["post-28","page","type-page","status-publish","has-post-thumbnail","hentry"],"yoast_head":"<!-- This site is optimized with the Yoast SEO plugin v24.7 - https:\/\/yoast.com\/wordpress\/plugins\/seo\/ -->\n<title>Master program - Digital Techniques, Design and Production in Architecture and Urbanism<\/title>\n<meta name=\"robots\" content=\"index, follow, max-snippet:-1, max-image-preview:large, max-video-preview:-1\" \/>\n<link rel=\"canonical\" href=\"http:\/\/www.arhns.uns.ac.rs\/digital\/sr\/master_program\/\" \/>\n<meta property=\"og:locale\" content=\"en_US\" \/>\n<meta property=\"og:type\" content=\"article\" \/>\n<meta property=\"og:title\" content=\"Master program - Digital Techniques, Design and Production in Architecture and Urbanism\" \/>\n<meta property=\"og:description\" content=\"Master kurs Digitalne tehnike, dizajn i produkcija u arhitekturi i urbanizmu osnovan je 2013. godine na Departmanu za arhitekturu i urbanizam Fakulteta tehni\u010dkih nauka, Univerziteta u Novom Sadu, kao interdisciplinarni studijski program sa fokusom na primeni digitalnih tehnologija u arhitekturi,\" \/>\n<meta property=\"og:url\" content=\"http:\/\/www.arhns.uns.ac.rs\/digital\/sr\/master_program\/\" \/>\n<meta property=\"og:site_name\" content=\"Digital Techniques, Design and Production in Architecture and Urbanism\" \/>\n<meta property=\"article:modified_time\" content=\"2021-11-05T20:11:59+00:00\" \/>\n<meta property=\"og:image\" content=\"http:\/\/www.arhns.uns.ac.rs\/digital\/wp-content\/uploads\/2014\/07\/03zweisimmen2.jpg\" \/>\n\t<meta property=\"og:image:width\" content=\"886\" \/>\n\t<meta property=\"og:image:height\" content=\"591\" \/>\n\t<meta property=\"og:image:type\" content=\"image\/jpeg\" \/>\n<meta name=\"twitter:card\" content=\"summary_large_image\" \/>\n<meta name=\"twitter:label1\" content=\"Est. reading time\" \/>\n\t<meta name=\"twitter:data1\" content=\"1 minute\" \/>\n<script type=\"application\/ld+json\" class=\"yoast-schema-graph\">{\"@context\":\"https:\/\/schema.org\",\"@graph\":[{\"@type\":\"WebPage\",\"@id\":\"http:\/\/www.arhns.uns.ac.rs\/digital\/sr\/master_program\/\",\"url\":\"http:\/\/www.arhns.uns.ac.rs\/digital\/sr\/master_program\/\",\"name\":\"Master program - Digital Techniques, Design and Production in Architecture and Urbanism\",\"isPartOf\":{\"@id\":\"http:\/\/www.arhns.uns.ac.rs\/digital\/#website\"},\"primaryImageOfPage\":{\"@id\":\"http:\/\/www.arhns.uns.ac.rs\/digital\/sr\/master_program\/#primaryimage\"},\"image\":{\"@id\":\"http:\/\/www.arhns.uns.ac.rs\/digital\/sr\/master_program\/#primaryimage\"},\"thumbnailUrl\":\"https:\/\/www.arhns.uns.ac.rs\/digital\/wp-content\/uploads\/2014\/07\/03zweisimmen2.jpg\",\"datePublished\":\"2013-04-23T10:42:41+00:00\",\"dateModified\":\"2021-11-05T20:11:59+00:00\",\"breadcrumb\":{\"@id\":\"http:\/\/www.arhns.uns.ac.rs\/digital\/sr\/master_program\/#breadcrumb\"},\"inLanguage\":\"en-US\",\"potentialAction\":[{\"@type\":\"ReadAction\",\"target\":[\"http:\/\/www.arhns.uns.ac.rs\/digital\/sr\/master_program\/\"]}]},{\"@type\":\"ImageObject\",\"inLanguage\":\"en-US\",\"@id\":\"http:\/\/www.arhns.uns.ac.rs\/digital\/sr\/master_program\/#primaryimage\",\"url\":\"https:\/\/www.arhns.uns.ac.rs\/digital\/wp-content\/uploads\/2014\/07\/03zweisimmen2.jpg\",\"contentUrl\":\"https:\/\/www.arhns.uns.ac.rs\/digital\/wp-content\/uploads\/2014\/07\/03zweisimmen2.jpg\",\"width\":886,\"height\":591},{\"@type\":\"BreadcrumbList\",\"@id\":\"http:\/\/www.arhns.uns.ac.rs\/digital\/sr\/master_program\/#breadcrumb\",\"itemListElement\":[{\"@type\":\"ListItem\",\"position\":1,\"name\":\"Home\",\"item\":\"http:\/\/www.arhns.uns.ac.rs\/digital\/sr\/o-master-kursu\/\"},{\"@type\":\"ListItem\",\"position\":2,\"name\":\"Master program\"}]},{\"@type\":\"WebSite\",\"@id\":\"http:\/\/www.arhns.uns.ac.rs\/digital\/#website\",\"url\":\"http:\/\/www.arhns.uns.ac.rs\/digital\/\",\"name\":\"Digital Techniques, Design and Production in Architecture and Urbanism\",\"description\":\"Department for Architecture and Urbanism | Departman za arhitekturu i urbanizam\",\"potentialAction\":[{\"@type\":\"SearchAction\",\"target\":{\"@type\":\"EntryPoint\",\"urlTemplate\":\"http:\/\/www.arhns.uns.ac.rs\/digital\/?s={search_term_string}\"},\"query-input\":{\"@type\":\"PropertyValueSpecification\",\"valueRequired\":true,\"valueName\":\"search_term_string\"}}],\"inLanguage\":\"en-US\"}]}<\/script>\n<!-- \/ Yoast SEO plugin. -->","yoast_head_json":{"title":"Master program - Digital Techniques, Design and Production in Architecture and Urbanism","robots":{"index":"index","follow":"follow","max-snippet":"max-snippet:-1","max-image-preview":"max-image-preview:large","max-video-preview":"max-video-preview:-1"},"canonical":"http:\/\/www.arhns.uns.ac.rs\/digital\/sr\/master_program\/","og_locale":"en_US","og_type":"article","og_title":"Master program - Digital Techniques, Design and Production in Architecture and Urbanism","og_description":"Master kurs Digitalne tehnike, dizajn i produkcija u arhitekturi i urbanizmu osnovan je 2013. godine na Departmanu za arhitekturu i urbanizam Fakulteta tehni\u010dkih nauka, Univerziteta u Novom Sadu, kao interdisciplinarni studijski program sa fokusom na primeni digitalnih tehnologija u arhitekturi,","og_url":"http:\/\/www.arhns.uns.ac.rs\/digital\/sr\/master_program\/","og_site_name":"Digital Techniques, Design and Production in Architecture and Urbanism","article_modified_time":"2021-11-05T20:11:59+00:00","og_image":[{"width":886,"height":591,"url":"http:\/\/www.arhns.uns.ac.rs\/digital\/wp-content\/uploads\/2014\/07\/03zweisimmen2.jpg","type":"image\/jpeg"}],"twitter_card":"summary_large_image","twitter_misc":{"Est. reading time":"1 minute"},"schema":{"@context":"https:\/\/schema.org","@graph":[{"@type":"WebPage","@id":"http:\/\/www.arhns.uns.ac.rs\/digital\/sr\/master_program\/","url":"http:\/\/www.arhns.uns.ac.rs\/digital\/sr\/master_program\/","name":"Master program - Digital Techniques, Design and Production in Architecture and Urbanism","isPartOf":{"@id":"http:\/\/www.arhns.uns.ac.rs\/digital\/#website"},"primaryImageOfPage":{"@id":"http:\/\/www.arhns.uns.ac.rs\/digital\/sr\/master_program\/#primaryimage"},"image":{"@id":"http:\/\/www.arhns.uns.ac.rs\/digital\/sr\/master_program\/#primaryimage"},"thumbnailUrl":"https:\/\/www.arhns.uns.ac.rs\/digital\/wp-content\/uploads\/2014\/07\/03zweisimmen2.jpg","datePublished":"2013-04-23T10:42:41+00:00","dateModified":"2021-11-05T20:11:59+00:00","breadcrumb":{"@id":"http:\/\/www.arhns.uns.ac.rs\/digital\/sr\/master_program\/#breadcrumb"},"inLanguage":"en-US","potentialAction":[{"@type":"ReadAction","target":["http:\/\/www.arhns.uns.ac.rs\/digital\/sr\/master_program\/"]}]},{"@type":"ImageObject","inLanguage":"en-US","@id":"http:\/\/www.arhns.uns.ac.rs\/digital\/sr\/master_program\/#primaryimage","url":"https:\/\/www.arhns.uns.ac.rs\/digital\/wp-content\/uploads\/2014\/07\/03zweisimmen2.jpg","contentUrl":"https:\/\/www.arhns.uns.ac.rs\/digital\/wp-content\/uploads\/2014\/07\/03zweisimmen2.jpg","width":886,"height":591},{"@type":"BreadcrumbList","@id":"http:\/\/www.arhns.uns.ac.rs\/digital\/sr\/master_program\/#breadcrumb","itemListElement":[{"@type":"ListItem","position":1,"name":"Home","item":"http:\/\/www.arhns.uns.ac.rs\/digital\/sr\/o-master-kursu\/"},{"@type":"ListItem","position":2,"name":"Master program"}]},{"@type":"WebSite","@id":"http:\/\/www.arhns.uns.ac.rs\/digital\/#website","url":"http:\/\/www.arhns.uns.ac.rs\/digital\/","name":"Digital Techniques, Design and Production in Architecture and Urbanism","description":"Department for Architecture and Urbanism | Departman za arhitekturu i urbanizam","potentialAction":[{"@type":"SearchAction","target":{"@type":"EntryPoint","urlTemplate":"http:\/\/www.arhns.uns.ac.rs\/digital\/?s={search_term_string}"},"query-input":{"@type":"PropertyValueSpecification","valueRequired":true,"valueName":"search_term_string"}}],"inLanguage":"en-US"}]}},"_links":{"self":[{"href":"https:\/\/www.arhns.uns.ac.rs\/digital\/wp-json\/wp\/v2\/pages\/28","targetHints":{"allow":["GET"]}}],"collection":[{"href":"https:\/\/www.arhns.uns.ac.rs\/digital\/wp-json\/wp\/v2\/pages"}],"about":[{"href":"https:\/\/www.arhns.uns.ac.rs\/digital\/wp-json\/wp\/v2\/types\/page"}],"author":[{"embeddable":true,"href":"https:\/\/www.arhns.uns.ac.rs\/digital\/wp-json\/wp\/v2\/users\/4"}],"replies":[{"embeddable":true,"href":"https:\/\/www.arhns.uns.ac.rs\/digital\/wp-json\/wp\/v2\/comments?post=28"}],"version-history":[{"count":12,"href":"https:\/\/www.arhns.uns.ac.rs\/digital\/wp-json\/wp\/v2\/pages\/28\/revisions"}],"predecessor-version":[{"id":1815,"href":"https:\/\/www.arhns.uns.ac.rs\/digital\/wp-json\/wp\/v2\/pages\/28\/revisions\/1815"}],"wp:featuredmedia":[{"embeddable":true,"href":"https:\/\/www.arhns.uns.ac.rs\/digital\/wp-json\/wp\/v2\/media\/189"}],"wp:attachment":[{"href":"https:\/\/www.arhns.uns.ac.rs\/digital\/wp-json\/wp\/v2\/media?parent=28"}],"curies":[{"name":"wp","href":"https:\/\/api.w.org\/{rel}","templated":true}]}}