{"id":275,"date":"2014-07-19T14:46:12","date_gmt":"2014-07-19T14:46:12","guid":{"rendered":"http:\/\/arhns.com\/digital\/?page_id=275"},"modified":"2018-03-10T20:00:19","modified_gmt":"2018-03-10T20:00:19","slug":"digitalna-fabrikacija","status":"publish","type":"page","link":"https:\/\/www.arhns.uns.ac.rs\/digital\/predmeti\/digitalna-fabrikacija\/","title":{"rendered":"Digitalna fabrikacija"},"content":{"rendered":"<p style=\"text-align: justify;\">Digitalna fabrikacija je tehnologija izrade modela, makete ili protipa objekta pomo\u0107u digitalno definisanih podataka. Pojam digitalne fabrikacije je usko vezan za termin CAD\/CAM tehnologije. Tehnologije digitalne fabrikacije su pre svega razvijene za potrebe industrijskog dizajna i ma\u0161inskog in\u017eenjerstva, brodogradnje, auto i\u00a0avio industrije, ali se sve \u010de\u0161\u0107e upotrebljavaju i u arhitekturi.<\/p>\n<p style=\"text-align: justify;\">Proces izrade makete putem 2D CNC fabrikacije baziran je na principu se\u010denja i spajanja elemenata makete iz plo\u010dastih materijala kao \u0161to su lepenka, \u0161perplo\u010da, pleksiglas ili plastika. 2D CNC fabrikacija je naro\u010dito va\u017ena u savremenoj arhitekturi jer omogu\u0107ava da se od plo\u010dastih materijala kao \u0161to su \u010delik, drvo ili staklo izra\u0111uju elementi fasade. \u00a0U okviru predmeta ra\u0111ene su radionice sa specifi\u010dnim zadacima kroz koje se savladavaju osnovne ve\u0161tine modelovanja i izrade prototipova i elemenata fasade.<\/p>\n<p><span style=\"color: #000000;\"><div id=\"slc-clear\" class=\"c\"><table style=\"width:100% !important;\" id=\"slc-vpostspace\"    class=\"c\" cellspacing=\"0\" cellpadding=\"0\" border=\"0\"><tr id=\"slc-clear\" class=\"c\" ><td id=\"slc-clear\"  style=\"width:100% !important;\"    class=\"c\"><table style=\"width:100% !important;\" id=\"slc-clear\"    class=\"c\" cellspacing=\"0\" cellpadding=\"0\" border=\"0\"><tr id=\"slc-clear\" class=\"c\" ><td id=\"slc-background0\"  style=\"width:100% !important;\"    class=\"c\"><table style=\"width:100% !important;\" id=\"slc-clear\"    class=\"c\" cellspacing=\"0\" cellpadding=\"0\" border=\"0\"><tr id=\"slc-clear\" class=\"c\" ><td id=\"slc-clear\"  style=\"width:200px !important;\"    class=\"c\"><a id =\"slc-clear\" href=\"https:\/\/www.arhns.uns.ac.rs\/digital\/id-paviljon\/\" ><img decoding=\"async\" id=\"slc-img\" class=\"c\" src=\"https:\/\/www.arhns.uns.ac.rs\/digital\/wp-content\/uploads\/2021\/02\/cIMG_3021-1-e1679572313420-1.jpg\"  style=\"width:200px !important;height:200px !important;\"><\/a><\/td><td id=\"slc-hpostspace\"    class=\"c\"><\/td><td id=\"slc-clear\"    class=\"c\"><a  id=\"slc-title-layout2\"  class=\"c\" style=\"display:block !important;\" href=\"https:\/\/www.arhns.uns.ac.rs\/digital\/id-paviljon\/\">ID paviljon<\/a><a  id=\"slc-excerpt-layout2\"  class=\"c\" style=\"display:block !important;\" href=\"https:\/\/www.arhns.uns.ac.rs\/digital\/id-paviljon\/\">ID paviljon je struktura izra\u0111ena\u00a0na radionici u okviru predmeta Digitalna\u00a0fabrikacija na master programu Digitalne tehnike, dizajn i produkcija u arhitekturi.<\/a><\/td><\/tr><\/table><\/td><\/tr><\/table><\/td><\/tr><\/table><table style=\"width:100% !important;\" id=\"slc-vpostspace\"    class=\"c\" cellspacing=\"0\" cellpadding=\"0\" border=\"0\"><tr id=\"slc-clear\" class=\"c\" ><td id=\"slc-clear\"  style=\"width:100% !important;\"    class=\"c\"><table style=\"width:100% !important;\" id=\"slc-clear\"    class=\"c\" cellspacing=\"0\" cellpadding=\"0\" border=\"0\"><tr id=\"slc-clear\" class=\"c\" ><td id=\"slc-background0\"  style=\"width:100% !important;\"    class=\"c\"><table style=\"width:100% !important;\" id=\"slc-clear\"    class=\"c\" cellspacing=\"0\" cellpadding=\"0\" border=\"0\"><tr id=\"slc-clear\" class=\"c\" ><td id=\"slc-clear\"  style=\"width:200px !important;\"    class=\"c\"><a id =\"slc-clear\" href=\"https:\/\/www.arhns.uns.ac.rs\/digital\/parametric-kirigami\/\" ><img decoding=\"async\" id=\"slc-img\" class=\"c\" src=\"https:\/\/www.arhns.uns.ac.rs\/digital\/wp-content\/uploads\/2018\/02\/admin-ajax.jpg\"  style=\"width:200px !important;height:200px !important;\"><\/a><\/td><td id=\"slc-hpostspace\"    class=\"c\"><\/td><td id=\"slc-clear\"    class=\"c\"><a  id=\"slc-title-layout2\"  class=\"c\" style=\"display:block !important;\" href=\"https:\/\/www.arhns.uns.ac.rs\/digital\/parametric-kirigami\/\">Parametric kirigami<\/a><a  id=\"slc-excerpt-layout2\"  class=\"c\" style=\"display:block !important;\" href=\"https:\/\/www.arhns.uns.ac.rs\/digital\/parametric-kirigami\/\">Parametric kirigami\u00a0prikazuje radove studenata generacije 2017\/18 iz predmeta Digitalna fabrikacija.<\/a><\/td><\/tr><\/table><\/td><\/tr><\/table><\/td><\/tr><\/table><table style=\"width:100% !important;\" id=\"slc-vpostspace\"    class=\"c\" cellspacing=\"0\" cellpadding=\"0\" border=\"0\"><tr id=\"slc-clear\" class=\"c\" ><td id=\"slc-clear\"  style=\"width:100% !important;\"    class=\"c\"><table style=\"width:100% !important;\" id=\"slc-clear\"    class=\"c\" cellspacing=\"0\" cellpadding=\"0\" border=\"0\"><tr id=\"slc-clear\" class=\"c\" ><td id=\"slc-background0\"  style=\"width:100% !important;\"    class=\"c\"><table style=\"width:100% !important;\" id=\"slc-clear\"    class=\"c\" cellspacing=\"0\" cellpadding=\"0\" border=\"0\"><tr id=\"slc-clear\" class=\"c\" ><td id=\"slc-clear\"  style=\"width:200px !important;\"    class=\"c\"><a id =\"slc-clear\" href=\"https:\/\/www.arhns.uns.ac.rs\/digital\/kanda-lampa\/\" ><img decoding=\"async\" id=\"slc-img\" class=\"c\" src=\"https:\/\/www.arhns.uns.ac.rs\/digital\/wp-content\/uploads\/2017\/02\/DSC02665a-res-featured.jpg\"  style=\"width:200px !important;height:200px !important;\"><\/a><\/td><td id=\"slc-hpostspace\"    class=\"c\"><\/td><td id=\"slc-clear\"    class=\"c\"><a  id=\"slc-title-layout2\"  class=\"c\" style=\"display:block !important;\" href=\"https:\/\/www.arhns.uns.ac.rs\/digital\/kanda-lampa\/\">Kanda lampa<\/a><a  id=\"slc-excerpt-layout2\"  class=\"c\" style=\"display:block !important;\" href=\"https:\/\/www.arhns.uns.ac.rs\/digital\/kanda-lampa\/\">Kanda lampa je rezultat rada studenata generacije 2016\/17 na radionici iz predmeta Digitalna fabrikacija.<\/a><\/td><\/tr><\/table><\/td><\/tr><\/table><\/td><\/tr><\/table><table style=\"width:100% !important;\" id=\"slc-vpostspace\"    class=\"c\" cellspacing=\"0\" cellpadding=\"0\" border=\"0\"><tr id=\"slc-clear\" class=\"c\" ><td id=\"slc-clear\"  style=\"width:100% !important;\"    class=\"c\"><table style=\"width:100% !important;\" id=\"slc-clear\"    class=\"c\" cellspacing=\"0\" cellpadding=\"0\" border=\"0\"><tr id=\"slc-clear\" class=\"c\" ><td id=\"slc-background0\"  style=\"width:100% !important;\"    class=\"c\"><table style=\"width:100% !important;\" id=\"slc-clear\"    class=\"c\" cellspacing=\"0\" cellpadding=\"0\" border=\"0\"><tr id=\"slc-clear\" class=\"c\" ><td id=\"slc-clear\"  style=\"width:200px !important;\"    class=\"c\"><a id =\"slc-clear\" href=\"https:\/\/www.arhns.uns.ac.rs\/digital\/digitalni-ornament\/\" ><img decoding=\"async\" id=\"slc-img\" class=\"c\" src=\"https:\/\/www.arhns.uns.ac.rs\/digital\/wp-content\/uploads\/2016\/06\/12719058_602884353197164_5161362998681696996_o-e1467407461595.jpg\"  style=\"width:200px !important;height:200px !important;\"><\/a><\/td><td id=\"slc-hpostspace\"    class=\"c\"><\/td><td id=\"slc-clear\"    class=\"c\"><a  id=\"slc-title-layout2\"  class=\"c\" style=\"display:block !important;\" href=\"https:\/\/www.arhns.uns.ac.rs\/digital\/digitalni-ornament\/\">Digitalni ornament<\/a><a  id=\"slc-excerpt-layout2\"  class=\"c\" style=\"display:block !important;\" href=\"https:\/\/www.arhns.uns.ac.rs\/digital\/digitalni-ornament\/\">Digitalni ornament prikazuje radove studenata generacije 2015\/16 iz predmeta Digitalna fabrikacija.<\/a><\/td><\/tr><\/table><\/td><\/tr><\/table><\/td><\/tr><\/table><table style=\"width:100% !important;\" id=\"slc-vpostspace\"    class=\"c\" cellspacing=\"0\" cellpadding=\"0\" border=\"0\"><tr id=\"slc-clear\" class=\"c\" ><td id=\"slc-clear\"  style=\"width:100% !important;\"    class=\"c\"><table style=\"width:100% !important;\" id=\"slc-clear\"    class=\"c\" cellspacing=\"0\" cellpadding=\"0\" border=\"0\"><tr id=\"slc-clear\" class=\"c\" ><td id=\"slc-background0\"  style=\"width:100% !important;\"    class=\"c\"><table style=\"width:100% !important;\" id=\"slc-clear\"    class=\"c\" cellspacing=\"0\" cellpadding=\"0\" border=\"0\"><tr id=\"slc-clear\" class=\"c\" ><td id=\"slc-clear\"  style=\"width:200px !important;\"    class=\"c\"><a id =\"slc-clear\" href=\"https:\/\/www.arhns.uns.ac.rs\/digital\/origami-teatar\/\" ><img decoding=\"async\" id=\"slc-img\" class=\"c\" src=\"https:\/\/www.arhns.uns.ac.rs\/digital\/wp-content\/uploads\/2015\/09\/petrovaradin-bocni-74.jpg\"  style=\"width:200px !important;height:200px !important;\"><\/a><\/td><td id=\"slc-hpostspace\"    class=\"c\"><\/td><td id=\"slc-clear\"    class=\"c\"><a  id=\"slc-title-layout2\"  class=\"c\" style=\"display:block !important;\" href=\"https:\/\/www.arhns.uns.ac.rs\/digital\/origami-teatar\/\">Origami teatar<\/a><a  id=\"slc-excerpt-layout2\"  class=\"c\" style=\"display:block !important;\" href=\"https:\/\/www.arhns.uns.ac.rs\/digital\/origami-teatar\/\">&nbsp;\r\n\r\nProjekat Origami\u00a0teatar nastao je u okviru\u00a0predmeta Digitalna fabrikacija kao rezultat me\u0111unarodne saradnje tri univerziteta i dve velike organizacije u oblasti kulture i umetnosti sa cil...<\/a><\/td><\/tr><\/table><\/td><\/tr><\/table><\/td><\/tr><\/table><table style=\"width:100% !important;\" id=\"slc-vpostspace\"    class=\"c\" cellspacing=\"0\" cellpadding=\"0\" border=\"0\"><tr id=\"slc-clear\" class=\"c\" ><td id=\"slc-clear\"  style=\"width:100% !important;\"    class=\"c\"><table style=\"width:100% !important;\" id=\"slc-clear\"    class=\"c\" cellspacing=\"0\" cellpadding=\"0\" border=\"0\"><tr id=\"slc-clear\" class=\"c\" ><td id=\"slc-background0\"  style=\"width:100% !important;\"    class=\"c\"><table style=\"width:100% !important;\" id=\"slc-clear\"    class=\"c\" cellspacing=\"0\" cellpadding=\"0\" border=\"0\"><tr id=\"slc-clear\" class=\"c\" ><td id=\"slc-clear\"  style=\"width:200px !important;\"    class=\"c\"><a id =\"slc-clear\" href=\"https:\/\/www.arhns.uns.ac.rs\/digital\/folded-skins-od-dizajna-do-fabrikacije\/\" ><img decoding=\"async\" id=\"slc-img\" class=\"c\" src=\"https:\/\/www.arhns.uns.ac.rs\/digital\/wp-content\/uploads\/2015\/08\/1-e1467412166807-2024x2024.jpg\"  style=\"width:200px !important;height:200px !important;\"><\/a><\/td><td id=\"slc-hpostspace\"    class=\"c\"><\/td><td id=\"slc-clear\"    class=\"c\"><a  id=\"slc-title-layout2\"  class=\"c\" style=\"display:block !important;\" href=\"https:\/\/www.arhns.uns.ac.rs\/digital\/folded-skins-od-dizajna-do-fabrikacije\/\">FOLDED[skins] - Od dizajna do fabrikacije<\/a><a  id=\"slc-excerpt-layout2\"  class=\"c\" style=\"display:block !important;\" href=\"https:\/\/www.arhns.uns.ac.rs\/digital\/folded-skins-od-dizajna-do-fabrikacije\/\">FOLDED [skins]\u00a0- Od dizajna do fabrikacije pokazuje rad studenata generacije 2014\/15 na predmetu Digitalna fabrikacija.<\/a><\/td><\/tr><\/table><\/td><\/tr><\/table><\/td><\/tr><\/table><hr id=\"slc-layoutspace\"  class=\"c\" ><\/hr><\/div><\/span><\/p>\n<p>Predmetni nastavnici:<\/p>\n<p>Dr Milena Stavri\u0107, Dr Albert Wiltsche, TU Grac<\/p>\n<p>Marko Jovanovi\u0107, Departman za arhitekturu, FTN<\/p>\n","protected":false},"excerpt":{"rendered":"<p>Digitalna fabrikacija je tehnologija izrade modela, makete ili protipa objekta pomo\u0107u digitalno definisanih podataka. Pojam digitalne fabrikacije je usko vezan za termin CAD\/CAM tehnologije. Tehnologije digitalne fabrikacije su pre svega razvijene za potrebe industrijskog dizajna i ma\u0161inskog in\u017eenjerstva, brodogradnje, auto<\/p>\n","protected":false},"author":4,"featured_media":421,"parent":379,"menu_order":0,"comment_status":"closed","ping_status":"closed","template":"","meta":{"footnotes":""},"class_list":["post-275","page","type-page","status-publish","has-post-thumbnail","hentry"],"yoast_head":"<!-- This site is optimized with the Yoast SEO plugin v24.7 - https:\/\/yoast.com\/wordpress\/plugins\/seo\/ -->\n<title>Digitalna fabrikacija - Digital Techniques, Design and Production in Architecture and Urbanism<\/title>\n<meta name=\"robots\" content=\"index, follow, max-snippet:-1, max-image-preview:large, max-video-preview:-1\" \/>\n<link rel=\"canonical\" href=\"https:\/\/www.arhns.uns.ac.rs\/digital\/sr\/predmeti\/digitalna-fabrikacija\/\" \/>\n<meta property=\"og:locale\" content=\"en_US\" \/>\n<meta property=\"og:type\" content=\"article\" \/>\n<meta property=\"og:title\" content=\"Digitalna fabrikacija - Digital Techniques, Design and Production in Architecture and Urbanism\" \/>\n<meta property=\"og:description\" content=\"Digitalna fabrikacija je tehnologija izrade modela, makete ili protipa objekta pomo\u0107u digitalno definisanih podataka. Pojam digitalne fabrikacije je usko vezan za termin CAD\/CAM tehnologije. Tehnologije digitalne fabrikacije su pre svega razvijene za potrebe industrijskog dizajna i ma\u0161inskog in\u017eenjerstva, brodogradnje, auto\" \/>\n<meta property=\"og:url\" content=\"https:\/\/www.arhns.uns.ac.rs\/digital\/sr\/predmeti\/digitalna-fabrikacija\/\" \/>\n<meta property=\"og:site_name\" content=\"Digital Techniques, Design and Production in Architecture and Urbanism\" \/>\n<meta property=\"article:modified_time\" content=\"2018-03-10T20:00:19+00:00\" \/>\n<meta property=\"og:image\" content=\"https:\/\/www.arhns.uns.ac.rs\/digital\/wp-content\/uploads\/2015\/08\/1-e1467412166807.jpg\" \/>\n\t<meta property=\"og:image:width\" content=\"2668\" \/>\n\t<meta property=\"og:image:height\" content=\"2668\" \/>\n\t<meta property=\"og:image:type\" content=\"image\/jpeg\" \/>\n<meta name=\"twitter:card\" content=\"summary_large_image\" \/>\n<meta name=\"twitter:label1\" content=\"Est. reading time\" \/>\n\t<meta name=\"twitter:data1\" content=\"1 minute\" \/>\n<script type=\"application\/ld+json\" class=\"yoast-schema-graph\">{\"@context\":\"https:\/\/schema.org\",\"@graph\":[{\"@type\":\"WebPage\",\"@id\":\"https:\/\/www.arhns.uns.ac.rs\/digital\/sr\/predmeti\/digitalna-fabrikacija\/\",\"url\":\"https:\/\/www.arhns.uns.ac.rs\/digital\/sr\/predmeti\/digitalna-fabrikacija\/\",\"name\":\"Digitalna fabrikacija - Digital Techniques, Design and Production in Architecture and Urbanism\",\"isPartOf\":{\"@id\":\"http:\/\/www.arhns.uns.ac.rs\/digital\/#website\"},\"primaryImageOfPage\":{\"@id\":\"https:\/\/www.arhns.uns.ac.rs\/digital\/sr\/predmeti\/digitalna-fabrikacija\/#primaryimage\"},\"image\":{\"@id\":\"https:\/\/www.arhns.uns.ac.rs\/digital\/sr\/predmeti\/digitalna-fabrikacija\/#primaryimage\"},\"thumbnailUrl\":\"https:\/\/www.arhns.uns.ac.rs\/digital\/wp-content\/uploads\/2015\/08\/1-e1467412166807.jpg\",\"datePublished\":\"2014-07-19T14:46:12+00:00\",\"dateModified\":\"2018-03-10T20:00:19+00:00\",\"breadcrumb\":{\"@id\":\"https:\/\/www.arhns.uns.ac.rs\/digital\/sr\/predmeti\/digitalna-fabrikacija\/#breadcrumb\"},\"inLanguage\":\"en-US\",\"potentialAction\":[{\"@type\":\"ReadAction\",\"target\":[\"https:\/\/www.arhns.uns.ac.rs\/digital\/sr\/predmeti\/digitalna-fabrikacija\/\"]}]},{\"@type\":\"ImageObject\",\"inLanguage\":\"en-US\",\"@id\":\"https:\/\/www.arhns.uns.ac.rs\/digital\/sr\/predmeti\/digitalna-fabrikacija\/#primaryimage\",\"url\":\"https:\/\/www.arhns.uns.ac.rs\/digital\/wp-content\/uploads\/2015\/08\/1-e1467412166807.jpg\",\"contentUrl\":\"https:\/\/www.arhns.uns.ac.rs\/digital\/wp-content\/uploads\/2015\/08\/1-e1467412166807.jpg\",\"width\":2668,\"height\":2668},{\"@type\":\"BreadcrumbList\",\"@id\":\"https:\/\/www.arhns.uns.ac.rs\/digital\/sr\/predmeti\/digitalna-fabrikacija\/#breadcrumb\",\"itemListElement\":[{\"@type\":\"ListItem\",\"position\":1,\"name\":\"Home\",\"item\":\"http:\/\/www.arhns.uns.ac.rs\/digital\/sr\/o-master-kursu\/\"},{\"@type\":\"ListItem\",\"position\":2,\"name\":\"Predmeti\",\"item\":\"https:\/\/www.arhns.uns.ac.rs\/digital\/sr\/predmeti\/\"},{\"@type\":\"ListItem\",\"position\":3,\"name\":\"Digitalna fabrikacija\"}]},{\"@type\":\"WebSite\",\"@id\":\"http:\/\/www.arhns.uns.ac.rs\/digital\/#website\",\"url\":\"http:\/\/www.arhns.uns.ac.rs\/digital\/\",\"name\":\"Digital Techniques, Design and Production in Architecture and Urbanism\",\"description\":\"Department for Architecture and Urbanism | Departman za arhitekturu i urbanizam\",\"potentialAction\":[{\"@type\":\"SearchAction\",\"target\":{\"@type\":\"EntryPoint\",\"urlTemplate\":\"http:\/\/www.arhns.uns.ac.rs\/digital\/?s={search_term_string}\"},\"query-input\":{\"@type\":\"PropertyValueSpecification\",\"valueRequired\":true,\"valueName\":\"search_term_string\"}}],\"inLanguage\":\"en-US\"}]}<\/script>\n<!-- \/ Yoast SEO plugin. -->","yoast_head_json":{"title":"Digitalna fabrikacija - Digital Techniques, Design and Production in Architecture and Urbanism","robots":{"index":"index","follow":"follow","max-snippet":"max-snippet:-1","max-image-preview":"max-image-preview:large","max-video-preview":"max-video-preview:-1"},"canonical":"https:\/\/www.arhns.uns.ac.rs\/digital\/sr\/predmeti\/digitalna-fabrikacija\/","og_locale":"en_US","og_type":"article","og_title":"Digitalna fabrikacija - Digital Techniques, Design and Production in Architecture and Urbanism","og_description":"Digitalna fabrikacija je tehnologija izrade modela, makete ili protipa objekta pomo\u0107u digitalno definisanih podataka. Pojam digitalne fabrikacije je usko vezan za termin CAD\/CAM tehnologije. Tehnologije digitalne fabrikacije su pre svega razvijene za potrebe industrijskog dizajna i ma\u0161inskog in\u017eenjerstva, brodogradnje, auto","og_url":"https:\/\/www.arhns.uns.ac.rs\/digital\/sr\/predmeti\/digitalna-fabrikacija\/","og_site_name":"Digital Techniques, Design and Production in Architecture and Urbanism","article_modified_time":"2018-03-10T20:00:19+00:00","og_image":[{"width":2668,"height":2668,"url":"https:\/\/www.arhns.uns.ac.rs\/digital\/wp-content\/uploads\/2015\/08\/1-e1467412166807.jpg","type":"image\/jpeg"}],"twitter_card":"summary_large_image","twitter_misc":{"Est. reading time":"1 minute"},"schema":{"@context":"https:\/\/schema.org","@graph":[{"@type":"WebPage","@id":"https:\/\/www.arhns.uns.ac.rs\/digital\/sr\/predmeti\/digitalna-fabrikacija\/","url":"https:\/\/www.arhns.uns.ac.rs\/digital\/sr\/predmeti\/digitalna-fabrikacija\/","name":"Digitalna fabrikacija - Digital Techniques, Design and Production in Architecture and Urbanism","isPartOf":{"@id":"http:\/\/www.arhns.uns.ac.rs\/digital\/#website"},"primaryImageOfPage":{"@id":"https:\/\/www.arhns.uns.ac.rs\/digital\/sr\/predmeti\/digitalna-fabrikacija\/#primaryimage"},"image":{"@id":"https:\/\/www.arhns.uns.ac.rs\/digital\/sr\/predmeti\/digitalna-fabrikacija\/#primaryimage"},"thumbnailUrl":"https:\/\/www.arhns.uns.ac.rs\/digital\/wp-content\/uploads\/2015\/08\/1-e1467412166807.jpg","datePublished":"2014-07-19T14:46:12+00:00","dateModified":"2018-03-10T20:00:19+00:00","breadcrumb":{"@id":"https:\/\/www.arhns.uns.ac.rs\/digital\/sr\/predmeti\/digitalna-fabrikacija\/#breadcrumb"},"inLanguage":"en-US","potentialAction":[{"@type":"ReadAction","target":["https:\/\/www.arhns.uns.ac.rs\/digital\/sr\/predmeti\/digitalna-fabrikacija\/"]}]},{"@type":"ImageObject","inLanguage":"en-US","@id":"https:\/\/www.arhns.uns.ac.rs\/digital\/sr\/predmeti\/digitalna-fabrikacija\/#primaryimage","url":"https:\/\/www.arhns.uns.ac.rs\/digital\/wp-content\/uploads\/2015\/08\/1-e1467412166807.jpg","contentUrl":"https:\/\/www.arhns.uns.ac.rs\/digital\/wp-content\/uploads\/2015\/08\/1-e1467412166807.jpg","width":2668,"height":2668},{"@type":"BreadcrumbList","@id":"https:\/\/www.arhns.uns.ac.rs\/digital\/sr\/predmeti\/digitalna-fabrikacija\/#breadcrumb","itemListElement":[{"@type":"ListItem","position":1,"name":"Home","item":"http:\/\/www.arhns.uns.ac.rs\/digital\/sr\/o-master-kursu\/"},{"@type":"ListItem","position":2,"name":"Predmeti","item":"https:\/\/www.arhns.uns.ac.rs\/digital\/sr\/predmeti\/"},{"@type":"ListItem","position":3,"name":"Digitalna fabrikacija"}]},{"@type":"WebSite","@id":"http:\/\/www.arhns.uns.ac.rs\/digital\/#website","url":"http:\/\/www.arhns.uns.ac.rs\/digital\/","name":"Digital Techniques, Design and Production in Architecture and Urbanism","description":"Department for Architecture and Urbanism | Departman za arhitekturu i urbanizam","potentialAction":[{"@type":"SearchAction","target":{"@type":"EntryPoint","urlTemplate":"http:\/\/www.arhns.uns.ac.rs\/digital\/?s={search_term_string}"},"query-input":{"@type":"PropertyValueSpecification","valueRequired":true,"valueName":"search_term_string"}}],"inLanguage":"en-US"}]}},"_links":{"self":[{"href":"https:\/\/www.arhns.uns.ac.rs\/digital\/wp-json\/wp\/v2\/pages\/275","targetHints":{"allow":["GET"]}}],"collection":[{"href":"https:\/\/www.arhns.uns.ac.rs\/digital\/wp-json\/wp\/v2\/pages"}],"about":[{"href":"https:\/\/www.arhns.uns.ac.rs\/digital\/wp-json\/wp\/v2\/types\/page"}],"author":[{"embeddable":true,"href":"https:\/\/www.arhns.uns.ac.rs\/digital\/wp-json\/wp\/v2\/users\/4"}],"replies":[{"embeddable":true,"href":"https:\/\/www.arhns.uns.ac.rs\/digital\/wp-json\/wp\/v2\/comments?post=275"}],"version-history":[{"count":4,"href":"https:\/\/www.arhns.uns.ac.rs\/digital\/wp-json\/wp\/v2\/pages\/275\/revisions"}],"predecessor-version":[{"id":434,"href":"https:\/\/www.arhns.uns.ac.rs\/digital\/wp-json\/wp\/v2\/pages\/275\/revisions\/434"}],"up":[{"embeddable":true,"href":"https:\/\/www.arhns.uns.ac.rs\/digital\/wp-json\/wp\/v2\/pages\/379"}],"wp:featuredmedia":[{"embeddable":true,"href":"https:\/\/www.arhns.uns.ac.rs\/digital\/wp-json\/wp\/v2\/media\/421"}],"wp:attachment":[{"href":"https:\/\/www.arhns.uns.ac.rs\/digital\/wp-json\/wp\/v2\/media?parent=275"}],"curies":[{"name":"wp","href":"https:\/\/api.w.org\/{rel}","templated":true}]}}