{"id":22,"date":"2013-04-23T10:17:54","date_gmt":"2013-04-23T10:17:54","guid":{"rendered":"http:\/\/arhns.com\/digital\/?page_id=22"},"modified":"2018-03-09T22:47:21","modified_gmt":"2018-03-09T22:47:21","slug":"o-master-kursu","status":"publish","type":"page","link":"https:\/\/www.arhns.uns.ac.rs\/digital\/","title":{"rendered":"Osnovne informacije o studijskom programu"},"content":{"rendered":"<p>Master kurs Digitalne tehnike, dizajn i produkcija u arhitekturi i urbanizmu osnovan je 2013. godine na Departmanu za arhitekturu i urbanizam Fakulteta tehni\u010dkih nauka, Univerziteta u Novom Sadu, kao interdisciplinarni studijski program sa fokusom na primeni digitalnih tehnologija u arhitekturi, urbanizmu, industrijskom dizajnu i drugim\u00a0 srodnim disciplinama.<\/p>\n<p style=\"text-align: justify;\">Nastavu u okviru programa realizuju\u00a0profesori sa Fakulteta tehni\u010dkih nauka, kao i gostuju\u0107i predava\u010di.<b> <\/b>Predavanja i ve\u017ebe se izvode na <span style=\"color: #000000;\">srpskom ili engleskom jeziku u zavisnosti od statusa upisanih kandidata,<\/span>\u00a0klasi\u010dno i u vidu blok nastave, kao i kroz razli\u010dite radionice, a u zavisnosti od tematike i problema predmeta.<\/p>\n<p style=\"text-align: justify;\">Studijski program je usagla\u0161en sa savremenim svetskim nau\u010dnim tokovima i stanjem struke, odnosno sa slede\u0107im programima na inostranim visoko\u0161kolskim ustanovama: <i>Master of Advanced Studies in CAAD<\/i>, ETH, Cirih, <i>Master in Advanced Architecture<\/i>, Institute for Advanced Architecture of Catalonia, Barselona, i <i>MSc Adaptive Architecture and Computation<\/i>, Bartlett School of Architecture, London. Specifi\u010dnost ovog kursa u odnosu na druge u regionu jeste primena najsavremenijih teorija i tehnologija u procesu nastave, kao \u0161to su <b>Robotika, CNC tehnologije i 3D print tehnologije<\/b>.<\/p>\n<p style=\"text-align: justify;\">Detaljne informacije o upisu u prvu godinu master akademskih studije, prema konkursu Fakulteta tehni\u010dkih nauka, mo\u017eete preuzeti<strong> <a href=\"http:\/\/www.ftn.uns.ac.rs\/1966196899\/konkurs-za-upis-na-master-akademske-studije-\">ovde<\/a>.<\/strong><\/p>\n<h4 style=\"text-align: justify;\"><\/h4>\n","protected":false},"excerpt":{"rendered":"<p>Master kurs Digitalne tehnike, dizajn i produkcija u arhitekturi i urbanizmu osnovan je 2013. godine na Departmanu za arhitekturu i urbanizam Fakulteta tehni\u010dkih nauka, Univerziteta u Novom Sadu, kao interdisciplinarni studijski program sa fokusom na primeni digitalnih tehnologija u arhitekturi,<\/p>\n","protected":false},"author":4,"featured_media":248,"parent":0,"menu_order":0,"comment_status":"closed","ping_status":"open","template":"page-templates\/business.php","meta":{"footnotes":""},"class_list":["post-22","page","type-page","status-publish","has-post-thumbnail","hentry"],"yoast_head":"<!-- This site is optimized with the Yoast SEO plugin v24.7 - https:\/\/yoast.com\/wordpress\/plugins\/seo\/ -->\n<title>Osnovne informacije o studijskom programu - Digital Techniques, Design and Production in Architecture and Urbanism<\/title>\n<meta name=\"robots\" content=\"index, follow, max-snippet:-1, max-image-preview:large, max-video-preview:-1\" \/>\n<link rel=\"canonical\" href=\"http:\/\/www.arhns.uns.ac.rs\/digital\/sr\/o-master-kursu\/\" \/>\n<meta property=\"og:locale\" content=\"en_US\" \/>\n<meta property=\"og:type\" content=\"article\" \/>\n<meta property=\"og:title\" content=\"Osnovne informacije o studijskom programu - Digital Techniques, Design and Production in Architecture and Urbanism\" \/>\n<meta property=\"og:description\" content=\"Master kurs Digitalne tehnike, dizajn i produkcija u arhitekturi i urbanizmu osnovan je 2013. godine na Departmanu za arhitekturu i urbanizam Fakulteta tehni\u010dkih nauka, Univerziteta u Novom Sadu, kao interdisciplinarni studijski program sa fokusom na primeni digitalnih tehnologija u arhitekturi,\" \/>\n<meta property=\"og:url\" content=\"http:\/\/www.arhns.uns.ac.rs\/digital\/sr\/o-master-kursu\/\" \/>\n<meta property=\"og:site_name\" content=\"Digital Techniques, Design and Production in Architecture and Urbanism\" \/>\n<meta property=\"article:modified_time\" content=\"2018-03-09T22:47:21+00:00\" \/>\n<meta property=\"og:image\" content=\"http:\/\/www.arhns.uns.ac.rs\/digital\/wp-content\/uploads\/2013\/04\/DSC_0372-1024x682.jpg\" \/>\n\t<meta property=\"og:image:width\" content=\"1024\" \/>\n\t<meta property=\"og:image:height\" content=\"682\" \/>\n\t<meta property=\"og:image:type\" content=\"image\/jpeg\" \/>\n<meta name=\"twitter:card\" content=\"summary_large_image\" \/>\n<meta name=\"twitter:label1\" content=\"Est. reading time\" \/>\n\t<meta name=\"twitter:data1\" content=\"1 minute\" \/>\n<script type=\"application\/ld+json\" class=\"yoast-schema-graph\">{\"@context\":\"https:\/\/schema.org\",\"@graph\":[{\"@type\":\"WebPage\",\"@id\":\"http:\/\/www.arhns.uns.ac.rs\/digital\/sr\/o-master-kursu\/\",\"url\":\"http:\/\/www.arhns.uns.ac.rs\/digital\/sr\/o-master-kursu\/\",\"name\":\"Osnovne informacije o studijskom programu - Digital Techniques, Design and Production in Architecture and Urbanism\",\"isPartOf\":{\"@id\":\"http:\/\/www.arhns.uns.ac.rs\/digital\/#website\"},\"primaryImageOfPage\":{\"@id\":\"http:\/\/www.arhns.uns.ac.rs\/digital\/sr\/o-master-kursu\/#primaryimage\"},\"image\":{\"@id\":\"http:\/\/www.arhns.uns.ac.rs\/digital\/sr\/o-master-kursu\/#primaryimage\"},\"thumbnailUrl\":\"https:\/\/www.arhns.uns.ac.rs\/digital\/wp-content\/uploads\/2013\/04\/DSC_0372.jpg\",\"datePublished\":\"2013-04-23T10:17:54+00:00\",\"dateModified\":\"2018-03-09T22:47:21+00:00\",\"breadcrumb\":{\"@id\":\"http:\/\/www.arhns.uns.ac.rs\/digital\/sr\/o-master-kursu\/#breadcrumb\"},\"inLanguage\":\"en-US\",\"potentialAction\":[{\"@type\":\"ReadAction\",\"target\":[\"http:\/\/www.arhns.uns.ac.rs\/digital\/sr\/o-master-kursu\/\"]}]},{\"@type\":\"ImageObject\",\"inLanguage\":\"en-US\",\"@id\":\"http:\/\/www.arhns.uns.ac.rs\/digital\/sr\/o-master-kursu\/#primaryimage\",\"url\":\"https:\/\/www.arhns.uns.ac.rs\/digital\/wp-content\/uploads\/2013\/04\/DSC_0372.jpg\",\"contentUrl\":\"https:\/\/www.arhns.uns.ac.rs\/digital\/wp-content\/uploads\/2013\/04\/DSC_0372.jpg\",\"width\":4608,\"height\":3072},{\"@type\":\"BreadcrumbList\",\"@id\":\"http:\/\/www.arhns.uns.ac.rs\/digital\/sr\/o-master-kursu\/#breadcrumb\",\"itemListElement\":[{\"@type\":\"ListItem\",\"position\":1,\"name\":\"Home\",\"item\":\"http:\/\/www.arhns.uns.ac.rs\/digital\/sr\/o-master-kursu\/\"},{\"@type\":\"ListItem\",\"position\":2,\"name\":\"Osnovne informacije o studijskom programu\"}]},{\"@type\":\"WebSite\",\"@id\":\"http:\/\/www.arhns.uns.ac.rs\/digital\/#website\",\"url\":\"http:\/\/www.arhns.uns.ac.rs\/digital\/\",\"name\":\"Digital Techniques, Design and Production in Architecture and Urbanism\",\"description\":\"Department for Architecture and Urbanism | Departman za arhitekturu i urbanizam\",\"potentialAction\":[{\"@type\":\"SearchAction\",\"target\":{\"@type\":\"EntryPoint\",\"urlTemplate\":\"http:\/\/www.arhns.uns.ac.rs\/digital\/?s={search_term_string}\"},\"query-input\":{\"@type\":\"PropertyValueSpecification\",\"valueRequired\":true,\"valueName\":\"search_term_string\"}}],\"inLanguage\":\"en-US\"}]}<\/script>\n<!-- \/ Yoast SEO plugin. -->","yoast_head_json":{"title":"Osnovne informacije o studijskom programu - Digital Techniques, Design and Production in Architecture and Urbanism","robots":{"index":"index","follow":"follow","max-snippet":"max-snippet:-1","max-image-preview":"max-image-preview:large","max-video-preview":"max-video-preview:-1"},"canonical":"http:\/\/www.arhns.uns.ac.rs\/digital\/sr\/o-master-kursu\/","og_locale":"en_US","og_type":"article","og_title":"Osnovne informacije o studijskom programu - Digital Techniques, Design and Production in Architecture and Urbanism","og_description":"Master kurs Digitalne tehnike, dizajn i produkcija u arhitekturi i urbanizmu osnovan je 2013. godine na Departmanu za arhitekturu i urbanizam Fakulteta tehni\u010dkih nauka, Univerziteta u Novom Sadu, kao interdisciplinarni studijski program sa fokusom na primeni digitalnih tehnologija u arhitekturi,","og_url":"http:\/\/www.arhns.uns.ac.rs\/digital\/sr\/o-master-kursu\/","og_site_name":"Digital Techniques, Design and Production in Architecture and Urbanism","article_modified_time":"2018-03-09T22:47:21+00:00","og_image":[{"width":1024,"height":682,"url":"http:\/\/www.arhns.uns.ac.rs\/digital\/wp-content\/uploads\/2013\/04\/DSC_0372-1024x682.jpg","type":"image\/jpeg"}],"twitter_card":"summary_large_image","twitter_misc":{"Est. reading time":"1 minute"},"schema":{"@context":"https:\/\/schema.org","@graph":[{"@type":"WebPage","@id":"http:\/\/www.arhns.uns.ac.rs\/digital\/sr\/o-master-kursu\/","url":"http:\/\/www.arhns.uns.ac.rs\/digital\/sr\/o-master-kursu\/","name":"Osnovne informacije o studijskom programu - Digital Techniques, Design and Production in Architecture and Urbanism","isPartOf":{"@id":"http:\/\/www.arhns.uns.ac.rs\/digital\/#website"},"primaryImageOfPage":{"@id":"http:\/\/www.arhns.uns.ac.rs\/digital\/sr\/o-master-kursu\/#primaryimage"},"image":{"@id":"http:\/\/www.arhns.uns.ac.rs\/digital\/sr\/o-master-kursu\/#primaryimage"},"thumbnailUrl":"https:\/\/www.arhns.uns.ac.rs\/digital\/wp-content\/uploads\/2013\/04\/DSC_0372.jpg","datePublished":"2013-04-23T10:17:54+00:00","dateModified":"2018-03-09T22:47:21+00:00","breadcrumb":{"@id":"http:\/\/www.arhns.uns.ac.rs\/digital\/sr\/o-master-kursu\/#breadcrumb"},"inLanguage":"en-US","potentialAction":[{"@type":"ReadAction","target":["http:\/\/www.arhns.uns.ac.rs\/digital\/sr\/o-master-kursu\/"]}]},{"@type":"ImageObject","inLanguage":"en-US","@id":"http:\/\/www.arhns.uns.ac.rs\/digital\/sr\/o-master-kursu\/#primaryimage","url":"https:\/\/www.arhns.uns.ac.rs\/digital\/wp-content\/uploads\/2013\/04\/DSC_0372.jpg","contentUrl":"https:\/\/www.arhns.uns.ac.rs\/digital\/wp-content\/uploads\/2013\/04\/DSC_0372.jpg","width":4608,"height":3072},{"@type":"BreadcrumbList","@id":"http:\/\/www.arhns.uns.ac.rs\/digital\/sr\/o-master-kursu\/#breadcrumb","itemListElement":[{"@type":"ListItem","position":1,"name":"Home","item":"http:\/\/www.arhns.uns.ac.rs\/digital\/sr\/o-master-kursu\/"},{"@type":"ListItem","position":2,"name":"Osnovne informacije o studijskom programu"}]},{"@type":"WebSite","@id":"http:\/\/www.arhns.uns.ac.rs\/digital\/#website","url":"http:\/\/www.arhns.uns.ac.rs\/digital\/","name":"Digital Techniques, Design and Production in Architecture and Urbanism","description":"Department for Architecture and Urbanism | Departman za arhitekturu i urbanizam","potentialAction":[{"@type":"SearchAction","target":{"@type":"EntryPoint","urlTemplate":"http:\/\/www.arhns.uns.ac.rs\/digital\/?s={search_term_string}"},"query-input":{"@type":"PropertyValueSpecification","valueRequired":true,"valueName":"search_term_string"}}],"inLanguage":"en-US"}]}},"_links":{"self":[{"href":"https:\/\/www.arhns.uns.ac.rs\/digital\/wp-json\/wp\/v2\/pages\/22","targetHints":{"allow":["GET"]}}],"collection":[{"href":"https:\/\/www.arhns.uns.ac.rs\/digital\/wp-json\/wp\/v2\/pages"}],"about":[{"href":"https:\/\/www.arhns.uns.ac.rs\/digital\/wp-json\/wp\/v2\/types\/page"}],"author":[{"embeddable":true,"href":"https:\/\/www.arhns.uns.ac.rs\/digital\/wp-json\/wp\/v2\/users\/4"}],"replies":[{"embeddable":true,"href":"https:\/\/www.arhns.uns.ac.rs\/digital\/wp-json\/wp\/v2\/comments?post=22"}],"version-history":[{"count":21,"href":"https:\/\/www.arhns.uns.ac.rs\/digital\/wp-json\/wp\/v2\/pages\/22\/revisions"}],"predecessor-version":[{"id":791,"href":"https:\/\/www.arhns.uns.ac.rs\/digital\/wp-json\/wp\/v2\/pages\/22\/revisions\/791"}],"wp:featuredmedia":[{"embeddable":true,"href":"https:\/\/www.arhns.uns.ac.rs\/digital\/wp-json\/wp\/v2\/media\/248"}],"wp:attachment":[{"href":"https:\/\/www.arhns.uns.ac.rs\/digital\/wp-json\/wp\/v2\/media?parent=22"}],"curies":[{"name":"wp","href":"https:\/\/api.w.org\/{rel}","templated":true}]}}