{"id":1799,"date":"2021-11-04T18:10:54","date_gmt":"2021-11-04T17:10:54","guid":{"rendered":"http:\/\/www.arhns.uns.ac.rs\/digital\/?page_id=1799"},"modified":"2024-06-12T11:57:26","modified_gmt":"2024-06-12T10:57:26","slug":"modul-arhitektonska-vizuelizacija","status":"publish","type":"page","link":"https:\/\/www.arhns.uns.ac.rs\/digital\/modul-arhitektonska-vizuelizacija\/","title":{"rendered":"Modul Arhitektonska vizuelizacija i simulacije"},"content":{"rendered":"<p>O modulu:<\/p>\n<p>Modul Arhitektonska vizuelizacija i simulacije usmeren je ka savremenim tehnikama dizajna i kreiranja virtuelnog sadr\u017eaja iz domena arhitekture, urbanizma, dizajna i umetnosti. Student koji zavr\u0161i ovaj modul osposobljen je da primenjuje najsavremenije tehnologije kao \u0161to su napredni alati za profesionalnu vizuelizaciju, interaktivnu vizuelizaciju (VR, AR), napredni BIM, parametarsko modelovanje i vizuelno programiranje, proceduralno modelovanje, evaluaciju spolja\u0161njih uticaja okru\u017eenja (simulacije insolacije, termalnog komfora i vetra).<\/p>\n<p>&nbsp;<\/p>\n<p>Predmeti:<\/p>\n<p>-Arhitektonska vizuelizacija<br \/>\n-Digitalni dizajn<br \/>\n-Napredne BIM tehnologije<br \/>\n-Interaktivna vizuelizacija<br \/>\n-Napredno modelovanje gradova<br \/>\n-Dinami\u010dke analize i simulacije u arhitekturi i urbanizmu<\/p>\n","protected":false},"excerpt":{"rendered":"<p>O modulu: Modul Arhitektonska vizuelizacija i simulacije usmeren je ka savremenim tehnikama dizajna i kreiranja virtuelnog sadr\u017eaja iz domena arhitekture, urbanizma, dizajna i umetnosti. Student koji zavr\u0161i ovaj modul osposobljen je da primenjuje najsavremenije tehnologije kao \u0161to su napredni alati<\/p>\n","protected":false},"author":4,"featured_media":0,"parent":0,"menu_order":0,"comment_status":"closed","ping_status":"closed","template":"","meta":{"footnotes":""},"class_list":["post-1799","page","type-page","status-publish","hentry"],"yoast_head":"<!-- This site is optimized with the Yoast SEO plugin v24.7 - https:\/\/yoast.com\/wordpress\/plugins\/seo\/ -->\n<title>Modul Arhitektonska vizuelizacija i simulacije - Digital Techniques, Design and Production in Architecture and Urbanism<\/title>\n<meta name=\"robots\" content=\"index, follow, max-snippet:-1, max-image-preview:large, max-video-preview:-1\" \/>\n<link rel=\"canonical\" href=\"https:\/\/www.arhns.uns.ac.rs\/digital\/sr\/modul-arhitektonska-vizuelizacija\/\" \/>\n<meta property=\"og:locale\" content=\"en_US\" \/>\n<meta property=\"og:type\" content=\"article\" \/>\n<meta property=\"og:title\" content=\"Modul Arhitektonska vizuelizacija i simulacije - Digital Techniques, Design and Production in Architecture and Urbanism\" \/>\n<meta property=\"og:description\" content=\"O modulu: Modul Arhitektonska vizuelizacija i simulacije usmeren je ka savremenim tehnikama dizajna i kreiranja virtuelnog sadr\u017eaja iz domena arhitekture, urbanizma, dizajna i umetnosti. Student koji zavr\u0161i ovaj modul osposobljen je da primenjuje najsavremenije tehnologije kao \u0161to su napredni alati\" \/>\n<meta property=\"og:url\" content=\"https:\/\/www.arhns.uns.ac.rs\/digital\/sr\/modul-arhitektonska-vizuelizacija\/\" \/>\n<meta property=\"og:site_name\" content=\"Digital Techniques, Design and Production in Architecture and Urbanism\" \/>\n<meta property=\"article:modified_time\" content=\"2024-06-12T10:57:26+00:00\" \/>\n<meta name=\"twitter:card\" content=\"summary_large_image\" \/>\n<script type=\"application\/ld+json\" class=\"yoast-schema-graph\">{\"@context\":\"https:\/\/schema.org\",\"@graph\":[{\"@type\":\"WebPage\",\"@id\":\"https:\/\/www.arhns.uns.ac.rs\/digital\/sr\/modul-arhitektonska-vizuelizacija\/\",\"url\":\"https:\/\/www.arhns.uns.ac.rs\/digital\/sr\/modul-arhitektonska-vizuelizacija\/\",\"name\":\"Modul Arhitektonska vizuelizacija i simulacije - Digital Techniques, Design and Production in Architecture and Urbanism\",\"isPartOf\":{\"@id\":\"http:\/\/www.arhns.uns.ac.rs\/digital\/#website\"},\"datePublished\":\"2021-11-04T17:10:54+00:00\",\"dateModified\":\"2024-06-12T10:57:26+00:00\",\"breadcrumb\":{\"@id\":\"https:\/\/www.arhns.uns.ac.rs\/digital\/sr\/modul-arhitektonska-vizuelizacija\/#breadcrumb\"},\"inLanguage\":\"en-US\",\"potentialAction\":[{\"@type\":\"ReadAction\",\"target\":[\"https:\/\/www.arhns.uns.ac.rs\/digital\/sr\/modul-arhitektonska-vizuelizacija\/\"]}]},{\"@type\":\"BreadcrumbList\",\"@id\":\"https:\/\/www.arhns.uns.ac.rs\/digital\/sr\/modul-arhitektonska-vizuelizacija\/#breadcrumb\",\"itemListElement\":[{\"@type\":\"ListItem\",\"position\":1,\"name\":\"Home\",\"item\":\"http:\/\/www.arhns.uns.ac.rs\/digital\/sr\/o-master-kursu\/\"},{\"@type\":\"ListItem\",\"position\":2,\"name\":\"Modul Arhitektonska vizuelizacija i simulacije\"}]},{\"@type\":\"WebSite\",\"@id\":\"http:\/\/www.arhns.uns.ac.rs\/digital\/#website\",\"url\":\"http:\/\/www.arhns.uns.ac.rs\/digital\/\",\"name\":\"Digital Techniques, Design and Production in Architecture and Urbanism\",\"description\":\"Department for Architecture and Urbanism | Departman za arhitekturu i urbanizam\",\"potentialAction\":[{\"@type\":\"SearchAction\",\"target\":{\"@type\":\"EntryPoint\",\"urlTemplate\":\"http:\/\/www.arhns.uns.ac.rs\/digital\/?s={search_term_string}\"},\"query-input\":{\"@type\":\"PropertyValueSpecification\",\"valueRequired\":true,\"valueName\":\"search_term_string\"}}],\"inLanguage\":\"en-US\"}]}<\/script>\n<!-- \/ Yoast SEO plugin. -->","yoast_head_json":{"title":"Modul Arhitektonska vizuelizacija i simulacije - Digital Techniques, Design and Production in Architecture and Urbanism","robots":{"index":"index","follow":"follow","max-snippet":"max-snippet:-1","max-image-preview":"max-image-preview:large","max-video-preview":"max-video-preview:-1"},"canonical":"https:\/\/www.arhns.uns.ac.rs\/digital\/sr\/modul-arhitektonska-vizuelizacija\/","og_locale":"en_US","og_type":"article","og_title":"Modul Arhitektonska vizuelizacija i simulacije - Digital Techniques, Design and Production in Architecture and Urbanism","og_description":"O modulu: Modul Arhitektonska vizuelizacija i simulacije usmeren je ka savremenim tehnikama dizajna i kreiranja virtuelnog sadr\u017eaja iz domena arhitekture, urbanizma, dizajna i umetnosti. Student koji zavr\u0161i ovaj modul osposobljen je da primenjuje najsavremenije tehnologije kao \u0161to su napredni alati","og_url":"https:\/\/www.arhns.uns.ac.rs\/digital\/sr\/modul-arhitektonska-vizuelizacija\/","og_site_name":"Digital Techniques, Design and Production in Architecture and Urbanism","article_modified_time":"2024-06-12T10:57:26+00:00","twitter_card":"summary_large_image","schema":{"@context":"https:\/\/schema.org","@graph":[{"@type":"WebPage","@id":"https:\/\/www.arhns.uns.ac.rs\/digital\/sr\/modul-arhitektonska-vizuelizacija\/","url":"https:\/\/www.arhns.uns.ac.rs\/digital\/sr\/modul-arhitektonska-vizuelizacija\/","name":"Modul Arhitektonska vizuelizacija i simulacije - Digital Techniques, Design and Production in Architecture and Urbanism","isPartOf":{"@id":"http:\/\/www.arhns.uns.ac.rs\/digital\/#website"},"datePublished":"2021-11-04T17:10:54+00:00","dateModified":"2024-06-12T10:57:26+00:00","breadcrumb":{"@id":"https:\/\/www.arhns.uns.ac.rs\/digital\/sr\/modul-arhitektonska-vizuelizacija\/#breadcrumb"},"inLanguage":"en-US","potentialAction":[{"@type":"ReadAction","target":["https:\/\/www.arhns.uns.ac.rs\/digital\/sr\/modul-arhitektonska-vizuelizacija\/"]}]},{"@type":"BreadcrumbList","@id":"https:\/\/www.arhns.uns.ac.rs\/digital\/sr\/modul-arhitektonska-vizuelizacija\/#breadcrumb","itemListElement":[{"@type":"ListItem","position":1,"name":"Home","item":"http:\/\/www.arhns.uns.ac.rs\/digital\/sr\/o-master-kursu\/"},{"@type":"ListItem","position":2,"name":"Modul Arhitektonska vizuelizacija i simulacije"}]},{"@type":"WebSite","@id":"http:\/\/www.arhns.uns.ac.rs\/digital\/#website","url":"http:\/\/www.arhns.uns.ac.rs\/digital\/","name":"Digital Techniques, Design and Production in Architecture and Urbanism","description":"Department for Architecture and Urbanism | Departman za arhitekturu i urbanizam","potentialAction":[{"@type":"SearchAction","target":{"@type":"EntryPoint","urlTemplate":"http:\/\/www.arhns.uns.ac.rs\/digital\/?s={search_term_string}"},"query-input":{"@type":"PropertyValueSpecification","valueRequired":true,"valueName":"search_term_string"}}],"inLanguage":"en-US"}]}},"_links":{"self":[{"href":"https:\/\/www.arhns.uns.ac.rs\/digital\/wp-json\/wp\/v2\/pages\/1799","targetHints":{"allow":["GET"]}}],"collection":[{"href":"https:\/\/www.arhns.uns.ac.rs\/digital\/wp-json\/wp\/v2\/pages"}],"about":[{"href":"https:\/\/www.arhns.uns.ac.rs\/digital\/wp-json\/wp\/v2\/types\/page"}],"author":[{"embeddable":true,"href":"https:\/\/www.arhns.uns.ac.rs\/digital\/wp-json\/wp\/v2\/users\/4"}],"replies":[{"embeddable":true,"href":"https:\/\/www.arhns.uns.ac.rs\/digital\/wp-json\/wp\/v2\/comments?post=1799"}],"version-history":[{"count":3,"href":"https:\/\/www.arhns.uns.ac.rs\/digital\/wp-json\/wp\/v2\/pages\/1799\/revisions"}],"predecessor-version":[{"id":1914,"href":"https:\/\/www.arhns.uns.ac.rs\/digital\/wp-json\/wp\/v2\/pages\/1799\/revisions\/1914"}],"wp:attachment":[{"href":"https:\/\/www.arhns.uns.ac.rs\/digital\/wp-json\/wp\/v2\/media?parent=1799"}],"curies":[{"name":"wp","href":"https:\/\/api.w.org\/{rel}","templated":true}]}}