{"id":1652,"date":"2018-11-20T08:39:18","date_gmt":"2018-11-20T08:39:18","guid":{"rendered":"http:\/\/www.arhns.uns.ac.rs\/digital\/?page_id=1652"},"modified":"2018-11-20T08:39:18","modified_gmt":"2018-11-20T08:39:18","slug":"radionica-foldable-shelters-je-bila-veoma-uspesna","status":"publish","type":"page","link":"https:\/\/www.arhns.uns.ac.rs\/digital\/radionica-foldable-shelters-je-bila-veoma-uspesna\/","title":{"rendered":"Radionica Foldable shelters je bila veoma uspe\u0161na"},"content":{"rendered":"<p>Radionica sa temom strategije dizajna i fabrikacije skloni\u0161ta za krizne situacije odr\u017eana je prethodne nedelje ne FTN-u. Radionica je podr\u017eana od strane UN, a na radionici je u\u010destvovalo 30 studenata sa BNCA \u017eenskog koled\u017ea za arhitekturu koji je jedini koled\u017e u Indiji specijalizovan<br \/>\nza digitalne tehnologije u arhitekturi. Organizatori i rukovodioci radionice su \u010dlanovi Centra za digitalni dizajn, FTN, Novi Sad.<br \/>\nUslov za dizajn skloni\u0161ta je bio da se struktura moze pakovati kao ravan materijal, da bude jednostavna za masovnu produkciju, da ima odgovaraju\u0107u stabilnost, da plovi, da bude za\u0161tita od ki\u0161e i da bude laka.<\/p>\n<p><a href=\"http:\/\/www.arhns.uns.ac.rs\/cdd\/wp-content\/uploads\/2018\/11\/46445273_1185540938264833_3447355860911652864_o.jpg\"><img loading=\"lazy\" decoding=\"async\" class=\"alignnone size-full wp-image-1814\" src=\"http:\/\/www.arhns.uns.ac.rs\/cdd\/wp-content\/uploads\/2018\/11\/46445273_1185540938264833_3447355860911652864_o.jpg\" alt=\"46445273_1185540938264833_3447355860911652864_o\" width=\"2000\" height=\"1239\" \/><\/a><a href=\"http:\/\/www.arhns.uns.ac.rs\/cdd\/wp-content\/uploads\/2018\/11\/46384942_1185541064931487_2307772892638609408_o.jpg\"><img loading=\"lazy\" decoding=\"async\" class=\"alignnone size-full wp-image-1816\" src=\"http:\/\/www.arhns.uns.ac.rs\/cdd\/wp-content\/uploads\/2018\/11\/46384942_1185541064931487_2307772892638609408_o.jpg\" alt=\"46384942_1185541064931487_2307772892638609408_o\" width=\"2000\" height=\"1346\" \/><\/a><a href=\"http:\/\/www.arhns.uns.ac.rs\/cdd\/wp-content\/uploads\/2018\/11\/46445218_1185542148264712_8911852934979911680_o.jpg\"><img loading=\"lazy\" decoding=\"async\" class=\"alignnone size-full wp-image-1817\" src=\"http:\/\/www.arhns.uns.ac.rs\/cdd\/wp-content\/uploads\/2018\/11\/46445218_1185542148264712_8911852934979911680_o.jpg\" alt=\"46445218_1185542148264712_8911852934979911680_o\" width=\"2000\" height=\"1333\" \/><\/a><a href=\"http:\/\/www.arhns.uns.ac.rs\/cdd\/wp-content\/uploads\/2018\/11\/46495863_1185542388264688_5781172743743471616_o.jpg\"><img loading=\"lazy\" decoding=\"async\" class=\"alignnone size-full wp-image-1821\" src=\"http:\/\/www.arhns.uns.ac.rs\/cdd\/wp-content\/uploads\/2018\/11\/46495863_1185542388264688_5781172743743471616_o.jpg\" alt=\"46495863_1185542388264688_5781172743743471616_o\" width=\"2000\" height=\"1334\" \/><\/a><a href=\"http:\/\/www.arhns.uns.ac.rs\/cdd\/wp-content\/uploads\/2018\/11\/46482405_1185542404931353_5850498021321605120_o.jpg\"><img loading=\"lazy\" decoding=\"async\" class=\"alignnone size-full wp-image-1822\" src=\"http:\/\/www.arhns.uns.ac.rs\/cdd\/wp-content\/uploads\/2018\/11\/46482405_1185542404931353_5850498021321605120_o.jpg\" alt=\"46482405_1185542404931353_5850498021321605120_o\" width=\"2000\" height=\"1333\" \/><\/a><a href=\"http:\/\/www.arhns.uns.ac.rs\/cdd\/wp-content\/uploads\/2018\/11\/46346679_1185542498264677_2301504503834214400_o.jpg\"><img loading=\"lazy\" decoding=\"async\" class=\"alignnone size-full wp-image-1823\" src=\"http:\/\/www.arhns.uns.ac.rs\/cdd\/wp-content\/uploads\/2018\/11\/46346679_1185542498264677_2301504503834214400_o.jpg\" alt=\"46346679_1185542498264677_2301504503834214400_o\" width=\"2000\" height=\"1334\" \/><\/a><a href=\"http:\/\/www.arhns.uns.ac.rs\/cdd\/wp-content\/uploads\/2018\/11\/46468482_1185542738264653_3526744328468692992_o.jpg\"><img loading=\"lazy\" decoding=\"async\" class=\"alignnone size-full wp-image-1818\" src=\"http:\/\/www.arhns.uns.ac.rs\/cdd\/wp-content\/uploads\/2018\/11\/46468482_1185542738264653_3526744328468692992_o.jpg\" alt=\"46468482_1185542738264653_3526744328468692992_o\" width=\"2000\" height=\"1333\" \/><\/a><a href=\"http:\/\/www.arhns.uns.ac.rs\/cdd\/wp-content\/uploads\/2018\/11\/46436770_1185542694931324_3967562806609313792_o.jpg\"><img loading=\"lazy\" decoding=\"async\" class=\"alignnone size-full wp-image-1815\" src=\"http:\/\/www.arhns.uns.ac.rs\/cdd\/wp-content\/uploads\/2018\/11\/46436770_1185542694931324_3967562806609313792_o.jpg\" alt=\"46436770_1185542694931324_3967562806609313792_o\" width=\"2000\" height=\"1333\" data-wp-imgselect=\"1\" \/><\/a><\/p>\n","protected":false},"excerpt":{"rendered":"<p>Radionica sa temom strategije dizajna i fabrikacije skloni\u0161ta za krizne situacije odr\u017eana je prethodne nedelje ne FTN-u. Radionica je podr\u017eana od strane UN, a na radionici je u\u010destvovalo 30 studenata sa BNCA \u017eenskog koled\u017ea za arhitekturu koji je jedini koled\u017e<\/p>\n","protected":false},"author":4,"featured_media":1650,"parent":0,"menu_order":0,"comment_status":"closed","ping_status":"closed","template":"","meta":{"footnotes":""},"class_list":["post-1652","page","type-page","status-publish","has-post-thumbnail","hentry"],"yoast_head":"<!-- This site is optimized with the Yoast SEO plugin v24.7 - https:\/\/yoast.com\/wordpress\/plugins\/seo\/ -->\n<title>Radionica Foldable shelters je bila veoma uspe\u0161na - Digital Techniques, Design and Production in Architecture and Urbanism<\/title>\n<meta name=\"robots\" content=\"index, follow, max-snippet:-1, max-image-preview:large, max-video-preview:-1\" \/>\n<link rel=\"canonical\" href=\"https:\/\/www.arhns.uns.ac.rs\/digital\/sr\/radionica-foldable-shelters-je-bila-veoma-uspesna\/\" \/>\n<meta property=\"og:locale\" content=\"en_US\" \/>\n<meta property=\"og:type\" content=\"article\" \/>\n<meta property=\"og:title\" content=\"Radionica Foldable shelters je bila veoma uspe\u0161na - Digital Techniques, Design and Production in Architecture and Urbanism\" \/>\n<meta property=\"og:description\" content=\"Radionica sa temom strategije dizajna i fabrikacije skloni\u0161ta za krizne situacije odr\u017eana je prethodne nedelje ne FTN-u. Radionica je podr\u017eana od strane UN, a na radionici je u\u010destvovalo 30 studenata sa BNCA \u017eenskog koled\u017ea za arhitekturu koji je jedini koled\u017e\" \/>\n<meta property=\"og:url\" content=\"https:\/\/www.arhns.uns.ac.rs\/digital\/sr\/radionica-foldable-shelters-je-bila-veoma-uspesna\/\" \/>\n<meta property=\"og:site_name\" content=\"Digital Techniques, Design and Production in Architecture and Urbanism\" \/>\n<meta property=\"og:image\" content=\"https:\/\/www.arhns.uns.ac.rs\/digital\/wp-content\/uploads\/2018\/11\/46468482_1185542738264653_3526744328468692992_o.jpg\" \/>\n\t<meta property=\"og:image:width\" content=\"2000\" \/>\n\t<meta property=\"og:image:height\" content=\"1333\" \/>\n\t<meta property=\"og:image:type\" content=\"image\/jpeg\" \/>\n<meta name=\"twitter:card\" content=\"summary_large_image\" \/>\n<meta name=\"twitter:label1\" content=\"Est. reading time\" \/>\n\t<meta name=\"twitter:data1\" content=\"1 minute\" \/>\n<script type=\"application\/ld+json\" class=\"yoast-schema-graph\">{\"@context\":\"https:\/\/schema.org\",\"@graph\":[{\"@type\":\"WebPage\",\"@id\":\"https:\/\/www.arhns.uns.ac.rs\/digital\/sr\/radionica-foldable-shelters-je-bila-veoma-uspesna\/\",\"url\":\"https:\/\/www.arhns.uns.ac.rs\/digital\/sr\/radionica-foldable-shelters-je-bila-veoma-uspesna\/\",\"name\":\"Radionica Foldable shelters je bila veoma uspe\u0161na - Digital Techniques, Design and Production in Architecture and Urbanism\",\"isPartOf\":{\"@id\":\"http:\/\/www.arhns.uns.ac.rs\/digital\/#website\"},\"primaryImageOfPage\":{\"@id\":\"https:\/\/www.arhns.uns.ac.rs\/digital\/sr\/radionica-foldable-shelters-je-bila-veoma-uspesna\/#primaryimage\"},\"image\":{\"@id\":\"https:\/\/www.arhns.uns.ac.rs\/digital\/sr\/radionica-foldable-shelters-je-bila-veoma-uspesna\/#primaryimage\"},\"thumbnailUrl\":\"https:\/\/www.arhns.uns.ac.rs\/digital\/wp-content\/uploads\/2018\/11\/46468482_1185542738264653_3526744328468692992_o.jpg\",\"datePublished\":\"2018-11-20T08:39:18+00:00\",\"breadcrumb\":{\"@id\":\"https:\/\/www.arhns.uns.ac.rs\/digital\/sr\/radionica-foldable-shelters-je-bila-veoma-uspesna\/#breadcrumb\"},\"inLanguage\":\"en-US\",\"potentialAction\":[{\"@type\":\"ReadAction\",\"target\":[\"https:\/\/www.arhns.uns.ac.rs\/digital\/sr\/radionica-foldable-shelters-je-bila-veoma-uspesna\/\"]}]},{\"@type\":\"ImageObject\",\"inLanguage\":\"en-US\",\"@id\":\"https:\/\/www.arhns.uns.ac.rs\/digital\/sr\/radionica-foldable-shelters-je-bila-veoma-uspesna\/#primaryimage\",\"url\":\"https:\/\/www.arhns.uns.ac.rs\/digital\/wp-content\/uploads\/2018\/11\/46468482_1185542738264653_3526744328468692992_o.jpg\",\"contentUrl\":\"https:\/\/www.arhns.uns.ac.rs\/digital\/wp-content\/uploads\/2018\/11\/46468482_1185542738264653_3526744328468692992_o.jpg\",\"width\":2000,\"height\":1333},{\"@type\":\"BreadcrumbList\",\"@id\":\"https:\/\/www.arhns.uns.ac.rs\/digital\/sr\/radionica-foldable-shelters-je-bila-veoma-uspesna\/#breadcrumb\",\"itemListElement\":[{\"@type\":\"ListItem\",\"position\":1,\"name\":\"Home\",\"item\":\"http:\/\/www.arhns.uns.ac.rs\/digital\/sr\/o-master-kursu\/\"},{\"@type\":\"ListItem\",\"position\":2,\"name\":\"Radionica Foldable shelters je bila veoma uspe\u0161na\"}]},{\"@type\":\"WebSite\",\"@id\":\"http:\/\/www.arhns.uns.ac.rs\/digital\/#website\",\"url\":\"http:\/\/www.arhns.uns.ac.rs\/digital\/\",\"name\":\"Digital Techniques, Design and Production in Architecture and Urbanism\",\"description\":\"Department for Architecture and Urbanism | Departman za arhitekturu i urbanizam\",\"potentialAction\":[{\"@type\":\"SearchAction\",\"target\":{\"@type\":\"EntryPoint\",\"urlTemplate\":\"http:\/\/www.arhns.uns.ac.rs\/digital\/?s={search_term_string}\"},\"query-input\":{\"@type\":\"PropertyValueSpecification\",\"valueRequired\":true,\"valueName\":\"search_term_string\"}}],\"inLanguage\":\"en-US\"}]}<\/script>\n<!-- \/ Yoast SEO plugin. -->","yoast_head_json":{"title":"Radionica Foldable shelters je bila veoma uspe\u0161na - Digital Techniques, Design and Production in Architecture and Urbanism","robots":{"index":"index","follow":"follow","max-snippet":"max-snippet:-1","max-image-preview":"max-image-preview:large","max-video-preview":"max-video-preview:-1"},"canonical":"https:\/\/www.arhns.uns.ac.rs\/digital\/sr\/radionica-foldable-shelters-je-bila-veoma-uspesna\/","og_locale":"en_US","og_type":"article","og_title":"Radionica Foldable shelters je bila veoma uspe\u0161na - Digital Techniques, Design and Production in Architecture and Urbanism","og_description":"Radionica sa temom strategije dizajna i fabrikacije skloni\u0161ta za krizne situacije odr\u017eana je prethodne nedelje ne FTN-u. Radionica je podr\u017eana od strane UN, a na radionici je u\u010destvovalo 30 studenata sa BNCA \u017eenskog koled\u017ea za arhitekturu koji je jedini koled\u017e","og_url":"https:\/\/www.arhns.uns.ac.rs\/digital\/sr\/radionica-foldable-shelters-je-bila-veoma-uspesna\/","og_site_name":"Digital Techniques, Design and Production in Architecture and Urbanism","og_image":[{"width":2000,"height":1333,"url":"https:\/\/www.arhns.uns.ac.rs\/digital\/wp-content\/uploads\/2018\/11\/46468482_1185542738264653_3526744328468692992_o.jpg","type":"image\/jpeg"}],"twitter_card":"summary_large_image","twitter_misc":{"Est. reading time":"1 minute"},"schema":{"@context":"https:\/\/schema.org","@graph":[{"@type":"WebPage","@id":"https:\/\/www.arhns.uns.ac.rs\/digital\/sr\/radionica-foldable-shelters-je-bila-veoma-uspesna\/","url":"https:\/\/www.arhns.uns.ac.rs\/digital\/sr\/radionica-foldable-shelters-je-bila-veoma-uspesna\/","name":"Radionica Foldable shelters je bila veoma uspe\u0161na - Digital Techniques, Design and Production in Architecture and Urbanism","isPartOf":{"@id":"http:\/\/www.arhns.uns.ac.rs\/digital\/#website"},"primaryImageOfPage":{"@id":"https:\/\/www.arhns.uns.ac.rs\/digital\/sr\/radionica-foldable-shelters-je-bila-veoma-uspesna\/#primaryimage"},"image":{"@id":"https:\/\/www.arhns.uns.ac.rs\/digital\/sr\/radionica-foldable-shelters-je-bila-veoma-uspesna\/#primaryimage"},"thumbnailUrl":"https:\/\/www.arhns.uns.ac.rs\/digital\/wp-content\/uploads\/2018\/11\/46468482_1185542738264653_3526744328468692992_o.jpg","datePublished":"2018-11-20T08:39:18+00:00","breadcrumb":{"@id":"https:\/\/www.arhns.uns.ac.rs\/digital\/sr\/radionica-foldable-shelters-je-bila-veoma-uspesna\/#breadcrumb"},"inLanguage":"en-US","potentialAction":[{"@type":"ReadAction","target":["https:\/\/www.arhns.uns.ac.rs\/digital\/sr\/radionica-foldable-shelters-je-bila-veoma-uspesna\/"]}]},{"@type":"ImageObject","inLanguage":"en-US","@id":"https:\/\/www.arhns.uns.ac.rs\/digital\/sr\/radionica-foldable-shelters-je-bila-veoma-uspesna\/#primaryimage","url":"https:\/\/www.arhns.uns.ac.rs\/digital\/wp-content\/uploads\/2018\/11\/46468482_1185542738264653_3526744328468692992_o.jpg","contentUrl":"https:\/\/www.arhns.uns.ac.rs\/digital\/wp-content\/uploads\/2018\/11\/46468482_1185542738264653_3526744328468692992_o.jpg","width":2000,"height":1333},{"@type":"BreadcrumbList","@id":"https:\/\/www.arhns.uns.ac.rs\/digital\/sr\/radionica-foldable-shelters-je-bila-veoma-uspesna\/#breadcrumb","itemListElement":[{"@type":"ListItem","position":1,"name":"Home","item":"http:\/\/www.arhns.uns.ac.rs\/digital\/sr\/o-master-kursu\/"},{"@type":"ListItem","position":2,"name":"Radionica Foldable shelters je bila veoma uspe\u0161na"}]},{"@type":"WebSite","@id":"http:\/\/www.arhns.uns.ac.rs\/digital\/#website","url":"http:\/\/www.arhns.uns.ac.rs\/digital\/","name":"Digital Techniques, Design and Production in Architecture and Urbanism","description":"Department for Architecture and Urbanism | Departman za arhitekturu i urbanizam","potentialAction":[{"@type":"SearchAction","target":{"@type":"EntryPoint","urlTemplate":"http:\/\/www.arhns.uns.ac.rs\/digital\/?s={search_term_string}"},"query-input":{"@type":"PropertyValueSpecification","valueRequired":true,"valueName":"search_term_string"}}],"inLanguage":"en-US"}]}},"_links":{"self":[{"href":"https:\/\/www.arhns.uns.ac.rs\/digital\/wp-json\/wp\/v2\/pages\/1652","targetHints":{"allow":["GET"]}}],"collection":[{"href":"https:\/\/www.arhns.uns.ac.rs\/digital\/wp-json\/wp\/v2\/pages"}],"about":[{"href":"https:\/\/www.arhns.uns.ac.rs\/digital\/wp-json\/wp\/v2\/types\/page"}],"author":[{"embeddable":true,"href":"https:\/\/www.arhns.uns.ac.rs\/digital\/wp-json\/wp\/v2\/users\/4"}],"replies":[{"embeddable":true,"href":"https:\/\/www.arhns.uns.ac.rs\/digital\/wp-json\/wp\/v2\/comments?post=1652"}],"version-history":[{"count":1,"href":"https:\/\/www.arhns.uns.ac.rs\/digital\/wp-json\/wp\/v2\/pages\/1652\/revisions"}],"predecessor-version":[{"id":1653,"href":"https:\/\/www.arhns.uns.ac.rs\/digital\/wp-json\/wp\/v2\/pages\/1652\/revisions\/1653"}],"wp:featuredmedia":[{"embeddable":true,"href":"https:\/\/www.arhns.uns.ac.rs\/digital\/wp-json\/wp\/v2\/media\/1650"}],"wp:attachment":[{"href":"https:\/\/www.arhns.uns.ac.rs\/digital\/wp-json\/wp\/v2\/media?parent=1652"}],"curies":[{"name":"wp","href":"https:\/\/api.w.org\/{rel}","templated":true}]}}