{"id":1622,"date":"2018-10-21T14:47:11","date_gmt":"2018-10-21T14:47:11","guid":{"rendered":"http:\/\/www.arhns.uns.ac.rs\/digital\/?page_id=1622"},"modified":"2018-10-21T14:47:11","modified_gmt":"2018-10-21T14:47:11","slug":"nasi-studenti-osvojili-1-nagradu-na-fab-fest-u-2018","status":"publish","type":"page","link":"https:\/\/www.arhns.uns.ac.rs\/digital\/nasi-studenti-osvojili-1-nagradu-na-fab-fest-u-2018\/","title":{"rendered":"Na\u0161i studenti osvojili 1. nagradu na FAB FEST-u 2018"},"content":{"rendered":"<p>Tim studenata tre\u0107e godine sa Departmana za arhitekturu i urbanizam predstavljalo je Fakultet tehni\u010dkih nauka na takmi\u010denju FAB FEST 2018 u oblasti arhitektonske i umetni\u010dke digitalne fabrikacije koji se svake godine odr\u017eava na univerzitetu Westminster u Londonu. Tim koji su \u010dinile Eme\u0161e B Varga, Teodora Nikoli\u0107, Radmila \u0110urasinovi\u0107, Ksenija Marti\u0107, Jelena Vujovi\u0107 i Ivana Beatovi\u0107 u saradnji sa Centrom za digitalni dizajn je fabrikovao paviljon u punoj razmeri. Njihov paviljon je osvojio prvu arhitektonsku nagradu u veoma jakoj konkurenciji pored mnogih svetskih vode\u0107ih institucija u ovoj oblasti i na taj na\u010din predstavio FTN na najbolji mogu\u0107i na\u010din.<\/p>\n<p><img loading=\"lazy\" decoding=\"async\" class=\"alignnone size-full wp-image-1626\" src=\"http:\/\/www.arhns.uns.ac.rs\/digital\/wp-content\/uploads\/2018\/10\/IMG_1262.jpg\" alt=\"\" width=\"3456\" height=\"2304\" srcset=\"https:\/\/www.arhns.uns.ac.rs\/digital\/wp-content\/uploads\/2018\/10\/IMG_1262.jpg 3456w, https:\/\/www.arhns.uns.ac.rs\/digital\/wp-content\/uploads\/2018\/10\/IMG_1262-300x200.jpg 300w, https:\/\/www.arhns.uns.ac.rs\/digital\/wp-content\/uploads\/2018\/10\/IMG_1262-768x512.jpg 768w, https:\/\/www.arhns.uns.ac.rs\/digital\/wp-content\/uploads\/2018\/10\/IMG_1262-2024x1349.jpg 2024w\" sizes=\"auto, (max-width: 3456px) 100vw, 3456px\" \/> <img loading=\"lazy\" decoding=\"async\" class=\"alignnone size-full wp-image-1625\" src=\"http:\/\/www.arhns.uns.ac.rs\/digital\/wp-content\/uploads\/2018\/10\/IMG_1247-1.jpg\" alt=\"\" width=\"3456\" height=\"2304\" srcset=\"https:\/\/www.arhns.uns.ac.rs\/digital\/wp-content\/uploads\/2018\/10\/IMG_1247-1.jpg 3456w, https:\/\/www.arhns.uns.ac.rs\/digital\/wp-content\/uploads\/2018\/10\/IMG_1247-1-300x200.jpg 300w, https:\/\/www.arhns.uns.ac.rs\/digital\/wp-content\/uploads\/2018\/10\/IMG_1247-1-768x512.jpg 768w, https:\/\/www.arhns.uns.ac.rs\/digital\/wp-content\/uploads\/2018\/10\/IMG_1247-1-2024x1349.jpg 2024w\" sizes=\"auto, (max-width: 3456px) 100vw, 3456px\" \/> <img loading=\"lazy\" decoding=\"async\" class=\"alignnone size-full wp-image-1623\" src=\"http:\/\/www.arhns.uns.ac.rs\/digital\/wp-content\/uploads\/2018\/10\/36734041_1797233607037925_726000436829487104_n.jpg\" alt=\"\" width=\"1536\" height=\"2048\" srcset=\"https:\/\/www.arhns.uns.ac.rs\/digital\/wp-content\/uploads\/2018\/10\/36734041_1797233607037925_726000436829487104_n.jpg 1536w, https:\/\/www.arhns.uns.ac.rs\/digital\/wp-content\/uploads\/2018\/10\/36734041_1797233607037925_726000436829487104_n-225x300.jpg 225w, https:\/\/www.arhns.uns.ac.rs\/digital\/wp-content\/uploads\/2018\/10\/36734041_1797233607037925_726000436829487104_n-768x1024.jpg 768w, https:\/\/www.arhns.uns.ac.rs\/digital\/wp-content\/uploads\/2018\/10\/36734041_1797233607037925_726000436829487104_n-1518x2024.jpg 1518w\" sizes=\"auto, (max-width: 1536px) 100vw, 1536px\" \/><\/p>\n","protected":false},"excerpt":{"rendered":"<p>Tim studenata tre\u0107e godine sa Departmana za arhitekturu i urbanizam predstavljalo je Fakultet tehni\u010dkih nauka na takmi\u010denju FAB FEST 2018 u oblasti arhitektonske i umetni\u010dke digitalne fabrikacije koji se svake godine odr\u017eava na univerzitetu Westminster u Londonu. Tim koji su<\/p>\n","protected":false},"author":4,"featured_media":1620,"parent":0,"menu_order":0,"comment_status":"closed","ping_status":"closed","template":"","meta":{"footnotes":""},"class_list":["post-1622","page","type-page","status-publish","has-post-thumbnail","hentry"],"yoast_head":"<!-- This site is optimized with the Yoast SEO plugin v24.7 - https:\/\/yoast.com\/wordpress\/plugins\/seo\/ -->\n<title>Na\u0161i studenti osvojili 1. nagradu na FAB FEST-u 2018 - Digital Techniques, Design and Production in Architecture and Urbanism<\/title>\n<meta name=\"robots\" content=\"index, follow, max-snippet:-1, max-image-preview:large, max-video-preview:-1\" \/>\n<link rel=\"canonical\" href=\"https:\/\/www.arhns.uns.ac.rs\/digital\/sr\/nasi-studenti-osvojili-1-nagradu-na-fab-fest-u-2018\/\" \/>\n<meta property=\"og:locale\" content=\"en_US\" \/>\n<meta property=\"og:type\" content=\"article\" \/>\n<meta property=\"og:title\" content=\"Na\u0161i studenti osvojili 1. nagradu na FAB FEST-u 2018 - Digital Techniques, Design and Production in Architecture and Urbanism\" \/>\n<meta property=\"og:description\" content=\"Tim studenata tre\u0107e godine sa Departmana za arhitekturu i urbanizam predstavljalo je Fakultet tehni\u010dkih nauka na takmi\u010denju FAB FEST 2018 u oblasti arhitektonske i umetni\u010dke digitalne fabrikacije koji se svake godine odr\u017eava na univerzitetu Westminster u Londonu. Tim koji su\" \/>\n<meta property=\"og:url\" content=\"https:\/\/www.arhns.uns.ac.rs\/digital\/sr\/nasi-studenti-osvojili-1-nagradu-na-fab-fest-u-2018\/\" \/>\n<meta property=\"og:site_name\" content=\"Digital Techniques, Design and Production in Architecture and Urbanism\" \/>\n<meta property=\"og:image\" content=\"https:\/\/www.arhns.uns.ac.rs\/digital\/wp-content\/uploads\/2018\/10\/IMG_1247-2024x1349.jpg\" \/>\n\t<meta property=\"og:image:width\" content=\"2024\" \/>\n\t<meta property=\"og:image:height\" content=\"1349\" \/>\n\t<meta property=\"og:image:type\" content=\"image\/jpeg\" \/>\n<meta name=\"twitter:card\" content=\"summary_large_image\" \/>\n<meta name=\"twitter:label1\" content=\"Est. reading time\" \/>\n\t<meta name=\"twitter:data1\" content=\"1 minute\" \/>\n<script type=\"application\/ld+json\" class=\"yoast-schema-graph\">{\"@context\":\"https:\/\/schema.org\",\"@graph\":[{\"@type\":\"WebPage\",\"@id\":\"https:\/\/www.arhns.uns.ac.rs\/digital\/sr\/nasi-studenti-osvojili-1-nagradu-na-fab-fest-u-2018\/\",\"url\":\"https:\/\/www.arhns.uns.ac.rs\/digital\/sr\/nasi-studenti-osvojili-1-nagradu-na-fab-fest-u-2018\/\",\"name\":\"Na\u0161i studenti osvojili 1. nagradu na FAB FEST-u 2018 - Digital Techniques, Design and Production in Architecture and Urbanism\",\"isPartOf\":{\"@id\":\"http:\/\/www.arhns.uns.ac.rs\/digital\/#website\"},\"primaryImageOfPage\":{\"@id\":\"https:\/\/www.arhns.uns.ac.rs\/digital\/sr\/nasi-studenti-osvojili-1-nagradu-na-fab-fest-u-2018\/#primaryimage\"},\"image\":{\"@id\":\"https:\/\/www.arhns.uns.ac.rs\/digital\/sr\/nasi-studenti-osvojili-1-nagradu-na-fab-fest-u-2018\/#primaryimage\"},\"thumbnailUrl\":\"https:\/\/www.arhns.uns.ac.rs\/digital\/wp-content\/uploads\/2018\/10\/IMG_1247.jpg\",\"datePublished\":\"2018-10-21T14:47:11+00:00\",\"breadcrumb\":{\"@id\":\"https:\/\/www.arhns.uns.ac.rs\/digital\/sr\/nasi-studenti-osvojili-1-nagradu-na-fab-fest-u-2018\/#breadcrumb\"},\"inLanguage\":\"en-US\",\"potentialAction\":[{\"@type\":\"ReadAction\",\"target\":[\"https:\/\/www.arhns.uns.ac.rs\/digital\/sr\/nasi-studenti-osvojili-1-nagradu-na-fab-fest-u-2018\/\"]}]},{\"@type\":\"ImageObject\",\"inLanguage\":\"en-US\",\"@id\":\"https:\/\/www.arhns.uns.ac.rs\/digital\/sr\/nasi-studenti-osvojili-1-nagradu-na-fab-fest-u-2018\/#primaryimage\",\"url\":\"https:\/\/www.arhns.uns.ac.rs\/digital\/wp-content\/uploads\/2018\/10\/IMG_1247.jpg\",\"contentUrl\":\"https:\/\/www.arhns.uns.ac.rs\/digital\/wp-content\/uploads\/2018\/10\/IMG_1247.jpg\",\"width\":3456,\"height\":2304},{\"@type\":\"BreadcrumbList\",\"@id\":\"https:\/\/www.arhns.uns.ac.rs\/digital\/sr\/nasi-studenti-osvojili-1-nagradu-na-fab-fest-u-2018\/#breadcrumb\",\"itemListElement\":[{\"@type\":\"ListItem\",\"position\":1,\"name\":\"Home\",\"item\":\"http:\/\/www.arhns.uns.ac.rs\/digital\/sr\/o-master-kursu\/\"},{\"@type\":\"ListItem\",\"position\":2,\"name\":\"Na\u0161i studenti osvojili 1. nagradu na FAB FEST-u 2018\"}]},{\"@type\":\"WebSite\",\"@id\":\"http:\/\/www.arhns.uns.ac.rs\/digital\/#website\",\"url\":\"http:\/\/www.arhns.uns.ac.rs\/digital\/\",\"name\":\"Digital Techniques, Design and Production in Architecture and Urbanism\",\"description\":\"Department for Architecture and Urbanism | Departman za arhitekturu i urbanizam\",\"potentialAction\":[{\"@type\":\"SearchAction\",\"target\":{\"@type\":\"EntryPoint\",\"urlTemplate\":\"http:\/\/www.arhns.uns.ac.rs\/digital\/?s={search_term_string}\"},\"query-input\":{\"@type\":\"PropertyValueSpecification\",\"valueRequired\":true,\"valueName\":\"search_term_string\"}}],\"inLanguage\":\"en-US\"}]}<\/script>\n<!-- \/ Yoast SEO plugin. -->","yoast_head_json":{"title":"Na\u0161i studenti osvojili 1. nagradu na FAB FEST-u 2018 - Digital Techniques, Design and Production in Architecture and Urbanism","robots":{"index":"index","follow":"follow","max-snippet":"max-snippet:-1","max-image-preview":"max-image-preview:large","max-video-preview":"max-video-preview:-1"},"canonical":"https:\/\/www.arhns.uns.ac.rs\/digital\/sr\/nasi-studenti-osvojili-1-nagradu-na-fab-fest-u-2018\/","og_locale":"en_US","og_type":"article","og_title":"Na\u0161i studenti osvojili 1. nagradu na FAB FEST-u 2018 - Digital Techniques, Design and Production in Architecture and Urbanism","og_description":"Tim studenata tre\u0107e godine sa Departmana za arhitekturu i urbanizam predstavljalo je Fakultet tehni\u010dkih nauka na takmi\u010denju FAB FEST 2018 u oblasti arhitektonske i umetni\u010dke digitalne fabrikacije koji se svake godine odr\u017eava na univerzitetu Westminster u Londonu. Tim koji su","og_url":"https:\/\/www.arhns.uns.ac.rs\/digital\/sr\/nasi-studenti-osvojili-1-nagradu-na-fab-fest-u-2018\/","og_site_name":"Digital Techniques, Design and Production in Architecture and Urbanism","og_image":[{"width":2024,"height":1349,"url":"https:\/\/www.arhns.uns.ac.rs\/digital\/wp-content\/uploads\/2018\/10\/IMG_1247-2024x1349.jpg","type":"image\/jpeg"}],"twitter_card":"summary_large_image","twitter_misc":{"Est. reading time":"1 minute"},"schema":{"@context":"https:\/\/schema.org","@graph":[{"@type":"WebPage","@id":"https:\/\/www.arhns.uns.ac.rs\/digital\/sr\/nasi-studenti-osvojili-1-nagradu-na-fab-fest-u-2018\/","url":"https:\/\/www.arhns.uns.ac.rs\/digital\/sr\/nasi-studenti-osvojili-1-nagradu-na-fab-fest-u-2018\/","name":"Na\u0161i studenti osvojili 1. nagradu na FAB FEST-u 2018 - Digital Techniques, Design and Production in Architecture and Urbanism","isPartOf":{"@id":"http:\/\/www.arhns.uns.ac.rs\/digital\/#website"},"primaryImageOfPage":{"@id":"https:\/\/www.arhns.uns.ac.rs\/digital\/sr\/nasi-studenti-osvojili-1-nagradu-na-fab-fest-u-2018\/#primaryimage"},"image":{"@id":"https:\/\/www.arhns.uns.ac.rs\/digital\/sr\/nasi-studenti-osvojili-1-nagradu-na-fab-fest-u-2018\/#primaryimage"},"thumbnailUrl":"https:\/\/www.arhns.uns.ac.rs\/digital\/wp-content\/uploads\/2018\/10\/IMG_1247.jpg","datePublished":"2018-10-21T14:47:11+00:00","breadcrumb":{"@id":"https:\/\/www.arhns.uns.ac.rs\/digital\/sr\/nasi-studenti-osvojili-1-nagradu-na-fab-fest-u-2018\/#breadcrumb"},"inLanguage":"en-US","potentialAction":[{"@type":"ReadAction","target":["https:\/\/www.arhns.uns.ac.rs\/digital\/sr\/nasi-studenti-osvojili-1-nagradu-na-fab-fest-u-2018\/"]}]},{"@type":"ImageObject","inLanguage":"en-US","@id":"https:\/\/www.arhns.uns.ac.rs\/digital\/sr\/nasi-studenti-osvojili-1-nagradu-na-fab-fest-u-2018\/#primaryimage","url":"https:\/\/www.arhns.uns.ac.rs\/digital\/wp-content\/uploads\/2018\/10\/IMG_1247.jpg","contentUrl":"https:\/\/www.arhns.uns.ac.rs\/digital\/wp-content\/uploads\/2018\/10\/IMG_1247.jpg","width":3456,"height":2304},{"@type":"BreadcrumbList","@id":"https:\/\/www.arhns.uns.ac.rs\/digital\/sr\/nasi-studenti-osvojili-1-nagradu-na-fab-fest-u-2018\/#breadcrumb","itemListElement":[{"@type":"ListItem","position":1,"name":"Home","item":"http:\/\/www.arhns.uns.ac.rs\/digital\/sr\/o-master-kursu\/"},{"@type":"ListItem","position":2,"name":"Na\u0161i studenti osvojili 1. nagradu na FAB FEST-u 2018"}]},{"@type":"WebSite","@id":"http:\/\/www.arhns.uns.ac.rs\/digital\/#website","url":"http:\/\/www.arhns.uns.ac.rs\/digital\/","name":"Digital Techniques, Design and Production in Architecture and Urbanism","description":"Department for Architecture and Urbanism | Departman za arhitekturu i urbanizam","potentialAction":[{"@type":"SearchAction","target":{"@type":"EntryPoint","urlTemplate":"http:\/\/www.arhns.uns.ac.rs\/digital\/?s={search_term_string}"},"query-input":{"@type":"PropertyValueSpecification","valueRequired":true,"valueName":"search_term_string"}}],"inLanguage":"en-US"}]}},"_links":{"self":[{"href":"https:\/\/www.arhns.uns.ac.rs\/digital\/wp-json\/wp\/v2\/pages\/1622","targetHints":{"allow":["GET"]}}],"collection":[{"href":"https:\/\/www.arhns.uns.ac.rs\/digital\/wp-json\/wp\/v2\/pages"}],"about":[{"href":"https:\/\/www.arhns.uns.ac.rs\/digital\/wp-json\/wp\/v2\/types\/page"}],"author":[{"embeddable":true,"href":"https:\/\/www.arhns.uns.ac.rs\/digital\/wp-json\/wp\/v2\/users\/4"}],"replies":[{"embeddable":true,"href":"https:\/\/www.arhns.uns.ac.rs\/digital\/wp-json\/wp\/v2\/comments?post=1622"}],"version-history":[{"count":1,"href":"https:\/\/www.arhns.uns.ac.rs\/digital\/wp-json\/wp\/v2\/pages\/1622\/revisions"}],"predecessor-version":[{"id":1628,"href":"https:\/\/www.arhns.uns.ac.rs\/digital\/wp-json\/wp\/v2\/pages\/1622\/revisions\/1628"}],"wp:featuredmedia":[{"embeddable":true,"href":"https:\/\/www.arhns.uns.ac.rs\/digital\/wp-json\/wp\/v2\/media\/1620"}],"wp:attachment":[{"href":"https:\/\/www.arhns.uns.ac.rs\/digital\/wp-json\/wp\/v2\/media?parent=1622"}],"curies":[{"name":"wp","href":"https:\/\/api.w.org\/{rel}","templated":true}]}}