{"id":1311,"date":"2018-03-10T20:09:23","date_gmt":"2018-03-10T20:09:23","guid":{"rendered":"http:\/\/www.arhns.uns.ac.rs\/digital\/?page_id=1311"},"modified":"2023-02-26T14:08:30","modified_gmt":"2023-02-26T13:08:30","slug":"gis","status":"publish","type":"page","link":"https:\/\/www.arhns.uns.ac.rs\/digital\/courses\/gis\/","title":{"rendered":"Advanced modelling of the cities"},"content":{"rendered":"<p style=\"text-align: justify;\">Modern urban planning and design requires integrated analysis and application of different tools for the purpose of analyzing, evaluating and solving spatial problems at the city level by integrating different urbanistic parameters and criteria (floor level, degree of built area, population density, purpose of the urban areas, purpose of objects, etc.). GIS technologies enable manipulation with a number of parameters and attributes in order to create an analysis and future planning for the development of cities. In addition, the procedural approach to modeling using CityEngine software enables the creation of intelligent 3D model cities that are automatically generated in relation to 2D\u00a0GIS data (e.g. floor level, object purpose, etc.), which can additionally integrate different typological characteristics of objects. Within the scope of the Advanced modelling of the cities, basic knowledge about the application of GIS technology in urban planning, as well as the way of creating intelligent 3D models of cities or objects in the city of a particular typological group, are acquired.<\/p>\n<p style=\"text-align: justify;\">Course teachers:<\/p>\n<p style=\"text-align: justify;\">Dr Predrag \u0160i\u0111anin, Dr Bojan Tepav\u010devi\u0107,\u00a0Dr Ivana Baj\u0161anski<\/p>\n<p><span style=\"color: #000000;\"><div id=\"slc-clear\" class=\"c\"><table style=\"width:100% !important;\" id=\"slc-vpostspace\"    class=\"c\" cellspacing=\"0\" cellpadding=\"0\" border=\"0\"><tr id=\"slc-clear\" class=\"c\" ><td id=\"slc-clear\"  style=\"width:100% !important;\"    class=\"c\"><table style=\"width:100% !important;\" id=\"slc-clear\"    class=\"c\" cellspacing=\"0\" cellpadding=\"0\" border=\"0\"><tr id=\"slc-clear\" class=\"c\" ><td id=\"slc-background0\"  style=\"width:100% !important;\"    class=\"c\"><table style=\"width:100% !important;\" id=\"slc-clear\"    class=\"c\" cellspacing=\"0\" cellpadding=\"0\" border=\"0\"><tr id=\"slc-clear\" class=\"c\" ><td id=\"slc-clear\"  style=\"width:199px !important;\"    class=\"c\"><a id =\"slc-clear\" href=\"https:\/\/www.arhns.uns.ac.rs\/digital\/analiza-insolacije-starog-grada-novog-sada\/\" ><img decoding=\"async\" id=\"slc-img\" class=\"c\" src=\"https:\/\/www.arhns.uns.ac.rs\/digital\/wp-content\/uploads\/2018\/06\/29-najlosije-2018x2024.jpg\"  style=\"width:199px !important;height:200px !important;\"><\/a><\/td><td id=\"slc-hpostspace\"    class=\"c\"><\/td><td id=\"slc-clear\"    class=\"c\"><a  id=\"slc-title-layout4\"  class=\"c\" style=\"display:block !important;\" href=\"https:\/\/www.arhns.uns.ac.rs\/digital\/analiza-insolacije-starog-grada-novog-sada\/\">Analiza insolacije starog grada Novog Sada<\/a><a  id=\"slc-excerpt-layout4\"  class=\"c\" style=\"display:block !important;\" href=\"https:\/\/www.arhns.uns.ac.rs\/digital\/analiza-insolacije-starog-grada-novog-sada\/\">Tema ovog projekta je bila analiza insolacije ulica gde je za lokaciju odabran deo Starog Grada Novog Sada. Uo\u010deno je da je spratnost objekata u ovom delu grada neadekvatna - ve\u0107a nego \u0161to to dozvoljava popre\u010dni profil ulica.<\/a><\/td><\/tr><\/table><\/td><\/tr><\/table><\/td><\/tr><\/table><table style=\"width:100% !important;\" id=\"slc-vpostspace\"    class=\"c\" cellspacing=\"0\" cellpadding=\"0\" border=\"0\"><tr id=\"slc-clear\" class=\"c\" ><td id=\"slc-clear\"  style=\"width:100% !important;\"    class=\"c\"><table style=\"width:100% !important;\" id=\"slc-clear\"    class=\"c\" cellspacing=\"0\" cellpadding=\"0\" border=\"0\"><tr id=\"slc-clear\" class=\"c\" ><td id=\"slc-background0\"  style=\"width:100% !important;\"    class=\"c\"><table style=\"width:100% !important;\" id=\"slc-clear\"    class=\"c\" cellspacing=\"0\" cellpadding=\"0\" border=\"0\"><tr id=\"slc-clear\" class=\"c\" ><td id=\"slc-clear\"  style=\"width:200px !important;\"    class=\"c\"><a id =\"slc-clear\" href=\"https:\/\/www.arhns.uns.ac.rs\/digital\/analiza-insolacije-blokova-na-podrucju-grbavice\/\" ><img decoding=\"async\" id=\"slc-img\" class=\"c\" src=\"https:\/\/www.arhns.uns.ac.rs\/digital\/wp-content\/uploads\/2017\/04\/grb1-e1491854894811.jpg\"  style=\"width:200px !important;height:200px !important;\"><\/a><\/td><td id=\"slc-hpostspace\"    class=\"c\"><\/td><td id=\"slc-clear\"    class=\"c\"><a  id=\"slc-title-layout4\"  class=\"c\" style=\"display:block !important;\" href=\"https:\/\/www.arhns.uns.ac.rs\/digital\/analiza-insolacije-blokova-na-podrucju-grbavice\/\">Analiza insolacije blokova na podru\u010dju Grbavice<\/a><a  id=\"slc-excerpt-layout4\"  class=\"c\" style=\"display:block !important;\" href=\"https:\/\/www.arhns.uns.ac.rs\/digital\/analiza-insolacije-blokova-na-podrucju-grbavice\/\">Cilj rada je bila analiza osun\u010danosti u blokovima Grbavice, dela grada Novog Sada i istra\u017eivanje mogu\u0107nosti boljeg iskori\u0161\u0107enja insolacije.<\/a><\/td><\/tr><\/table><\/td><\/tr><\/table><\/td><\/tr><\/table><table style=\"width:100% !important;\" id=\"slc-vpostspace\"    class=\"c\" cellspacing=\"0\" cellpadding=\"0\" border=\"0\"><tr id=\"slc-clear\" class=\"c\" ><td id=\"slc-clear\"  style=\"width:100% !important;\"    class=\"c\"><table style=\"width:100% !important;\" id=\"slc-clear\"    class=\"c\" cellspacing=\"0\" cellpadding=\"0\" border=\"0\"><tr id=\"slc-clear\" class=\"c\" ><td id=\"slc-background0\"  style=\"width:100% !important;\"    class=\"c\"><table style=\"width:100% !important;\" id=\"slc-clear\"    class=\"c\" cellspacing=\"0\" cellpadding=\"0\" border=\"0\"><tr id=\"slc-clear\" class=\"c\" ><td id=\"slc-clear\"  style=\"width:200px !important;\"    class=\"c\"><a id =\"slc-clear\" href=\"https:\/\/www.arhns.uns.ac.rs\/digital\/idejno-arhitektonsko-urbanisticko-resenje-luke-novi-sad-po-uzoru-na-hafencity-hamburg\/\" ><img decoding=\"async\" id=\"slc-img\" class=\"c\" src=\"https:\/\/www.arhns.uns.ac.rs\/digital\/wp-content\/uploads\/2016\/07\/10-2024x2024.jpg\"  style=\"width:200px !important;height:200px !important;\"><\/a><\/td><td id=\"slc-hpostspace\"    class=\"c\"><\/td><td id=\"slc-clear\"    class=\"c\"><a  id=\"slc-title-layout4\"  class=\"c\" style=\"display:block !important;\" href=\"https:\/\/www.arhns.uns.ac.rs\/digital\/idejno-arhitektonsko-urbanisticko-resenje-luke-novi-sad-po-uzoru-na-hafencity-hamburg\/\">Idejno arhitektonsko-urbanisti\u010dko re\u0161enje Luke Novi Sad po uzoru na Hafencity, Hamburg<\/a><a  id=\"slc-excerpt-layout4\"  class=\"c\" style=\"display:block !important;\" href=\"https:\/\/www.arhns.uns.ac.rs\/digital\/idejno-arhitektonsko-urbanisticko-resenje-luke-novi-sad-po-uzoru-na-hafencity-hamburg\/\">Cilj rada je analiza gramatike oblika savremenih urbanih rekonstrukcija, na odabranom primeru HafenCity u Hamburgu, izrada proceduralnog modela baziranog na tipologiji analiziranih objekata i primena na urbanoj morfologiji u Novom Sadu.<\/a><\/td><\/tr><\/table><\/td><\/tr><\/table><\/td><\/tr><\/table><table style=\"width:100% !important;\" id=\"slc-vpostspace\"    class=\"c\" cellspacing=\"0\" cellpadding=\"0\" border=\"0\"><tr id=\"slc-clear\" class=\"c\" ><td id=\"slc-clear\"  style=\"width:100% !important;\"    class=\"c\"><table style=\"width:100% !important;\" id=\"slc-clear\"    class=\"c\" cellspacing=\"0\" cellpadding=\"0\" border=\"0\"><tr id=\"slc-clear\" class=\"c\" ><td id=\"slc-background0\"  style=\"width:100% !important;\"    class=\"c\"><table style=\"width:100% !important;\" id=\"slc-clear\"    class=\"c\" cellspacing=\"0\" cellpadding=\"0\" border=\"0\"><tr id=\"slc-clear\" class=\"c\" ><td id=\"slc-clear\"  style=\"width:200px !important;\"    class=\"c\"><a id =\"slc-clear\" href=\"https:\/\/www.arhns.uns.ac.rs\/digital\/rekonstrukcija-lokacije-ribarac-u-novom-sadu-zasnovana-na-upotrebi-pravila-oblikovanja-eastern-docklands-u-amsterdamu\/\" ><img decoding=\"async\" id=\"slc-img\" class=\"c\" src=\"https:\/\/www.arhns.uns.ac.rs\/digital\/wp-content\/uploads\/2016\/07\/R4-featured.jpg\"  style=\"width:200px !important;height:200px !important;\"><\/a><\/td><td id=\"slc-hpostspace\"    class=\"c\"><\/td><td id=\"slc-clear\"    class=\"c\"><a  id=\"slc-title-layout4\"  class=\"c\" style=\"display:block !important;\" href=\"https:\/\/www.arhns.uns.ac.rs\/digital\/rekonstrukcija-lokacije-ribarac-u-novom-sadu-zasnovana-na-upotrebi-pravila-oblikovanja-eastern-docklands-u-amsterdamu\/\">Rekonstrukcija lokacije Ribarac u Novom Sadu zasnovana na upotrebi pravila oblikovanja Eastern Docklands u Amsterdamu<\/a><a  id=\"slc-excerpt-layout4\"  class=\"c\" style=\"display:block !important;\" href=\"https:\/\/www.arhns.uns.ac.rs\/digital\/rekonstrukcija-lokacije-ribarac-u-novom-sadu-zasnovana-na-upotrebi-pravila-oblikovanja-eastern-docklands-u-amsterdamu\/\">Cilj rada je analiza gramatike oblika savremenih urbanih rekonstrukcija, na odabranom primeru Eastern Docklands\u00a0u Amsterdamu, izrada proceduralnog modela baziranog na tipologiji analiziranih objekata i primena na urbanoj morfologiji u Novom Sadu.<\/a><\/td><\/tr><\/table><\/td><\/tr><\/table><\/td><\/tr><\/table><table style=\"width:100% !important;\" id=\"slc-vpostspace\"    class=\"c\" cellspacing=\"0\" cellpadding=\"0\" border=\"0\"><tr id=\"slc-clear\" class=\"c\" ><td id=\"slc-clear\"  style=\"width:100% !important;\"    class=\"c\"><table style=\"width:100% !important;\" id=\"slc-clear\"    class=\"c\" cellspacing=\"0\" cellpadding=\"0\" border=\"0\"><tr id=\"slc-clear\" class=\"c\" ><td id=\"slc-background0\"  style=\"width:100% !important;\"    class=\"c\"><table style=\"width:100% !important;\" id=\"slc-clear\"    class=\"c\" cellspacing=\"0\" cellpadding=\"0\" border=\"0\"><tr id=\"slc-clear\" class=\"c\" ><td id=\"slc-clear\"  style=\"width:272px !important;\"    class=\"c\"><a id =\"slc-clear\" href=\"https:\/\/www.arhns.uns.ac.rs\/digital\/gis-analiza-objekata-kulture-u-novom-sadu\/\" ><img decoding=\"async\" id=\"slc-img\" class=\"c\" src=\"https:\/\/www.arhns.uns.ac.rs\/digital\/wp-content\/uploads\/2015\/09\/32.jpg\"  style=\"width:272px !important;height:200px !important;\"><\/a><\/td><td id=\"slc-hpostspace\"    class=\"c\"><\/td><td id=\"slc-clear\"    class=\"c\"><a  id=\"slc-title-layout4\"  class=\"c\" style=\"display:block !important;\" href=\"https:\/\/www.arhns.uns.ac.rs\/digital\/gis-analiza-objekata-kulture-u-novom-sadu\/\">GIS analiza objekata kulture u Novom Sadu<\/a><a  id=\"slc-excerpt-layout4\"  class=\"c\" style=\"display:block !important;\" href=\"https:\/\/www.arhns.uns.ac.rs\/digital\/gis-analiza-objekata-kulture-u-novom-sadu\/\">U okviru ovog projektnog zadatka kreirana je GIS baza podataka o kulturnim objektima u Novom Sadu.<\/a><\/td><\/tr><\/table><\/td><\/tr><\/table><\/td><\/tr><\/table><table style=\"width:100% !important;\" id=\"slc-vpostspace\"    class=\"c\" cellspacing=\"0\" cellpadding=\"0\" border=\"0\"><tr id=\"slc-clear\" class=\"c\" ><td id=\"slc-clear\"  style=\"width:100% !important;\"    class=\"c\"><table style=\"width:100% !important;\" id=\"slc-clear\"    class=\"c\" cellspacing=\"0\" cellpadding=\"0\" border=\"0\"><tr id=\"slc-clear\" class=\"c\" ><td id=\"slc-background0\"  style=\"width:100% !important;\"    class=\"c\"><table style=\"width:100% !important;\" id=\"slc-clear\"    class=\"c\" cellspacing=\"0\" cellpadding=\"0\" border=\"0\"><tr id=\"slc-clear\" class=\"c\" ><td id=\"slc-clear\"  style=\"width:207px !important;\"    class=\"c\"><a id =\"slc-clear\" href=\"https:\/\/www.arhns.uns.ac.rs\/digital\/proceduralni-model-objekata-romantizma-u-somboru\/\" ><img decoding=\"async\" id=\"slc-img\" class=\"c\" src=\"https:\/\/www.arhns.uns.ac.rs\/digital\/wp-content\/uploads\/2015\/09\/1.jpg\"  style=\"width:207px !important;height:200px !important;\"><\/a><\/td><td id=\"slc-hpostspace\"    class=\"c\"><\/td><td id=\"slc-clear\"    class=\"c\"><a  id=\"slc-title-layout4\"  class=\"c\" style=\"display:block !important;\" href=\"https:\/\/www.arhns.uns.ac.rs\/digital\/proceduralni-model-objekata-romantizma-u-somboru\/\">Proceduralni model objekata romantizma u Somboru<\/a><a  id=\"slc-excerpt-layout4\"  class=\"c\" style=\"display:block !important;\" href=\"https:\/\/www.arhns.uns.ac.rs\/digital\/proceduralni-model-objekata-romantizma-u-somboru\/\">\r\nU okviru ovog projekta analizirane su fasade objekata u Somboru koje pripadaju istorijskom stilu romantizma i generisane su u programskom jeziku CGA Shape Grammar, koji automatski generi\u0161e objekte sa uli\u010dnim fasadama tako da sadr\u017ee karakteristike pomenutog stila.<\/a><\/td><\/tr><\/table><\/td><\/tr><\/table><\/td><\/tr><\/table><hr id=\"slc-layoutspace\"  class=\"c\" ><\/hr><\/div><\/span><\/p>\n","protected":false},"excerpt":{"rendered":"<p>Modern urban planning and design requires integrated analysis and application of different tools for the purpose of analyzing, evaluating and solving spatial problems at the city level by integrating different urbanistic parameters and criteria (floor level, degree of built area,<\/p>\n","protected":false},"author":4,"featured_media":0,"parent":1262,"menu_order":0,"comment_status":"closed","ping_status":"closed","template":"","meta":{"footnotes":""},"class_list":["post-1311","page","type-page","status-publish","hentry"],"yoast_head":"<!-- This site is optimized with the Yoast SEO plugin v24.7 - https:\/\/yoast.com\/wordpress\/plugins\/seo\/ -->\n<title>Advanced modelling of the cities - Digital Techniques, Design and Production in Architecture and Urbanism<\/title>\n<meta name=\"robots\" content=\"index, follow, max-snippet:-1, max-image-preview:large, max-video-preview:-1\" \/>\n<link rel=\"canonical\" href=\"https:\/\/www.arhns.uns.ac.rs\/digital\/courses\/gis\/\" \/>\n<meta property=\"og:locale\" content=\"en_US\" \/>\n<meta property=\"og:type\" content=\"article\" \/>\n<meta property=\"og:title\" content=\"Advanced modelling of the cities - Digital Techniques, Design and Production in Architecture and Urbanism\" \/>\n<meta property=\"og:description\" content=\"Modern urban planning and design requires integrated analysis and application of different tools for the purpose of analyzing, evaluating and solving spatial problems at the city level by integrating different urbanistic parameters and criteria (floor level, degree of built area,\" \/>\n<meta property=\"og:url\" content=\"https:\/\/www.arhns.uns.ac.rs\/digital\/courses\/gis\/\" \/>\n<meta property=\"og:site_name\" content=\"Digital Techniques, Design and Production in Architecture and Urbanism\" \/>\n<meta property=\"article:modified_time\" content=\"2023-02-26T13:08:30+00:00\" \/>\n<meta name=\"twitter:card\" content=\"summary_large_image\" \/>\n<meta name=\"twitter:label1\" content=\"Est. reading time\" \/>\n\t<meta name=\"twitter:data1\" content=\"1 minute\" \/>\n<script type=\"application\/ld+json\" class=\"yoast-schema-graph\">{\"@context\":\"https:\/\/schema.org\",\"@graph\":[{\"@type\":\"WebPage\",\"@id\":\"https:\/\/www.arhns.uns.ac.rs\/digital\/courses\/gis\/\",\"url\":\"https:\/\/www.arhns.uns.ac.rs\/digital\/courses\/gis\/\",\"name\":\"Advanced modelling of the cities - Digital Techniques, Design and Production in Architecture and Urbanism\",\"isPartOf\":{\"@id\":\"http:\/\/www.arhns.uns.ac.rs\/digital\/#website\"},\"datePublished\":\"2018-03-10T20:09:23+00:00\",\"dateModified\":\"2023-02-26T13:08:30+00:00\",\"breadcrumb\":{\"@id\":\"https:\/\/www.arhns.uns.ac.rs\/digital\/courses\/gis\/#breadcrumb\"},\"inLanguage\":\"en-US\",\"potentialAction\":[{\"@type\":\"ReadAction\",\"target\":[\"https:\/\/www.arhns.uns.ac.rs\/digital\/courses\/gis\/\"]}]},{\"@type\":\"BreadcrumbList\",\"@id\":\"https:\/\/www.arhns.uns.ac.rs\/digital\/courses\/gis\/#breadcrumb\",\"itemListElement\":[{\"@type\":\"ListItem\",\"position\":1,\"name\":\"Home\",\"item\":\"http:\/\/www.arhns.uns.ac.rs\/digital\/sr\/o-master-kursu\/\"},{\"@type\":\"ListItem\",\"position\":2,\"name\":\"Courses\",\"item\":\"http:\/\/www.arhns.uns.ac.rs\/digital\/courses\/\"},{\"@type\":\"ListItem\",\"position\":3,\"name\":\"Advanced modelling of the cities\"}]},{\"@type\":\"WebSite\",\"@id\":\"http:\/\/www.arhns.uns.ac.rs\/digital\/#website\",\"url\":\"http:\/\/www.arhns.uns.ac.rs\/digital\/\",\"name\":\"Digital Techniques, Design and Production in Architecture and Urbanism\",\"description\":\"Department for Architecture and Urbanism | Departman za arhitekturu i urbanizam\",\"potentialAction\":[{\"@type\":\"SearchAction\",\"target\":{\"@type\":\"EntryPoint\",\"urlTemplate\":\"http:\/\/www.arhns.uns.ac.rs\/digital\/?s={search_term_string}\"},\"query-input\":{\"@type\":\"PropertyValueSpecification\",\"valueRequired\":true,\"valueName\":\"search_term_string\"}}],\"inLanguage\":\"en-US\"}]}<\/script>\n<!-- \/ Yoast SEO plugin. -->","yoast_head_json":{"title":"Advanced modelling of the cities - Digital Techniques, Design and Production in Architecture and Urbanism","robots":{"index":"index","follow":"follow","max-snippet":"max-snippet:-1","max-image-preview":"max-image-preview:large","max-video-preview":"max-video-preview:-1"},"canonical":"https:\/\/www.arhns.uns.ac.rs\/digital\/courses\/gis\/","og_locale":"en_US","og_type":"article","og_title":"Advanced modelling of the cities - Digital Techniques, Design and Production in Architecture and Urbanism","og_description":"Modern urban planning and design requires integrated analysis and application of different tools for the purpose of analyzing, evaluating and solving spatial problems at the city level by integrating different urbanistic parameters and criteria (floor level, degree of built area,","og_url":"https:\/\/www.arhns.uns.ac.rs\/digital\/courses\/gis\/","og_site_name":"Digital Techniques, Design and Production in Architecture and Urbanism","article_modified_time":"2023-02-26T13:08:30+00:00","twitter_card":"summary_large_image","twitter_misc":{"Est. reading time":"1 minute"},"schema":{"@context":"https:\/\/schema.org","@graph":[{"@type":"WebPage","@id":"https:\/\/www.arhns.uns.ac.rs\/digital\/courses\/gis\/","url":"https:\/\/www.arhns.uns.ac.rs\/digital\/courses\/gis\/","name":"Advanced modelling of the cities - Digital Techniques, Design and Production in Architecture and Urbanism","isPartOf":{"@id":"http:\/\/www.arhns.uns.ac.rs\/digital\/#website"},"datePublished":"2018-03-10T20:09:23+00:00","dateModified":"2023-02-26T13:08:30+00:00","breadcrumb":{"@id":"https:\/\/www.arhns.uns.ac.rs\/digital\/courses\/gis\/#breadcrumb"},"inLanguage":"en-US","potentialAction":[{"@type":"ReadAction","target":["https:\/\/www.arhns.uns.ac.rs\/digital\/courses\/gis\/"]}]},{"@type":"BreadcrumbList","@id":"https:\/\/www.arhns.uns.ac.rs\/digital\/courses\/gis\/#breadcrumb","itemListElement":[{"@type":"ListItem","position":1,"name":"Home","item":"http:\/\/www.arhns.uns.ac.rs\/digital\/sr\/o-master-kursu\/"},{"@type":"ListItem","position":2,"name":"Courses","item":"http:\/\/www.arhns.uns.ac.rs\/digital\/courses\/"},{"@type":"ListItem","position":3,"name":"Advanced modelling of the cities"}]},{"@type":"WebSite","@id":"http:\/\/www.arhns.uns.ac.rs\/digital\/#website","url":"http:\/\/www.arhns.uns.ac.rs\/digital\/","name":"Digital Techniques, Design and Production in Architecture and Urbanism","description":"Department for Architecture and Urbanism | Departman za arhitekturu i urbanizam","potentialAction":[{"@type":"SearchAction","target":{"@type":"EntryPoint","urlTemplate":"http:\/\/www.arhns.uns.ac.rs\/digital\/?s={search_term_string}"},"query-input":{"@type":"PropertyValueSpecification","valueRequired":true,"valueName":"search_term_string"}}],"inLanguage":"en-US"}]}},"_links":{"self":[{"href":"https:\/\/www.arhns.uns.ac.rs\/digital\/wp-json\/wp\/v2\/pages\/1311","targetHints":{"allow":["GET"]}}],"collection":[{"href":"https:\/\/www.arhns.uns.ac.rs\/digital\/wp-json\/wp\/v2\/pages"}],"about":[{"href":"https:\/\/www.arhns.uns.ac.rs\/digital\/wp-json\/wp\/v2\/types\/page"}],"author":[{"embeddable":true,"href":"https:\/\/www.arhns.uns.ac.rs\/digital\/wp-json\/wp\/v2\/users\/4"}],"replies":[{"embeddable":true,"href":"https:\/\/www.arhns.uns.ac.rs\/digital\/wp-json\/wp\/v2\/comments?post=1311"}],"version-history":[{"count":2,"href":"https:\/\/www.arhns.uns.ac.rs\/digital\/wp-json\/wp\/v2\/pages\/1311\/revisions"}],"predecessor-version":[{"id":1842,"href":"https:\/\/www.arhns.uns.ac.rs\/digital\/wp-json\/wp\/v2\/pages\/1311\/revisions\/1842"}],"up":[{"embeddable":true,"href":"https:\/\/www.arhns.uns.ac.rs\/digital\/wp-json\/wp\/v2\/pages\/1262"}],"wp:attachment":[{"href":"https:\/\/www.arhns.uns.ac.rs\/digital\/wp-json\/wp\/v2\/media?parent=1311"}],"curies":[{"name":"wp","href":"https:\/\/api.w.org\/{rel}","templated":true}]}}