{"id":120,"date":"2013-04-23T14:18:25","date_gmt":"2013-04-23T14:18:25","guid":{"rendered":"http:\/\/arhns.com\/digital\/?page_id=120"},"modified":"2023-02-18T17:32:56","modified_gmt":"2023-02-18T16:32:56","slug":"interaktivni-sistemi","status":"publish","type":"page","link":"https:\/\/www.arhns.uns.ac.rs\/digital\/predmeti\/interaktivni-sistemi\/","title":{"rendered":"Robotika u arhitekturi"},"content":{"rendered":"<p style=\"text-align: justify;\"><a href=\"http:\/\/www.arhns.uns.ac.rs\/digital\/sr\/digitalna-prefabrikacija\/1-5\/\" rel=\"attachment wp-att-721\"><img loading=\"lazy\" decoding=\"async\" class=\"alignnone size-full wp-image-721\" src=\"http:\/\/www.arhns.uns.ac.rs\/digital\/wp-content\/uploads\/2013\/04\/13.jpg\" alt=\"1\" width=\"1920\" height=\"896\" srcset=\"https:\/\/www.arhns.uns.ac.rs\/digital\/wp-content\/uploads\/2013\/04\/13.jpg 1920w, https:\/\/www.arhns.uns.ac.rs\/digital\/wp-content\/uploads\/2013\/04\/13-300x140.jpg 300w\" sizes=\"auto, (max-width: 1920px) 100vw, 1920px\" \/><\/a><\/p>\n<p style=\"text-align: justify;\">Robotika u arhitekturi\u00a0je jedini akademski kurs u regionu, a fakultet tehni\u010dkih nauka i <a href=\"http:\/\/www.arhns.uns.ac.rs\/cdd\/\">Centar\u00a0za Digitalni dizajn<\/a> jedan od retkih centara u Evropi iz oblasti \u00a0robotike u arhitekturi koji su i zvani\u010dno markirani na <a href=\"http:\/\/www.robotsinarchitecture.org\/map-of-creative-robots\">Mapi robota u kreativnim industrijama<\/a> asocijacije robota u arhitekturi. U okviru predmeta studenti savladavaju osnovne ve\u0161tine neophodne za dizajn i fabrikaciju industrijskim robotom istra\u017euju\u0107i njegove kreativne potencijale i mogu\u0107nosti u savremenoj arhitekturi. Kroz prakti\u010dne zadatke studenti u\u010de kako da naprave svoje sopstvene \u00a0alate za grafi\u010dki algoritamski editor Grasshopper kojima se ostvaruje veza sa robotom.<\/p>\n<p style=\"text-align: justify;\">Predmetni nastavnici:<\/p>\n<p style=\"text-align: justify;\">Prof. Dr Mirko Rakovi\u0107<\/p>\n<p style=\"text-align: justify;\">Lazar Mili\u0107<\/p>\n<p style=\"text-align: justify;\"><span style=\"color: #000000;\"><div id=\"slc-clear\" class=\"c\"><table style=\"width:100% !important;\" id=\"slc-vpostspace\"    class=\"c\" cellspacing=\"0\" cellpadding=\"0\" border=\"0\"><tr id=\"slc-clear\" class=\"c\" ><td id=\"slc-clear\"  style=\"width:100% !important;\"    class=\"c\"><table style=\"width:100% !important;\" id=\"slc-clear\"    class=\"c\" cellspacing=\"0\" cellpadding=\"0\" border=\"0\"><tr id=\"slc-clear\" class=\"c\" ><td id=\"slc-background0\"  style=\"width:100% !important;\"    class=\"c\"><table style=\"width:100% !important;\" id=\"slc-clear\"    class=\"c\" cellspacing=\"0\" cellpadding=\"0\" border=\"0\"><tr id=\"slc-clear\" class=\"c\" ><td id=\"slc-clear\"  style=\"width:200px !important;\"    class=\"c\"><a id =\"slc-clear\" href=\"https:\/\/www.arhns.uns.ac.rs\/digital\/string-art-upotrebom-robotske-ruke\/\" ><img decoding=\"async\" id=\"slc-img\" class=\"c\" src=\"https:\/\/www.arhns.uns.ac.rs\/digital\/wp-content\/uploads\/2019\/04\/IMG_0596-e1554208144793-300x300.jpg\"  style=\"width:200px !important;height:200px !important;\"><\/a><\/td><td id=\"slc-hpostspace\"    class=\"c\"><\/td><td id=\"slc-clear\"    class=\"c\"><a  id=\"slc-title-layout5\"  class=\"c\" style=\"display:block !important;\" href=\"https:\/\/www.arhns.uns.ac.rs\/digital\/string-art-upotrebom-robotske-ruke\/\">String art upotrebom robotske ruke<\/a><a  id=\"slc-excerpt-layout5\"  class=\"c\" style=\"display:block !important;\" href=\"https:\/\/www.arhns.uns.ac.rs\/digital\/string-art-upotrebom-robotske-ruke\/\">Ovaj projekat prati ideju da se slike od struna kreiraju uz pomoc\u0301 industrijskog robota. String art je vrsta umetni\u010dke tehnike kod koje se grafi\u010dka reprezentacija dobija razapinjanjem velikog broja struna izme\u0111u definisanih ta\u010daka (eksera).<\/a><\/td><\/tr><\/table><\/td><\/tr><\/table><\/td><\/tr><\/table><table style=\"width:100% !important;\" id=\"slc-vpostspace\"    class=\"c\" cellspacing=\"0\" cellpadding=\"0\" border=\"0\"><tr id=\"slc-clear\" class=\"c\" ><td id=\"slc-clear\"  style=\"width:100% !important;\"    class=\"c\"><table style=\"width:100% !important;\" id=\"slc-clear\"    class=\"c\" cellspacing=\"0\" cellpadding=\"0\" border=\"0\"><tr id=\"slc-clear\" class=\"c\" ><td id=\"slc-background0\"  style=\"width:100% !important;\"    class=\"c\"><table style=\"width:100% !important;\" id=\"slc-clear\"    class=\"c\" cellspacing=\"0\" cellpadding=\"0\" border=\"0\"><tr id=\"slc-clear\" class=\"c\" ><td id=\"slc-clear\"  style=\"width:200px !important;\"    class=\"c\"><a id =\"slc-clear\" href=\"https:\/\/www.arhns.uns.ac.rs\/digital\/robotska_fabrikacija_zidnog_panela\/\" ><img decoding=\"async\" id=\"slc-img\" class=\"c\" src=\"https:\/\/www.arhns.uns.ac.rs\/digital\/wp-content\/uploads\/2017\/06\/DSC02595aa-300x300.jpg\"  style=\"width:200px !important;height:200px !important;\"><\/a><\/td><td id=\"slc-hpostspace\"    class=\"c\"><\/td><td id=\"slc-clear\"    class=\"c\"><a  id=\"slc-title-layout5\"  class=\"c\" style=\"display:block !important;\" href=\"https:\/\/www.arhns.uns.ac.rs\/digital\/robotska_fabrikacija_zidnog_panela\/\">Robotska fabrikacija zidnog panela<\/a><a  id=\"slc-excerpt-layout5\"  class=\"c\" style=\"display:block !important;\" href=\"https:\/\/www.arhns.uns.ac.rs\/digital\/robotska_fabrikacija_zidnog_panela\/\">Osnovna ideja rada bila je generisanje zidnog panela \u010dije bi se\u010denje bilo omogu\u0107eno uz pomo\u0107 industrijskog robota. Pregradni zidovi ovog tipa imaju svoju estetsku i vizuelnu ulogu u enterijeru i doprinose kvalitetu i dinamici prostora.<\/a><\/td><\/tr><\/table><\/td><\/tr><\/table><\/td><\/tr><\/table><table style=\"width:100% !important;\" id=\"slc-vpostspace\"    class=\"c\" cellspacing=\"0\" cellpadding=\"0\" border=\"0\"><tr id=\"slc-clear\" class=\"c\" ><td id=\"slc-clear\"  style=\"width:100% !important;\"    class=\"c\"><table style=\"width:100% !important;\" id=\"slc-clear\"    class=\"c\" cellspacing=\"0\" cellpadding=\"0\" border=\"0\"><tr id=\"slc-clear\" class=\"c\" ><td id=\"slc-background0\"  style=\"width:100% !important;\"    class=\"c\"><table style=\"width:100% !important;\" id=\"slc-clear\"    class=\"c\" cellspacing=\"0\" cellpadding=\"0\" border=\"0\"><tr id=\"slc-clear\" class=\"c\" ><td id=\"slc-clear\"  style=\"width:200px !important;\"    class=\"c\"><a id =\"slc-clear\" href=\"https:\/\/www.arhns.uns.ac.rs\/digital\/redjanje-ciglica-robotom\/\" ><img decoding=\"async\" id=\"slc-img\" class=\"c\" src=\"https:\/\/www.arhns.uns.ac.rs\/digital\/wp-content\/uploads\/2015\/09\/20150609_132108-300x300.jpg\"  style=\"width:200px !important;height:200px !important;\"><\/a><\/td><td id=\"slc-hpostspace\"    class=\"c\"><\/td><td id=\"slc-clear\"    class=\"c\"><a  id=\"slc-title-layout5\"  class=\"c\" style=\"display:block !important;\" href=\"https:\/\/www.arhns.uns.ac.rs\/digital\/redjanje-ciglica-robotom\/\">Re\u0111anje ciglica robotom<\/a><a  id=\"slc-excerpt-layout5\"  class=\"c\" style=\"display:block !important;\" href=\"https:\/\/www.arhns.uns.ac.rs\/digital\/redjanje-ciglica-robotom\/\">Cilj ovog projekta je automatizacija izgradnje zidova od opeke pomoc\u0301u industrijskog robota ABB IRB-140.<\/a><\/td><\/tr><\/table><\/td><\/tr><\/table><\/td><\/tr><\/table><hr id=\"slc-layoutspace\"  class=\"c\" ><\/hr><\/div><\/span><\/p>\n<p>&nbsp;<\/p>\n<p>&nbsp;<\/p>\n<p>&nbsp;<\/p>\n<p>&nbsp;<\/p>\n","protected":false},"excerpt":{"rendered":"<p>Robotika u arhitekturi\u00a0je jedini akademski kurs u regionu, a fakultet tehni\u010dkih nauka i Centar\u00a0za Digitalni dizajn jedan od retkih centara u Evropi iz oblasti \u00a0robotike u arhitekturi koji su i zvani\u010dno markirani na Mapi robota u kreativnim industrijama asocijacije robota<\/p>\n","protected":false},"author":4,"featured_media":0,"parent":379,"menu_order":0,"comment_status":"closed","ping_status":"closed","template":"","meta":{"footnotes":""},"class_list":["post-120","page","type-page","status-publish","hentry"],"yoast_head":"<!-- This site is optimized with the Yoast SEO plugin v24.7 - https:\/\/yoast.com\/wordpress\/plugins\/seo\/ -->\n<title>Robotika u arhitekturi - Digital Techniques, Design and Production in Architecture and Urbanism<\/title>\n<meta name=\"robots\" content=\"index, follow, max-snippet:-1, max-image-preview:large, max-video-preview:-1\" \/>\n<link rel=\"canonical\" href=\"https:\/\/www.arhns.uns.ac.rs\/digital\/sr\/predmeti\/interaktivni-sistemi\/\" \/>\n<meta property=\"og:locale\" content=\"en_US\" \/>\n<meta property=\"og:type\" content=\"article\" \/>\n<meta property=\"og:title\" content=\"Robotika u arhitekturi - Digital Techniques, Design and Production in Architecture and Urbanism\" \/>\n<meta property=\"og:description\" content=\"Robotika u arhitekturi\u00a0je jedini akademski kurs u regionu, a fakultet tehni\u010dkih nauka i Centar\u00a0za Digitalni dizajn jedan od retkih centara u Evropi iz oblasti \u00a0robotike u arhitekturi koji su i zvani\u010dno markirani na Mapi robota u kreativnim industrijama asocijacije robota\" \/>\n<meta property=\"og:url\" content=\"https:\/\/www.arhns.uns.ac.rs\/digital\/sr\/predmeti\/interaktivni-sistemi\/\" \/>\n<meta property=\"og:site_name\" content=\"Digital Techniques, Design and Production in Architecture and Urbanism\" \/>\n<meta property=\"article:modified_time\" content=\"2023-02-18T16:32:56+00:00\" \/>\n<meta property=\"og:image\" content=\"http:\/\/www.arhns.uns.ac.rs\/digital\/wp-content\/uploads\/2013\/04\/13.jpg\" \/>\n<meta name=\"twitter:card\" content=\"summary_large_image\" \/>\n<meta name=\"twitter:label1\" content=\"Est. reading time\" \/>\n\t<meta name=\"twitter:data1\" content=\"1 minute\" \/>\n<script type=\"application\/ld+json\" class=\"yoast-schema-graph\">{\"@context\":\"https:\/\/schema.org\",\"@graph\":[{\"@type\":\"WebPage\",\"@id\":\"https:\/\/www.arhns.uns.ac.rs\/digital\/sr\/predmeti\/interaktivni-sistemi\/\",\"url\":\"https:\/\/www.arhns.uns.ac.rs\/digital\/sr\/predmeti\/interaktivni-sistemi\/\",\"name\":\"Robotika u arhitekturi - Digital Techniques, Design and Production in Architecture and Urbanism\",\"isPartOf\":{\"@id\":\"http:\/\/www.arhns.uns.ac.rs\/digital\/#website\"},\"primaryImageOfPage\":{\"@id\":\"https:\/\/www.arhns.uns.ac.rs\/digital\/sr\/predmeti\/interaktivni-sistemi\/#primaryimage\"},\"image\":{\"@id\":\"https:\/\/www.arhns.uns.ac.rs\/digital\/sr\/predmeti\/interaktivni-sistemi\/#primaryimage\"},\"thumbnailUrl\":\"http:\/\/www.arhns.uns.ac.rs\/digital\/wp-content\/uploads\/2013\/04\/13.jpg\",\"datePublished\":\"2013-04-23T14:18:25+00:00\",\"dateModified\":\"2023-02-18T16:32:56+00:00\",\"breadcrumb\":{\"@id\":\"https:\/\/www.arhns.uns.ac.rs\/digital\/sr\/predmeti\/interaktivni-sistemi\/#breadcrumb\"},\"inLanguage\":\"en-US\",\"potentialAction\":[{\"@type\":\"ReadAction\",\"target\":[\"https:\/\/www.arhns.uns.ac.rs\/digital\/sr\/predmeti\/interaktivni-sistemi\/\"]}]},{\"@type\":\"ImageObject\",\"inLanguage\":\"en-US\",\"@id\":\"https:\/\/www.arhns.uns.ac.rs\/digital\/sr\/predmeti\/interaktivni-sistemi\/#primaryimage\",\"url\":\"https:\/\/www.arhns.uns.ac.rs\/digital\/wp-content\/uploads\/2013\/04\/13.jpg\",\"contentUrl\":\"https:\/\/www.arhns.uns.ac.rs\/digital\/wp-content\/uploads\/2013\/04\/13.jpg\",\"width\":1920,\"height\":896},{\"@type\":\"BreadcrumbList\",\"@id\":\"https:\/\/www.arhns.uns.ac.rs\/digital\/sr\/predmeti\/interaktivni-sistemi\/#breadcrumb\",\"itemListElement\":[{\"@type\":\"ListItem\",\"position\":1,\"name\":\"Home\",\"item\":\"http:\/\/www.arhns.uns.ac.rs\/digital\/sr\/o-master-kursu\/\"},{\"@type\":\"ListItem\",\"position\":2,\"name\":\"Predmeti\",\"item\":\"https:\/\/www.arhns.uns.ac.rs\/digital\/sr\/predmeti\/\"},{\"@type\":\"ListItem\",\"position\":3,\"name\":\"Robotika u arhitekturi\"}]},{\"@type\":\"WebSite\",\"@id\":\"http:\/\/www.arhns.uns.ac.rs\/digital\/#website\",\"url\":\"http:\/\/www.arhns.uns.ac.rs\/digital\/\",\"name\":\"Digital Techniques, Design and Production in Architecture and Urbanism\",\"description\":\"Department for Architecture and Urbanism | Departman za arhitekturu i urbanizam\",\"potentialAction\":[{\"@type\":\"SearchAction\",\"target\":{\"@type\":\"EntryPoint\",\"urlTemplate\":\"http:\/\/www.arhns.uns.ac.rs\/digital\/?s={search_term_string}\"},\"query-input\":{\"@type\":\"PropertyValueSpecification\",\"valueRequired\":true,\"valueName\":\"search_term_string\"}}],\"inLanguage\":\"en-US\"}]}<\/script>\n<!-- \/ Yoast SEO plugin. -->","yoast_head_json":{"title":"Robotika u arhitekturi - Digital Techniques, Design and Production in Architecture and Urbanism","robots":{"index":"index","follow":"follow","max-snippet":"max-snippet:-1","max-image-preview":"max-image-preview:large","max-video-preview":"max-video-preview:-1"},"canonical":"https:\/\/www.arhns.uns.ac.rs\/digital\/sr\/predmeti\/interaktivni-sistemi\/","og_locale":"en_US","og_type":"article","og_title":"Robotika u arhitekturi - Digital Techniques, Design and Production in Architecture and Urbanism","og_description":"Robotika u arhitekturi\u00a0je jedini akademski kurs u regionu, a fakultet tehni\u010dkih nauka i Centar\u00a0za Digitalni dizajn jedan od retkih centara u Evropi iz oblasti \u00a0robotike u arhitekturi koji su i zvani\u010dno markirani na Mapi robota u kreativnim industrijama asocijacije robota","og_url":"https:\/\/www.arhns.uns.ac.rs\/digital\/sr\/predmeti\/interaktivni-sistemi\/","og_site_name":"Digital Techniques, Design and Production in Architecture and Urbanism","article_modified_time":"2023-02-18T16:32:56+00:00","og_image":[{"url":"http:\/\/www.arhns.uns.ac.rs\/digital\/wp-content\/uploads\/2013\/04\/13.jpg","type":"","width":"","height":""}],"twitter_card":"summary_large_image","twitter_misc":{"Est. reading time":"1 minute"},"schema":{"@context":"https:\/\/schema.org","@graph":[{"@type":"WebPage","@id":"https:\/\/www.arhns.uns.ac.rs\/digital\/sr\/predmeti\/interaktivni-sistemi\/","url":"https:\/\/www.arhns.uns.ac.rs\/digital\/sr\/predmeti\/interaktivni-sistemi\/","name":"Robotika u arhitekturi - Digital Techniques, Design and Production in Architecture and Urbanism","isPartOf":{"@id":"http:\/\/www.arhns.uns.ac.rs\/digital\/#website"},"primaryImageOfPage":{"@id":"https:\/\/www.arhns.uns.ac.rs\/digital\/sr\/predmeti\/interaktivni-sistemi\/#primaryimage"},"image":{"@id":"https:\/\/www.arhns.uns.ac.rs\/digital\/sr\/predmeti\/interaktivni-sistemi\/#primaryimage"},"thumbnailUrl":"http:\/\/www.arhns.uns.ac.rs\/digital\/wp-content\/uploads\/2013\/04\/13.jpg","datePublished":"2013-04-23T14:18:25+00:00","dateModified":"2023-02-18T16:32:56+00:00","breadcrumb":{"@id":"https:\/\/www.arhns.uns.ac.rs\/digital\/sr\/predmeti\/interaktivni-sistemi\/#breadcrumb"},"inLanguage":"en-US","potentialAction":[{"@type":"ReadAction","target":["https:\/\/www.arhns.uns.ac.rs\/digital\/sr\/predmeti\/interaktivni-sistemi\/"]}]},{"@type":"ImageObject","inLanguage":"en-US","@id":"https:\/\/www.arhns.uns.ac.rs\/digital\/sr\/predmeti\/interaktivni-sistemi\/#primaryimage","url":"https:\/\/www.arhns.uns.ac.rs\/digital\/wp-content\/uploads\/2013\/04\/13.jpg","contentUrl":"https:\/\/www.arhns.uns.ac.rs\/digital\/wp-content\/uploads\/2013\/04\/13.jpg","width":1920,"height":896},{"@type":"BreadcrumbList","@id":"https:\/\/www.arhns.uns.ac.rs\/digital\/sr\/predmeti\/interaktivni-sistemi\/#breadcrumb","itemListElement":[{"@type":"ListItem","position":1,"name":"Home","item":"http:\/\/www.arhns.uns.ac.rs\/digital\/sr\/o-master-kursu\/"},{"@type":"ListItem","position":2,"name":"Predmeti","item":"https:\/\/www.arhns.uns.ac.rs\/digital\/sr\/predmeti\/"},{"@type":"ListItem","position":3,"name":"Robotika u arhitekturi"}]},{"@type":"WebSite","@id":"http:\/\/www.arhns.uns.ac.rs\/digital\/#website","url":"http:\/\/www.arhns.uns.ac.rs\/digital\/","name":"Digital Techniques, Design and Production in Architecture and Urbanism","description":"Department for Architecture and Urbanism | Departman za arhitekturu i urbanizam","potentialAction":[{"@type":"SearchAction","target":{"@type":"EntryPoint","urlTemplate":"http:\/\/www.arhns.uns.ac.rs\/digital\/?s={search_term_string}"},"query-input":{"@type":"PropertyValueSpecification","valueRequired":true,"valueName":"search_term_string"}}],"inLanguage":"en-US"}]}},"_links":{"self":[{"href":"https:\/\/www.arhns.uns.ac.rs\/digital\/wp-json\/wp\/v2\/pages\/120","targetHints":{"allow":["GET"]}}],"collection":[{"href":"https:\/\/www.arhns.uns.ac.rs\/digital\/wp-json\/wp\/v2\/pages"}],"about":[{"href":"https:\/\/www.arhns.uns.ac.rs\/digital\/wp-json\/wp\/v2\/types\/page"}],"author":[{"embeddable":true,"href":"https:\/\/www.arhns.uns.ac.rs\/digital\/wp-json\/wp\/v2\/users\/4"}],"replies":[{"embeddable":true,"href":"https:\/\/www.arhns.uns.ac.rs\/digital\/wp-json\/wp\/v2\/comments?post=120"}],"version-history":[{"count":13,"href":"https:\/\/www.arhns.uns.ac.rs\/digital\/wp-json\/wp\/v2\/pages\/120\/revisions"}],"predecessor-version":[{"id":1821,"href":"https:\/\/www.arhns.uns.ac.rs\/digital\/wp-json\/wp\/v2\/pages\/120\/revisions\/1821"}],"up":[{"embeddable":true,"href":"https:\/\/www.arhns.uns.ac.rs\/digital\/wp-json\/wp\/v2\/pages\/379"}],"wp:attachment":[{"href":"https:\/\/www.arhns.uns.ac.rs\/digital\/wp-json\/wp\/v2\/media?parent=120"}],"curies":[{"name":"wp","href":"https:\/\/api.w.org\/{rel}","templated":true}]}}